{"id":55619,"date":"2025-03-17T12:35:23","date_gmt":"2025-03-17T11:35:23","guid":{"rendered":"https:\/\/product-guide.org\/produkt\/der-ruhrtalweg-mit-dem-fahrrad-erlebe-de-aktiv-2\/"},"modified":"2025-03-17T12:35:23","modified_gmt":"2025-03-17T11:35:23","slug":"der-ruhrtalweg-mit-dem-fahrrad-erlebe-de-aktiv-2","status":"publish","type":"product","link":"https:\/\/product-guide.org\/en\/produkt\/der-ruhrtalweg-mit-dem-fahrrad-erlebe-de-aktiv-2\/","title":{"rendered":"Der Ruhrtalweg mit dem Fahrrad | erlebe.de\/AKTIV"},"content":{"rendered":"<p>Ein \u00fcberraschend abwechslungsreicher Radurlaub &#8211; ganz in der N\u00e4he von zu Hause. Folgen Sie dem gewundenen Fl\u00fcsschen Ruhr von seiner Quelle in den gr\u00fcnen H\u00fcgeln des Sauerlandes bis zur M\u00fcndung in den Rhein. Der Weg am Fluss entlang f\u00fchrt Sie an malerischen Fachwerkst\u00e4dten vorbei zum faszinierenden Industrieerbe in der Region Ruhr. Die Zechen und Hochofenhallen von gestern beherbergen heute gro\u00dfartige Museen und angesagte Restaurants. Das gr\u00fcn ges\u00e4umte Ruhrgebiet vermittelt eher den Eindruck einer ruhigen Landschaft als einer der gr\u00f6\u00dften Metropolregionen Europas. Radeln Sie auf gut markierten, flachen Wegen bis zur M\u00fcndung der Ruhr in den Rhein.<\/p>\n","protected":false},"excerpt":{"rendered":"<p>Ein \u00fcberraschend abwechslungsreicher Radurlaub &#8211; ganz in der N\u00e4he von zu Hause. Folgen Sie dem gewundenen Fl\u00fcsschen Ruhr von seiner Quelle in den gr\u00fcnen H\u00fcgeln des Sauerlandes bis zur M\u00fcndung in den Rhein. Der Weg am Fluss entlang f\u00fchrt Sie an malerischen Fachwerkst\u00e4dten vorbei zum faszinierenden Industrieerbe in der Region Ruhr. Die Zechen und Hochofenhallen [&hellip;]<\/p>\n","protected":false},"featured_media":55617,"template":"","meta":{"_gspb_post_css":""},"store":[],"product_brand":[1433],"product_cat":[1290],"product_tag":[],"class_list":{"0":"post-55619","1":"product","2":"type-product","3":"status-publish","4":"has-post-thumbnail","6":"product_brand-bijourama-fr","7":"product_cat-uncategorized","9":"first","10":"instock","11":"shipping-taxable","12":"purchasable","13":"product-type-simple"},"yoast_head":"<!-- This site is optimized with the Yoast SEO plugin v24.6 - https:\/\/yoast.com\/wordpress\/plugins\/seo\/ -->\n<title>Der Ruhrtalweg mit dem Fahrrad | erlebe.de\/AKTIV | Product-Guide.org<\/title>\n<meta name=\"description\" content=\"Der Ruhrtalweg mit dem Fahrrad | erlebe.de\/AKTIV gefunden von Product-Guide.org\" \/>\n<meta name=\"robots\" content=\"index, follow, max-snippet:-1, max-image-preview:large, max-video-preview:-1\" \/>\n<link rel=\"canonical\" href=\"https:\/\/product-guide.org\/en\/produkt\/der-ruhrtalweg-mit-dem-fahrrad-erlebe-de-aktiv-2\/\" \/>\n<meta property=\"og:locale\" content=\"en_GB\" \/>\n<meta property=\"og:type\" content=\"article\" \/>\n<meta property=\"og:title\" content=\"Der Ruhrtalweg mit dem Fahrrad | erlebe.de\/AKTIV | Product-Guide.org\" \/>\n<meta property=\"og:description\" content=\"Der Ruhrtalweg mit dem Fahrrad | erlebe.de\/AKTIV gefunden von Product-Guide.org\" \/>\n<meta property=\"og:url\" content=\"https:\/\/product-guide.org\/en\/produkt\/der-ruhrtalweg-mit-dem-fahrrad-erlebe-de-aktiv-2\/\" \/>\n<meta property=\"og:site_name\" content=\"Product-Guide.org\" \/>\n<meta name=\"twitter:card\" content=\"summary_large_image\" \/>\n<script type=\"application\/ld+json\" class=\"yoast-schema-graph\">{\"@context\":\"https:\/\/schema.org\",\"@graph\":[{\"@type\":\"WebPage\",\"@id\":\"https:\/\/product-guide.org\/produkt\/der-ruhrtalweg-mit-dem-fahrrad-erlebe-de-aktiv-2\/\",\"url\":\"https:\/\/product-guide.org\/produkt\/der-ruhrtalweg-mit-dem-fahrrad-erlebe-de-aktiv-2\/\",\"name\":\"Der Ruhrtalweg mit dem Fahrrad | erlebe.de\/AKTIV | Product-Guide.org\",\"isPartOf\":{\"@id\":\"https:\/\/product-guide.org\/#website\"},\"primaryImageOfPage\":{\"@id\":\"https:\/\/product-guide.org\/produkt\/der-ruhrtalweg-mit-dem-fahrrad-erlebe-de-aktiv-2\/#primaryimage\"},\"image\":{\"@id\":\"https:\/\/product-guide.org\/produkt\/der-ruhrtalweg-mit-dem-fahrrad-erlebe-de-aktiv-2\/#primaryimage\"},\"thumbnailUrl\":\"https:\/\/product-guide.org\/wp-content\/uploads\/2025\/03\/Affiliate_490510.jpg\",\"datePublished\":\"2025-03-17T11:35:23+00:00\",\"description\":\"Der Ruhrtalweg mit dem Fahrrad | erlebe.de\/AKTIV gefunden von Product-Guide.org\",\"breadcrumb\":{\"@id\":\"https:\/\/product-guide.org\/produkt\/der-ruhrtalweg-mit-dem-fahrrad-erlebe-de-aktiv-2\/#breadcrumb\"},\"inLanguage\":\"en-GB\",\"potentialAction\":[{\"@type\":\"ReadAction\",\"target\":[\"https:\/\/product-guide.org\/produkt\/der-ruhrtalweg-mit-dem-fahrrad-erlebe-de-aktiv-2\/\"]}]},{\"@type\":\"ImageObject\",\"inLanguage\":\"en-GB\",\"@id\":\"https:\/\/product-guide.org\/produkt\/der-ruhrtalweg-mit-dem-fahrrad-erlebe-de-aktiv-2\/#primaryimage\",\"url\":\"https:\/\/product-guide.org\/wp-content\/uploads\/2025\/03\/Affiliate_490510.jpg\",\"contentUrl\":\"https:\/\/product-guide.org\/wp-content\/uploads\/2025\/03\/Affiliate_490510.jpg\",\"width\":1080,\"height\":608},{\"@type\":\"BreadcrumbList\",\"@id\":\"https:\/\/product-guide.org\/produkt\/der-ruhrtalweg-mit-dem-fahrrad-erlebe-de-aktiv-2\/#breadcrumb\",\"itemListElement\":[{\"@type\":\"ListItem\",\"position\":1,\"name\":\"Home\",\"item\":\"https:\/\/product-guide.org\/\"},{\"@type\":\"ListItem\",\"position\":2,\"name\":\"Ergebnisse\",\"item\":\"https:\/\/product-guide.org\/de\/ergebnisse\/\"},{\"@type\":\"ListItem\",\"position\":3,\"name\":\"Der Ruhrtalweg mit dem Fahrrad | erlebe.de\/AKTIV\"}]},{\"@type\":\"WebSite\",\"@id\":\"https:\/\/product-guide.org\/#website\",\"url\":\"https:\/\/product-guide.org\/\",\"name\":\"Product-Guide.org\",\"description\":\"What Product are you looking for?\",\"publisher\":{\"@id\":\"https:\/\/product-guide.org\/#organization\"},\"potentialAction\":[{\"@type\":\"SearchAction\",\"target\":{\"@type\":\"EntryPoint\",\"urlTemplate\":\"https:\/\/product-guide.org\/?s={search_term_string}\"},\"query-input\":{\"@type\":\"PropertyValueSpecification\",\"valueRequired\":true,\"valueName\":\"search_term_string\"}}],\"inLanguage\":\"en-GB\"},{\"@type\":\"Organization\",\"@id\":\"https:\/\/product-guide.org\/#organization\",\"name\":\"Product-Guide.org\",\"url\":\"https:\/\/product-guide.org\/\",\"logo\":{\"@type\":\"ImageObject\",\"inLanguage\":\"en-GB\",\"@id\":\"https:\/\/product-guide.org\/#\/schema\/logo\/image\/\",\"url\":\"https:\/\/product-guide.org\/wp-content\/uploads\/2022\/07\/logo_transparent_background.png\",\"contentUrl\":\"https:\/\/product-guide.org\/wp-content\/uploads\/2022\/07\/logo_transparent_background.png\",\"width\":3400,\"height\":1132,\"caption\":\"Product-Guide.org\"},\"image\":{\"@id\":\"https:\/\/product-guide.org\/#\/schema\/logo\/image\/\"}}]}<\/script>\n<!-- \/ Yoast SEO plugin. -->","yoast_head_json":{"title":"Der Ruhrtalweg mit dem Fahrrad | erlebe.de\/AKTIV | Product-Guide.org","description":"Der Ruhrtalweg mit dem Fahrrad | erlebe.de\/AKTIV gefunden von Product-Guide.org","robots":{"index":"index","follow":"follow","max-snippet":"max-snippet:-1","max-image-preview":"max-image-preview:large","max-video-preview":"max-video-preview:-1"},"canonical":"https:\/\/product-guide.org\/en\/produkt\/der-ruhrtalweg-mit-dem-fahrrad-erlebe-de-aktiv-2\/","og_locale":"en_GB","og_type":"article","og_title":"Der Ruhrtalweg mit dem Fahrrad | erlebe.de\/AKTIV | Product-Guide.org","og_description":"Der Ruhrtalweg mit dem Fahrrad | erlebe.de\/AKTIV gefunden von Product-Guide.org","og_url":"https:\/\/product-guide.org\/en\/produkt\/der-ruhrtalweg-mit-dem-fahrrad-erlebe-de-aktiv-2\/","og_site_name":"Product-Guide.org","twitter_card":"summary_large_image","schema":{"@context":"https:\/\/schema.org","@graph":[{"@type":"WebPage","@id":"https:\/\/product-guide.org\/produkt\/der-ruhrtalweg-mit-dem-fahrrad-erlebe-de-aktiv-2\/","url":"https:\/\/product-guide.org\/produkt\/der-ruhrtalweg-mit-dem-fahrrad-erlebe-de-aktiv-2\/","name":"Der Ruhrtalweg mit dem Fahrrad | erlebe.de\/AKTIV | Product-Guide.org","isPartOf":{"@id":"https:\/\/product-guide.org\/#website"},"primaryImageOfPage":{"@id":"https:\/\/product-guide.org\/produkt\/der-ruhrtalweg-mit-dem-fahrrad-erlebe-de-aktiv-2\/#primaryimage"},"image":{"@id":"https:\/\/product-guide.org\/produkt\/der-ruhrtalweg-mit-dem-fahrrad-erlebe-de-aktiv-2\/#primaryimage"},"thumbnailUrl":"https:\/\/product-guide.org\/wp-content\/uploads\/2025\/03\/Affiliate_490510.jpg","datePublished":"2025-03-17T11:35:23+00:00","description":"Der Ruhrtalweg mit dem Fahrrad | erlebe.de\/AKTIV gefunden von Product-Guide.org","breadcrumb":{"@id":"https:\/\/product-guide.org\/produkt\/der-ruhrtalweg-mit-dem-fahrrad-erlebe-de-aktiv-2\/#breadcrumb"},"inLanguage":"en-GB","potentialAction":[{"@type":"ReadAction","target":["https:\/\/product-guide.org\/produkt\/der-ruhrtalweg-mit-dem-fahrrad-erlebe-de-aktiv-2\/"]}]},{"@type":"ImageObject","inLanguage":"en-GB","@id":"https:\/\/product-guide.org\/produkt\/der-ruhrtalweg-mit-dem-fahrrad-erlebe-de-aktiv-2\/#primaryimage","url":"https:\/\/product-guide.org\/wp-content\/uploads\/2025\/03\/Affiliate_490510.jpg","contentUrl":"https:\/\/product-guide.org\/wp-content\/uploads\/2025\/03\/Affiliate_490510.jpg","width":1080,"height":608},{"@type":"BreadcrumbList","@id":"https:\/\/product-guide.org\/produkt\/der-ruhrtalweg-mit-dem-fahrrad-erlebe-de-aktiv-2\/#breadcrumb","itemListElement":[{"@type":"ListItem","position":1,"name":"Home","item":"https:\/\/product-guide.org\/"},{"@type":"ListItem","position":2,"name":"Ergebnisse","item":"https:\/\/product-guide.org\/de\/ergebnisse\/"},{"@type":"ListItem","position":3,"name":"Der Ruhrtalweg mit dem Fahrrad | erlebe.de\/AKTIV"}]},{"@type":"WebSite","@id":"https:\/\/product-guide.org\/#website","url":"https:\/\/product-guide.org\/","name":"Product-Guide.org","description":"What Product are you looking for?","publisher":{"@id":"https:\/\/product-guide.org\/#organization"},"potentialAction":[{"@type":"SearchAction","target":{"@type":"EntryPoint","urlTemplate":"https:\/\/product-guide.org\/?s={search_term_string}"},"query-input":{"@type":"PropertyValueSpecification","valueRequired":true,"valueName":"search_term_string"}}],"inLanguage":"en-GB"},{"@type":"Organization","@id":"https:\/\/product-guide.org\/#organization","name":"Product-Guide.org","url":"https:\/\/product-guide.org\/","logo":{"@type":"ImageObject","inLanguage":"en-GB","@id":"https:\/\/product-guide.org\/#\/schema\/logo\/image\/","url":"https:\/\/product-guide.org\/wp-content\/uploads\/2022\/07\/logo_transparent_background.png","contentUrl":"https:\/\/product-guide.org\/wp-content\/uploads\/2022\/07\/logo_transparent_background.png","width":3400,"height":1132,"caption":"Product-Guide.org"},"image":{"@id":"https:\/\/product-guide.org\/#\/schema\/logo\/image\/"}}]}},"_links":{"self":[{"href":"https:\/\/product-guide.org\/en\/wp-json\/wp\/v2\/product\/55619","targetHints":{"allow":["GET"]}}],"collection":[{"href":"https:\/\/product-guide.org\/en\/wp-json\/wp\/v2\/product"}],"about":[{"href":"https:\/\/product-guide.org\/en\/wp-json\/wp\/v2\/types\/product"}],"wp:featuredmedia":[{"embeddable":true,"href":"https:\/\/product-guide.org\/en\/wp-json\/wp\/v2\/media\/55617"}],"wp:attachment":[{"href":"https:\/\/product-guide.org\/en\/wp-json\/wp\/v2\/media?parent=55619"}],"wp:term":[{"taxonomy":"store","embeddable":true,"href":"https:\/\/product-guide.org\/en\/wp-json\/wp\/v2\/store?post=55619"},{"taxonomy":"product_brand","embeddable":true,"href":"https:\/\/product-guide.org\/en\/wp-json\/wp\/v2\/product_brand?post=55619"},{"taxonomy":"product_cat","embeddable":true,"href":"https:\/\/product-guide.org\/en\/wp-json\/wp\/v2\/product_cat?post=55619"},{"taxonomy":"product_tag","embeddable":true,"href":"https:\/\/product-guide.org\/en\/wp-json\/wp\/v2\/product_tag?post=55619"}],"curies":[{"name":"wp","href":"https:\/\/api.w.org\/{rel}","templated":true}]}}