{"id":55622,"date":"2025-03-17T12:35:24","date_gmt":"2025-03-17T11:35:24","guid":{"rendered":"https:\/\/product-guide.org\/produkt\/entlang-abenteuerlicher-felsformationen-durch-den-teutoburger-wald-erlebe-de-aktiv-2\/"},"modified":"2025-03-17T12:35:25","modified_gmt":"2025-03-17T11:35:25","slug":"entlang-abenteuerlicher-felsformationen-durch-den-teutoburger-wald-erlebe-de-aktiv-2","status":"publish","type":"product","link":"https:\/\/product-guide.org\/en\/produkt\/entlang-abenteuerlicher-felsformationen-durch-den-teutoburger-wald-erlebe-de-aktiv-2\/","title":{"rendered":"Entlang abenteuerlicher Felsformationen durch den Teutoburger Wald | erlebe.de\/AKTIV"},"content":{"rendered":"<p>Bei Ihrem kurzen Wanderurlaub durch den Teutoburger Wald folgen Sie zum Teil dem Fernwanderweg Hermannsweg, der Sie \u00fcber einen langgezogenen bewaldeten Bergr\u00fccken mit steil aufragenden Sandsteinfelsen f\u00fchrt. Das Gebiet hat eine reiche Geschichte von Sagen und Legenden \u00fcber den entscheidenden Kampf der germanischen St\u00e4mme gegen die r\u00f6mischen Legionen, der hier einst ausgetragen wurde. Heute l\u00e4dt die Landschaft zu einer friedlichen Wanderung durch die alten Buchenw\u00e4lder ein.<\/p>\n","protected":false},"excerpt":{"rendered":"<p>Bei Ihrem kurzen Wanderurlaub durch den Teutoburger Wald folgen Sie zum Teil dem Fernwanderweg Hermannsweg, der Sie \u00fcber einen langgezogenen bewaldeten Bergr\u00fccken mit steil aufragenden Sandsteinfelsen f\u00fchrt. Das Gebiet hat eine reiche Geschichte von Sagen und Legenden \u00fcber den entscheidenden Kampf der germanischen St\u00e4mme gegen die r\u00f6mischen Legionen, der hier einst ausgetragen wurde. Heute l\u00e4dt [&hellip;]<\/p>\n","protected":false},"featured_media":55620,"template":"","meta":{"_gspb_post_css":""},"store":[],"product_brand":[1432],"product_cat":[1290],"product_tag":[],"class_list":{"0":"post-55622","1":"product","2":"type-product","3":"status-publish","4":"has-post-thumbnail","6":"product_brand-erlebe-de-aktiv","7":"product_cat-uncategorized","9":"first","10":"instock","11":"shipping-taxable","12":"purchasable","13":"product-type-simple"},"yoast_head":"<!-- This site is optimized with the Yoast SEO plugin v24.6 - https:\/\/yoast.com\/wordpress\/plugins\/seo\/ -->\n<title>Entlang abenteuerlicher Felsformationen durch den Teutoburger Wald | erlebe.de\/AKTIV | Product-Guide.org<\/title>\n<meta name=\"description\" content=\"Entlang abenteuerlicher Felsformationen durch den Teutoburger Wald | erlebe.de\/AKTIV gefunden von Product-Guide.org\" \/>\n<meta name=\"robots\" content=\"index, follow, max-snippet:-1, max-image-preview:large, max-video-preview:-1\" \/>\n<link rel=\"canonical\" href=\"https:\/\/product-guide.org\/en\/produkt\/entlang-abenteuerlicher-felsformationen-durch-den-teutoburger-wald-erlebe-de-aktiv-2\/\" \/>\n<meta property=\"og:locale\" content=\"en_GB\" \/>\n<meta property=\"og:type\" content=\"article\" \/>\n<meta property=\"og:title\" content=\"Entlang abenteuerlicher Felsformationen durch den Teutoburger Wald | erlebe.de\/AKTIV | Product-Guide.org\" \/>\n<meta property=\"og:description\" content=\"Entlang abenteuerlicher Felsformationen durch den Teutoburger Wald | erlebe.de\/AKTIV gefunden von Product-Guide.org\" \/>\n<meta property=\"og:url\" content=\"https:\/\/product-guide.org\/en\/produkt\/entlang-abenteuerlicher-felsformationen-durch-den-teutoburger-wald-erlebe-de-aktiv-2\/\" \/>\n<meta property=\"og:site_name\" content=\"Product-Guide.org\" \/>\n<meta property=\"article:modified_time\" content=\"2025-03-17T11:35:25+00:00\" \/>\n<meta name=\"twitter:card\" content=\"summary_large_image\" \/>\n<script type=\"application\/ld+json\" class=\"yoast-schema-graph\">{\"@context\":\"https:\/\/schema.org\",\"@graph\":[{\"@type\":\"WebPage\",\"@id\":\"https:\/\/product-guide.org\/produkt\/entlang-abenteuerlicher-felsformationen-durch-den-teutoburger-wald-erlebe-de-aktiv-2\/\",\"url\":\"https:\/\/product-guide.org\/produkt\/entlang-abenteuerlicher-felsformationen-durch-den-teutoburger-wald-erlebe-de-aktiv-2\/\",\"name\":\"Entlang abenteuerlicher Felsformationen durch den Teutoburger Wald | erlebe.de\/AKTIV | Product-Guide.org\",\"isPartOf\":{\"@id\":\"https:\/\/product-guide.org\/#website\"},\"primaryImageOfPage\":{\"@id\":\"https:\/\/product-guide.org\/produkt\/entlang-abenteuerlicher-felsformationen-durch-den-teutoburger-wald-erlebe-de-aktiv-2\/#primaryimage\"},\"image\":{\"@id\":\"https:\/\/product-guide.org\/produkt\/entlang-abenteuerlicher-felsformationen-durch-den-teutoburger-wald-erlebe-de-aktiv-2\/#primaryimage\"},\"thumbnailUrl\":\"https:\/\/product-guide.org\/wp-content\/uploads\/2025\/03\/Affiliate_490504.jpg\",\"datePublished\":\"2025-03-17T11:35:24+00:00\",\"dateModified\":\"2025-03-17T11:35:25+00:00\",\"description\":\"Entlang abenteuerlicher Felsformationen durch den Teutoburger Wald | erlebe.de\/AKTIV gefunden von Product-Guide.org\",\"breadcrumb\":{\"@id\":\"https:\/\/product-guide.org\/produkt\/entlang-abenteuerlicher-felsformationen-durch-den-teutoburger-wald-erlebe-de-aktiv-2\/#breadcrumb\"},\"inLanguage\":\"en-GB\",\"potentialAction\":[{\"@type\":\"ReadAction\",\"target\":[\"https:\/\/product-guide.org\/produkt\/entlang-abenteuerlicher-felsformationen-durch-den-teutoburger-wald-erlebe-de-aktiv-2\/\"]}]},{\"@type\":\"ImageObject\",\"inLanguage\":\"en-GB\",\"@id\":\"https:\/\/product-guide.org\/produkt\/entlang-abenteuerlicher-felsformationen-durch-den-teutoburger-wald-erlebe-de-aktiv-2\/#primaryimage\",\"url\":\"https:\/\/product-guide.org\/wp-content\/uploads\/2025\/03\/Affiliate_490504.jpg\",\"contentUrl\":\"https:\/\/product-guide.org\/wp-content\/uploads\/2025\/03\/Affiliate_490504.jpg\",\"width\":1080,\"height\":608},{\"@type\":\"BreadcrumbList\",\"@id\":\"https:\/\/product-guide.org\/produkt\/entlang-abenteuerlicher-felsformationen-durch-den-teutoburger-wald-erlebe-de-aktiv-2\/#breadcrumb\",\"itemListElement\":[{\"@type\":\"ListItem\",\"position\":1,\"name\":\"Home\",\"item\":\"https:\/\/product-guide.org\/\"},{\"@type\":\"ListItem\",\"position\":2,\"name\":\"Ergebnisse\",\"item\":\"https:\/\/product-guide.org\/de\/ergebnisse\/\"},{\"@type\":\"ListItem\",\"position\":3,\"name\":\"Entlang abenteuerlicher Felsformationen durch den Teutoburger Wald | erlebe.de\/AKTIV\"}]},{\"@type\":\"WebSite\",\"@id\":\"https:\/\/product-guide.org\/#website\",\"url\":\"https:\/\/product-guide.org\/\",\"name\":\"Product-Guide.org\",\"description\":\"What Product are you looking for?\",\"publisher\":{\"@id\":\"https:\/\/product-guide.org\/#organization\"},\"potentialAction\":[{\"@type\":\"SearchAction\",\"target\":{\"@type\":\"EntryPoint\",\"urlTemplate\":\"https:\/\/product-guide.org\/?s={search_term_string}\"},\"query-input\":{\"@type\":\"PropertyValueSpecification\",\"valueRequired\":true,\"valueName\":\"search_term_string\"}}],\"inLanguage\":\"en-GB\"},{\"@type\":\"Organization\",\"@id\":\"https:\/\/product-guide.org\/#organization\",\"name\":\"Product-Guide.org\",\"url\":\"https:\/\/product-guide.org\/\",\"logo\":{\"@type\":\"ImageObject\",\"inLanguage\":\"en-GB\",\"@id\":\"https:\/\/product-guide.org\/#\/schema\/logo\/image\/\",\"url\":\"https:\/\/product-guide.org\/wp-content\/uploads\/2022\/07\/logo_transparent_background.png\",\"contentUrl\":\"https:\/\/product-guide.org\/wp-content\/uploads\/2022\/07\/logo_transparent_background.png\",\"width\":3400,\"height\":1132,\"caption\":\"Product-Guide.org\"},\"image\":{\"@id\":\"https:\/\/product-guide.org\/#\/schema\/logo\/image\/\"}}]}<\/script>\n<!-- \/ Yoast SEO plugin. -->","yoast_head_json":{"title":"Entlang abenteuerlicher Felsformationen durch den Teutoburger Wald | erlebe.de\/AKTIV | Product-Guide.org","description":"Entlang abenteuerlicher Felsformationen durch den Teutoburger Wald | erlebe.de\/AKTIV gefunden von Product-Guide.org","robots":{"index":"index","follow":"follow","max-snippet":"max-snippet:-1","max-image-preview":"max-image-preview:large","max-video-preview":"max-video-preview:-1"},"canonical":"https:\/\/product-guide.org\/en\/produkt\/entlang-abenteuerlicher-felsformationen-durch-den-teutoburger-wald-erlebe-de-aktiv-2\/","og_locale":"en_GB","og_type":"article","og_title":"Entlang abenteuerlicher Felsformationen durch den Teutoburger Wald | erlebe.de\/AKTIV | Product-Guide.org","og_description":"Entlang abenteuerlicher Felsformationen durch den Teutoburger Wald | erlebe.de\/AKTIV gefunden von Product-Guide.org","og_url":"https:\/\/product-guide.org\/en\/produkt\/entlang-abenteuerlicher-felsformationen-durch-den-teutoburger-wald-erlebe-de-aktiv-2\/","og_site_name":"Product-Guide.org","article_modified_time":"2025-03-17T11:35:25+00:00","twitter_card":"summary_large_image","schema":{"@context":"https:\/\/schema.org","@graph":[{"@type":"WebPage","@id":"https:\/\/product-guide.org\/produkt\/entlang-abenteuerlicher-felsformationen-durch-den-teutoburger-wald-erlebe-de-aktiv-2\/","url":"https:\/\/product-guide.org\/produkt\/entlang-abenteuerlicher-felsformationen-durch-den-teutoburger-wald-erlebe-de-aktiv-2\/","name":"Entlang abenteuerlicher Felsformationen durch den Teutoburger Wald | erlebe.de\/AKTIV | Product-Guide.org","isPartOf":{"@id":"https:\/\/product-guide.org\/#website"},"primaryImageOfPage":{"@id":"https:\/\/product-guide.org\/produkt\/entlang-abenteuerlicher-felsformationen-durch-den-teutoburger-wald-erlebe-de-aktiv-2\/#primaryimage"},"image":{"@id":"https:\/\/product-guide.org\/produkt\/entlang-abenteuerlicher-felsformationen-durch-den-teutoburger-wald-erlebe-de-aktiv-2\/#primaryimage"},"thumbnailUrl":"https:\/\/product-guide.org\/wp-content\/uploads\/2025\/03\/Affiliate_490504.jpg","datePublished":"2025-03-17T11:35:24+00:00","dateModified":"2025-03-17T11:35:25+00:00","description":"Entlang abenteuerlicher Felsformationen durch den Teutoburger Wald | erlebe.de\/AKTIV gefunden von Product-Guide.org","breadcrumb":{"@id":"https:\/\/product-guide.org\/produkt\/entlang-abenteuerlicher-felsformationen-durch-den-teutoburger-wald-erlebe-de-aktiv-2\/#breadcrumb"},"inLanguage":"en-GB","potentialAction":[{"@type":"ReadAction","target":["https:\/\/product-guide.org\/produkt\/entlang-abenteuerlicher-felsformationen-durch-den-teutoburger-wald-erlebe-de-aktiv-2\/"]}]},{"@type":"ImageObject","inLanguage":"en-GB","@id":"https:\/\/product-guide.org\/produkt\/entlang-abenteuerlicher-felsformationen-durch-den-teutoburger-wald-erlebe-de-aktiv-2\/#primaryimage","url":"https:\/\/product-guide.org\/wp-content\/uploads\/2025\/03\/Affiliate_490504.jpg","contentUrl":"https:\/\/product-guide.org\/wp-content\/uploads\/2025\/03\/Affiliate_490504.jpg","width":1080,"height":608},{"@type":"BreadcrumbList","@id":"https:\/\/product-guide.org\/produkt\/entlang-abenteuerlicher-felsformationen-durch-den-teutoburger-wald-erlebe-de-aktiv-2\/#breadcrumb","itemListElement":[{"@type":"ListItem","position":1,"name":"Home","item":"https:\/\/product-guide.org\/"},{"@type":"ListItem","position":2,"name":"Ergebnisse","item":"https:\/\/product-guide.org\/de\/ergebnisse\/"},{"@type":"ListItem","position":3,"name":"Entlang abenteuerlicher Felsformationen durch den Teutoburger Wald | erlebe.de\/AKTIV"}]},{"@type":"WebSite","@id":"https:\/\/product-guide.org\/#website","url":"https:\/\/product-guide.org\/","name":"Product-Guide.org","description":"What Product are you looking for?","publisher":{"@id":"https:\/\/product-guide.org\/#organization"},"potentialAction":[{"@type":"SearchAction","target":{"@type":"EntryPoint","urlTemplate":"https:\/\/product-guide.org\/?s={search_term_string}"},"query-input":{"@type":"PropertyValueSpecification","valueRequired":true,"valueName":"search_term_string"}}],"inLanguage":"en-GB"},{"@type":"Organization","@id":"https:\/\/product-guide.org\/#organization","name":"Product-Guide.org","url":"https:\/\/product-guide.org\/","logo":{"@type":"ImageObject","inLanguage":"en-GB","@id":"https:\/\/product-guide.org\/#\/schema\/logo\/image\/","url":"https:\/\/product-guide.org\/wp-content\/uploads\/2022\/07\/logo_transparent_background.png","contentUrl":"https:\/\/product-guide.org\/wp-content\/uploads\/2022\/07\/logo_transparent_background.png","width":3400,"height":1132,"caption":"Product-Guide.org"},"image":{"@id":"https:\/\/product-guide.org\/#\/schema\/logo\/image\/"}}]}},"_links":{"self":[{"href":"https:\/\/product-guide.org\/en\/wp-json\/wp\/v2\/product\/55622","targetHints":{"allow":["GET"]}}],"collection":[{"href":"https:\/\/product-guide.org\/en\/wp-json\/wp\/v2\/product"}],"about":[{"href":"https:\/\/product-guide.org\/en\/wp-json\/wp\/v2\/types\/product"}],"wp:featuredmedia":[{"embeddable":true,"href":"https:\/\/product-guide.org\/en\/wp-json\/wp\/v2\/media\/55620"}],"wp:attachment":[{"href":"https:\/\/product-guide.org\/en\/wp-json\/wp\/v2\/media?parent=55622"}],"wp:term":[{"taxonomy":"store","embeddable":true,"href":"https:\/\/product-guide.org\/en\/wp-json\/wp\/v2\/store?post=55622"},{"taxonomy":"product_brand","embeddable":true,"href":"https:\/\/product-guide.org\/en\/wp-json\/wp\/v2\/product_brand?post=55622"},{"taxonomy":"product_cat","embeddable":true,"href":"https:\/\/product-guide.org\/en\/wp-json\/wp\/v2\/product_cat?post=55622"},{"taxonomy":"product_tag","embeddable":true,"href":"https:\/\/product-guide.org\/en\/wp-json\/wp\/v2\/product_tag?post=55622"}],"curies":[{"name":"wp","href":"https:\/\/api.w.org\/{rel}","templated":true}]}}