{"id":55664,"date":"2025-03-17T12:35:54","date_gmt":"2025-03-17T11:35:54","guid":{"rendered":"https:\/\/product-guide.org\/produkt\/radreise-durch-sardiniens-wilden-sudwesten-erlebe-de-aktiv-2\/"},"modified":"2025-03-17T12:35:54","modified_gmt":"2025-03-17T11:35:54","slug":"radreise-durch-sardiniens-wilden-sudwesten-erlebe-de-aktiv-2","status":"publish","type":"product","link":"https:\/\/product-guide.org\/en\/produkt\/radreise-durch-sardiniens-wilden-sudwesten-erlebe-de-aktiv-2\/","title":{"rendered":"Radreise durch Sardiniens wilden S\u00fcdwesten | erlebe.de\/AKTIV"},"content":{"rendered":"<p>Entdecken Sie die s\u00fcdwestliche Ecke Sardiniens von Ihrer wilden Sch\u00f6nheit. Beginnen Sie Ihren Radurlaub an der Costa Verde, einer abgelegenen Gegend mit einsamen Str\u00e4nden. Folgen Sie ruhigen Stra\u00dfen, die sich durch die gr\u00fcn bewachsenen H\u00fcgel des Mittelmeers schl\u00e4ngeln. Lernen Sie die hilfsbereiten, gastfreundlichen und l\u00e4chelnden Sarden kennen. Radeln Sie entlang versteckter Buchten, wo Sie sich im azurblauen Wasser abk\u00fchlen k\u00f6nnen. Probieren Sie den skurrilen Wein Carignano del Sulcis und beenden Sie die Reise stilvoll mit einem Aperitivo auf dem gem\u00fctlichen Platz von Pula.<\/p>\n","protected":false},"excerpt":{"rendered":"<p>Entdecken Sie die s\u00fcdwestliche Ecke Sardiniens von Ihrer wilden Sch\u00f6nheit. Beginnen Sie Ihren Radurlaub an der Costa Verde, einer abgelegenen Gegend mit einsamen Str\u00e4nden. Folgen Sie ruhigen Stra\u00dfen, die sich durch die gr\u00fcn bewachsenen H\u00fcgel des Mittelmeers schl\u00e4ngeln. Lernen Sie die hilfsbereiten, gastfreundlichen und l\u00e4chelnden Sarden kennen. Radeln Sie entlang versteckter Buchten, wo Sie sich [&hellip;]<\/p>\n","protected":false},"featured_media":55662,"template":"","meta":{"_gspb_post_css":""},"store":[],"product_brand":[1433],"product_cat":[1290],"product_tag":[],"class_list":{"0":"post-55664","1":"product","2":"type-product","3":"status-publish","4":"has-post-thumbnail","6":"product_brand-bijourama-fr","7":"product_cat-uncategorized","9":"first","10":"instock","11":"shipping-taxable","12":"purchasable","13":"product-type-simple"},"yoast_head":"<!-- This site is optimized with the Yoast SEO plugin v24.6 - https:\/\/yoast.com\/wordpress\/plugins\/seo\/ -->\n<title>Radreise durch Sardiniens wilden S\u00fcdwesten | erlebe.de\/AKTIV | Product-Guide.org<\/title>\n<meta name=\"description\" content=\"Radreise durch Sardiniens wilden S\u00fcdwesten | erlebe.de\/AKTIV gefunden von Product-Guide.org\" \/>\n<meta name=\"robots\" content=\"index, follow, max-snippet:-1, max-image-preview:large, max-video-preview:-1\" \/>\n<link rel=\"canonical\" href=\"https:\/\/product-guide.org\/en\/produkt\/radreise-durch-sardiniens-wilden-sudwesten-erlebe-de-aktiv-2\/\" \/>\n<meta property=\"og:locale\" content=\"en_GB\" \/>\n<meta property=\"og:type\" content=\"article\" \/>\n<meta property=\"og:title\" content=\"Radreise durch Sardiniens wilden S\u00fcdwesten | erlebe.de\/AKTIV | Product-Guide.org\" \/>\n<meta property=\"og:description\" content=\"Radreise durch Sardiniens wilden S\u00fcdwesten | erlebe.de\/AKTIV gefunden von Product-Guide.org\" \/>\n<meta property=\"og:url\" content=\"https:\/\/product-guide.org\/en\/produkt\/radreise-durch-sardiniens-wilden-sudwesten-erlebe-de-aktiv-2\/\" \/>\n<meta property=\"og:site_name\" content=\"Product-Guide.org\" \/>\n<meta name=\"twitter:card\" content=\"summary_large_image\" \/>\n<script type=\"application\/ld+json\" class=\"yoast-schema-graph\">{\"@context\":\"https:\/\/schema.org\",\"@graph\":[{\"@type\":\"WebPage\",\"@id\":\"https:\/\/product-guide.org\/produkt\/radreise-durch-sardiniens-wilden-sudwesten-erlebe-de-aktiv-2\/\",\"url\":\"https:\/\/product-guide.org\/produkt\/radreise-durch-sardiniens-wilden-sudwesten-erlebe-de-aktiv-2\/\",\"name\":\"Radreise durch Sardiniens wilden S\u00fcdwesten | erlebe.de\/AKTIV | Product-Guide.org\",\"isPartOf\":{\"@id\":\"https:\/\/product-guide.org\/#website\"},\"primaryImageOfPage\":{\"@id\":\"https:\/\/product-guide.org\/produkt\/radreise-durch-sardiniens-wilden-sudwesten-erlebe-de-aktiv-2\/#primaryimage\"},\"image\":{\"@id\":\"https:\/\/product-guide.org\/produkt\/radreise-durch-sardiniens-wilden-sudwesten-erlebe-de-aktiv-2\/#primaryimage\"},\"thumbnailUrl\":\"https:\/\/product-guide.org\/wp-content\/uploads\/2025\/03\/Affiliate_491212.jpg\",\"datePublished\":\"2025-03-17T11:35:54+00:00\",\"description\":\"Radreise durch Sardiniens wilden S\u00fcdwesten | erlebe.de\/AKTIV gefunden von Product-Guide.org\",\"breadcrumb\":{\"@id\":\"https:\/\/product-guide.org\/produkt\/radreise-durch-sardiniens-wilden-sudwesten-erlebe-de-aktiv-2\/#breadcrumb\"},\"inLanguage\":\"en-GB\",\"potentialAction\":[{\"@type\":\"ReadAction\",\"target\":[\"https:\/\/product-guide.org\/produkt\/radreise-durch-sardiniens-wilden-sudwesten-erlebe-de-aktiv-2\/\"]}]},{\"@type\":\"ImageObject\",\"inLanguage\":\"en-GB\",\"@id\":\"https:\/\/product-guide.org\/produkt\/radreise-durch-sardiniens-wilden-sudwesten-erlebe-de-aktiv-2\/#primaryimage\",\"url\":\"https:\/\/product-guide.org\/wp-content\/uploads\/2025\/03\/Affiliate_491212.jpg\",\"contentUrl\":\"https:\/\/product-guide.org\/wp-content\/uploads\/2025\/03\/Affiliate_491212.jpg\",\"width\":1080,\"height\":608},{\"@type\":\"BreadcrumbList\",\"@id\":\"https:\/\/product-guide.org\/produkt\/radreise-durch-sardiniens-wilden-sudwesten-erlebe-de-aktiv-2\/#breadcrumb\",\"itemListElement\":[{\"@type\":\"ListItem\",\"position\":1,\"name\":\"Home\",\"item\":\"https:\/\/product-guide.org\/\"},{\"@type\":\"ListItem\",\"position\":2,\"name\":\"Ergebnisse\",\"item\":\"https:\/\/product-guide.org\/de\/ergebnisse\/\"},{\"@type\":\"ListItem\",\"position\":3,\"name\":\"Radreise durch Sardiniens wilden S\u00fcdwesten | erlebe.de\/AKTIV\"}]},{\"@type\":\"WebSite\",\"@id\":\"https:\/\/product-guide.org\/#website\",\"url\":\"https:\/\/product-guide.org\/\",\"name\":\"Product-Guide.org\",\"description\":\"What Product are you looking for?\",\"publisher\":{\"@id\":\"https:\/\/product-guide.org\/#organization\"},\"potentialAction\":[{\"@type\":\"SearchAction\",\"target\":{\"@type\":\"EntryPoint\",\"urlTemplate\":\"https:\/\/product-guide.org\/?s={search_term_string}\"},\"query-input\":{\"@type\":\"PropertyValueSpecification\",\"valueRequired\":true,\"valueName\":\"search_term_string\"}}],\"inLanguage\":\"en-GB\"},{\"@type\":\"Organization\",\"@id\":\"https:\/\/product-guide.org\/#organization\",\"name\":\"Product-Guide.org\",\"url\":\"https:\/\/product-guide.org\/\",\"logo\":{\"@type\":\"ImageObject\",\"inLanguage\":\"en-GB\",\"@id\":\"https:\/\/product-guide.org\/#\/schema\/logo\/image\/\",\"url\":\"https:\/\/product-guide.org\/wp-content\/uploads\/2022\/07\/logo_transparent_background.png\",\"contentUrl\":\"https:\/\/product-guide.org\/wp-content\/uploads\/2022\/07\/logo_transparent_background.png\",\"width\":3400,\"height\":1132,\"caption\":\"Product-Guide.org\"},\"image\":{\"@id\":\"https:\/\/product-guide.org\/#\/schema\/logo\/image\/\"}}]}<\/script>\n<!-- \/ Yoast SEO plugin. -->","yoast_head_json":{"title":"Radreise durch Sardiniens wilden S\u00fcdwesten | erlebe.de\/AKTIV | Product-Guide.org","description":"Radreise durch Sardiniens wilden S\u00fcdwesten | erlebe.de\/AKTIV gefunden von Product-Guide.org","robots":{"index":"index","follow":"follow","max-snippet":"max-snippet:-1","max-image-preview":"max-image-preview:large","max-video-preview":"max-video-preview:-1"},"canonical":"https:\/\/product-guide.org\/en\/produkt\/radreise-durch-sardiniens-wilden-sudwesten-erlebe-de-aktiv-2\/","og_locale":"en_GB","og_type":"article","og_title":"Radreise durch Sardiniens wilden S\u00fcdwesten | erlebe.de\/AKTIV | Product-Guide.org","og_description":"Radreise durch Sardiniens wilden S\u00fcdwesten | erlebe.de\/AKTIV gefunden von Product-Guide.org","og_url":"https:\/\/product-guide.org\/en\/produkt\/radreise-durch-sardiniens-wilden-sudwesten-erlebe-de-aktiv-2\/","og_site_name":"Product-Guide.org","twitter_card":"summary_large_image","schema":{"@context":"https:\/\/schema.org","@graph":[{"@type":"WebPage","@id":"https:\/\/product-guide.org\/produkt\/radreise-durch-sardiniens-wilden-sudwesten-erlebe-de-aktiv-2\/","url":"https:\/\/product-guide.org\/produkt\/radreise-durch-sardiniens-wilden-sudwesten-erlebe-de-aktiv-2\/","name":"Radreise durch Sardiniens wilden S\u00fcdwesten | erlebe.de\/AKTIV | Product-Guide.org","isPartOf":{"@id":"https:\/\/product-guide.org\/#website"},"primaryImageOfPage":{"@id":"https:\/\/product-guide.org\/produkt\/radreise-durch-sardiniens-wilden-sudwesten-erlebe-de-aktiv-2\/#primaryimage"},"image":{"@id":"https:\/\/product-guide.org\/produkt\/radreise-durch-sardiniens-wilden-sudwesten-erlebe-de-aktiv-2\/#primaryimage"},"thumbnailUrl":"https:\/\/product-guide.org\/wp-content\/uploads\/2025\/03\/Affiliate_491212.jpg","datePublished":"2025-03-17T11:35:54+00:00","description":"Radreise durch Sardiniens wilden S\u00fcdwesten | erlebe.de\/AKTIV gefunden von Product-Guide.org","breadcrumb":{"@id":"https:\/\/product-guide.org\/produkt\/radreise-durch-sardiniens-wilden-sudwesten-erlebe-de-aktiv-2\/#breadcrumb"},"inLanguage":"en-GB","potentialAction":[{"@type":"ReadAction","target":["https:\/\/product-guide.org\/produkt\/radreise-durch-sardiniens-wilden-sudwesten-erlebe-de-aktiv-2\/"]}]},{"@type":"ImageObject","inLanguage":"en-GB","@id":"https:\/\/product-guide.org\/produkt\/radreise-durch-sardiniens-wilden-sudwesten-erlebe-de-aktiv-2\/#primaryimage","url":"https:\/\/product-guide.org\/wp-content\/uploads\/2025\/03\/Affiliate_491212.jpg","contentUrl":"https:\/\/product-guide.org\/wp-content\/uploads\/2025\/03\/Affiliate_491212.jpg","width":1080,"height":608},{"@type":"BreadcrumbList","@id":"https:\/\/product-guide.org\/produkt\/radreise-durch-sardiniens-wilden-sudwesten-erlebe-de-aktiv-2\/#breadcrumb","itemListElement":[{"@type":"ListItem","position":1,"name":"Home","item":"https:\/\/product-guide.org\/"},{"@type":"ListItem","position":2,"name":"Ergebnisse","item":"https:\/\/product-guide.org\/de\/ergebnisse\/"},{"@type":"ListItem","position":3,"name":"Radreise durch Sardiniens wilden S\u00fcdwesten | erlebe.de\/AKTIV"}]},{"@type":"WebSite","@id":"https:\/\/product-guide.org\/#website","url":"https:\/\/product-guide.org\/","name":"Product-Guide.org","description":"What Product are you looking for?","publisher":{"@id":"https:\/\/product-guide.org\/#organization"},"potentialAction":[{"@type":"SearchAction","target":{"@type":"EntryPoint","urlTemplate":"https:\/\/product-guide.org\/?s={search_term_string}"},"query-input":{"@type":"PropertyValueSpecification","valueRequired":true,"valueName":"search_term_string"}}],"inLanguage":"en-GB"},{"@type":"Organization","@id":"https:\/\/product-guide.org\/#organization","name":"Product-Guide.org","url":"https:\/\/product-guide.org\/","logo":{"@type":"ImageObject","inLanguage":"en-GB","@id":"https:\/\/product-guide.org\/#\/schema\/logo\/image\/","url":"https:\/\/product-guide.org\/wp-content\/uploads\/2022\/07\/logo_transparent_background.png","contentUrl":"https:\/\/product-guide.org\/wp-content\/uploads\/2022\/07\/logo_transparent_background.png","width":3400,"height":1132,"caption":"Product-Guide.org"},"image":{"@id":"https:\/\/product-guide.org\/#\/schema\/logo\/image\/"}}]}},"_links":{"self":[{"href":"https:\/\/product-guide.org\/en\/wp-json\/wp\/v2\/product\/55664","targetHints":{"allow":["GET"]}}],"collection":[{"href":"https:\/\/product-guide.org\/en\/wp-json\/wp\/v2\/product"}],"about":[{"href":"https:\/\/product-guide.org\/en\/wp-json\/wp\/v2\/types\/product"}],"wp:featuredmedia":[{"embeddable":true,"href":"https:\/\/product-guide.org\/en\/wp-json\/wp\/v2\/media\/55662"}],"wp:attachment":[{"href":"https:\/\/product-guide.org\/en\/wp-json\/wp\/v2\/media?parent=55664"}],"wp:term":[{"taxonomy":"store","embeddable":true,"href":"https:\/\/product-guide.org\/en\/wp-json\/wp\/v2\/store?post=55664"},{"taxonomy":"product_brand","embeddable":true,"href":"https:\/\/product-guide.org\/en\/wp-json\/wp\/v2\/product_brand?post=55664"},{"taxonomy":"product_cat","embeddable":true,"href":"https:\/\/product-guide.org\/en\/wp-json\/wp\/v2\/product_cat?post=55664"},{"taxonomy":"product_tag","embeddable":true,"href":"https:\/\/product-guide.org\/en\/wp-json\/wp\/v2\/product_tag?post=55664"}],"curies":[{"name":"wp","href":"https:\/\/api.w.org\/{rel}","templated":true}]}}