{"id":55672,"date":"2025-03-17T12:35:59","date_gmt":"2025-03-17T11:35:59","guid":{"rendered":"https:\/\/product-guide.org\/produkt\/wandern-auf-drei-inseln-in-italien-procida-ischia-und-capri-erlebe-de-aktiv\/"},"modified":"2025-03-17T12:36:00","modified_gmt":"2025-03-17T11:36:00","slug":"wandern-auf-drei-inseln-in-italien-procida-ischia-und-capri-erlebe-de-aktiv","status":"publish","type":"product","link":"https:\/\/product-guide.org\/en\/produkt\/wandern-auf-drei-inseln-in-italien-procida-ischia-und-capri-erlebe-de-aktiv\/","title":{"rendered":"Wandern auf drei Inseln in Italien &#8211; Procida, Ischia und Capri | erlebe.de\/AKTIV"},"content":{"rendered":"<p>Der viel besungene Golf von Neapel mit den Blumeninseln Ischia, Procida und Capri und nat\u00fcrlich dem m\u00e4chtigen Vesuv am Horizont, sind das Ziel dieser Reise. Mit dem Boot h\u00fcpfen Sie von Insel zu Insel und genie\u00dfen das italienische Leben, die Sonne und das Meer. Die Wanderungen sind nicht anstrengend und f\u00fchren Sie entlang wundersch\u00f6ner K\u00fcsten und belebter Fischerd\u00f6rfer.<\/p>\n","protected":false},"excerpt":{"rendered":"<p>Der viel besungene Golf von Neapel mit den Blumeninseln Ischia, Procida und Capri und nat\u00fcrlich dem m\u00e4chtigen Vesuv am Horizont, sind das Ziel dieser Reise. Mit dem Boot h\u00fcpfen Sie von Insel zu Insel und genie\u00dfen das italienische Leben, die Sonne und das Meer. Die Wanderungen sind nicht anstrengend und f\u00fchren Sie entlang wundersch\u00f6ner K\u00fcsten [&hellip;]<\/p>\n","protected":false},"featured_media":55671,"template":"","meta":{"_gspb_post_css":""},"store":[],"product_brand":[1432],"product_cat":[1290],"product_tag":[],"class_list":{"0":"post-55672","1":"product","2":"type-product","3":"status-publish","4":"has-post-thumbnail","6":"product_brand-erlebe-de-aktiv","7":"product_cat-uncategorized","9":"first","10":"instock","11":"shipping-taxable","12":"purchasable","13":"product-type-simple"},"yoast_head":"<!-- This site is optimized with the Yoast SEO plugin v24.6 - https:\/\/yoast.com\/wordpress\/plugins\/seo\/ -->\n<title>Wandern auf drei Inseln in Italien - Procida, Ischia und Capri | erlebe.de\/AKTIV | Product-Guide.org<\/title>\n<meta name=\"description\" content=\"Wandern auf drei Inseln in Italien - Procida, Ischia und Capri | erlebe.de\/AKTIV gefunden von Product-Guide.org\" \/>\n<meta name=\"robots\" content=\"index, follow, max-snippet:-1, max-image-preview:large, max-video-preview:-1\" \/>\n<link rel=\"canonical\" href=\"https:\/\/product-guide.org\/en\/produkt\/wandern-auf-drei-inseln-in-italien-procida-ischia-und-capri-erlebe-de-aktiv\/\" \/>\n<meta property=\"og:locale\" content=\"en_GB\" \/>\n<meta property=\"og:type\" content=\"article\" \/>\n<meta property=\"og:title\" content=\"Wandern auf drei Inseln in Italien - Procida, Ischia und Capri | erlebe.de\/AKTIV | Product-Guide.org\" \/>\n<meta property=\"og:description\" content=\"Wandern auf drei Inseln in Italien - Procida, Ischia und Capri | erlebe.de\/AKTIV gefunden von Product-Guide.org\" \/>\n<meta property=\"og:url\" content=\"https:\/\/product-guide.org\/en\/produkt\/wandern-auf-drei-inseln-in-italien-procida-ischia-und-capri-erlebe-de-aktiv\/\" \/>\n<meta property=\"og:site_name\" content=\"Product-Guide.org\" \/>\n<meta property=\"article:modified_time\" content=\"2025-03-17T11:36:00+00:00\" \/>\n<meta name=\"twitter:card\" content=\"summary_large_image\" \/>\n<script type=\"application\/ld+json\" class=\"yoast-schema-graph\">{\"@context\":\"https:\/\/schema.org\",\"@graph\":[{\"@type\":\"WebPage\",\"@id\":\"https:\/\/product-guide.org\/produkt\/wandern-auf-drei-inseln-in-italien-procida-ischia-und-capri-erlebe-de-aktiv\/\",\"url\":\"https:\/\/product-guide.org\/produkt\/wandern-auf-drei-inseln-in-italien-procida-ischia-und-capri-erlebe-de-aktiv\/\",\"name\":\"Wandern auf drei Inseln in Italien - Procida, Ischia und Capri | erlebe.de\/AKTIV | Product-Guide.org\",\"isPartOf\":{\"@id\":\"https:\/\/product-guide.org\/#website\"},\"primaryImageOfPage\":{\"@id\":\"https:\/\/product-guide.org\/produkt\/wandern-auf-drei-inseln-in-italien-procida-ischia-und-capri-erlebe-de-aktiv\/#primaryimage\"},\"image\":{\"@id\":\"https:\/\/product-guide.org\/produkt\/wandern-auf-drei-inseln-in-italien-procida-ischia-und-capri-erlebe-de-aktiv\/#primaryimage\"},\"thumbnailUrl\":\"https:\/\/product-guide.org\/wp-content\/uploads\/2025\/03\/Affiliate_491216.jpg\",\"datePublished\":\"2025-03-17T11:35:59+00:00\",\"dateModified\":\"2025-03-17T11:36:00+00:00\",\"description\":\"Wandern auf drei Inseln in Italien - Procida, Ischia und Capri | erlebe.de\/AKTIV gefunden von Product-Guide.org\",\"breadcrumb\":{\"@id\":\"https:\/\/product-guide.org\/produkt\/wandern-auf-drei-inseln-in-italien-procida-ischia-und-capri-erlebe-de-aktiv\/#breadcrumb\"},\"inLanguage\":\"en-GB\",\"potentialAction\":[{\"@type\":\"ReadAction\",\"target\":[\"https:\/\/product-guide.org\/produkt\/wandern-auf-drei-inseln-in-italien-procida-ischia-und-capri-erlebe-de-aktiv\/\"]}]},{\"@type\":\"ImageObject\",\"inLanguage\":\"en-GB\",\"@id\":\"https:\/\/product-guide.org\/produkt\/wandern-auf-drei-inseln-in-italien-procida-ischia-und-capri-erlebe-de-aktiv\/#primaryimage\",\"url\":\"https:\/\/product-guide.org\/wp-content\/uploads\/2025\/03\/Affiliate_491216.jpg\",\"contentUrl\":\"https:\/\/product-guide.org\/wp-content\/uploads\/2025\/03\/Affiliate_491216.jpg\",\"width\":1080,\"height\":608},{\"@type\":\"BreadcrumbList\",\"@id\":\"https:\/\/product-guide.org\/produkt\/wandern-auf-drei-inseln-in-italien-procida-ischia-und-capri-erlebe-de-aktiv\/#breadcrumb\",\"itemListElement\":[{\"@type\":\"ListItem\",\"position\":1,\"name\":\"Home\",\"item\":\"https:\/\/product-guide.org\/\"},{\"@type\":\"ListItem\",\"position\":2,\"name\":\"Ergebnisse\",\"item\":\"https:\/\/product-guide.org\/de\/ergebnisse\/\"},{\"@type\":\"ListItem\",\"position\":3,\"name\":\"Wandern auf drei Inseln in Italien &#8211; Procida, Ischia und Capri | erlebe.de\/AKTIV\"}]},{\"@type\":\"WebSite\",\"@id\":\"https:\/\/product-guide.org\/#website\",\"url\":\"https:\/\/product-guide.org\/\",\"name\":\"Product-Guide.org\",\"description\":\"What Product are you looking for?\",\"publisher\":{\"@id\":\"https:\/\/product-guide.org\/#organization\"},\"potentialAction\":[{\"@type\":\"SearchAction\",\"target\":{\"@type\":\"EntryPoint\",\"urlTemplate\":\"https:\/\/product-guide.org\/?s={search_term_string}\"},\"query-input\":{\"@type\":\"PropertyValueSpecification\",\"valueRequired\":true,\"valueName\":\"search_term_string\"}}],\"inLanguage\":\"en-GB\"},{\"@type\":\"Organization\",\"@id\":\"https:\/\/product-guide.org\/#organization\",\"name\":\"Product-Guide.org\",\"url\":\"https:\/\/product-guide.org\/\",\"logo\":{\"@type\":\"ImageObject\",\"inLanguage\":\"en-GB\",\"@id\":\"https:\/\/product-guide.org\/#\/schema\/logo\/image\/\",\"url\":\"https:\/\/product-guide.org\/wp-content\/uploads\/2022\/07\/logo_transparent_background.png\",\"contentUrl\":\"https:\/\/product-guide.org\/wp-content\/uploads\/2022\/07\/logo_transparent_background.png\",\"width\":3400,\"height\":1132,\"caption\":\"Product-Guide.org\"},\"image\":{\"@id\":\"https:\/\/product-guide.org\/#\/schema\/logo\/image\/\"}}]}<\/script>\n<!-- \/ Yoast SEO plugin. -->","yoast_head_json":{"title":"Wandern auf drei Inseln in Italien - Procida, Ischia und Capri | erlebe.de\/AKTIV | Product-Guide.org","description":"Wandern auf drei Inseln in Italien - Procida, Ischia und Capri | erlebe.de\/AKTIV gefunden von Product-Guide.org","robots":{"index":"index","follow":"follow","max-snippet":"max-snippet:-1","max-image-preview":"max-image-preview:large","max-video-preview":"max-video-preview:-1"},"canonical":"https:\/\/product-guide.org\/en\/produkt\/wandern-auf-drei-inseln-in-italien-procida-ischia-und-capri-erlebe-de-aktiv\/","og_locale":"en_GB","og_type":"article","og_title":"Wandern auf drei Inseln in Italien - Procida, Ischia und Capri | erlebe.de\/AKTIV | Product-Guide.org","og_description":"Wandern auf drei Inseln in Italien - Procida, Ischia und Capri | erlebe.de\/AKTIV gefunden von Product-Guide.org","og_url":"https:\/\/product-guide.org\/en\/produkt\/wandern-auf-drei-inseln-in-italien-procida-ischia-und-capri-erlebe-de-aktiv\/","og_site_name":"Product-Guide.org","article_modified_time":"2025-03-17T11:36:00+00:00","twitter_card":"summary_large_image","schema":{"@context":"https:\/\/schema.org","@graph":[{"@type":"WebPage","@id":"https:\/\/product-guide.org\/produkt\/wandern-auf-drei-inseln-in-italien-procida-ischia-und-capri-erlebe-de-aktiv\/","url":"https:\/\/product-guide.org\/produkt\/wandern-auf-drei-inseln-in-italien-procida-ischia-und-capri-erlebe-de-aktiv\/","name":"Wandern auf drei Inseln in Italien - Procida, Ischia und Capri | erlebe.de\/AKTIV | Product-Guide.org","isPartOf":{"@id":"https:\/\/product-guide.org\/#website"},"primaryImageOfPage":{"@id":"https:\/\/product-guide.org\/produkt\/wandern-auf-drei-inseln-in-italien-procida-ischia-und-capri-erlebe-de-aktiv\/#primaryimage"},"image":{"@id":"https:\/\/product-guide.org\/produkt\/wandern-auf-drei-inseln-in-italien-procida-ischia-und-capri-erlebe-de-aktiv\/#primaryimage"},"thumbnailUrl":"https:\/\/product-guide.org\/wp-content\/uploads\/2025\/03\/Affiliate_491216.jpg","datePublished":"2025-03-17T11:35:59+00:00","dateModified":"2025-03-17T11:36:00+00:00","description":"Wandern auf drei Inseln in Italien - Procida, Ischia und Capri | erlebe.de\/AKTIV gefunden von Product-Guide.org","breadcrumb":{"@id":"https:\/\/product-guide.org\/produkt\/wandern-auf-drei-inseln-in-italien-procida-ischia-und-capri-erlebe-de-aktiv\/#breadcrumb"},"inLanguage":"en-GB","potentialAction":[{"@type":"ReadAction","target":["https:\/\/product-guide.org\/produkt\/wandern-auf-drei-inseln-in-italien-procida-ischia-und-capri-erlebe-de-aktiv\/"]}]},{"@type":"ImageObject","inLanguage":"en-GB","@id":"https:\/\/product-guide.org\/produkt\/wandern-auf-drei-inseln-in-italien-procida-ischia-und-capri-erlebe-de-aktiv\/#primaryimage","url":"https:\/\/product-guide.org\/wp-content\/uploads\/2025\/03\/Affiliate_491216.jpg","contentUrl":"https:\/\/product-guide.org\/wp-content\/uploads\/2025\/03\/Affiliate_491216.jpg","width":1080,"height":608},{"@type":"BreadcrumbList","@id":"https:\/\/product-guide.org\/produkt\/wandern-auf-drei-inseln-in-italien-procida-ischia-und-capri-erlebe-de-aktiv\/#breadcrumb","itemListElement":[{"@type":"ListItem","position":1,"name":"Home","item":"https:\/\/product-guide.org\/"},{"@type":"ListItem","position":2,"name":"Ergebnisse","item":"https:\/\/product-guide.org\/de\/ergebnisse\/"},{"@type":"ListItem","position":3,"name":"Wandern auf drei Inseln in Italien &#8211; Procida, Ischia und Capri | erlebe.de\/AKTIV"}]},{"@type":"WebSite","@id":"https:\/\/product-guide.org\/#website","url":"https:\/\/product-guide.org\/","name":"Product-Guide.org","description":"What Product are you looking for?","publisher":{"@id":"https:\/\/product-guide.org\/#organization"},"potentialAction":[{"@type":"SearchAction","target":{"@type":"EntryPoint","urlTemplate":"https:\/\/product-guide.org\/?s={search_term_string}"},"query-input":{"@type":"PropertyValueSpecification","valueRequired":true,"valueName":"search_term_string"}}],"inLanguage":"en-GB"},{"@type":"Organization","@id":"https:\/\/product-guide.org\/#organization","name":"Product-Guide.org","url":"https:\/\/product-guide.org\/","logo":{"@type":"ImageObject","inLanguage":"en-GB","@id":"https:\/\/product-guide.org\/#\/schema\/logo\/image\/","url":"https:\/\/product-guide.org\/wp-content\/uploads\/2022\/07\/logo_transparent_background.png","contentUrl":"https:\/\/product-guide.org\/wp-content\/uploads\/2022\/07\/logo_transparent_background.png","width":3400,"height":1132,"caption":"Product-Guide.org"},"image":{"@id":"https:\/\/product-guide.org\/#\/schema\/logo\/image\/"}}]}},"_links":{"self":[{"href":"https:\/\/product-guide.org\/en\/wp-json\/wp\/v2\/product\/55672","targetHints":{"allow":["GET"]}}],"collection":[{"href":"https:\/\/product-guide.org\/en\/wp-json\/wp\/v2\/product"}],"about":[{"href":"https:\/\/product-guide.org\/en\/wp-json\/wp\/v2\/types\/product"}],"wp:featuredmedia":[{"embeddable":true,"href":"https:\/\/product-guide.org\/en\/wp-json\/wp\/v2\/media\/55671"}],"wp:attachment":[{"href":"https:\/\/product-guide.org\/en\/wp-json\/wp\/v2\/media?parent=55672"}],"wp:term":[{"taxonomy":"store","embeddable":true,"href":"https:\/\/product-guide.org\/en\/wp-json\/wp\/v2\/store?post=55672"},{"taxonomy":"product_brand","embeddable":true,"href":"https:\/\/product-guide.org\/en\/wp-json\/wp\/v2\/product_brand?post=55672"},{"taxonomy":"product_cat","embeddable":true,"href":"https:\/\/product-guide.org\/en\/wp-json\/wp\/v2\/product_cat?post=55672"},{"taxonomy":"product_tag","embeddable":true,"href":"https:\/\/product-guide.org\/en\/wp-json\/wp\/v2\/product_tag?post=55672"}],"curies":[{"name":"wp","href":"https:\/\/api.w.org\/{rel}","templated":true}]}}