{"id":55678,"date":"2025-03-17T12:36:04","date_gmt":"2025-03-17T11:36:04","guid":{"rendered":"https:\/\/product-guide.org\/produkt\/wandern-entlang-der-ijssel-und-hansestadte-erlebe-de-aktiv\/"},"modified":"2025-03-17T12:36:04","modified_gmt":"2025-03-17T11:36:04","slug":"wandern-entlang-der-ijssel-und-hansestadte-erlebe-de-aktiv","status":"publish","type":"product","link":"https:\/\/product-guide.org\/en\/produkt\/wandern-entlang-der-ijssel-und-hansestadte-erlebe-de-aktiv\/","title":{"rendered":"Wandern entlang der Ijssel und Hansest\u00e4dte | erlebe.de\/AKTIV"},"content":{"rendered":"<p>Wandern Sie entlang der Hansest\u00e4dte Deventer und Zutphen, St\u00e4dte mit einer reichen Geschichte und einem sch\u00f6nen und gem\u00fctlichen Stadtzentrum. Sie wandern entlang der Ijssel durch die vogelreichen Auen, \u00fcber Gutsh\u00f6fe und Buchenw\u00e4ldern bis zum Gelderl\u00e4ndischen Museumsdorf Bronkhorst. Am n\u00e4chsten Tag erreichen Sie die malerische Landschaft auf der Westseite der IJssel, einst ein beliebter Ort des wohlhabenden Adels, der hier ihre Landh\u00e4user baute. Danach wandern Sie zur\u00fcck zum Endpunkt Zutphen. Die perfekte Kombination aus Natur und Kultur.<\/p>\n","protected":false},"excerpt":{"rendered":"<p>Wandern Sie entlang der Hansest\u00e4dte Deventer und Zutphen, St\u00e4dte mit einer reichen Geschichte und einem sch\u00f6nen und gem\u00fctlichen Stadtzentrum. Sie wandern entlang der Ijssel durch die vogelreichen Auen, \u00fcber Gutsh\u00f6fe und Buchenw\u00e4ldern bis zum Gelderl\u00e4ndischen Museumsdorf Bronkhorst. Am n\u00e4chsten Tag erreichen Sie die malerische Landschaft auf der Westseite der IJssel, einst ein beliebter Ort des [&hellip;]<\/p>\n","protected":false},"featured_media":55677,"template":"","meta":{"_gspb_post_css":""},"store":[],"product_brand":[1433],"product_cat":[1290],"product_tag":[],"class_list":{"0":"post-55678","1":"product","2":"type-product","3":"status-publish","4":"has-post-thumbnail","6":"product_brand-bijourama-fr","7":"product_cat-uncategorized","9":"first","10":"instock","11":"shipping-taxable","12":"purchasable","13":"product-type-simple"},"yoast_head":"<!-- This site is optimized with the Yoast SEO plugin v24.6 - https:\/\/yoast.com\/wordpress\/plugins\/seo\/ -->\n<title>Wandern entlang der Ijssel und Hansest\u00e4dte | erlebe.de\/AKTIV | Product-Guide.org<\/title>\n<meta name=\"description\" content=\"Wandern entlang der Ijssel und Hansest\u00e4dte | erlebe.de\/AKTIV gefunden von Product-Guide.org\" \/>\n<meta name=\"robots\" content=\"index, follow, max-snippet:-1, max-image-preview:large, max-video-preview:-1\" \/>\n<link rel=\"canonical\" href=\"https:\/\/product-guide.org\/en\/produkt\/wandern-entlang-der-ijssel-und-hansestadte-erlebe-de-aktiv\/\" \/>\n<meta property=\"og:locale\" content=\"en_GB\" \/>\n<meta property=\"og:type\" content=\"article\" \/>\n<meta property=\"og:title\" content=\"Wandern entlang der Ijssel und Hansest\u00e4dte | erlebe.de\/AKTIV | Product-Guide.org\" \/>\n<meta property=\"og:description\" content=\"Wandern entlang der Ijssel und Hansest\u00e4dte | erlebe.de\/AKTIV gefunden von Product-Guide.org\" \/>\n<meta property=\"og:url\" content=\"https:\/\/product-guide.org\/en\/produkt\/wandern-entlang-der-ijssel-und-hansestadte-erlebe-de-aktiv\/\" \/>\n<meta property=\"og:site_name\" content=\"Product-Guide.org\" \/>\n<meta name=\"twitter:card\" content=\"summary_large_image\" \/>\n<script type=\"application\/ld+json\" class=\"yoast-schema-graph\">{\"@context\":\"https:\/\/schema.org\",\"@graph\":[{\"@type\":\"WebPage\",\"@id\":\"https:\/\/product-guide.org\/produkt\/wandern-entlang-der-ijssel-und-hansestadte-erlebe-de-aktiv\/\",\"url\":\"https:\/\/product-guide.org\/produkt\/wandern-entlang-der-ijssel-und-hansestadte-erlebe-de-aktiv\/\",\"name\":\"Wandern entlang der Ijssel und Hansest\u00e4dte | erlebe.de\/AKTIV | Product-Guide.org\",\"isPartOf\":{\"@id\":\"https:\/\/product-guide.org\/#website\"},\"primaryImageOfPage\":{\"@id\":\"https:\/\/product-guide.org\/produkt\/wandern-entlang-der-ijssel-und-hansestadte-erlebe-de-aktiv\/#primaryimage\"},\"image\":{\"@id\":\"https:\/\/product-guide.org\/produkt\/wandern-entlang-der-ijssel-und-hansestadte-erlebe-de-aktiv\/#primaryimage\"},\"thumbnailUrl\":\"https:\/\/product-guide.org\/wp-content\/uploads\/2025\/03\/Affiliate_490102.jpg\",\"datePublished\":\"2025-03-17T11:36:04+00:00\",\"description\":\"Wandern entlang der Ijssel und Hansest\u00e4dte | erlebe.de\/AKTIV gefunden von Product-Guide.org\",\"breadcrumb\":{\"@id\":\"https:\/\/product-guide.org\/produkt\/wandern-entlang-der-ijssel-und-hansestadte-erlebe-de-aktiv\/#breadcrumb\"},\"inLanguage\":\"en-GB\",\"potentialAction\":[{\"@type\":\"ReadAction\",\"target\":[\"https:\/\/product-guide.org\/produkt\/wandern-entlang-der-ijssel-und-hansestadte-erlebe-de-aktiv\/\"]}]},{\"@type\":\"ImageObject\",\"inLanguage\":\"en-GB\",\"@id\":\"https:\/\/product-guide.org\/produkt\/wandern-entlang-der-ijssel-und-hansestadte-erlebe-de-aktiv\/#primaryimage\",\"url\":\"https:\/\/product-guide.org\/wp-content\/uploads\/2025\/03\/Affiliate_490102.jpg\",\"contentUrl\":\"https:\/\/product-guide.org\/wp-content\/uploads\/2025\/03\/Affiliate_490102.jpg\",\"width\":1080,\"height\":608},{\"@type\":\"BreadcrumbList\",\"@id\":\"https:\/\/product-guide.org\/produkt\/wandern-entlang-der-ijssel-und-hansestadte-erlebe-de-aktiv\/#breadcrumb\",\"itemListElement\":[{\"@type\":\"ListItem\",\"position\":1,\"name\":\"Home\",\"item\":\"https:\/\/product-guide.org\/\"},{\"@type\":\"ListItem\",\"position\":2,\"name\":\"Ergebnisse\",\"item\":\"https:\/\/product-guide.org\/de\/ergebnisse\/\"},{\"@type\":\"ListItem\",\"position\":3,\"name\":\"Wandern entlang der Ijssel und Hansest\u00e4dte | erlebe.de\/AKTIV\"}]},{\"@type\":\"WebSite\",\"@id\":\"https:\/\/product-guide.org\/#website\",\"url\":\"https:\/\/product-guide.org\/\",\"name\":\"Product-Guide.org\",\"description\":\"What Product are you looking for?\",\"publisher\":{\"@id\":\"https:\/\/product-guide.org\/#organization\"},\"potentialAction\":[{\"@type\":\"SearchAction\",\"target\":{\"@type\":\"EntryPoint\",\"urlTemplate\":\"https:\/\/product-guide.org\/?s={search_term_string}\"},\"query-input\":{\"@type\":\"PropertyValueSpecification\",\"valueRequired\":true,\"valueName\":\"search_term_string\"}}],\"inLanguage\":\"en-GB\"},{\"@type\":\"Organization\",\"@id\":\"https:\/\/product-guide.org\/#organization\",\"name\":\"Product-Guide.org\",\"url\":\"https:\/\/product-guide.org\/\",\"logo\":{\"@type\":\"ImageObject\",\"inLanguage\":\"en-GB\",\"@id\":\"https:\/\/product-guide.org\/#\/schema\/logo\/image\/\",\"url\":\"https:\/\/product-guide.org\/wp-content\/uploads\/2022\/07\/logo_transparent_background.png\",\"contentUrl\":\"https:\/\/product-guide.org\/wp-content\/uploads\/2022\/07\/logo_transparent_background.png\",\"width\":3400,\"height\":1132,\"caption\":\"Product-Guide.org\"},\"image\":{\"@id\":\"https:\/\/product-guide.org\/#\/schema\/logo\/image\/\"}}]}<\/script>\n<!-- \/ Yoast SEO plugin. -->","yoast_head_json":{"title":"Wandern entlang der Ijssel und Hansest\u00e4dte | erlebe.de\/AKTIV | Product-Guide.org","description":"Wandern entlang der Ijssel und Hansest\u00e4dte | erlebe.de\/AKTIV gefunden von Product-Guide.org","robots":{"index":"index","follow":"follow","max-snippet":"max-snippet:-1","max-image-preview":"max-image-preview:large","max-video-preview":"max-video-preview:-1"},"canonical":"https:\/\/product-guide.org\/en\/produkt\/wandern-entlang-der-ijssel-und-hansestadte-erlebe-de-aktiv\/","og_locale":"en_GB","og_type":"article","og_title":"Wandern entlang der Ijssel und Hansest\u00e4dte | erlebe.de\/AKTIV | Product-Guide.org","og_description":"Wandern entlang der Ijssel und Hansest\u00e4dte | erlebe.de\/AKTIV gefunden von Product-Guide.org","og_url":"https:\/\/product-guide.org\/en\/produkt\/wandern-entlang-der-ijssel-und-hansestadte-erlebe-de-aktiv\/","og_site_name":"Product-Guide.org","twitter_card":"summary_large_image","schema":{"@context":"https:\/\/schema.org","@graph":[{"@type":"WebPage","@id":"https:\/\/product-guide.org\/produkt\/wandern-entlang-der-ijssel-und-hansestadte-erlebe-de-aktiv\/","url":"https:\/\/product-guide.org\/produkt\/wandern-entlang-der-ijssel-und-hansestadte-erlebe-de-aktiv\/","name":"Wandern entlang der Ijssel und Hansest\u00e4dte | erlebe.de\/AKTIV | Product-Guide.org","isPartOf":{"@id":"https:\/\/product-guide.org\/#website"},"primaryImageOfPage":{"@id":"https:\/\/product-guide.org\/produkt\/wandern-entlang-der-ijssel-und-hansestadte-erlebe-de-aktiv\/#primaryimage"},"image":{"@id":"https:\/\/product-guide.org\/produkt\/wandern-entlang-der-ijssel-und-hansestadte-erlebe-de-aktiv\/#primaryimage"},"thumbnailUrl":"https:\/\/product-guide.org\/wp-content\/uploads\/2025\/03\/Affiliate_490102.jpg","datePublished":"2025-03-17T11:36:04+00:00","description":"Wandern entlang der Ijssel und Hansest\u00e4dte | erlebe.de\/AKTIV gefunden von Product-Guide.org","breadcrumb":{"@id":"https:\/\/product-guide.org\/produkt\/wandern-entlang-der-ijssel-und-hansestadte-erlebe-de-aktiv\/#breadcrumb"},"inLanguage":"en-GB","potentialAction":[{"@type":"ReadAction","target":["https:\/\/product-guide.org\/produkt\/wandern-entlang-der-ijssel-und-hansestadte-erlebe-de-aktiv\/"]}]},{"@type":"ImageObject","inLanguage":"en-GB","@id":"https:\/\/product-guide.org\/produkt\/wandern-entlang-der-ijssel-und-hansestadte-erlebe-de-aktiv\/#primaryimage","url":"https:\/\/product-guide.org\/wp-content\/uploads\/2025\/03\/Affiliate_490102.jpg","contentUrl":"https:\/\/product-guide.org\/wp-content\/uploads\/2025\/03\/Affiliate_490102.jpg","width":1080,"height":608},{"@type":"BreadcrumbList","@id":"https:\/\/product-guide.org\/produkt\/wandern-entlang-der-ijssel-und-hansestadte-erlebe-de-aktiv\/#breadcrumb","itemListElement":[{"@type":"ListItem","position":1,"name":"Home","item":"https:\/\/product-guide.org\/"},{"@type":"ListItem","position":2,"name":"Ergebnisse","item":"https:\/\/product-guide.org\/de\/ergebnisse\/"},{"@type":"ListItem","position":3,"name":"Wandern entlang der Ijssel und Hansest\u00e4dte | erlebe.de\/AKTIV"}]},{"@type":"WebSite","@id":"https:\/\/product-guide.org\/#website","url":"https:\/\/product-guide.org\/","name":"Product-Guide.org","description":"What Product are you looking for?","publisher":{"@id":"https:\/\/product-guide.org\/#organization"},"potentialAction":[{"@type":"SearchAction","target":{"@type":"EntryPoint","urlTemplate":"https:\/\/product-guide.org\/?s={search_term_string}"},"query-input":{"@type":"PropertyValueSpecification","valueRequired":true,"valueName":"search_term_string"}}],"inLanguage":"en-GB"},{"@type":"Organization","@id":"https:\/\/product-guide.org\/#organization","name":"Product-Guide.org","url":"https:\/\/product-guide.org\/","logo":{"@type":"ImageObject","inLanguage":"en-GB","@id":"https:\/\/product-guide.org\/#\/schema\/logo\/image\/","url":"https:\/\/product-guide.org\/wp-content\/uploads\/2022\/07\/logo_transparent_background.png","contentUrl":"https:\/\/product-guide.org\/wp-content\/uploads\/2022\/07\/logo_transparent_background.png","width":3400,"height":1132,"caption":"Product-Guide.org"},"image":{"@id":"https:\/\/product-guide.org\/#\/schema\/logo\/image\/"}}]}},"_links":{"self":[{"href":"https:\/\/product-guide.org\/en\/wp-json\/wp\/v2\/product\/55678","targetHints":{"allow":["GET"]}}],"collection":[{"href":"https:\/\/product-guide.org\/en\/wp-json\/wp\/v2\/product"}],"about":[{"href":"https:\/\/product-guide.org\/en\/wp-json\/wp\/v2\/types\/product"}],"wp:featuredmedia":[{"embeddable":true,"href":"https:\/\/product-guide.org\/en\/wp-json\/wp\/v2\/media\/55677"}],"wp:attachment":[{"href":"https:\/\/product-guide.org\/en\/wp-json\/wp\/v2\/media?parent=55678"}],"wp:term":[{"taxonomy":"store","embeddable":true,"href":"https:\/\/product-guide.org\/en\/wp-json\/wp\/v2\/store?post=55678"},{"taxonomy":"product_brand","embeddable":true,"href":"https:\/\/product-guide.org\/en\/wp-json\/wp\/v2\/product_brand?post=55678"},{"taxonomy":"product_cat","embeddable":true,"href":"https:\/\/product-guide.org\/en\/wp-json\/wp\/v2\/product_cat?post=55678"},{"taxonomy":"product_tag","embeddable":true,"href":"https:\/\/product-guide.org\/en\/wp-json\/wp\/v2\/product_tag?post=55678"}],"curies":[{"name":"wp","href":"https:\/\/api.w.org\/{rel}","templated":true}]}}