{"id":55682,"date":"2025-03-17T12:36:06","date_gmt":"2025-03-17T11:36:06","guid":{"rendered":"https:\/\/product-guide.org\/produkt\/wanderreich-nijmegen-urlaub-in-der-natur-erlebe-de-aktiv-2\/"},"modified":"2025-03-17T12:36:07","modified_gmt":"2025-03-17T11:36:07","slug":"wanderreich-nijmegen-urlaub-in-der-natur-erlebe-de-aktiv-2","status":"publish","type":"product","link":"https:\/\/product-guide.org\/en\/produkt\/wanderreich-nijmegen-urlaub-in-der-natur-erlebe-de-aktiv-2\/","title":{"rendered":"Wanderreich Nijmegen &#8211; Urlaub in der Natur | erlebe.de\/AKTIV"},"content":{"rendered":"<p>Nirgendwo in den Niederlanden finden Sie eine solche Vielfalt an Landschaften wie in der Region Nijmegen. W\u00e4hrend dieses kurzen Wanderurlaubs werden Sie jeden Tag durch mehrere v\u00f6llig unterschiedliche Landschaften wandern. Einmal wandern Sie \u00fcber die Seitenmor\u00e4ne von Nijmegen entlang wundersch\u00f6ner Panoramen, dann durch die \u00e4lteste Stadt der Niederlande und wenig sp\u00e4ter \u00fcber die Str\u00e4nde entlang der Waal und durch den wasserreichen Ooijpolder. Die steilen Hangw\u00e4lder des Duivelsbergs werden am n\u00e4chsten Tag mit den h\u00fcgeligen Feldern und Wiesen des Hemelrijk und dem einzigartigen Naturschutzgebiet De Bruuk mit seinen bl\u00fchenden Wiesen und sumpfigen W\u00e4ldern kombiniert. Und am n\u00e4chsten Tag wechseln sich die hochgelegenen Heidefl\u00e4chen von De Mookerheide mit den Wiesen und Hecken des sch\u00f6nen Zevendal und dem Sumpfwald von De Diepen ab.<\/p>\n","protected":false},"excerpt":{"rendered":"<p>Nirgendwo in den Niederlanden finden Sie eine solche Vielfalt an Landschaften wie in der Region Nijmegen. W\u00e4hrend dieses kurzen Wanderurlaubs werden Sie jeden Tag durch mehrere v\u00f6llig unterschiedliche Landschaften wandern. Einmal wandern Sie \u00fcber die Seitenmor\u00e4ne von Nijmegen entlang wundersch\u00f6ner Panoramen, dann durch die \u00e4lteste Stadt der Niederlande und wenig sp\u00e4ter \u00fcber die Str\u00e4nde entlang [&hellip;]<\/p>\n","protected":false},"featured_media":55680,"template":"","meta":{"_gspb_post_css":""},"store":[],"product_brand":[1433],"product_cat":[1290],"product_tag":[],"class_list":{"0":"post-55682","1":"product","2":"type-product","3":"status-publish","4":"has-post-thumbnail","6":"product_brand-bijourama-fr","7":"product_cat-uncategorized","9":"first","10":"instock","11":"shipping-taxable","12":"purchasable","13":"product-type-simple"},"yoast_head":"<!-- This site is optimized with the Yoast SEO plugin v24.6 - https:\/\/yoast.com\/wordpress\/plugins\/seo\/ -->\n<title>Wanderreich Nijmegen - Urlaub in der Natur | erlebe.de\/AKTIV | Product-Guide.org<\/title>\n<meta name=\"description\" content=\"Wanderreich Nijmegen - Urlaub in der Natur | erlebe.de\/AKTIV gefunden von Product-Guide.org\" \/>\n<meta name=\"robots\" content=\"index, follow, max-snippet:-1, max-image-preview:large, max-video-preview:-1\" \/>\n<link rel=\"canonical\" href=\"https:\/\/product-guide.org\/en\/produkt\/wanderreich-nijmegen-urlaub-in-der-natur-erlebe-de-aktiv-2\/\" \/>\n<meta property=\"og:locale\" content=\"en_GB\" \/>\n<meta property=\"og:type\" content=\"article\" \/>\n<meta property=\"og:title\" content=\"Wanderreich Nijmegen - Urlaub in der Natur | erlebe.de\/AKTIV | Product-Guide.org\" \/>\n<meta property=\"og:description\" content=\"Wanderreich Nijmegen - Urlaub in der Natur | erlebe.de\/AKTIV gefunden von Product-Guide.org\" \/>\n<meta property=\"og:url\" content=\"https:\/\/product-guide.org\/en\/produkt\/wanderreich-nijmegen-urlaub-in-der-natur-erlebe-de-aktiv-2\/\" \/>\n<meta property=\"og:site_name\" content=\"Product-Guide.org\" \/>\n<meta property=\"article:modified_time\" content=\"2025-03-17T11:36:07+00:00\" \/>\n<meta name=\"twitter:card\" content=\"summary_large_image\" \/>\n<script type=\"application\/ld+json\" class=\"yoast-schema-graph\">{\"@context\":\"https:\/\/schema.org\",\"@graph\":[{\"@type\":\"WebPage\",\"@id\":\"https:\/\/product-guide.org\/produkt\/wanderreich-nijmegen-urlaub-in-der-natur-erlebe-de-aktiv-2\/\",\"url\":\"https:\/\/product-guide.org\/produkt\/wanderreich-nijmegen-urlaub-in-der-natur-erlebe-de-aktiv-2\/\",\"name\":\"Wanderreich Nijmegen - Urlaub in der Natur | erlebe.de\/AKTIV | Product-Guide.org\",\"isPartOf\":{\"@id\":\"https:\/\/product-guide.org\/#website\"},\"primaryImageOfPage\":{\"@id\":\"https:\/\/product-guide.org\/produkt\/wanderreich-nijmegen-urlaub-in-der-natur-erlebe-de-aktiv-2\/#primaryimage\"},\"image\":{\"@id\":\"https:\/\/product-guide.org\/produkt\/wanderreich-nijmegen-urlaub-in-der-natur-erlebe-de-aktiv-2\/#primaryimage\"},\"thumbnailUrl\":\"https:\/\/product-guide.org\/wp-content\/uploads\/2025\/03\/Affiliate_490103.jpg\",\"datePublished\":\"2025-03-17T11:36:06+00:00\",\"dateModified\":\"2025-03-17T11:36:07+00:00\",\"description\":\"Wanderreich Nijmegen - Urlaub in der Natur | erlebe.de\/AKTIV gefunden von Product-Guide.org\",\"breadcrumb\":{\"@id\":\"https:\/\/product-guide.org\/produkt\/wanderreich-nijmegen-urlaub-in-der-natur-erlebe-de-aktiv-2\/#breadcrumb\"},\"inLanguage\":\"en-GB\",\"potentialAction\":[{\"@type\":\"ReadAction\",\"target\":[\"https:\/\/product-guide.org\/produkt\/wanderreich-nijmegen-urlaub-in-der-natur-erlebe-de-aktiv-2\/\"]}]},{\"@type\":\"ImageObject\",\"inLanguage\":\"en-GB\",\"@id\":\"https:\/\/product-guide.org\/produkt\/wanderreich-nijmegen-urlaub-in-der-natur-erlebe-de-aktiv-2\/#primaryimage\",\"url\":\"https:\/\/product-guide.org\/wp-content\/uploads\/2025\/03\/Affiliate_490103.jpg\",\"contentUrl\":\"https:\/\/product-guide.org\/wp-content\/uploads\/2025\/03\/Affiliate_490103.jpg\",\"width\":1080,\"height\":608},{\"@type\":\"BreadcrumbList\",\"@id\":\"https:\/\/product-guide.org\/produkt\/wanderreich-nijmegen-urlaub-in-der-natur-erlebe-de-aktiv-2\/#breadcrumb\",\"itemListElement\":[{\"@type\":\"ListItem\",\"position\":1,\"name\":\"Home\",\"item\":\"https:\/\/product-guide.org\/\"},{\"@type\":\"ListItem\",\"position\":2,\"name\":\"Ergebnisse\",\"item\":\"https:\/\/product-guide.org\/de\/ergebnisse\/\"},{\"@type\":\"ListItem\",\"position\":3,\"name\":\"Wanderreich Nijmegen &#8211; Urlaub in der Natur | erlebe.de\/AKTIV\"}]},{\"@type\":\"WebSite\",\"@id\":\"https:\/\/product-guide.org\/#website\",\"url\":\"https:\/\/product-guide.org\/\",\"name\":\"Product-Guide.org\",\"description\":\"What Product are you looking for?\",\"publisher\":{\"@id\":\"https:\/\/product-guide.org\/#organization\"},\"potentialAction\":[{\"@type\":\"SearchAction\",\"target\":{\"@type\":\"EntryPoint\",\"urlTemplate\":\"https:\/\/product-guide.org\/?s={search_term_string}\"},\"query-input\":{\"@type\":\"PropertyValueSpecification\",\"valueRequired\":true,\"valueName\":\"search_term_string\"}}],\"inLanguage\":\"en-GB\"},{\"@type\":\"Organization\",\"@id\":\"https:\/\/product-guide.org\/#organization\",\"name\":\"Product-Guide.org\",\"url\":\"https:\/\/product-guide.org\/\",\"logo\":{\"@type\":\"ImageObject\",\"inLanguage\":\"en-GB\",\"@id\":\"https:\/\/product-guide.org\/#\/schema\/logo\/image\/\",\"url\":\"https:\/\/product-guide.org\/wp-content\/uploads\/2022\/07\/logo_transparent_background.png\",\"contentUrl\":\"https:\/\/product-guide.org\/wp-content\/uploads\/2022\/07\/logo_transparent_background.png\",\"width\":3400,\"height\":1132,\"caption\":\"Product-Guide.org\"},\"image\":{\"@id\":\"https:\/\/product-guide.org\/#\/schema\/logo\/image\/\"}}]}<\/script>\n<!-- \/ Yoast SEO plugin. -->","yoast_head_json":{"title":"Wanderreich Nijmegen - Urlaub in der Natur | erlebe.de\/AKTIV | Product-Guide.org","description":"Wanderreich Nijmegen - Urlaub in der Natur | erlebe.de\/AKTIV gefunden von Product-Guide.org","robots":{"index":"index","follow":"follow","max-snippet":"max-snippet:-1","max-image-preview":"max-image-preview:large","max-video-preview":"max-video-preview:-1"},"canonical":"https:\/\/product-guide.org\/en\/produkt\/wanderreich-nijmegen-urlaub-in-der-natur-erlebe-de-aktiv-2\/","og_locale":"en_GB","og_type":"article","og_title":"Wanderreich Nijmegen - Urlaub in der Natur | erlebe.de\/AKTIV | Product-Guide.org","og_description":"Wanderreich Nijmegen - Urlaub in der Natur | erlebe.de\/AKTIV gefunden von Product-Guide.org","og_url":"https:\/\/product-guide.org\/en\/produkt\/wanderreich-nijmegen-urlaub-in-der-natur-erlebe-de-aktiv-2\/","og_site_name":"Product-Guide.org","article_modified_time":"2025-03-17T11:36:07+00:00","twitter_card":"summary_large_image","schema":{"@context":"https:\/\/schema.org","@graph":[{"@type":"WebPage","@id":"https:\/\/product-guide.org\/produkt\/wanderreich-nijmegen-urlaub-in-der-natur-erlebe-de-aktiv-2\/","url":"https:\/\/product-guide.org\/produkt\/wanderreich-nijmegen-urlaub-in-der-natur-erlebe-de-aktiv-2\/","name":"Wanderreich Nijmegen - Urlaub in der Natur | erlebe.de\/AKTIV | Product-Guide.org","isPartOf":{"@id":"https:\/\/product-guide.org\/#website"},"primaryImageOfPage":{"@id":"https:\/\/product-guide.org\/produkt\/wanderreich-nijmegen-urlaub-in-der-natur-erlebe-de-aktiv-2\/#primaryimage"},"image":{"@id":"https:\/\/product-guide.org\/produkt\/wanderreich-nijmegen-urlaub-in-der-natur-erlebe-de-aktiv-2\/#primaryimage"},"thumbnailUrl":"https:\/\/product-guide.org\/wp-content\/uploads\/2025\/03\/Affiliate_490103.jpg","datePublished":"2025-03-17T11:36:06+00:00","dateModified":"2025-03-17T11:36:07+00:00","description":"Wanderreich Nijmegen - Urlaub in der Natur | erlebe.de\/AKTIV gefunden von Product-Guide.org","breadcrumb":{"@id":"https:\/\/product-guide.org\/produkt\/wanderreich-nijmegen-urlaub-in-der-natur-erlebe-de-aktiv-2\/#breadcrumb"},"inLanguage":"en-GB","potentialAction":[{"@type":"ReadAction","target":["https:\/\/product-guide.org\/produkt\/wanderreich-nijmegen-urlaub-in-der-natur-erlebe-de-aktiv-2\/"]}]},{"@type":"ImageObject","inLanguage":"en-GB","@id":"https:\/\/product-guide.org\/produkt\/wanderreich-nijmegen-urlaub-in-der-natur-erlebe-de-aktiv-2\/#primaryimage","url":"https:\/\/product-guide.org\/wp-content\/uploads\/2025\/03\/Affiliate_490103.jpg","contentUrl":"https:\/\/product-guide.org\/wp-content\/uploads\/2025\/03\/Affiliate_490103.jpg","width":1080,"height":608},{"@type":"BreadcrumbList","@id":"https:\/\/product-guide.org\/produkt\/wanderreich-nijmegen-urlaub-in-der-natur-erlebe-de-aktiv-2\/#breadcrumb","itemListElement":[{"@type":"ListItem","position":1,"name":"Home","item":"https:\/\/product-guide.org\/"},{"@type":"ListItem","position":2,"name":"Ergebnisse","item":"https:\/\/product-guide.org\/de\/ergebnisse\/"},{"@type":"ListItem","position":3,"name":"Wanderreich Nijmegen &#8211; Urlaub in der Natur | erlebe.de\/AKTIV"}]},{"@type":"WebSite","@id":"https:\/\/product-guide.org\/#website","url":"https:\/\/product-guide.org\/","name":"Product-Guide.org","description":"What Product are you looking for?","publisher":{"@id":"https:\/\/product-guide.org\/#organization"},"potentialAction":[{"@type":"SearchAction","target":{"@type":"EntryPoint","urlTemplate":"https:\/\/product-guide.org\/?s={search_term_string}"},"query-input":{"@type":"PropertyValueSpecification","valueRequired":true,"valueName":"search_term_string"}}],"inLanguage":"en-GB"},{"@type":"Organization","@id":"https:\/\/product-guide.org\/#organization","name":"Product-Guide.org","url":"https:\/\/product-guide.org\/","logo":{"@type":"ImageObject","inLanguage":"en-GB","@id":"https:\/\/product-guide.org\/#\/schema\/logo\/image\/","url":"https:\/\/product-guide.org\/wp-content\/uploads\/2022\/07\/logo_transparent_background.png","contentUrl":"https:\/\/product-guide.org\/wp-content\/uploads\/2022\/07\/logo_transparent_background.png","width":3400,"height":1132,"caption":"Product-Guide.org"},"image":{"@id":"https:\/\/product-guide.org\/#\/schema\/logo\/image\/"}}]}},"_links":{"self":[{"href":"https:\/\/product-guide.org\/en\/wp-json\/wp\/v2\/product\/55682","targetHints":{"allow":["GET"]}}],"collection":[{"href":"https:\/\/product-guide.org\/en\/wp-json\/wp\/v2\/product"}],"about":[{"href":"https:\/\/product-guide.org\/en\/wp-json\/wp\/v2\/types\/product"}],"wp:featuredmedia":[{"embeddable":true,"href":"https:\/\/product-guide.org\/en\/wp-json\/wp\/v2\/media\/55680"}],"wp:attachment":[{"href":"https:\/\/product-guide.org\/en\/wp-json\/wp\/v2\/media?parent=55682"}],"wp:term":[{"taxonomy":"store","embeddable":true,"href":"https:\/\/product-guide.org\/en\/wp-json\/wp\/v2\/store?post=55682"},{"taxonomy":"product_brand","embeddable":true,"href":"https:\/\/product-guide.org\/en\/wp-json\/wp\/v2\/product_brand?post=55682"},{"taxonomy":"product_cat","embeddable":true,"href":"https:\/\/product-guide.org\/en\/wp-json\/wp\/v2\/product_cat?post=55682"},{"taxonomy":"product_tag","embeddable":true,"href":"https:\/\/product-guide.org\/en\/wp-json\/wp\/v2\/product_tag?post=55682"}],"curies":[{"name":"wp","href":"https:\/\/api.w.org\/{rel}","templated":true}]}}