{"id":55699,"date":"2025-03-17T12:36:18","date_gmt":"2025-03-17T11:36:18","guid":{"rendered":"https:\/\/product-guide.org\/produkt\/madeira-wanderurlaub-spektakulare-levada-touren-erlebe-de-aktiv\/"},"modified":"2025-03-17T12:36:19","modified_gmt":"2025-03-17T11:36:19","slug":"madeira-wanderurlaub-spektakulare-levada-touren-erlebe-de-aktiv","status":"publish","type":"product","link":"https:\/\/product-guide.org\/en\/produkt\/madeira-wanderurlaub-spektakulare-levada-touren-erlebe-de-aktiv\/","title":{"rendered":"Madeira Wanderurlaub &#8211; Spektakul\u00e4re &#8220;Levada-Touren&#8221; | erlebe.de\/AKTIV"},"content":{"rendered":"<p>Ein abwechslungsreicher Wanderurlaub auf der &#8211; f\u00fcr Ihre Bl\u00fctenpracht bekannten &#8211; subtropischen Insel Madeira im Atlantischen Ozean. Sie wandern durch eine vulkanische Berglandschaft mit tiefen Schluchten und hohen Klippen. Sie durchwandern eine malerische, meist satt gr\u00fcne Landschaft mit \u00fcppiger Vegetation zwischen kleinen Feldern, die Bauern &#8211; auf kleinen Terrassen &#8211; an steilen H\u00e4ngen angelegt haben. Einzigartig auf Madeira sind die Levada-Wanderungen entlang der teils spektakul\u00e4r gelegenen Bew\u00e4sserungskan\u00e4le.<\/p>\n","protected":false},"excerpt":{"rendered":"<p>Ein abwechslungsreicher Wanderurlaub auf der &#8211; f\u00fcr Ihre Bl\u00fctenpracht bekannten &#8211; subtropischen Insel Madeira im Atlantischen Ozean. Sie wandern durch eine vulkanische Berglandschaft mit tiefen Schluchten und hohen Klippen. Sie durchwandern eine malerische, meist satt gr\u00fcne Landschaft mit \u00fcppiger Vegetation zwischen kleinen Feldern, die Bauern &#8211; auf kleinen Terrassen &#8211; an steilen H\u00e4ngen angelegt haben. [&hellip;]<\/p>\n","protected":false},"featured_media":55698,"template":"","meta":{"_gspb_post_css":""},"store":[],"product_brand":[1433],"product_cat":[1290],"product_tag":[],"class_list":{"0":"post-55699","1":"product","2":"type-product","3":"status-publish","4":"has-post-thumbnail","6":"product_brand-bijourama-fr","7":"product_cat-uncategorized","9":"first","10":"instock","11":"shipping-taxable","12":"purchasable","13":"product-type-simple"},"yoast_head":"<!-- This site is optimized with the Yoast SEO plugin v24.6 - https:\/\/yoast.com\/wordpress\/plugins\/seo\/ -->\n<title>Madeira Wanderurlaub - Spektakul\u00e4re &quot;Levada-Touren&quot; | erlebe.de\/AKTIV | Product-Guide.org<\/title>\n<meta name=\"description\" content=\"Madeira Wanderurlaub - Spektakul\u00e4re &quot;Levada-Touren&quot; | erlebe.de\/AKTIV gefunden von Product-Guide.org\" \/>\n<meta name=\"robots\" content=\"index, follow, max-snippet:-1, max-image-preview:large, max-video-preview:-1\" \/>\n<link rel=\"canonical\" href=\"https:\/\/product-guide.org\/en\/produkt\/madeira-wanderurlaub-spektakulare-levada-touren-erlebe-de-aktiv\/\" \/>\n<meta property=\"og:locale\" content=\"en_GB\" \/>\n<meta property=\"og:type\" content=\"article\" \/>\n<meta property=\"og:title\" content=\"Madeira Wanderurlaub - Spektakul\u00e4re &quot;Levada-Touren&quot; | erlebe.de\/AKTIV | Product-Guide.org\" \/>\n<meta property=\"og:description\" content=\"Madeira Wanderurlaub - Spektakul\u00e4re &quot;Levada-Touren&quot; | erlebe.de\/AKTIV gefunden von Product-Guide.org\" \/>\n<meta property=\"og:url\" content=\"https:\/\/product-guide.org\/en\/produkt\/madeira-wanderurlaub-spektakulare-levada-touren-erlebe-de-aktiv\/\" \/>\n<meta property=\"og:site_name\" content=\"Product-Guide.org\" \/>\n<meta property=\"article:modified_time\" content=\"2025-03-17T11:36:19+00:00\" \/>\n<meta name=\"twitter:card\" content=\"summary_large_image\" \/>\n<script type=\"application\/ld+json\" class=\"yoast-schema-graph\">{\"@context\":\"https:\/\/schema.org\",\"@graph\":[{\"@type\":\"WebPage\",\"@id\":\"https:\/\/product-guide.org\/produkt\/madeira-wanderurlaub-spektakulare-levada-touren-erlebe-de-aktiv\/\",\"url\":\"https:\/\/product-guide.org\/produkt\/madeira-wanderurlaub-spektakulare-levada-touren-erlebe-de-aktiv\/\",\"name\":\"Madeira Wanderurlaub - Spektakul\u00e4re \\\"Levada-Touren\\\" | erlebe.de\/AKTIV | Product-Guide.org\",\"isPartOf\":{\"@id\":\"https:\/\/product-guide.org\/#website\"},\"primaryImageOfPage\":{\"@id\":\"https:\/\/product-guide.org\/produkt\/madeira-wanderurlaub-spektakulare-levada-touren-erlebe-de-aktiv\/#primaryimage\"},\"image\":{\"@id\":\"https:\/\/product-guide.org\/produkt\/madeira-wanderurlaub-spektakulare-levada-touren-erlebe-de-aktiv\/#primaryimage\"},\"thumbnailUrl\":\"https:\/\/product-guide.org\/wp-content\/uploads\/2025\/03\/Affiliate_492001_492011.jpg\",\"datePublished\":\"2025-03-17T11:36:18+00:00\",\"dateModified\":\"2025-03-17T11:36:19+00:00\",\"description\":\"Madeira Wanderurlaub - Spektakul\u00e4re \\\"Levada-Touren\\\" | erlebe.de\/AKTIV gefunden von Product-Guide.org\",\"breadcrumb\":{\"@id\":\"https:\/\/product-guide.org\/produkt\/madeira-wanderurlaub-spektakulare-levada-touren-erlebe-de-aktiv\/#breadcrumb\"},\"inLanguage\":\"en-GB\",\"potentialAction\":[{\"@type\":\"ReadAction\",\"target\":[\"https:\/\/product-guide.org\/produkt\/madeira-wanderurlaub-spektakulare-levada-touren-erlebe-de-aktiv\/\"]}]},{\"@type\":\"ImageObject\",\"inLanguage\":\"en-GB\",\"@id\":\"https:\/\/product-guide.org\/produkt\/madeira-wanderurlaub-spektakulare-levada-touren-erlebe-de-aktiv\/#primaryimage\",\"url\":\"https:\/\/product-guide.org\/wp-content\/uploads\/2025\/03\/Affiliate_492001_492011.jpg\",\"contentUrl\":\"https:\/\/product-guide.org\/wp-content\/uploads\/2025\/03\/Affiliate_492001_492011.jpg\",\"width\":1080,\"height\":608},{\"@type\":\"BreadcrumbList\",\"@id\":\"https:\/\/product-guide.org\/produkt\/madeira-wanderurlaub-spektakulare-levada-touren-erlebe-de-aktiv\/#breadcrumb\",\"itemListElement\":[{\"@type\":\"ListItem\",\"position\":1,\"name\":\"Home\",\"item\":\"https:\/\/product-guide.org\/\"},{\"@type\":\"ListItem\",\"position\":2,\"name\":\"Ergebnisse\",\"item\":\"https:\/\/product-guide.org\/de\/ergebnisse\/\"},{\"@type\":\"ListItem\",\"position\":3,\"name\":\"Madeira Wanderurlaub &#8211; Spektakul\u00e4re &#8220;Levada-Touren&#8221; | erlebe.de\/AKTIV\"}]},{\"@type\":\"WebSite\",\"@id\":\"https:\/\/product-guide.org\/#website\",\"url\":\"https:\/\/product-guide.org\/\",\"name\":\"Product-Guide.org\",\"description\":\"What Product are you looking for?\",\"publisher\":{\"@id\":\"https:\/\/product-guide.org\/#organization\"},\"potentialAction\":[{\"@type\":\"SearchAction\",\"target\":{\"@type\":\"EntryPoint\",\"urlTemplate\":\"https:\/\/product-guide.org\/?s={search_term_string}\"},\"query-input\":{\"@type\":\"PropertyValueSpecification\",\"valueRequired\":true,\"valueName\":\"search_term_string\"}}],\"inLanguage\":\"en-GB\"},{\"@type\":\"Organization\",\"@id\":\"https:\/\/product-guide.org\/#organization\",\"name\":\"Product-Guide.org\",\"url\":\"https:\/\/product-guide.org\/\",\"logo\":{\"@type\":\"ImageObject\",\"inLanguage\":\"en-GB\",\"@id\":\"https:\/\/product-guide.org\/#\/schema\/logo\/image\/\",\"url\":\"https:\/\/product-guide.org\/wp-content\/uploads\/2022\/07\/logo_transparent_background.png\",\"contentUrl\":\"https:\/\/product-guide.org\/wp-content\/uploads\/2022\/07\/logo_transparent_background.png\",\"width\":3400,\"height\":1132,\"caption\":\"Product-Guide.org\"},\"image\":{\"@id\":\"https:\/\/product-guide.org\/#\/schema\/logo\/image\/\"}}]}<\/script>\n<!-- \/ Yoast SEO plugin. -->","yoast_head_json":{"title":"Madeira Wanderurlaub - Spektakul\u00e4re \"Levada-Touren\" | erlebe.de\/AKTIV | Product-Guide.org","description":"Madeira Wanderurlaub - Spektakul\u00e4re \"Levada-Touren\" | erlebe.de\/AKTIV gefunden von Product-Guide.org","robots":{"index":"index","follow":"follow","max-snippet":"max-snippet:-1","max-image-preview":"max-image-preview:large","max-video-preview":"max-video-preview:-1"},"canonical":"https:\/\/product-guide.org\/en\/produkt\/madeira-wanderurlaub-spektakulare-levada-touren-erlebe-de-aktiv\/","og_locale":"en_GB","og_type":"article","og_title":"Madeira Wanderurlaub - Spektakul\u00e4re \"Levada-Touren\" | erlebe.de\/AKTIV | Product-Guide.org","og_description":"Madeira Wanderurlaub - Spektakul\u00e4re \"Levada-Touren\" | erlebe.de\/AKTIV gefunden von Product-Guide.org","og_url":"https:\/\/product-guide.org\/en\/produkt\/madeira-wanderurlaub-spektakulare-levada-touren-erlebe-de-aktiv\/","og_site_name":"Product-Guide.org","article_modified_time":"2025-03-17T11:36:19+00:00","twitter_card":"summary_large_image","schema":{"@context":"https:\/\/schema.org","@graph":[{"@type":"WebPage","@id":"https:\/\/product-guide.org\/produkt\/madeira-wanderurlaub-spektakulare-levada-touren-erlebe-de-aktiv\/","url":"https:\/\/product-guide.org\/produkt\/madeira-wanderurlaub-spektakulare-levada-touren-erlebe-de-aktiv\/","name":"Madeira Wanderurlaub - Spektakul\u00e4re \"Levada-Touren\" | erlebe.de\/AKTIV | Product-Guide.org","isPartOf":{"@id":"https:\/\/product-guide.org\/#website"},"primaryImageOfPage":{"@id":"https:\/\/product-guide.org\/produkt\/madeira-wanderurlaub-spektakulare-levada-touren-erlebe-de-aktiv\/#primaryimage"},"image":{"@id":"https:\/\/product-guide.org\/produkt\/madeira-wanderurlaub-spektakulare-levada-touren-erlebe-de-aktiv\/#primaryimage"},"thumbnailUrl":"https:\/\/product-guide.org\/wp-content\/uploads\/2025\/03\/Affiliate_492001_492011.jpg","datePublished":"2025-03-17T11:36:18+00:00","dateModified":"2025-03-17T11:36:19+00:00","description":"Madeira Wanderurlaub - Spektakul\u00e4re \"Levada-Touren\" | erlebe.de\/AKTIV gefunden von Product-Guide.org","breadcrumb":{"@id":"https:\/\/product-guide.org\/produkt\/madeira-wanderurlaub-spektakulare-levada-touren-erlebe-de-aktiv\/#breadcrumb"},"inLanguage":"en-GB","potentialAction":[{"@type":"ReadAction","target":["https:\/\/product-guide.org\/produkt\/madeira-wanderurlaub-spektakulare-levada-touren-erlebe-de-aktiv\/"]}]},{"@type":"ImageObject","inLanguage":"en-GB","@id":"https:\/\/product-guide.org\/produkt\/madeira-wanderurlaub-spektakulare-levada-touren-erlebe-de-aktiv\/#primaryimage","url":"https:\/\/product-guide.org\/wp-content\/uploads\/2025\/03\/Affiliate_492001_492011.jpg","contentUrl":"https:\/\/product-guide.org\/wp-content\/uploads\/2025\/03\/Affiliate_492001_492011.jpg","width":1080,"height":608},{"@type":"BreadcrumbList","@id":"https:\/\/product-guide.org\/produkt\/madeira-wanderurlaub-spektakulare-levada-touren-erlebe-de-aktiv\/#breadcrumb","itemListElement":[{"@type":"ListItem","position":1,"name":"Home","item":"https:\/\/product-guide.org\/"},{"@type":"ListItem","position":2,"name":"Ergebnisse","item":"https:\/\/product-guide.org\/de\/ergebnisse\/"},{"@type":"ListItem","position":3,"name":"Madeira Wanderurlaub &#8211; Spektakul\u00e4re &#8220;Levada-Touren&#8221; | erlebe.de\/AKTIV"}]},{"@type":"WebSite","@id":"https:\/\/product-guide.org\/#website","url":"https:\/\/product-guide.org\/","name":"Product-Guide.org","description":"What Product are you looking for?","publisher":{"@id":"https:\/\/product-guide.org\/#organization"},"potentialAction":[{"@type":"SearchAction","target":{"@type":"EntryPoint","urlTemplate":"https:\/\/product-guide.org\/?s={search_term_string}"},"query-input":{"@type":"PropertyValueSpecification","valueRequired":true,"valueName":"search_term_string"}}],"inLanguage":"en-GB"},{"@type":"Organization","@id":"https:\/\/product-guide.org\/#organization","name":"Product-Guide.org","url":"https:\/\/product-guide.org\/","logo":{"@type":"ImageObject","inLanguage":"en-GB","@id":"https:\/\/product-guide.org\/#\/schema\/logo\/image\/","url":"https:\/\/product-guide.org\/wp-content\/uploads\/2022\/07\/logo_transparent_background.png","contentUrl":"https:\/\/product-guide.org\/wp-content\/uploads\/2022\/07\/logo_transparent_background.png","width":3400,"height":1132,"caption":"Product-Guide.org"},"image":{"@id":"https:\/\/product-guide.org\/#\/schema\/logo\/image\/"}}]}},"_links":{"self":[{"href":"https:\/\/product-guide.org\/en\/wp-json\/wp\/v2\/product\/55699","targetHints":{"allow":["GET"]}}],"collection":[{"href":"https:\/\/product-guide.org\/en\/wp-json\/wp\/v2\/product"}],"about":[{"href":"https:\/\/product-guide.org\/en\/wp-json\/wp\/v2\/types\/product"}],"wp:featuredmedia":[{"embeddable":true,"href":"https:\/\/product-guide.org\/en\/wp-json\/wp\/v2\/media\/55698"}],"wp:attachment":[{"href":"https:\/\/product-guide.org\/en\/wp-json\/wp\/v2\/media?parent=55699"}],"wp:term":[{"taxonomy":"store","embeddable":true,"href":"https:\/\/product-guide.org\/en\/wp-json\/wp\/v2\/store?post=55699"},{"taxonomy":"product_brand","embeddable":true,"href":"https:\/\/product-guide.org\/en\/wp-json\/wp\/v2\/product_brand?post=55699"},{"taxonomy":"product_cat","embeddable":true,"href":"https:\/\/product-guide.org\/en\/wp-json\/wp\/v2\/product_cat?post=55699"},{"taxonomy":"product_tag","embeddable":true,"href":"https:\/\/product-guide.org\/en\/wp-json\/wp\/v2\/product_tag?post=55699"}],"curies":[{"name":"wp","href":"https:\/\/api.w.org\/{rel}","templated":true}]}}