{"id":55738,"date":"2025-03-17T12:36:53","date_gmt":"2025-03-17T11:36:53","guid":{"rendered":"https:\/\/product-guide.org\/produkt\/aluminium-auskleidungsschenkel-165-x-120-x-35-x-60-mm-baustoffhandel-carstensen\/"},"modified":"2025-03-17T12:36:53","modified_gmt":"2025-03-17T11:36:53","slug":"aluminium-auskleidungsschenkel-165-x-120-x-35-x-60-mm-baustoffhandel-carstensen","status":"publish","type":"product","link":"https:\/\/product-guide.org\/en\/produkt\/aluminium-auskleidungsschenkel-165-x-120-x-35-x-60-mm-baustoffhandel-carstensen\/","title":{"rendered":"Aluminium Auskleidungsschenkel 165 x 120 x 35 x 60 mm | Baustoffhandel Carstensen"},"content":{"rendered":"<p>Montagezubeh\u00f6r QuickPaneel &#8211; Unterteil 165 x 120 x 35 x 60 mm Dieses Unterteil zur 2-teiligen Verbindungslisene mit Auskleidungsschenkel f\u00fcr Fensterlaibung hat die Ma\u00dfe 165 x 120 x 35 x 60 mm und ist aus Aluminium. Das Unterteil hat eine 25 \u03bcm Polyesterbeschichtung und die Blechst\u00e4rke betr\u00e4gt 0,7 mm. Sie k\u00f6nnen aus verschiedenen Farben w\u00e4hlen und die Gesamtl\u00e4nge kann zwischen 0,50 m und 3,50 m variieren. QuickPaneel von WECKMAN Unser QuickPaneel von WECKMAN ist eine exzellente L\u00f6sung zur Gestaltung von Fassaden, Dachgiebeln, Dachgauben oder Dach\u00fcberst\u00e4nden. Die Paneele sind witterungsbest\u00e4ndig und besonders pflegeleicht, da zeitaufw\u00e4ndiges und kostspieliges Streichen wie bei vergleichbaren Schalungen aus Holz komplett entf\u00e4llt. Mit etwas handwerklichem Geschick sind die Paneele schnell und unkompliziert montiert.<\/p>\n","protected":false},"excerpt":{"rendered":"<p>Montagezubeh\u00f6r QuickPaneel &#8211; Unterteil 165 x 120 x 35 x 60 mm Dieses Unterteil zur 2-teiligen Verbindungslisene mit Auskleidungsschenkel f\u00fcr Fensterlaibung hat die Ma\u00dfe 165 x 120 x 35 x 60 mm und ist aus Aluminium. Das Unterteil hat eine 25 \u03bcm Polyesterbeschichtung und die Blechst\u00e4rke betr\u00e4gt 0,7 mm. Sie k\u00f6nnen aus verschiedenen Farben w\u00e4hlen [&hellip;]<\/p>\n","protected":false},"featured_media":55737,"template":"","meta":{"_gspb_post_css":""},"store":[],"product_brand":[1434],"product_cat":[1290],"product_tag":[],"class_list":{"0":"post-55738","1":"product","2":"type-product","3":"status-publish","4":"has-post-thumbnail","6":"product_brand-talktalk-phone-and-broadband","7":"product_cat-uncategorized","9":"first","10":"instock","11":"shipping-taxable","12":"purchasable","13":"product-type-simple"},"yoast_head":"<!-- This site is optimized with the Yoast SEO plugin v24.6 - https:\/\/yoast.com\/wordpress\/plugins\/seo\/ -->\n<title>Aluminium Auskleidungsschenkel 165 x 120 x 35 x 60 mm | Baustoffhandel Carstensen | Product-Guide.org<\/title>\n<meta name=\"description\" content=\"Aluminium Auskleidungsschenkel 165 x 120 x 35 x 60 mm | Baustoffhandel Carstensen gefunden von Product-Guide.org\" \/>\n<meta name=\"robots\" content=\"index, follow, max-snippet:-1, max-image-preview:large, max-video-preview:-1\" \/>\n<link rel=\"canonical\" href=\"https:\/\/product-guide.org\/en\/produkt\/aluminium-auskleidungsschenkel-165-x-120-x-35-x-60-mm-baustoffhandel-carstensen\/\" \/>\n<meta property=\"og:locale\" content=\"en_GB\" \/>\n<meta property=\"og:type\" content=\"article\" \/>\n<meta property=\"og:title\" content=\"Aluminium Auskleidungsschenkel 165 x 120 x 35 x 60 mm | Baustoffhandel Carstensen | Product-Guide.org\" \/>\n<meta property=\"og:description\" content=\"Aluminium Auskleidungsschenkel 165 x 120 x 35 x 60 mm | Baustoffhandel Carstensen gefunden von Product-Guide.org\" \/>\n<meta property=\"og:url\" content=\"https:\/\/product-guide.org\/en\/produkt\/aluminium-auskleidungsschenkel-165-x-120-x-35-x-60-mm-baustoffhandel-carstensen\/\" \/>\n<meta property=\"og:site_name\" content=\"Product-Guide.org\" \/>\n<meta name=\"twitter:card\" content=\"summary_large_image\" \/>\n<script type=\"application\/ld+json\" class=\"yoast-schema-graph\">{\"@context\":\"https:\/\/schema.org\",\"@graph\":[{\"@type\":\"WebPage\",\"@id\":\"https:\/\/product-guide.org\/produkt\/aluminium-auskleidungsschenkel-165-x-120-x-35-x-60-mm-baustoffhandel-carstensen\/\",\"url\":\"https:\/\/product-guide.org\/produkt\/aluminium-auskleidungsschenkel-165-x-120-x-35-x-60-mm-baustoffhandel-carstensen\/\",\"name\":\"Aluminium Auskleidungsschenkel 165 x 120 x 35 x 60 mm | Baustoffhandel Carstensen | Product-Guide.org\",\"isPartOf\":{\"@id\":\"https:\/\/product-guide.org\/#website\"},\"primaryImageOfPage\":{\"@id\":\"https:\/\/product-guide.org\/produkt\/aluminium-auskleidungsschenkel-165-x-120-x-35-x-60-mm-baustoffhandel-carstensen\/#primaryimage\"},\"image\":{\"@id\":\"https:\/\/product-guide.org\/produkt\/aluminium-auskleidungsschenkel-165-x-120-x-35-x-60-mm-baustoffhandel-carstensen\/#primaryimage\"},\"thumbnailUrl\":\"https:\/\/product-guide.org\/wp-content\/uploads\/2025\/03\/aluminium-auskleidungsschenkel-165-x-120-x-35-x-60-mm.jpg\",\"datePublished\":\"2025-03-17T11:36:53+00:00\",\"description\":\"Aluminium Auskleidungsschenkel 165 x 120 x 35 x 60 mm | Baustoffhandel Carstensen gefunden von Product-Guide.org\",\"breadcrumb\":{\"@id\":\"https:\/\/product-guide.org\/produkt\/aluminium-auskleidungsschenkel-165-x-120-x-35-x-60-mm-baustoffhandel-carstensen\/#breadcrumb\"},\"inLanguage\":\"en-GB\",\"potentialAction\":[{\"@type\":\"ReadAction\",\"target\":[\"https:\/\/product-guide.org\/produkt\/aluminium-auskleidungsschenkel-165-x-120-x-35-x-60-mm-baustoffhandel-carstensen\/\"]}]},{\"@type\":\"ImageObject\",\"inLanguage\":\"en-GB\",\"@id\":\"https:\/\/product-guide.org\/produkt\/aluminium-auskleidungsschenkel-165-x-120-x-35-x-60-mm-baustoffhandel-carstensen\/#primaryimage\",\"url\":\"https:\/\/product-guide.org\/wp-content\/uploads\/2025\/03\/aluminium-auskleidungsschenkel-165-x-120-x-35-x-60-mm.jpg\",\"contentUrl\":\"https:\/\/product-guide.org\/wp-content\/uploads\/2025\/03\/aluminium-auskleidungsschenkel-165-x-120-x-35-x-60-mm.jpg\",\"width\":800,\"height\":800},{\"@type\":\"BreadcrumbList\",\"@id\":\"https:\/\/product-guide.org\/produkt\/aluminium-auskleidungsschenkel-165-x-120-x-35-x-60-mm-baustoffhandel-carstensen\/#breadcrumb\",\"itemListElement\":[{\"@type\":\"ListItem\",\"position\":1,\"name\":\"Home\",\"item\":\"https:\/\/product-guide.org\/\"},{\"@type\":\"ListItem\",\"position\":2,\"name\":\"Ergebnisse\",\"item\":\"https:\/\/product-guide.org\/de\/ergebnisse\/\"},{\"@type\":\"ListItem\",\"position\":3,\"name\":\"Aluminium Auskleidungsschenkel 165 x 120 x 35 x 60 mm | Baustoffhandel Carstensen\"}]},{\"@type\":\"WebSite\",\"@id\":\"https:\/\/product-guide.org\/#website\",\"url\":\"https:\/\/product-guide.org\/\",\"name\":\"Product-Guide.org\",\"description\":\"What Product are you looking for?\",\"publisher\":{\"@id\":\"https:\/\/product-guide.org\/#organization\"},\"potentialAction\":[{\"@type\":\"SearchAction\",\"target\":{\"@type\":\"EntryPoint\",\"urlTemplate\":\"https:\/\/product-guide.org\/?s={search_term_string}\"},\"query-input\":{\"@type\":\"PropertyValueSpecification\",\"valueRequired\":true,\"valueName\":\"search_term_string\"}}],\"inLanguage\":\"en-GB\"},{\"@type\":\"Organization\",\"@id\":\"https:\/\/product-guide.org\/#organization\",\"name\":\"Product-Guide.org\",\"url\":\"https:\/\/product-guide.org\/\",\"logo\":{\"@type\":\"ImageObject\",\"inLanguage\":\"en-GB\",\"@id\":\"https:\/\/product-guide.org\/#\/schema\/logo\/image\/\",\"url\":\"https:\/\/product-guide.org\/wp-content\/uploads\/2022\/07\/logo_transparent_background.png\",\"contentUrl\":\"https:\/\/product-guide.org\/wp-content\/uploads\/2022\/07\/logo_transparent_background.png\",\"width\":3400,\"height\":1132,\"caption\":\"Product-Guide.org\"},\"image\":{\"@id\":\"https:\/\/product-guide.org\/#\/schema\/logo\/image\/\"}}]}<\/script>\n<!-- \/ Yoast SEO plugin. -->","yoast_head_json":{"title":"Aluminium Auskleidungsschenkel 165 x 120 x 35 x 60 mm | Baustoffhandel Carstensen | Product-Guide.org","description":"Aluminium Auskleidungsschenkel 165 x 120 x 35 x 60 mm | Baustoffhandel Carstensen gefunden von Product-Guide.org","robots":{"index":"index","follow":"follow","max-snippet":"max-snippet:-1","max-image-preview":"max-image-preview:large","max-video-preview":"max-video-preview:-1"},"canonical":"https:\/\/product-guide.org\/en\/produkt\/aluminium-auskleidungsschenkel-165-x-120-x-35-x-60-mm-baustoffhandel-carstensen\/","og_locale":"en_GB","og_type":"article","og_title":"Aluminium Auskleidungsschenkel 165 x 120 x 35 x 60 mm | Baustoffhandel Carstensen | Product-Guide.org","og_description":"Aluminium Auskleidungsschenkel 165 x 120 x 35 x 60 mm | Baustoffhandel Carstensen gefunden von Product-Guide.org","og_url":"https:\/\/product-guide.org\/en\/produkt\/aluminium-auskleidungsschenkel-165-x-120-x-35-x-60-mm-baustoffhandel-carstensen\/","og_site_name":"Product-Guide.org","twitter_card":"summary_large_image","schema":{"@context":"https:\/\/schema.org","@graph":[{"@type":"WebPage","@id":"https:\/\/product-guide.org\/produkt\/aluminium-auskleidungsschenkel-165-x-120-x-35-x-60-mm-baustoffhandel-carstensen\/","url":"https:\/\/product-guide.org\/produkt\/aluminium-auskleidungsschenkel-165-x-120-x-35-x-60-mm-baustoffhandel-carstensen\/","name":"Aluminium Auskleidungsschenkel 165 x 120 x 35 x 60 mm | Baustoffhandel Carstensen | Product-Guide.org","isPartOf":{"@id":"https:\/\/product-guide.org\/#website"},"primaryImageOfPage":{"@id":"https:\/\/product-guide.org\/produkt\/aluminium-auskleidungsschenkel-165-x-120-x-35-x-60-mm-baustoffhandel-carstensen\/#primaryimage"},"image":{"@id":"https:\/\/product-guide.org\/produkt\/aluminium-auskleidungsschenkel-165-x-120-x-35-x-60-mm-baustoffhandel-carstensen\/#primaryimage"},"thumbnailUrl":"https:\/\/product-guide.org\/wp-content\/uploads\/2025\/03\/aluminium-auskleidungsschenkel-165-x-120-x-35-x-60-mm.jpg","datePublished":"2025-03-17T11:36:53+00:00","description":"Aluminium Auskleidungsschenkel 165 x 120 x 35 x 60 mm | Baustoffhandel Carstensen gefunden von Product-Guide.org","breadcrumb":{"@id":"https:\/\/product-guide.org\/produkt\/aluminium-auskleidungsschenkel-165-x-120-x-35-x-60-mm-baustoffhandel-carstensen\/#breadcrumb"},"inLanguage":"en-GB","potentialAction":[{"@type":"ReadAction","target":["https:\/\/product-guide.org\/produkt\/aluminium-auskleidungsschenkel-165-x-120-x-35-x-60-mm-baustoffhandel-carstensen\/"]}]},{"@type":"ImageObject","inLanguage":"en-GB","@id":"https:\/\/product-guide.org\/produkt\/aluminium-auskleidungsschenkel-165-x-120-x-35-x-60-mm-baustoffhandel-carstensen\/#primaryimage","url":"https:\/\/product-guide.org\/wp-content\/uploads\/2025\/03\/aluminium-auskleidungsschenkel-165-x-120-x-35-x-60-mm.jpg","contentUrl":"https:\/\/product-guide.org\/wp-content\/uploads\/2025\/03\/aluminium-auskleidungsschenkel-165-x-120-x-35-x-60-mm.jpg","width":800,"height":800},{"@type":"BreadcrumbList","@id":"https:\/\/product-guide.org\/produkt\/aluminium-auskleidungsschenkel-165-x-120-x-35-x-60-mm-baustoffhandel-carstensen\/#breadcrumb","itemListElement":[{"@type":"ListItem","position":1,"name":"Home","item":"https:\/\/product-guide.org\/"},{"@type":"ListItem","position":2,"name":"Ergebnisse","item":"https:\/\/product-guide.org\/de\/ergebnisse\/"},{"@type":"ListItem","position":3,"name":"Aluminium Auskleidungsschenkel 165 x 120 x 35 x 60 mm | Baustoffhandel Carstensen"}]},{"@type":"WebSite","@id":"https:\/\/product-guide.org\/#website","url":"https:\/\/product-guide.org\/","name":"Product-Guide.org","description":"What Product are you looking for?","publisher":{"@id":"https:\/\/product-guide.org\/#organization"},"potentialAction":[{"@type":"SearchAction","target":{"@type":"EntryPoint","urlTemplate":"https:\/\/product-guide.org\/?s={search_term_string}"},"query-input":{"@type":"PropertyValueSpecification","valueRequired":true,"valueName":"search_term_string"}}],"inLanguage":"en-GB"},{"@type":"Organization","@id":"https:\/\/product-guide.org\/#organization","name":"Product-Guide.org","url":"https:\/\/product-guide.org\/","logo":{"@type":"ImageObject","inLanguage":"en-GB","@id":"https:\/\/product-guide.org\/#\/schema\/logo\/image\/","url":"https:\/\/product-guide.org\/wp-content\/uploads\/2022\/07\/logo_transparent_background.png","contentUrl":"https:\/\/product-guide.org\/wp-content\/uploads\/2022\/07\/logo_transparent_background.png","width":3400,"height":1132,"caption":"Product-Guide.org"},"image":{"@id":"https:\/\/product-guide.org\/#\/schema\/logo\/image\/"}}]}},"_links":{"self":[{"href":"https:\/\/product-guide.org\/en\/wp-json\/wp\/v2\/product\/55738","targetHints":{"allow":["GET"]}}],"collection":[{"href":"https:\/\/product-guide.org\/en\/wp-json\/wp\/v2\/product"}],"about":[{"href":"https:\/\/product-guide.org\/en\/wp-json\/wp\/v2\/types\/product"}],"wp:featuredmedia":[{"embeddable":true,"href":"https:\/\/product-guide.org\/en\/wp-json\/wp\/v2\/media\/55737"}],"wp:attachment":[{"href":"https:\/\/product-guide.org\/en\/wp-json\/wp\/v2\/media?parent=55738"}],"wp:term":[{"taxonomy":"store","embeddable":true,"href":"https:\/\/product-guide.org\/en\/wp-json\/wp\/v2\/store?post=55738"},{"taxonomy":"product_brand","embeddable":true,"href":"https:\/\/product-guide.org\/en\/wp-json\/wp\/v2\/product_brand?post=55738"},{"taxonomy":"product_cat","embeddable":true,"href":"https:\/\/product-guide.org\/en\/wp-json\/wp\/v2\/product_cat?post=55738"},{"taxonomy":"product_tag","embeddable":true,"href":"https:\/\/product-guide.org\/en\/wp-json\/wp\/v2\/product_tag?post=55738"}],"curies":[{"name":"wp","href":"https:\/\/api.w.org\/{rel}","templated":true}]}}