{"id":55750,"date":"2025-03-17T12:37:01","date_gmt":"2025-03-17T11:37:01","guid":{"rendered":"https:\/\/product-guide.org\/produkt\/aluminium-ausenecke-winkelblech-140-x-140-mm-90-baustoffhandel-carstensen\/"},"modified":"2025-03-17T12:37:02","modified_gmt":"2025-03-17T11:37:02","slug":"aluminium-ausenecke-winkelblech-140-x-140-mm-90-baustoffhandel-carstensen","status":"publish","type":"product","link":"https:\/\/product-guide.org\/en\/produkt\/aluminium-ausenecke-winkelblech-140-x-140-mm-90-baustoffhandel-carstensen\/","title":{"rendered":"Aluminium Au\u00dfenecke Winkelblech 140 x 140 mm 90\u00b0 | Baustoffhandel Carstensen"},"content":{"rendered":"<p>Aluminium Au\u00dfenecke &#8211; Winkelblech 140 x 140 mm 90\u00b0 Das Winkelblech besteht aus einem 0,7 mm starken Aluminiumblech. Die Kanten des Winkelbleches sind geb\u00f6rdelt und geben dem Blech mehr Stabilit\u00e4t. Die Montage kann mit einer kurzen Blechschraube oder Nagel erfolgen. In verschiedenen RAL Farben erh\u00e4ltlich. Dient der Ecken-Verkleidung von W\u00e4nden oder Fassaden auf denen unser Profilblech montiert ist. Alternativ wird es auch von vielen Kunden als kleiner Ortgang bei der Verkleidung von Dachblechen verwendet. AUF KEINEN FALL MIT DER FLEX SCHNEIDEN !<\/p>\n","protected":false},"excerpt":{"rendered":"<p>Aluminium Au\u00dfenecke &#8211; Winkelblech 140 x 140 mm 90\u00b0 Das Winkelblech besteht aus einem 0,7 mm starken Aluminiumblech. Die Kanten des Winkelbleches sind geb\u00f6rdelt und geben dem Blech mehr Stabilit\u00e4t. Die Montage kann mit einer kurzen Blechschraube oder Nagel erfolgen. In verschiedenen RAL Farben erh\u00e4ltlich. Dient der Ecken-Verkleidung von W\u00e4nden oder Fassaden auf denen unser [&hellip;]<\/p>\n","protected":false},"featured_media":55749,"template":"","meta":{"_gspb_post_css":""},"store":[],"product_brand":[1434],"product_cat":[1290],"product_tag":[],"class_list":{"0":"post-55750","1":"product","2":"type-product","3":"status-publish","4":"has-post-thumbnail","6":"product_brand-talktalk-phone-and-broadband","7":"product_cat-uncategorized","9":"first","10":"instock","11":"shipping-taxable","12":"purchasable","13":"product-type-simple"},"yoast_head":"<!-- This site is optimized with the Yoast SEO plugin v24.6 - https:\/\/yoast.com\/wordpress\/plugins\/seo\/ -->\n<title>Aluminium Au\u00dfenecke Winkelblech 140 x 140 mm 90\u00b0 | Baustoffhandel Carstensen | Product-Guide.org<\/title>\n<meta name=\"description\" content=\"Aluminium Au\u00dfenecke Winkelblech 140 x 140 mm 90\u00b0 | Baustoffhandel Carstensen gefunden von Product-Guide.org\" \/>\n<meta name=\"robots\" content=\"index, follow, max-snippet:-1, max-image-preview:large, max-video-preview:-1\" \/>\n<link rel=\"canonical\" href=\"https:\/\/product-guide.org\/en\/produkt\/aluminium-ausenecke-winkelblech-140-x-140-mm-90-baustoffhandel-carstensen\/\" \/>\n<meta property=\"og:locale\" content=\"en_GB\" \/>\n<meta property=\"og:type\" content=\"article\" \/>\n<meta property=\"og:title\" content=\"Aluminium Au\u00dfenecke Winkelblech 140 x 140 mm 90\u00b0 | Baustoffhandel Carstensen | Product-Guide.org\" \/>\n<meta property=\"og:description\" content=\"Aluminium Au\u00dfenecke Winkelblech 140 x 140 mm 90\u00b0 | Baustoffhandel Carstensen gefunden von Product-Guide.org\" \/>\n<meta property=\"og:url\" content=\"https:\/\/product-guide.org\/en\/produkt\/aluminium-ausenecke-winkelblech-140-x-140-mm-90-baustoffhandel-carstensen\/\" \/>\n<meta property=\"og:site_name\" content=\"Product-Guide.org\" \/>\n<meta property=\"article:modified_time\" content=\"2025-03-17T11:37:02+00:00\" \/>\n<meta name=\"twitter:card\" content=\"summary_large_image\" \/>\n<script type=\"application\/ld+json\" class=\"yoast-schema-graph\">{\"@context\":\"https:\/\/schema.org\",\"@graph\":[{\"@type\":\"WebPage\",\"@id\":\"https:\/\/product-guide.org\/produkt\/aluminium-ausenecke-winkelblech-140-x-140-mm-90-baustoffhandel-carstensen\/\",\"url\":\"https:\/\/product-guide.org\/produkt\/aluminium-ausenecke-winkelblech-140-x-140-mm-90-baustoffhandel-carstensen\/\",\"name\":\"Aluminium Au\u00dfenecke Winkelblech 140 x 140 mm 90\u00b0 | Baustoffhandel Carstensen | Product-Guide.org\",\"isPartOf\":{\"@id\":\"https:\/\/product-guide.org\/#website\"},\"primaryImageOfPage\":{\"@id\":\"https:\/\/product-guide.org\/produkt\/aluminium-ausenecke-winkelblech-140-x-140-mm-90-baustoffhandel-carstensen\/#primaryimage\"},\"image\":{\"@id\":\"https:\/\/product-guide.org\/produkt\/aluminium-ausenecke-winkelblech-140-x-140-mm-90-baustoffhandel-carstensen\/#primaryimage\"},\"thumbnailUrl\":\"https:\/\/product-guide.org\/wp-content\/uploads\/2025\/03\/aluminium-aussenecke-winkelblech-140-x-140-mm-90.jpg\",\"datePublished\":\"2025-03-17T11:37:01+00:00\",\"dateModified\":\"2025-03-17T11:37:02+00:00\",\"description\":\"Aluminium Au\u00dfenecke Winkelblech 140 x 140 mm 90\u00b0 | Baustoffhandel Carstensen gefunden von Product-Guide.org\",\"breadcrumb\":{\"@id\":\"https:\/\/product-guide.org\/produkt\/aluminium-ausenecke-winkelblech-140-x-140-mm-90-baustoffhandel-carstensen\/#breadcrumb\"},\"inLanguage\":\"en-GB\",\"potentialAction\":[{\"@type\":\"ReadAction\",\"target\":[\"https:\/\/product-guide.org\/produkt\/aluminium-ausenecke-winkelblech-140-x-140-mm-90-baustoffhandel-carstensen\/\"]}]},{\"@type\":\"ImageObject\",\"inLanguage\":\"en-GB\",\"@id\":\"https:\/\/product-guide.org\/produkt\/aluminium-ausenecke-winkelblech-140-x-140-mm-90-baustoffhandel-carstensen\/#primaryimage\",\"url\":\"https:\/\/product-guide.org\/wp-content\/uploads\/2025\/03\/aluminium-aussenecke-winkelblech-140-x-140-mm-90.jpg\",\"contentUrl\":\"https:\/\/product-guide.org\/wp-content\/uploads\/2025\/03\/aluminium-aussenecke-winkelblech-140-x-140-mm-90.jpg\",\"width\":800,\"height\":800},{\"@type\":\"BreadcrumbList\",\"@id\":\"https:\/\/product-guide.org\/produkt\/aluminium-ausenecke-winkelblech-140-x-140-mm-90-baustoffhandel-carstensen\/#breadcrumb\",\"itemListElement\":[{\"@type\":\"ListItem\",\"position\":1,\"name\":\"Home\",\"item\":\"https:\/\/product-guide.org\/\"},{\"@type\":\"ListItem\",\"position\":2,\"name\":\"Ergebnisse\",\"item\":\"https:\/\/product-guide.org\/de\/ergebnisse\/\"},{\"@type\":\"ListItem\",\"position\":3,\"name\":\"Aluminium Au\u00dfenecke Winkelblech 140 x 140 mm 90\u00b0 | Baustoffhandel Carstensen\"}]},{\"@type\":\"WebSite\",\"@id\":\"https:\/\/product-guide.org\/#website\",\"url\":\"https:\/\/product-guide.org\/\",\"name\":\"Product-Guide.org\",\"description\":\"What Product are you looking for?\",\"publisher\":{\"@id\":\"https:\/\/product-guide.org\/#organization\"},\"potentialAction\":[{\"@type\":\"SearchAction\",\"target\":{\"@type\":\"EntryPoint\",\"urlTemplate\":\"https:\/\/product-guide.org\/?s={search_term_string}\"},\"query-input\":{\"@type\":\"PropertyValueSpecification\",\"valueRequired\":true,\"valueName\":\"search_term_string\"}}],\"inLanguage\":\"en-GB\"},{\"@type\":\"Organization\",\"@id\":\"https:\/\/product-guide.org\/#organization\",\"name\":\"Product-Guide.org\",\"url\":\"https:\/\/product-guide.org\/\",\"logo\":{\"@type\":\"ImageObject\",\"inLanguage\":\"en-GB\",\"@id\":\"https:\/\/product-guide.org\/#\/schema\/logo\/image\/\",\"url\":\"https:\/\/product-guide.org\/wp-content\/uploads\/2022\/07\/logo_transparent_background.png\",\"contentUrl\":\"https:\/\/product-guide.org\/wp-content\/uploads\/2022\/07\/logo_transparent_background.png\",\"width\":3400,\"height\":1132,\"caption\":\"Product-Guide.org\"},\"image\":{\"@id\":\"https:\/\/product-guide.org\/#\/schema\/logo\/image\/\"}}]}<\/script>\n<!-- \/ Yoast SEO plugin. -->","yoast_head_json":{"title":"Aluminium Au\u00dfenecke Winkelblech 140 x 140 mm 90\u00b0 | Baustoffhandel Carstensen | Product-Guide.org","description":"Aluminium Au\u00dfenecke Winkelblech 140 x 140 mm 90\u00b0 | Baustoffhandel Carstensen gefunden von Product-Guide.org","robots":{"index":"index","follow":"follow","max-snippet":"max-snippet:-1","max-image-preview":"max-image-preview:large","max-video-preview":"max-video-preview:-1"},"canonical":"https:\/\/product-guide.org\/en\/produkt\/aluminium-ausenecke-winkelblech-140-x-140-mm-90-baustoffhandel-carstensen\/","og_locale":"en_GB","og_type":"article","og_title":"Aluminium Au\u00dfenecke Winkelblech 140 x 140 mm 90\u00b0 | Baustoffhandel Carstensen | Product-Guide.org","og_description":"Aluminium Au\u00dfenecke Winkelblech 140 x 140 mm 90\u00b0 | Baustoffhandel Carstensen gefunden von Product-Guide.org","og_url":"https:\/\/product-guide.org\/en\/produkt\/aluminium-ausenecke-winkelblech-140-x-140-mm-90-baustoffhandel-carstensen\/","og_site_name":"Product-Guide.org","article_modified_time":"2025-03-17T11:37:02+00:00","twitter_card":"summary_large_image","schema":{"@context":"https:\/\/schema.org","@graph":[{"@type":"WebPage","@id":"https:\/\/product-guide.org\/produkt\/aluminium-ausenecke-winkelblech-140-x-140-mm-90-baustoffhandel-carstensen\/","url":"https:\/\/product-guide.org\/produkt\/aluminium-ausenecke-winkelblech-140-x-140-mm-90-baustoffhandel-carstensen\/","name":"Aluminium Au\u00dfenecke Winkelblech 140 x 140 mm 90\u00b0 | Baustoffhandel Carstensen | Product-Guide.org","isPartOf":{"@id":"https:\/\/product-guide.org\/#website"},"primaryImageOfPage":{"@id":"https:\/\/product-guide.org\/produkt\/aluminium-ausenecke-winkelblech-140-x-140-mm-90-baustoffhandel-carstensen\/#primaryimage"},"image":{"@id":"https:\/\/product-guide.org\/produkt\/aluminium-ausenecke-winkelblech-140-x-140-mm-90-baustoffhandel-carstensen\/#primaryimage"},"thumbnailUrl":"https:\/\/product-guide.org\/wp-content\/uploads\/2025\/03\/aluminium-aussenecke-winkelblech-140-x-140-mm-90.jpg","datePublished":"2025-03-17T11:37:01+00:00","dateModified":"2025-03-17T11:37:02+00:00","description":"Aluminium Au\u00dfenecke Winkelblech 140 x 140 mm 90\u00b0 | Baustoffhandel Carstensen gefunden von Product-Guide.org","breadcrumb":{"@id":"https:\/\/product-guide.org\/produkt\/aluminium-ausenecke-winkelblech-140-x-140-mm-90-baustoffhandel-carstensen\/#breadcrumb"},"inLanguage":"en-GB","potentialAction":[{"@type":"ReadAction","target":["https:\/\/product-guide.org\/produkt\/aluminium-ausenecke-winkelblech-140-x-140-mm-90-baustoffhandel-carstensen\/"]}]},{"@type":"ImageObject","inLanguage":"en-GB","@id":"https:\/\/product-guide.org\/produkt\/aluminium-ausenecke-winkelblech-140-x-140-mm-90-baustoffhandel-carstensen\/#primaryimage","url":"https:\/\/product-guide.org\/wp-content\/uploads\/2025\/03\/aluminium-aussenecke-winkelblech-140-x-140-mm-90.jpg","contentUrl":"https:\/\/product-guide.org\/wp-content\/uploads\/2025\/03\/aluminium-aussenecke-winkelblech-140-x-140-mm-90.jpg","width":800,"height":800},{"@type":"BreadcrumbList","@id":"https:\/\/product-guide.org\/produkt\/aluminium-ausenecke-winkelblech-140-x-140-mm-90-baustoffhandel-carstensen\/#breadcrumb","itemListElement":[{"@type":"ListItem","position":1,"name":"Home","item":"https:\/\/product-guide.org\/"},{"@type":"ListItem","position":2,"name":"Ergebnisse","item":"https:\/\/product-guide.org\/de\/ergebnisse\/"},{"@type":"ListItem","position":3,"name":"Aluminium Au\u00dfenecke Winkelblech 140 x 140 mm 90\u00b0 | Baustoffhandel Carstensen"}]},{"@type":"WebSite","@id":"https:\/\/product-guide.org\/#website","url":"https:\/\/product-guide.org\/","name":"Product-Guide.org","description":"What Product are you looking for?","publisher":{"@id":"https:\/\/product-guide.org\/#organization"},"potentialAction":[{"@type":"SearchAction","target":{"@type":"EntryPoint","urlTemplate":"https:\/\/product-guide.org\/?s={search_term_string}"},"query-input":{"@type":"PropertyValueSpecification","valueRequired":true,"valueName":"search_term_string"}}],"inLanguage":"en-GB"},{"@type":"Organization","@id":"https:\/\/product-guide.org\/#organization","name":"Product-Guide.org","url":"https:\/\/product-guide.org\/","logo":{"@type":"ImageObject","inLanguage":"en-GB","@id":"https:\/\/product-guide.org\/#\/schema\/logo\/image\/","url":"https:\/\/product-guide.org\/wp-content\/uploads\/2022\/07\/logo_transparent_background.png","contentUrl":"https:\/\/product-guide.org\/wp-content\/uploads\/2022\/07\/logo_transparent_background.png","width":3400,"height":1132,"caption":"Product-Guide.org"},"image":{"@id":"https:\/\/product-guide.org\/#\/schema\/logo\/image\/"}}]}},"_links":{"self":[{"href":"https:\/\/product-guide.org\/en\/wp-json\/wp\/v2\/product\/55750","targetHints":{"allow":["GET"]}}],"collection":[{"href":"https:\/\/product-guide.org\/en\/wp-json\/wp\/v2\/product"}],"about":[{"href":"https:\/\/product-guide.org\/en\/wp-json\/wp\/v2\/types\/product"}],"wp:featuredmedia":[{"embeddable":true,"href":"https:\/\/product-guide.org\/en\/wp-json\/wp\/v2\/media\/55749"}],"wp:attachment":[{"href":"https:\/\/product-guide.org\/en\/wp-json\/wp\/v2\/media?parent=55750"}],"wp:term":[{"taxonomy":"store","embeddable":true,"href":"https:\/\/product-guide.org\/en\/wp-json\/wp\/v2\/store?post=55750"},{"taxonomy":"product_brand","embeddable":true,"href":"https:\/\/product-guide.org\/en\/wp-json\/wp\/v2\/product_brand?post=55750"},{"taxonomy":"product_cat","embeddable":true,"href":"https:\/\/product-guide.org\/en\/wp-json\/wp\/v2\/product_cat?post=55750"},{"taxonomy":"product_tag","embeddable":true,"href":"https:\/\/product-guide.org\/en\/wp-json\/wp\/v2\/product_tag?post=55750"}],"curies":[{"name":"wp","href":"https:\/\/api.w.org\/{rel}","templated":true}]}}