{"id":55808,"date":"2025-03-17T12:37:39","date_gmt":"2025-03-17T11:37:39","guid":{"rendered":"https:\/\/product-guide.org\/produkt\/aluminium-z-profil-60-x-40-x-60-mm-baustoffhandel-carstensen-3\/"},"modified":"2025-03-17T12:37:40","modified_gmt":"2025-03-17T11:37:40","slug":"aluminium-z-profil-60-x-40-x-60-mm-baustoffhandel-carstensen-3","status":"publish","type":"product","link":"https:\/\/product-guide.org\/en\/produkt\/aluminium-z-profil-60-x-40-x-60-mm-baustoffhandel-carstensen-3\/","title":{"rendered":"Aluminium Z-Profil 60 x 40 x 60 mm | Baustoffhandel Carstensen"},"content":{"rendered":"<p>Aluminium Z-Profil 60 x 40 x 60 mm Das Z-\u00dcbergangsprofil ist universell einsetzbar, z.B. um \u00dcberg\u00e4nge zweier unterschiedlicher Profile abzudichten. Die Z-Profile sind aus 0,7 mm starken Aluminiumblech gefertigt und in verschiedenen Farben erh\u00e4ltlich. Die L\u00e4nge kann zwischen 0,50 m und 3,50 m variieren. Unsere Kantteile werden mit modernen Schwenk-Biegemaschinen auftragsbezogen hergestellt. Hierzu werden Winkel und Ma\u00dfe entsprechend vorbereitet und eingestellt. Unsere Kantteile sind zum Schutz mit einer Folie versehen, die nach dem Montieren problemlos abgel\u00f6st werden kann. Sie sch\u00fctzt das hochwertige Kantteile beim Transport und bei der Montage vor Kratzern.<\/p>\n","protected":false},"excerpt":{"rendered":"<p>Aluminium Z-Profil 60 x 40 x 60 mm Das Z-\u00dcbergangsprofil ist universell einsetzbar, z.B. um \u00dcberg\u00e4nge zweier unterschiedlicher Profile abzudichten. Die Z-Profile sind aus 0,7 mm starken Aluminiumblech gefertigt und in verschiedenen Farben erh\u00e4ltlich. Die L\u00e4nge kann zwischen 0,50 m und 3,50 m variieren. Unsere Kantteile werden mit modernen Schwenk-Biegemaschinen auftragsbezogen hergestellt. Hierzu werden Winkel [&hellip;]<\/p>\n","protected":false},"featured_media":55805,"template":"","meta":{"_gspb_post_css":""},"store":[],"product_brand":[1434],"product_cat":[1290],"product_tag":[],"class_list":{"0":"post-55808","1":"product","2":"type-product","3":"status-publish","4":"has-post-thumbnail","6":"product_brand-talktalk-phone-and-broadband","7":"product_cat-uncategorized","9":"first","10":"instock","11":"shipping-taxable","12":"purchasable","13":"product-type-simple"},"yoast_head":"<!-- This site is optimized with the Yoast SEO plugin v24.6 - https:\/\/yoast.com\/wordpress\/plugins\/seo\/ -->\n<title>Aluminium Z-Profil 60 x 40 x 60 mm | Baustoffhandel Carstensen | Product-Guide.org<\/title>\n<meta name=\"description\" content=\"Aluminium Z-Profil 60 x 40 x 60 mm | Baustoffhandel Carstensen gefunden von Product-Guide.org\" \/>\n<meta name=\"robots\" content=\"index, follow, max-snippet:-1, max-image-preview:large, max-video-preview:-1\" \/>\n<link rel=\"canonical\" href=\"https:\/\/product-guide.org\/en\/produkt\/aluminium-z-profil-60-x-40-x-60-mm-baustoffhandel-carstensen-3\/\" \/>\n<meta property=\"og:locale\" content=\"en_GB\" \/>\n<meta property=\"og:type\" content=\"article\" \/>\n<meta property=\"og:title\" content=\"Aluminium Z-Profil 60 x 40 x 60 mm | Baustoffhandel Carstensen | Product-Guide.org\" \/>\n<meta property=\"og:description\" content=\"Aluminium Z-Profil 60 x 40 x 60 mm | Baustoffhandel Carstensen gefunden von Product-Guide.org\" \/>\n<meta property=\"og:url\" content=\"https:\/\/product-guide.org\/en\/produkt\/aluminium-z-profil-60-x-40-x-60-mm-baustoffhandel-carstensen-3\/\" \/>\n<meta property=\"og:site_name\" content=\"Product-Guide.org\" \/>\n<meta property=\"article:modified_time\" content=\"2025-03-17T11:37:40+00:00\" \/>\n<meta name=\"twitter:card\" content=\"summary_large_image\" \/>\n<script type=\"application\/ld+json\" class=\"yoast-schema-graph\">{\"@context\":\"https:\/\/schema.org\",\"@graph\":[{\"@type\":\"WebPage\",\"@id\":\"https:\/\/product-guide.org\/produkt\/aluminium-z-profil-60-x-40-x-60-mm-baustoffhandel-carstensen-3\/\",\"url\":\"https:\/\/product-guide.org\/produkt\/aluminium-z-profil-60-x-40-x-60-mm-baustoffhandel-carstensen-3\/\",\"name\":\"Aluminium Z-Profil 60 x 40 x 60 mm | Baustoffhandel Carstensen | Product-Guide.org\",\"isPartOf\":{\"@id\":\"https:\/\/product-guide.org\/#website\"},\"primaryImageOfPage\":{\"@id\":\"https:\/\/product-guide.org\/produkt\/aluminium-z-profil-60-x-40-x-60-mm-baustoffhandel-carstensen-3\/#primaryimage\"},\"image\":{\"@id\":\"https:\/\/product-guide.org\/produkt\/aluminium-z-profil-60-x-40-x-60-mm-baustoffhandel-carstensen-3\/#primaryimage\"},\"thumbnailUrl\":\"https:\/\/product-guide.org\/wp-content\/uploads\/2025\/03\/aluminium-z-profil-60-x-40-x-60-mm.jpg\",\"datePublished\":\"2025-03-17T11:37:39+00:00\",\"dateModified\":\"2025-03-17T11:37:40+00:00\",\"description\":\"Aluminium Z-Profil 60 x 40 x 60 mm | Baustoffhandel Carstensen gefunden von Product-Guide.org\",\"breadcrumb\":{\"@id\":\"https:\/\/product-guide.org\/produkt\/aluminium-z-profil-60-x-40-x-60-mm-baustoffhandel-carstensen-3\/#breadcrumb\"},\"inLanguage\":\"en-GB\",\"potentialAction\":[{\"@type\":\"ReadAction\",\"target\":[\"https:\/\/product-guide.org\/produkt\/aluminium-z-profil-60-x-40-x-60-mm-baustoffhandel-carstensen-3\/\"]}]},{\"@type\":\"ImageObject\",\"inLanguage\":\"en-GB\",\"@id\":\"https:\/\/product-guide.org\/produkt\/aluminium-z-profil-60-x-40-x-60-mm-baustoffhandel-carstensen-3\/#primaryimage\",\"url\":\"https:\/\/product-guide.org\/wp-content\/uploads\/2025\/03\/aluminium-z-profil-60-x-40-x-60-mm.jpg\",\"contentUrl\":\"https:\/\/product-guide.org\/wp-content\/uploads\/2025\/03\/aluminium-z-profil-60-x-40-x-60-mm.jpg\",\"width\":800,\"height\":800},{\"@type\":\"BreadcrumbList\",\"@id\":\"https:\/\/product-guide.org\/produkt\/aluminium-z-profil-60-x-40-x-60-mm-baustoffhandel-carstensen-3\/#breadcrumb\",\"itemListElement\":[{\"@type\":\"ListItem\",\"position\":1,\"name\":\"Home\",\"item\":\"https:\/\/product-guide.org\/\"},{\"@type\":\"ListItem\",\"position\":2,\"name\":\"Ergebnisse\",\"item\":\"https:\/\/product-guide.org\/de\/ergebnisse\/\"},{\"@type\":\"ListItem\",\"position\":3,\"name\":\"Aluminium Z-Profil 60 x 40 x 60 mm | Baustoffhandel Carstensen\"}]},{\"@type\":\"WebSite\",\"@id\":\"https:\/\/product-guide.org\/#website\",\"url\":\"https:\/\/product-guide.org\/\",\"name\":\"Product-Guide.org\",\"description\":\"What Product are you looking for?\",\"publisher\":{\"@id\":\"https:\/\/product-guide.org\/#organization\"},\"potentialAction\":[{\"@type\":\"SearchAction\",\"target\":{\"@type\":\"EntryPoint\",\"urlTemplate\":\"https:\/\/product-guide.org\/?s={search_term_string}\"},\"query-input\":{\"@type\":\"PropertyValueSpecification\",\"valueRequired\":true,\"valueName\":\"search_term_string\"}}],\"inLanguage\":\"en-GB\"},{\"@type\":\"Organization\",\"@id\":\"https:\/\/product-guide.org\/#organization\",\"name\":\"Product-Guide.org\",\"url\":\"https:\/\/product-guide.org\/\",\"logo\":{\"@type\":\"ImageObject\",\"inLanguage\":\"en-GB\",\"@id\":\"https:\/\/product-guide.org\/#\/schema\/logo\/image\/\",\"url\":\"https:\/\/product-guide.org\/wp-content\/uploads\/2022\/07\/logo_transparent_background.png\",\"contentUrl\":\"https:\/\/product-guide.org\/wp-content\/uploads\/2022\/07\/logo_transparent_background.png\",\"width\":3400,\"height\":1132,\"caption\":\"Product-Guide.org\"},\"image\":{\"@id\":\"https:\/\/product-guide.org\/#\/schema\/logo\/image\/\"}}]}<\/script>\n<!-- \/ Yoast SEO plugin. -->","yoast_head_json":{"title":"Aluminium Z-Profil 60 x 40 x 60 mm | Baustoffhandel Carstensen | Product-Guide.org","description":"Aluminium Z-Profil 60 x 40 x 60 mm | Baustoffhandel Carstensen gefunden von Product-Guide.org","robots":{"index":"index","follow":"follow","max-snippet":"max-snippet:-1","max-image-preview":"max-image-preview:large","max-video-preview":"max-video-preview:-1"},"canonical":"https:\/\/product-guide.org\/en\/produkt\/aluminium-z-profil-60-x-40-x-60-mm-baustoffhandel-carstensen-3\/","og_locale":"en_GB","og_type":"article","og_title":"Aluminium Z-Profil 60 x 40 x 60 mm | Baustoffhandel Carstensen | Product-Guide.org","og_description":"Aluminium Z-Profil 60 x 40 x 60 mm | Baustoffhandel Carstensen gefunden von Product-Guide.org","og_url":"https:\/\/product-guide.org\/en\/produkt\/aluminium-z-profil-60-x-40-x-60-mm-baustoffhandel-carstensen-3\/","og_site_name":"Product-Guide.org","article_modified_time":"2025-03-17T11:37:40+00:00","twitter_card":"summary_large_image","schema":{"@context":"https:\/\/schema.org","@graph":[{"@type":"WebPage","@id":"https:\/\/product-guide.org\/produkt\/aluminium-z-profil-60-x-40-x-60-mm-baustoffhandel-carstensen-3\/","url":"https:\/\/product-guide.org\/produkt\/aluminium-z-profil-60-x-40-x-60-mm-baustoffhandel-carstensen-3\/","name":"Aluminium Z-Profil 60 x 40 x 60 mm | Baustoffhandel Carstensen | Product-Guide.org","isPartOf":{"@id":"https:\/\/product-guide.org\/#website"},"primaryImageOfPage":{"@id":"https:\/\/product-guide.org\/produkt\/aluminium-z-profil-60-x-40-x-60-mm-baustoffhandel-carstensen-3\/#primaryimage"},"image":{"@id":"https:\/\/product-guide.org\/produkt\/aluminium-z-profil-60-x-40-x-60-mm-baustoffhandel-carstensen-3\/#primaryimage"},"thumbnailUrl":"https:\/\/product-guide.org\/wp-content\/uploads\/2025\/03\/aluminium-z-profil-60-x-40-x-60-mm.jpg","datePublished":"2025-03-17T11:37:39+00:00","dateModified":"2025-03-17T11:37:40+00:00","description":"Aluminium Z-Profil 60 x 40 x 60 mm | Baustoffhandel Carstensen gefunden von Product-Guide.org","breadcrumb":{"@id":"https:\/\/product-guide.org\/produkt\/aluminium-z-profil-60-x-40-x-60-mm-baustoffhandel-carstensen-3\/#breadcrumb"},"inLanguage":"en-GB","potentialAction":[{"@type":"ReadAction","target":["https:\/\/product-guide.org\/produkt\/aluminium-z-profil-60-x-40-x-60-mm-baustoffhandel-carstensen-3\/"]}]},{"@type":"ImageObject","inLanguage":"en-GB","@id":"https:\/\/product-guide.org\/produkt\/aluminium-z-profil-60-x-40-x-60-mm-baustoffhandel-carstensen-3\/#primaryimage","url":"https:\/\/product-guide.org\/wp-content\/uploads\/2025\/03\/aluminium-z-profil-60-x-40-x-60-mm.jpg","contentUrl":"https:\/\/product-guide.org\/wp-content\/uploads\/2025\/03\/aluminium-z-profil-60-x-40-x-60-mm.jpg","width":800,"height":800},{"@type":"BreadcrumbList","@id":"https:\/\/product-guide.org\/produkt\/aluminium-z-profil-60-x-40-x-60-mm-baustoffhandel-carstensen-3\/#breadcrumb","itemListElement":[{"@type":"ListItem","position":1,"name":"Home","item":"https:\/\/product-guide.org\/"},{"@type":"ListItem","position":2,"name":"Ergebnisse","item":"https:\/\/product-guide.org\/de\/ergebnisse\/"},{"@type":"ListItem","position":3,"name":"Aluminium Z-Profil 60 x 40 x 60 mm | Baustoffhandel Carstensen"}]},{"@type":"WebSite","@id":"https:\/\/product-guide.org\/#website","url":"https:\/\/product-guide.org\/","name":"Product-Guide.org","description":"What Product are you looking for?","publisher":{"@id":"https:\/\/product-guide.org\/#organization"},"potentialAction":[{"@type":"SearchAction","target":{"@type":"EntryPoint","urlTemplate":"https:\/\/product-guide.org\/?s={search_term_string}"},"query-input":{"@type":"PropertyValueSpecification","valueRequired":true,"valueName":"search_term_string"}}],"inLanguage":"en-GB"},{"@type":"Organization","@id":"https:\/\/product-guide.org\/#organization","name":"Product-Guide.org","url":"https:\/\/product-guide.org\/","logo":{"@type":"ImageObject","inLanguage":"en-GB","@id":"https:\/\/product-guide.org\/#\/schema\/logo\/image\/","url":"https:\/\/product-guide.org\/wp-content\/uploads\/2022\/07\/logo_transparent_background.png","contentUrl":"https:\/\/product-guide.org\/wp-content\/uploads\/2022\/07\/logo_transparent_background.png","width":3400,"height":1132,"caption":"Product-Guide.org"},"image":{"@id":"https:\/\/product-guide.org\/#\/schema\/logo\/image\/"}}]}},"_links":{"self":[{"href":"https:\/\/product-guide.org\/en\/wp-json\/wp\/v2\/product\/55808","targetHints":{"allow":["GET"]}}],"collection":[{"href":"https:\/\/product-guide.org\/en\/wp-json\/wp\/v2\/product"}],"about":[{"href":"https:\/\/product-guide.org\/en\/wp-json\/wp\/v2\/types\/product"}],"wp:featuredmedia":[{"embeddable":true,"href":"https:\/\/product-guide.org\/en\/wp-json\/wp\/v2\/media\/55805"}],"wp:attachment":[{"href":"https:\/\/product-guide.org\/en\/wp-json\/wp\/v2\/media?parent=55808"}],"wp:term":[{"taxonomy":"store","embeddable":true,"href":"https:\/\/product-guide.org\/en\/wp-json\/wp\/v2\/store?post=55808"},{"taxonomy":"product_brand","embeddable":true,"href":"https:\/\/product-guide.org\/en\/wp-json\/wp\/v2\/product_brand?post=55808"},{"taxonomy":"product_cat","embeddable":true,"href":"https:\/\/product-guide.org\/en\/wp-json\/wp\/v2\/product_cat?post=55808"},{"taxonomy":"product_tag","embeddable":true,"href":"https:\/\/product-guide.org\/en\/wp-json\/wp\/v2\/product_tag?post=55808"}],"curies":[{"name":"wp","href":"https:\/\/api.w.org\/{rel}","templated":true}]}}