{"id":55816,"date":"2025-03-17T12:37:45","date_gmt":"2025-03-17T11:37:45","guid":{"rendered":"https:\/\/product-guide.org\/produkt\/kalotten-fur-verschiedene-lichtplatten-profile-farbe-pressblank-natur-100-stk-pak-baustoffhandel-carstensen\/"},"modified":"2025-03-17T12:37:46","modified_gmt":"2025-03-17T11:37:46","slug":"kalotten-fur-verschiedene-lichtplatten-profile-farbe-pressblank-natur-100-stk-pak-baustoffhandel-carstensen","status":"publish","type":"product","link":"https:\/\/product-guide.org\/en\/produkt\/kalotten-fur-verschiedene-lichtplatten-profile-farbe-pressblank-natur-100-stk-pak-baustoffhandel-carstensen\/","title":{"rendered":"Kalotten f\u00fcr verschiedene Lichtplatten Profile, Farbe: Pressblank \/ natur, 100 Stk.\/Pak | Baustoffhandel Carstensen"},"content":{"rendered":"<p>Kalotten in pressblank\/natur f\u00fcr Industrie- und Acryl-Lichtplatten. Verwenden Sie unsere Kalotten, um ein Eindr\u00fccken Ihrer Industrie- und Acryl-Lichtplatten bei der Montage zu vermeiden. Diese werden jeweils zwischen Lichtplatte und Ihrer Unterkonstruktion geschraubt und verhindern so, dass beim Anziehen der Schraube die Lichtplatte in diesem Bereich eindr\u00fccken k\u00f6nnte. Bitte beachten Sie, dass die Bohrungen gr\u00f6\u00dfer gemacht werden m\u00fcssen, wenn Sie gr\u00f6\u00dfere Plattenl\u00e4ngen verlegen wollen. Denn somit bekommt die Dachplatte etwas Spiel um sich bei Temperaturschwankungen auszudehnen und es wird verhindert, dass die Platte an den Bohrl\u00f6chern einrei\u00dft. Die Dichtung der Kalotte dient hierbei dazu, die gr\u00f6\u00dfere Bohrung zu verschlie\u00dfen. Auch sollten Ihre verwendeten Schrauben eine eigene Dichtung haben. Dieser Artikel wird pro Packung verkauft. In einer Packung sind 100 St. enthalten.<\/p>\n","protected":false},"excerpt":{"rendered":"<p>Kalotten in pressblank\/natur f\u00fcr Industrie- und Acryl-Lichtplatten. Verwenden Sie unsere Kalotten, um ein Eindr\u00fccken Ihrer Industrie- und Acryl-Lichtplatten bei der Montage zu vermeiden. Diese werden jeweils zwischen Lichtplatte und Ihrer Unterkonstruktion geschraubt und verhindern so, dass beim Anziehen der Schraube die Lichtplatte in diesem Bereich eindr\u00fccken k\u00f6nnte. Bitte beachten Sie, dass die Bohrungen gr\u00f6\u00dfer gemacht [&hellip;]<\/p>\n","protected":false},"featured_media":55815,"template":"","meta":{"_gspb_post_css":""},"store":[],"product_brand":[1434],"product_cat":[1290],"product_tag":[],"class_list":{"0":"post-55816","1":"product","2":"type-product","3":"status-publish","4":"has-post-thumbnail","6":"product_brand-talktalk-phone-and-broadband","7":"product_cat-uncategorized","9":"first","10":"instock","11":"shipping-taxable","12":"purchasable","13":"product-type-simple"},"yoast_head":"<!-- This site is optimized with the Yoast SEO plugin v24.6 - https:\/\/yoast.com\/wordpress\/plugins\/seo\/ -->\n<title>Kalotten f\u00fcr verschiedene Lichtplatten Profile, Farbe: Pressblank \/ natur, 100 Stk.\/Pak | Baustoffhandel Carstensen | Product-Guide.org<\/title>\n<meta name=\"description\" content=\"Kalotten f\u00fcr verschiedene Lichtplatten Profile, Farbe: Pressblank \/ natur, 100 Stk.\/Pak | Baustoffhandel Carstensen gefunden von Product-Guide.org\" \/>\n<meta name=\"robots\" content=\"index, follow, max-snippet:-1, max-image-preview:large, max-video-preview:-1\" \/>\n<link rel=\"canonical\" href=\"https:\/\/product-guide.org\/en\/produkt\/kalotten-fur-verschiedene-lichtplatten-profile-farbe-pressblank-natur-100-stk-pak-baustoffhandel-carstensen\/\" \/>\n<meta property=\"og:locale\" content=\"en_GB\" \/>\n<meta property=\"og:type\" content=\"article\" \/>\n<meta property=\"og:title\" content=\"Kalotten f\u00fcr verschiedene Lichtplatten Profile, Farbe: Pressblank \/ natur, 100 Stk.\/Pak | Baustoffhandel Carstensen | Product-Guide.org\" \/>\n<meta property=\"og:description\" content=\"Kalotten f\u00fcr verschiedene Lichtplatten Profile, Farbe: Pressblank \/ natur, 100 Stk.\/Pak | Baustoffhandel Carstensen gefunden von Product-Guide.org\" \/>\n<meta property=\"og:url\" content=\"https:\/\/product-guide.org\/en\/produkt\/kalotten-fur-verschiedene-lichtplatten-profile-farbe-pressblank-natur-100-stk-pak-baustoffhandel-carstensen\/\" \/>\n<meta property=\"og:site_name\" content=\"Product-Guide.org\" \/>\n<meta property=\"article:modified_time\" content=\"2025-03-17T11:37:46+00:00\" \/>\n<meta name=\"twitter:card\" content=\"summary_large_image\" \/>\n<script type=\"application\/ld+json\" class=\"yoast-schema-graph\">{\"@context\":\"https:\/\/schema.org\",\"@graph\":[{\"@type\":\"WebPage\",\"@id\":\"https:\/\/product-guide.org\/produkt\/kalotten-fur-verschiedene-lichtplatten-profile-farbe-pressblank-natur-100-stk-pak-baustoffhandel-carstensen\/\",\"url\":\"https:\/\/product-guide.org\/produkt\/kalotten-fur-verschiedene-lichtplatten-profile-farbe-pressblank-natur-100-stk-pak-baustoffhandel-carstensen\/\",\"name\":\"Kalotten f\u00fcr verschiedene Lichtplatten Profile, Farbe: Pressblank \/ natur, 100 Stk.\/Pak | Baustoffhandel Carstensen | Product-Guide.org\",\"isPartOf\":{\"@id\":\"https:\/\/product-guide.org\/#website\"},\"primaryImageOfPage\":{\"@id\":\"https:\/\/product-guide.org\/produkt\/kalotten-fur-verschiedene-lichtplatten-profile-farbe-pressblank-natur-100-stk-pak-baustoffhandel-carstensen\/#primaryimage\"},\"image\":{\"@id\":\"https:\/\/product-guide.org\/produkt\/kalotten-fur-verschiedene-lichtplatten-profile-farbe-pressblank-natur-100-stk-pak-baustoffhandel-carstensen\/#primaryimage\"},\"thumbnailUrl\":\"https:\/\/product-guide.org\/wp-content\/uploads\/2025\/03\/kalotten-fuer-verschiedene-lichtplatten-profile-farbe-pressblank-natur-100-stk-pak.jpg\",\"datePublished\":\"2025-03-17T11:37:45+00:00\",\"dateModified\":\"2025-03-17T11:37:46+00:00\",\"description\":\"Kalotten f\u00fcr verschiedene Lichtplatten Profile, Farbe: Pressblank \/ natur, 100 Stk.\/Pak | Baustoffhandel Carstensen gefunden von Product-Guide.org\",\"breadcrumb\":{\"@id\":\"https:\/\/product-guide.org\/produkt\/kalotten-fur-verschiedene-lichtplatten-profile-farbe-pressblank-natur-100-stk-pak-baustoffhandel-carstensen\/#breadcrumb\"},\"inLanguage\":\"en-GB\",\"potentialAction\":[{\"@type\":\"ReadAction\",\"target\":[\"https:\/\/product-guide.org\/produkt\/kalotten-fur-verschiedene-lichtplatten-profile-farbe-pressblank-natur-100-stk-pak-baustoffhandel-carstensen\/\"]}]},{\"@type\":\"ImageObject\",\"inLanguage\":\"en-GB\",\"@id\":\"https:\/\/product-guide.org\/produkt\/kalotten-fur-verschiedene-lichtplatten-profile-farbe-pressblank-natur-100-stk-pak-baustoffhandel-carstensen\/#primaryimage\",\"url\":\"https:\/\/product-guide.org\/wp-content\/uploads\/2025\/03\/kalotten-fuer-verschiedene-lichtplatten-profile-farbe-pressblank-natur-100-stk-pak.jpg\",\"contentUrl\":\"https:\/\/product-guide.org\/wp-content\/uploads\/2025\/03\/kalotten-fuer-verschiedene-lichtplatten-profile-farbe-pressblank-natur-100-stk-pak.jpg\",\"width\":800,\"height\":800},{\"@type\":\"BreadcrumbList\",\"@id\":\"https:\/\/product-guide.org\/produkt\/kalotten-fur-verschiedene-lichtplatten-profile-farbe-pressblank-natur-100-stk-pak-baustoffhandel-carstensen\/#breadcrumb\",\"itemListElement\":[{\"@type\":\"ListItem\",\"position\":1,\"name\":\"Home\",\"item\":\"https:\/\/product-guide.org\/\"},{\"@type\":\"ListItem\",\"position\":2,\"name\":\"Ergebnisse\",\"item\":\"https:\/\/product-guide.org\/de\/ergebnisse\/\"},{\"@type\":\"ListItem\",\"position\":3,\"name\":\"Kalotten f\u00fcr verschiedene Lichtplatten Profile, Farbe: Pressblank \/ natur, 100 Stk.\/Pak | Baustoffhandel Carstensen\"}]},{\"@type\":\"WebSite\",\"@id\":\"https:\/\/product-guide.org\/#website\",\"url\":\"https:\/\/product-guide.org\/\",\"name\":\"Product-Guide.org\",\"description\":\"What Product are you looking for?\",\"publisher\":{\"@id\":\"https:\/\/product-guide.org\/#organization\"},\"potentialAction\":[{\"@type\":\"SearchAction\",\"target\":{\"@type\":\"EntryPoint\",\"urlTemplate\":\"https:\/\/product-guide.org\/?s={search_term_string}\"},\"query-input\":{\"@type\":\"PropertyValueSpecification\",\"valueRequired\":true,\"valueName\":\"search_term_string\"}}],\"inLanguage\":\"en-GB\"},{\"@type\":\"Organization\",\"@id\":\"https:\/\/product-guide.org\/#organization\",\"name\":\"Product-Guide.org\",\"url\":\"https:\/\/product-guide.org\/\",\"logo\":{\"@type\":\"ImageObject\",\"inLanguage\":\"en-GB\",\"@id\":\"https:\/\/product-guide.org\/#\/schema\/logo\/image\/\",\"url\":\"https:\/\/product-guide.org\/wp-content\/uploads\/2022\/07\/logo_transparent_background.png\",\"contentUrl\":\"https:\/\/product-guide.org\/wp-content\/uploads\/2022\/07\/logo_transparent_background.png\",\"width\":3400,\"height\":1132,\"caption\":\"Product-Guide.org\"},\"image\":{\"@id\":\"https:\/\/product-guide.org\/#\/schema\/logo\/image\/\"}}]}<\/script>\n<!-- \/ Yoast SEO plugin. -->","yoast_head_json":{"title":"Kalotten f\u00fcr verschiedene Lichtplatten Profile, Farbe: Pressblank \/ natur, 100 Stk.\/Pak | Baustoffhandel Carstensen | Product-Guide.org","description":"Kalotten f\u00fcr verschiedene Lichtplatten Profile, Farbe: Pressblank \/ natur, 100 Stk.\/Pak | Baustoffhandel Carstensen gefunden von Product-Guide.org","robots":{"index":"index","follow":"follow","max-snippet":"max-snippet:-1","max-image-preview":"max-image-preview:large","max-video-preview":"max-video-preview:-1"},"canonical":"https:\/\/product-guide.org\/en\/produkt\/kalotten-fur-verschiedene-lichtplatten-profile-farbe-pressblank-natur-100-stk-pak-baustoffhandel-carstensen\/","og_locale":"en_GB","og_type":"article","og_title":"Kalotten f\u00fcr verschiedene Lichtplatten Profile, Farbe: Pressblank \/ natur, 100 Stk.\/Pak | Baustoffhandel Carstensen | Product-Guide.org","og_description":"Kalotten f\u00fcr verschiedene Lichtplatten Profile, Farbe: Pressblank \/ natur, 100 Stk.\/Pak | Baustoffhandel Carstensen gefunden von Product-Guide.org","og_url":"https:\/\/product-guide.org\/en\/produkt\/kalotten-fur-verschiedene-lichtplatten-profile-farbe-pressblank-natur-100-stk-pak-baustoffhandel-carstensen\/","og_site_name":"Product-Guide.org","article_modified_time":"2025-03-17T11:37:46+00:00","twitter_card":"summary_large_image","schema":{"@context":"https:\/\/schema.org","@graph":[{"@type":"WebPage","@id":"https:\/\/product-guide.org\/produkt\/kalotten-fur-verschiedene-lichtplatten-profile-farbe-pressblank-natur-100-stk-pak-baustoffhandel-carstensen\/","url":"https:\/\/product-guide.org\/produkt\/kalotten-fur-verschiedene-lichtplatten-profile-farbe-pressblank-natur-100-stk-pak-baustoffhandel-carstensen\/","name":"Kalotten f\u00fcr verschiedene Lichtplatten Profile, Farbe: Pressblank \/ natur, 100 Stk.\/Pak | Baustoffhandel Carstensen | Product-Guide.org","isPartOf":{"@id":"https:\/\/product-guide.org\/#website"},"primaryImageOfPage":{"@id":"https:\/\/product-guide.org\/produkt\/kalotten-fur-verschiedene-lichtplatten-profile-farbe-pressblank-natur-100-stk-pak-baustoffhandel-carstensen\/#primaryimage"},"image":{"@id":"https:\/\/product-guide.org\/produkt\/kalotten-fur-verschiedene-lichtplatten-profile-farbe-pressblank-natur-100-stk-pak-baustoffhandel-carstensen\/#primaryimage"},"thumbnailUrl":"https:\/\/product-guide.org\/wp-content\/uploads\/2025\/03\/kalotten-fuer-verschiedene-lichtplatten-profile-farbe-pressblank-natur-100-stk-pak.jpg","datePublished":"2025-03-17T11:37:45+00:00","dateModified":"2025-03-17T11:37:46+00:00","description":"Kalotten f\u00fcr verschiedene Lichtplatten Profile, Farbe: Pressblank \/ natur, 100 Stk.\/Pak | Baustoffhandel Carstensen gefunden von Product-Guide.org","breadcrumb":{"@id":"https:\/\/product-guide.org\/produkt\/kalotten-fur-verschiedene-lichtplatten-profile-farbe-pressblank-natur-100-stk-pak-baustoffhandel-carstensen\/#breadcrumb"},"inLanguage":"en-GB","potentialAction":[{"@type":"ReadAction","target":["https:\/\/product-guide.org\/produkt\/kalotten-fur-verschiedene-lichtplatten-profile-farbe-pressblank-natur-100-stk-pak-baustoffhandel-carstensen\/"]}]},{"@type":"ImageObject","inLanguage":"en-GB","@id":"https:\/\/product-guide.org\/produkt\/kalotten-fur-verschiedene-lichtplatten-profile-farbe-pressblank-natur-100-stk-pak-baustoffhandel-carstensen\/#primaryimage","url":"https:\/\/product-guide.org\/wp-content\/uploads\/2025\/03\/kalotten-fuer-verschiedene-lichtplatten-profile-farbe-pressblank-natur-100-stk-pak.jpg","contentUrl":"https:\/\/product-guide.org\/wp-content\/uploads\/2025\/03\/kalotten-fuer-verschiedene-lichtplatten-profile-farbe-pressblank-natur-100-stk-pak.jpg","width":800,"height":800},{"@type":"BreadcrumbList","@id":"https:\/\/product-guide.org\/produkt\/kalotten-fur-verschiedene-lichtplatten-profile-farbe-pressblank-natur-100-stk-pak-baustoffhandel-carstensen\/#breadcrumb","itemListElement":[{"@type":"ListItem","position":1,"name":"Home","item":"https:\/\/product-guide.org\/"},{"@type":"ListItem","position":2,"name":"Ergebnisse","item":"https:\/\/product-guide.org\/de\/ergebnisse\/"},{"@type":"ListItem","position":3,"name":"Kalotten f\u00fcr verschiedene Lichtplatten Profile, Farbe: Pressblank \/ natur, 100 Stk.\/Pak | Baustoffhandel Carstensen"}]},{"@type":"WebSite","@id":"https:\/\/product-guide.org\/#website","url":"https:\/\/product-guide.org\/","name":"Product-Guide.org","description":"What Product are you looking for?","publisher":{"@id":"https:\/\/product-guide.org\/#organization"},"potentialAction":[{"@type":"SearchAction","target":{"@type":"EntryPoint","urlTemplate":"https:\/\/product-guide.org\/?s={search_term_string}"},"query-input":{"@type":"PropertyValueSpecification","valueRequired":true,"valueName":"search_term_string"}}],"inLanguage":"en-GB"},{"@type":"Organization","@id":"https:\/\/product-guide.org\/#organization","name":"Product-Guide.org","url":"https:\/\/product-guide.org\/","logo":{"@type":"ImageObject","inLanguage":"en-GB","@id":"https:\/\/product-guide.org\/#\/schema\/logo\/image\/","url":"https:\/\/product-guide.org\/wp-content\/uploads\/2022\/07\/logo_transparent_background.png","contentUrl":"https:\/\/product-guide.org\/wp-content\/uploads\/2022\/07\/logo_transparent_background.png","width":3400,"height":1132,"caption":"Product-Guide.org"},"image":{"@id":"https:\/\/product-guide.org\/#\/schema\/logo\/image\/"}}]}},"_links":{"self":[{"href":"https:\/\/product-guide.org\/en\/wp-json\/wp\/v2\/product\/55816","targetHints":{"allow":["GET"]}}],"collection":[{"href":"https:\/\/product-guide.org\/en\/wp-json\/wp\/v2\/product"}],"about":[{"href":"https:\/\/product-guide.org\/en\/wp-json\/wp\/v2\/types\/product"}],"wp:featuredmedia":[{"embeddable":true,"href":"https:\/\/product-guide.org\/en\/wp-json\/wp\/v2\/media\/55815"}],"wp:attachment":[{"href":"https:\/\/product-guide.org\/en\/wp-json\/wp\/v2\/media?parent=55816"}],"wp:term":[{"taxonomy":"store","embeddable":true,"href":"https:\/\/product-guide.org\/en\/wp-json\/wp\/v2\/store?post=55816"},{"taxonomy":"product_brand","embeddable":true,"href":"https:\/\/product-guide.org\/en\/wp-json\/wp\/v2\/product_brand?post=55816"},{"taxonomy":"product_cat","embeddable":true,"href":"https:\/\/product-guide.org\/en\/wp-json\/wp\/v2\/product_cat?post=55816"},{"taxonomy":"product_tag","embeddable":true,"href":"https:\/\/product-guide.org\/en\/wp-json\/wp\/v2\/product_tag?post=55816"}],"curies":[{"name":"wp","href":"https:\/\/api.w.org\/{rel}","templated":true}]}}