{"id":55822,"date":"2025-03-17T12:37:50","date_gmt":"2025-03-17T11:37:50","guid":{"rendered":"https:\/\/product-guide.org\/produkt\/pilzbefestigung-aus-polyamid-weis-natur-52-mm-durchmesser-zur-direktbefestigung-von-stegplatten-baustoffhandel-carstensen\/"},"modified":"2025-03-17T12:37:50","modified_gmt":"2025-03-17T11:37:50","slug":"pilzbefestigung-aus-polyamid-weis-natur-52-mm-durchmesser-zur-direktbefestigung-von-stegplatten-baustoffhandel-carstensen","status":"publish","type":"product","link":"https:\/\/product-guide.org\/en\/produkt\/pilzbefestigung-aus-polyamid-weis-natur-52-mm-durchmesser-zur-direktbefestigung-von-stegplatten-baustoffhandel-carstensen\/","title":{"rendered":"Pilzbefestigung, aus Polyamid &#8211; wei\u00df natur, 52 mm Durchmesser, zur Direktbefestigung von Stegplatten | Baustoffhandel Carstensen"},"content":{"rendered":"<p>Pilzbefestigung &#8211; Material: Polyamid &#8211; Farbe: Wei\u00df\/Wei\u00df-Natur &#8211; Durchmesser: 52 mm Die Pilzbefestigung (Befestigungsscheibe) wird inkl. Schaumstoffring und Abdeckkappe geliefert. Sie ist aus Polyamid, hat die Farbe wei\u00df-natur, einen Durchmesser von 52 mm und ist in verschiedenen Gr\u00f6\u00dfen erh\u00e4ltlich. Die Pilzbefestigung wird f\u00fcr die Durchgangsverschraubung von Stegplatten innerhalb der Plattenfl\u00e4che verwendet. Die Stegplatten m\u00fcssen wegen ihrem Ausdehnungsverhaltens ausreichend gro\u00df (> 20 mm) mit einem Konusbohrer vorgebohrt werden. Die Pilzbefestigung wird danach mittig\/zentriert \u00fcber dem Bohrloch montiert. Wir vertreiben ein umfangreiches Sortiment an Zubeh\u00f6r f\u00fcr die Montage von Stegplatten, das stetig erweitert und optimiert wird. Als langj\u00e4hriger und erfahrener Spezialist achten wir stets auf Qualit\u00e4t und beraten unterst\u00fctzend beim bestimmungsgerechten Einsatz. Zudem verf\u00fcgen wir \u00fcber ein ausgedehntes Herstellernetzwerk. Die daraus resultierenden Vorteile geben wir selbstverst\u00e4ndlich, als einer der f\u00fchrenden Onlineh\u00e4ndler, an unsere Kunden weiter. Hier in unserem Onlineshop erwartet Sie ein gutes Preis-Leistungsverh\u00e4ltnis und eine fachkundige Beratung.<\/p>\n","protected":false},"excerpt":{"rendered":"<p>Pilzbefestigung &#8211; Material: Polyamid &#8211; Farbe: Wei\u00df\/Wei\u00df-Natur &#8211; Durchmesser: 52 mm Die Pilzbefestigung (Befestigungsscheibe) wird inkl. Schaumstoffring und Abdeckkappe geliefert. Sie ist aus Polyamid, hat die Farbe wei\u00df-natur, einen Durchmesser von 52 mm und ist in verschiedenen Gr\u00f6\u00dfen erh\u00e4ltlich. Die Pilzbefestigung wird f\u00fcr die Durchgangsverschraubung von Stegplatten innerhalb der Plattenfl\u00e4che verwendet. Die Stegplatten m\u00fcssen wegen [&hellip;]<\/p>\n","protected":false},"featured_media":55821,"template":"","meta":{"_gspb_post_css":""},"store":[],"product_brand":[1434],"product_cat":[1290],"product_tag":[],"class_list":{"0":"post-55822","1":"product","2":"type-product","3":"status-publish","4":"has-post-thumbnail","6":"product_brand-talktalk-phone-and-broadband","7":"product_cat-uncategorized","9":"first","10":"instock","11":"shipping-taxable","12":"purchasable","13":"product-type-simple"},"yoast_head":"<!-- This site is optimized with the Yoast SEO plugin v24.6 - https:\/\/yoast.com\/wordpress\/plugins\/seo\/ -->\n<title>Pilzbefestigung, aus Polyamid - wei\u00df natur, 52 mm Durchmesser, zur Direktbefestigung von Stegplatten | Baustoffhandel Carstensen | Product-Guide.org<\/title>\n<meta name=\"description\" content=\"Pilzbefestigung, aus Polyamid - wei\u00df natur, 52 mm Durchmesser, zur Direktbefestigung von Stegplatten | Baustoffhandel Carstensen gefunden von Product-Guide.org\" \/>\n<meta name=\"robots\" content=\"index, follow, max-snippet:-1, max-image-preview:large, max-video-preview:-1\" \/>\n<link rel=\"canonical\" href=\"https:\/\/product-guide.org\/en\/produkt\/pilzbefestigung-aus-polyamid-weis-natur-52-mm-durchmesser-zur-direktbefestigung-von-stegplatten-baustoffhandel-carstensen\/\" \/>\n<meta property=\"og:locale\" content=\"en_GB\" \/>\n<meta property=\"og:type\" content=\"article\" \/>\n<meta property=\"og:title\" content=\"Pilzbefestigung, aus Polyamid - wei\u00df natur, 52 mm Durchmesser, zur Direktbefestigung von Stegplatten | Baustoffhandel Carstensen | Product-Guide.org\" \/>\n<meta property=\"og:description\" content=\"Pilzbefestigung, aus Polyamid - wei\u00df natur, 52 mm Durchmesser, zur Direktbefestigung von Stegplatten | Baustoffhandel Carstensen gefunden von Product-Guide.org\" \/>\n<meta property=\"og:url\" content=\"https:\/\/product-guide.org\/en\/produkt\/pilzbefestigung-aus-polyamid-weis-natur-52-mm-durchmesser-zur-direktbefestigung-von-stegplatten-baustoffhandel-carstensen\/\" \/>\n<meta property=\"og:site_name\" content=\"Product-Guide.org\" \/>\n<meta name=\"twitter:card\" content=\"summary_large_image\" \/>\n<script type=\"application\/ld+json\" class=\"yoast-schema-graph\">{\"@context\":\"https:\/\/schema.org\",\"@graph\":[{\"@type\":\"WebPage\",\"@id\":\"https:\/\/product-guide.org\/produkt\/pilzbefestigung-aus-polyamid-weis-natur-52-mm-durchmesser-zur-direktbefestigung-von-stegplatten-baustoffhandel-carstensen\/\",\"url\":\"https:\/\/product-guide.org\/produkt\/pilzbefestigung-aus-polyamid-weis-natur-52-mm-durchmesser-zur-direktbefestigung-von-stegplatten-baustoffhandel-carstensen\/\",\"name\":\"Pilzbefestigung, aus Polyamid - wei\u00df natur, 52 mm Durchmesser, zur Direktbefestigung von Stegplatten | Baustoffhandel Carstensen | Product-Guide.org\",\"isPartOf\":{\"@id\":\"https:\/\/product-guide.org\/#website\"},\"primaryImageOfPage\":{\"@id\":\"https:\/\/product-guide.org\/produkt\/pilzbefestigung-aus-polyamid-weis-natur-52-mm-durchmesser-zur-direktbefestigung-von-stegplatten-baustoffhandel-carstensen\/#primaryimage\"},\"image\":{\"@id\":\"https:\/\/product-guide.org\/produkt\/pilzbefestigung-aus-polyamid-weis-natur-52-mm-durchmesser-zur-direktbefestigung-von-stegplatten-baustoffhandel-carstensen\/#primaryimage\"},\"thumbnailUrl\":\"https:\/\/product-guide.org\/wp-content\/uploads\/2025\/03\/pilzbefestigung-aus-polyamid-weiss-natur-52-mm-durchmesser-zur-direktbefestigung-von-stegplatten.jpg\",\"datePublished\":\"2025-03-17T11:37:50+00:00\",\"description\":\"Pilzbefestigung, aus Polyamid - wei\u00df natur, 52 mm Durchmesser, zur Direktbefestigung von Stegplatten | Baustoffhandel Carstensen gefunden von Product-Guide.org\",\"breadcrumb\":{\"@id\":\"https:\/\/product-guide.org\/produkt\/pilzbefestigung-aus-polyamid-weis-natur-52-mm-durchmesser-zur-direktbefestigung-von-stegplatten-baustoffhandel-carstensen\/#breadcrumb\"},\"inLanguage\":\"en-GB\",\"potentialAction\":[{\"@type\":\"ReadAction\",\"target\":[\"https:\/\/product-guide.org\/produkt\/pilzbefestigung-aus-polyamid-weis-natur-52-mm-durchmesser-zur-direktbefestigung-von-stegplatten-baustoffhandel-carstensen\/\"]}]},{\"@type\":\"ImageObject\",\"inLanguage\":\"en-GB\",\"@id\":\"https:\/\/product-guide.org\/produkt\/pilzbefestigung-aus-polyamid-weis-natur-52-mm-durchmesser-zur-direktbefestigung-von-stegplatten-baustoffhandel-carstensen\/#primaryimage\",\"url\":\"https:\/\/product-guide.org\/wp-content\/uploads\/2025\/03\/pilzbefestigung-aus-polyamid-weiss-natur-52-mm-durchmesser-zur-direktbefestigung-von-stegplatten.jpg\",\"contentUrl\":\"https:\/\/product-guide.org\/wp-content\/uploads\/2025\/03\/pilzbefestigung-aus-polyamid-weiss-natur-52-mm-durchmesser-zur-direktbefestigung-von-stegplatten.jpg\",\"width\":800,\"height\":800},{\"@type\":\"BreadcrumbList\",\"@id\":\"https:\/\/product-guide.org\/produkt\/pilzbefestigung-aus-polyamid-weis-natur-52-mm-durchmesser-zur-direktbefestigung-von-stegplatten-baustoffhandel-carstensen\/#breadcrumb\",\"itemListElement\":[{\"@type\":\"ListItem\",\"position\":1,\"name\":\"Home\",\"item\":\"https:\/\/product-guide.org\/\"},{\"@type\":\"ListItem\",\"position\":2,\"name\":\"Ergebnisse\",\"item\":\"https:\/\/product-guide.org\/de\/ergebnisse\/\"},{\"@type\":\"ListItem\",\"position\":3,\"name\":\"Pilzbefestigung, aus Polyamid &#8211; wei\u00df natur, 52 mm Durchmesser, zur Direktbefestigung von Stegplatten | Baustoffhandel Carstensen\"}]},{\"@type\":\"WebSite\",\"@id\":\"https:\/\/product-guide.org\/#website\",\"url\":\"https:\/\/product-guide.org\/\",\"name\":\"Product-Guide.org\",\"description\":\"What Product are you looking for?\",\"publisher\":{\"@id\":\"https:\/\/product-guide.org\/#organization\"},\"potentialAction\":[{\"@type\":\"SearchAction\",\"target\":{\"@type\":\"EntryPoint\",\"urlTemplate\":\"https:\/\/product-guide.org\/?s={search_term_string}\"},\"query-input\":{\"@type\":\"PropertyValueSpecification\",\"valueRequired\":true,\"valueName\":\"search_term_string\"}}],\"inLanguage\":\"en-GB\"},{\"@type\":\"Organization\",\"@id\":\"https:\/\/product-guide.org\/#organization\",\"name\":\"Product-Guide.org\",\"url\":\"https:\/\/product-guide.org\/\",\"logo\":{\"@type\":\"ImageObject\",\"inLanguage\":\"en-GB\",\"@id\":\"https:\/\/product-guide.org\/#\/schema\/logo\/image\/\",\"url\":\"https:\/\/product-guide.org\/wp-content\/uploads\/2022\/07\/logo_transparent_background.png\",\"contentUrl\":\"https:\/\/product-guide.org\/wp-content\/uploads\/2022\/07\/logo_transparent_background.png\",\"width\":3400,\"height\":1132,\"caption\":\"Product-Guide.org\"},\"image\":{\"@id\":\"https:\/\/product-guide.org\/#\/schema\/logo\/image\/\"}}]}<\/script>\n<!-- \/ Yoast SEO plugin. -->","yoast_head_json":{"title":"Pilzbefestigung, aus Polyamid - wei\u00df natur, 52 mm Durchmesser, zur Direktbefestigung von Stegplatten | Baustoffhandel Carstensen | Product-Guide.org","description":"Pilzbefestigung, aus Polyamid - wei\u00df natur, 52 mm Durchmesser, zur Direktbefestigung von Stegplatten | Baustoffhandel Carstensen gefunden von Product-Guide.org","robots":{"index":"index","follow":"follow","max-snippet":"max-snippet:-1","max-image-preview":"max-image-preview:large","max-video-preview":"max-video-preview:-1"},"canonical":"https:\/\/product-guide.org\/en\/produkt\/pilzbefestigung-aus-polyamid-weis-natur-52-mm-durchmesser-zur-direktbefestigung-von-stegplatten-baustoffhandel-carstensen\/","og_locale":"en_GB","og_type":"article","og_title":"Pilzbefestigung, aus Polyamid - wei\u00df natur, 52 mm Durchmesser, zur Direktbefestigung von Stegplatten | Baustoffhandel Carstensen | Product-Guide.org","og_description":"Pilzbefestigung, aus Polyamid - wei\u00df natur, 52 mm Durchmesser, zur Direktbefestigung von Stegplatten | Baustoffhandel Carstensen gefunden von Product-Guide.org","og_url":"https:\/\/product-guide.org\/en\/produkt\/pilzbefestigung-aus-polyamid-weis-natur-52-mm-durchmesser-zur-direktbefestigung-von-stegplatten-baustoffhandel-carstensen\/","og_site_name":"Product-Guide.org","twitter_card":"summary_large_image","schema":{"@context":"https:\/\/schema.org","@graph":[{"@type":"WebPage","@id":"https:\/\/product-guide.org\/produkt\/pilzbefestigung-aus-polyamid-weis-natur-52-mm-durchmesser-zur-direktbefestigung-von-stegplatten-baustoffhandel-carstensen\/","url":"https:\/\/product-guide.org\/produkt\/pilzbefestigung-aus-polyamid-weis-natur-52-mm-durchmesser-zur-direktbefestigung-von-stegplatten-baustoffhandel-carstensen\/","name":"Pilzbefestigung, aus Polyamid - wei\u00df natur, 52 mm Durchmesser, zur Direktbefestigung von Stegplatten | Baustoffhandel Carstensen | Product-Guide.org","isPartOf":{"@id":"https:\/\/product-guide.org\/#website"},"primaryImageOfPage":{"@id":"https:\/\/product-guide.org\/produkt\/pilzbefestigung-aus-polyamid-weis-natur-52-mm-durchmesser-zur-direktbefestigung-von-stegplatten-baustoffhandel-carstensen\/#primaryimage"},"image":{"@id":"https:\/\/product-guide.org\/produkt\/pilzbefestigung-aus-polyamid-weis-natur-52-mm-durchmesser-zur-direktbefestigung-von-stegplatten-baustoffhandel-carstensen\/#primaryimage"},"thumbnailUrl":"https:\/\/product-guide.org\/wp-content\/uploads\/2025\/03\/pilzbefestigung-aus-polyamid-weiss-natur-52-mm-durchmesser-zur-direktbefestigung-von-stegplatten.jpg","datePublished":"2025-03-17T11:37:50+00:00","description":"Pilzbefestigung, aus Polyamid - wei\u00df natur, 52 mm Durchmesser, zur Direktbefestigung von Stegplatten | Baustoffhandel Carstensen gefunden von Product-Guide.org","breadcrumb":{"@id":"https:\/\/product-guide.org\/produkt\/pilzbefestigung-aus-polyamid-weis-natur-52-mm-durchmesser-zur-direktbefestigung-von-stegplatten-baustoffhandel-carstensen\/#breadcrumb"},"inLanguage":"en-GB","potentialAction":[{"@type":"ReadAction","target":["https:\/\/product-guide.org\/produkt\/pilzbefestigung-aus-polyamid-weis-natur-52-mm-durchmesser-zur-direktbefestigung-von-stegplatten-baustoffhandel-carstensen\/"]}]},{"@type":"ImageObject","inLanguage":"en-GB","@id":"https:\/\/product-guide.org\/produkt\/pilzbefestigung-aus-polyamid-weis-natur-52-mm-durchmesser-zur-direktbefestigung-von-stegplatten-baustoffhandel-carstensen\/#primaryimage","url":"https:\/\/product-guide.org\/wp-content\/uploads\/2025\/03\/pilzbefestigung-aus-polyamid-weiss-natur-52-mm-durchmesser-zur-direktbefestigung-von-stegplatten.jpg","contentUrl":"https:\/\/product-guide.org\/wp-content\/uploads\/2025\/03\/pilzbefestigung-aus-polyamid-weiss-natur-52-mm-durchmesser-zur-direktbefestigung-von-stegplatten.jpg","width":800,"height":800},{"@type":"BreadcrumbList","@id":"https:\/\/product-guide.org\/produkt\/pilzbefestigung-aus-polyamid-weis-natur-52-mm-durchmesser-zur-direktbefestigung-von-stegplatten-baustoffhandel-carstensen\/#breadcrumb","itemListElement":[{"@type":"ListItem","position":1,"name":"Home","item":"https:\/\/product-guide.org\/"},{"@type":"ListItem","position":2,"name":"Ergebnisse","item":"https:\/\/product-guide.org\/de\/ergebnisse\/"},{"@type":"ListItem","position":3,"name":"Pilzbefestigung, aus Polyamid &#8211; wei\u00df natur, 52 mm Durchmesser, zur Direktbefestigung von Stegplatten | Baustoffhandel Carstensen"}]},{"@type":"WebSite","@id":"https:\/\/product-guide.org\/#website","url":"https:\/\/product-guide.org\/","name":"Product-Guide.org","description":"What Product are you looking for?","publisher":{"@id":"https:\/\/product-guide.org\/#organization"},"potentialAction":[{"@type":"SearchAction","target":{"@type":"EntryPoint","urlTemplate":"https:\/\/product-guide.org\/?s={search_term_string}"},"query-input":{"@type":"PropertyValueSpecification","valueRequired":true,"valueName":"search_term_string"}}],"inLanguage":"en-GB"},{"@type":"Organization","@id":"https:\/\/product-guide.org\/#organization","name":"Product-Guide.org","url":"https:\/\/product-guide.org\/","logo":{"@type":"ImageObject","inLanguage":"en-GB","@id":"https:\/\/product-guide.org\/#\/schema\/logo\/image\/","url":"https:\/\/product-guide.org\/wp-content\/uploads\/2022\/07\/logo_transparent_background.png","contentUrl":"https:\/\/product-guide.org\/wp-content\/uploads\/2022\/07\/logo_transparent_background.png","width":3400,"height":1132,"caption":"Product-Guide.org"},"image":{"@id":"https:\/\/product-guide.org\/#\/schema\/logo\/image\/"}}]}},"_links":{"self":[{"href":"https:\/\/product-guide.org\/en\/wp-json\/wp\/v2\/product\/55822","targetHints":{"allow":["GET"]}}],"collection":[{"href":"https:\/\/product-guide.org\/en\/wp-json\/wp\/v2\/product"}],"about":[{"href":"https:\/\/product-guide.org\/en\/wp-json\/wp\/v2\/types\/product"}],"wp:featuredmedia":[{"embeddable":true,"href":"https:\/\/product-guide.org\/en\/wp-json\/wp\/v2\/media\/55821"}],"wp:attachment":[{"href":"https:\/\/product-guide.org\/en\/wp-json\/wp\/v2\/media?parent=55822"}],"wp:term":[{"taxonomy":"store","embeddable":true,"href":"https:\/\/product-guide.org\/en\/wp-json\/wp\/v2\/store?post=55822"},{"taxonomy":"product_brand","embeddable":true,"href":"https:\/\/product-guide.org\/en\/wp-json\/wp\/v2\/product_brand?post=55822"},{"taxonomy":"product_cat","embeddable":true,"href":"https:\/\/product-guide.org\/en\/wp-json\/wp\/v2\/product_cat?post=55822"},{"taxonomy":"product_tag","embeddable":true,"href":"https:\/\/product-guide.org\/en\/wp-json\/wp\/v2\/product_tag?post=55822"}],"curies":[{"name":"wp","href":"https:\/\/api.w.org\/{rel}","templated":true}]}}