{"id":55866,"date":"2025-03-17T12:38:24","date_gmt":"2025-03-17T11:38:24","guid":{"rendered":"https:\/\/product-guide.org\/produkt\/sonderkantteil-aluminium-u-profil-baustoffhandel-carstensen-3\/"},"modified":"2025-03-17T12:38:25","modified_gmt":"2025-03-17T11:38:25","slug":"sonderkantteil-aluminium-u-profil-baustoffhandel-carstensen-3","status":"publish","type":"product","link":"https:\/\/product-guide.org\/en\/produkt\/sonderkantteil-aluminium-u-profil-baustoffhandel-carstensen-3\/","title":{"rendered":"Sonderkantteil Aluminium U-Profil | Baustoffhandel Carstensen"},"content":{"rendered":"<p>Sonderkantteil Aluminium U-Profil U-Profil aus eigener Produktion. U-Profile k\u00f6nnen vielseitig eingesetzt werden. Als Abdeckung f\u00fcr ein Brett oder Pfosten z.B. Die Profile k\u00f6nnen wir bei Bedarf auch mit anderen Schenkelma\u00dfen herstellen. F\u00fcr eine bessere Passgenauigkeit ist die Innenseite glatt. Die Farbbeschichtung ist auf der Au\u00dfenseite des Bleches. Blechst\u00e4rke: 0,7 mm<\/p>\n","protected":false},"excerpt":{"rendered":"<p>Sonderkantteil Aluminium U-Profil U-Profil aus eigener Produktion. U-Profile k\u00f6nnen vielseitig eingesetzt werden. Als Abdeckung f\u00fcr ein Brett oder Pfosten z.B. Die Profile k\u00f6nnen wir bei Bedarf auch mit anderen Schenkelma\u00dfen herstellen. F\u00fcr eine bessere Passgenauigkeit ist die Innenseite glatt. Die Farbbeschichtung ist auf der Au\u00dfenseite des Bleches. Blechst\u00e4rke: 0,7 mm<\/p>\n","protected":false},"featured_media":55863,"template":"","meta":{"_gspb_post_css":""},"store":[],"product_brand":[1434],"product_cat":[1290],"product_tag":[],"class_list":{"0":"post-55866","1":"product","2":"type-product","3":"status-publish","4":"has-post-thumbnail","6":"product_brand-talktalk-phone-and-broadband","7":"product_cat-uncategorized","9":"first","10":"instock","11":"shipping-taxable","12":"purchasable","13":"product-type-simple"},"yoast_head":"<!-- This site is optimized with the Yoast SEO plugin v24.6 - https:\/\/yoast.com\/wordpress\/plugins\/seo\/ -->\n<title>Sonderkantteil Aluminium U-Profil | Baustoffhandel Carstensen | Product-Guide.org<\/title>\n<meta name=\"description\" content=\"Sonderkantteil Aluminium U-Profil | Baustoffhandel Carstensen gefunden von Product-Guide.org\" \/>\n<meta name=\"robots\" content=\"index, follow, max-snippet:-1, max-image-preview:large, max-video-preview:-1\" \/>\n<link rel=\"canonical\" href=\"https:\/\/product-guide.org\/en\/produkt\/sonderkantteil-aluminium-u-profil-baustoffhandel-carstensen-3\/\" \/>\n<meta property=\"og:locale\" content=\"en_GB\" \/>\n<meta property=\"og:type\" content=\"article\" \/>\n<meta property=\"og:title\" content=\"Sonderkantteil Aluminium U-Profil | Baustoffhandel Carstensen | Product-Guide.org\" \/>\n<meta property=\"og:description\" content=\"Sonderkantteil Aluminium U-Profil | Baustoffhandel Carstensen gefunden von Product-Guide.org\" \/>\n<meta property=\"og:url\" content=\"https:\/\/product-guide.org\/en\/produkt\/sonderkantteil-aluminium-u-profil-baustoffhandel-carstensen-3\/\" \/>\n<meta property=\"og:site_name\" content=\"Product-Guide.org\" \/>\n<meta property=\"article:modified_time\" content=\"2025-03-17T11:38:25+00:00\" \/>\n<meta name=\"twitter:card\" content=\"summary_large_image\" \/>\n<script type=\"application\/ld+json\" class=\"yoast-schema-graph\">{\"@context\":\"https:\/\/schema.org\",\"@graph\":[{\"@type\":\"WebPage\",\"@id\":\"https:\/\/product-guide.org\/produkt\/sonderkantteil-aluminium-u-profil-baustoffhandel-carstensen-3\/\",\"url\":\"https:\/\/product-guide.org\/produkt\/sonderkantteil-aluminium-u-profil-baustoffhandel-carstensen-3\/\",\"name\":\"Sonderkantteil Aluminium U-Profil | Baustoffhandel Carstensen | Product-Guide.org\",\"isPartOf\":{\"@id\":\"https:\/\/product-guide.org\/#website\"},\"primaryImageOfPage\":{\"@id\":\"https:\/\/product-guide.org\/produkt\/sonderkantteil-aluminium-u-profil-baustoffhandel-carstensen-3\/#primaryimage\"},\"image\":{\"@id\":\"https:\/\/product-guide.org\/produkt\/sonderkantteil-aluminium-u-profil-baustoffhandel-carstensen-3\/#primaryimage\"},\"thumbnailUrl\":\"https:\/\/product-guide.org\/wp-content\/uploads\/2025\/03\/sonderkantteil-aluminium-u-profil.jpg\",\"datePublished\":\"2025-03-17T11:38:24+00:00\",\"dateModified\":\"2025-03-17T11:38:25+00:00\",\"description\":\"Sonderkantteil Aluminium U-Profil | Baustoffhandel Carstensen gefunden von Product-Guide.org\",\"breadcrumb\":{\"@id\":\"https:\/\/product-guide.org\/produkt\/sonderkantteil-aluminium-u-profil-baustoffhandel-carstensen-3\/#breadcrumb\"},\"inLanguage\":\"en-GB\",\"potentialAction\":[{\"@type\":\"ReadAction\",\"target\":[\"https:\/\/product-guide.org\/produkt\/sonderkantteil-aluminium-u-profil-baustoffhandel-carstensen-3\/\"]}]},{\"@type\":\"ImageObject\",\"inLanguage\":\"en-GB\",\"@id\":\"https:\/\/product-guide.org\/produkt\/sonderkantteil-aluminium-u-profil-baustoffhandel-carstensen-3\/#primaryimage\",\"url\":\"https:\/\/product-guide.org\/wp-content\/uploads\/2025\/03\/sonderkantteil-aluminium-u-profil.jpg\",\"contentUrl\":\"https:\/\/product-guide.org\/wp-content\/uploads\/2025\/03\/sonderkantteil-aluminium-u-profil.jpg\",\"width\":800,\"height\":800},{\"@type\":\"BreadcrumbList\",\"@id\":\"https:\/\/product-guide.org\/produkt\/sonderkantteil-aluminium-u-profil-baustoffhandel-carstensen-3\/#breadcrumb\",\"itemListElement\":[{\"@type\":\"ListItem\",\"position\":1,\"name\":\"Home\",\"item\":\"https:\/\/product-guide.org\/\"},{\"@type\":\"ListItem\",\"position\":2,\"name\":\"Ergebnisse\",\"item\":\"https:\/\/product-guide.org\/de\/ergebnisse\/\"},{\"@type\":\"ListItem\",\"position\":3,\"name\":\"Sonderkantteil Aluminium U-Profil | Baustoffhandel Carstensen\"}]},{\"@type\":\"WebSite\",\"@id\":\"https:\/\/product-guide.org\/#website\",\"url\":\"https:\/\/product-guide.org\/\",\"name\":\"Product-Guide.org\",\"description\":\"What Product are you looking for?\",\"publisher\":{\"@id\":\"https:\/\/product-guide.org\/#organization\"},\"potentialAction\":[{\"@type\":\"SearchAction\",\"target\":{\"@type\":\"EntryPoint\",\"urlTemplate\":\"https:\/\/product-guide.org\/?s={search_term_string}\"},\"query-input\":{\"@type\":\"PropertyValueSpecification\",\"valueRequired\":true,\"valueName\":\"search_term_string\"}}],\"inLanguage\":\"en-GB\"},{\"@type\":\"Organization\",\"@id\":\"https:\/\/product-guide.org\/#organization\",\"name\":\"Product-Guide.org\",\"url\":\"https:\/\/product-guide.org\/\",\"logo\":{\"@type\":\"ImageObject\",\"inLanguage\":\"en-GB\",\"@id\":\"https:\/\/product-guide.org\/#\/schema\/logo\/image\/\",\"url\":\"https:\/\/product-guide.org\/wp-content\/uploads\/2022\/07\/logo_transparent_background.png\",\"contentUrl\":\"https:\/\/product-guide.org\/wp-content\/uploads\/2022\/07\/logo_transparent_background.png\",\"width\":3400,\"height\":1132,\"caption\":\"Product-Guide.org\"},\"image\":{\"@id\":\"https:\/\/product-guide.org\/#\/schema\/logo\/image\/\"}}]}<\/script>\n<!-- \/ Yoast SEO plugin. -->","yoast_head_json":{"title":"Sonderkantteil Aluminium U-Profil | Baustoffhandel Carstensen | Product-Guide.org","description":"Sonderkantteil Aluminium U-Profil | Baustoffhandel Carstensen gefunden von Product-Guide.org","robots":{"index":"index","follow":"follow","max-snippet":"max-snippet:-1","max-image-preview":"max-image-preview:large","max-video-preview":"max-video-preview:-1"},"canonical":"https:\/\/product-guide.org\/en\/produkt\/sonderkantteil-aluminium-u-profil-baustoffhandel-carstensen-3\/","og_locale":"en_GB","og_type":"article","og_title":"Sonderkantteil Aluminium U-Profil | Baustoffhandel Carstensen | Product-Guide.org","og_description":"Sonderkantteil Aluminium U-Profil | Baustoffhandel Carstensen gefunden von Product-Guide.org","og_url":"https:\/\/product-guide.org\/en\/produkt\/sonderkantteil-aluminium-u-profil-baustoffhandel-carstensen-3\/","og_site_name":"Product-Guide.org","article_modified_time":"2025-03-17T11:38:25+00:00","twitter_card":"summary_large_image","schema":{"@context":"https:\/\/schema.org","@graph":[{"@type":"WebPage","@id":"https:\/\/product-guide.org\/produkt\/sonderkantteil-aluminium-u-profil-baustoffhandel-carstensen-3\/","url":"https:\/\/product-guide.org\/produkt\/sonderkantteil-aluminium-u-profil-baustoffhandel-carstensen-3\/","name":"Sonderkantteil Aluminium U-Profil | Baustoffhandel Carstensen | Product-Guide.org","isPartOf":{"@id":"https:\/\/product-guide.org\/#website"},"primaryImageOfPage":{"@id":"https:\/\/product-guide.org\/produkt\/sonderkantteil-aluminium-u-profil-baustoffhandel-carstensen-3\/#primaryimage"},"image":{"@id":"https:\/\/product-guide.org\/produkt\/sonderkantteil-aluminium-u-profil-baustoffhandel-carstensen-3\/#primaryimage"},"thumbnailUrl":"https:\/\/product-guide.org\/wp-content\/uploads\/2025\/03\/sonderkantteil-aluminium-u-profil.jpg","datePublished":"2025-03-17T11:38:24+00:00","dateModified":"2025-03-17T11:38:25+00:00","description":"Sonderkantteil Aluminium U-Profil | Baustoffhandel Carstensen gefunden von Product-Guide.org","breadcrumb":{"@id":"https:\/\/product-guide.org\/produkt\/sonderkantteil-aluminium-u-profil-baustoffhandel-carstensen-3\/#breadcrumb"},"inLanguage":"en-GB","potentialAction":[{"@type":"ReadAction","target":["https:\/\/product-guide.org\/produkt\/sonderkantteil-aluminium-u-profil-baustoffhandel-carstensen-3\/"]}]},{"@type":"ImageObject","inLanguage":"en-GB","@id":"https:\/\/product-guide.org\/produkt\/sonderkantteil-aluminium-u-profil-baustoffhandel-carstensen-3\/#primaryimage","url":"https:\/\/product-guide.org\/wp-content\/uploads\/2025\/03\/sonderkantteil-aluminium-u-profil.jpg","contentUrl":"https:\/\/product-guide.org\/wp-content\/uploads\/2025\/03\/sonderkantteil-aluminium-u-profil.jpg","width":800,"height":800},{"@type":"BreadcrumbList","@id":"https:\/\/product-guide.org\/produkt\/sonderkantteil-aluminium-u-profil-baustoffhandel-carstensen-3\/#breadcrumb","itemListElement":[{"@type":"ListItem","position":1,"name":"Home","item":"https:\/\/product-guide.org\/"},{"@type":"ListItem","position":2,"name":"Ergebnisse","item":"https:\/\/product-guide.org\/de\/ergebnisse\/"},{"@type":"ListItem","position":3,"name":"Sonderkantteil Aluminium U-Profil | Baustoffhandel Carstensen"}]},{"@type":"WebSite","@id":"https:\/\/product-guide.org\/#website","url":"https:\/\/product-guide.org\/","name":"Product-Guide.org","description":"What Product are you looking for?","publisher":{"@id":"https:\/\/product-guide.org\/#organization"},"potentialAction":[{"@type":"SearchAction","target":{"@type":"EntryPoint","urlTemplate":"https:\/\/product-guide.org\/?s={search_term_string}"},"query-input":{"@type":"PropertyValueSpecification","valueRequired":true,"valueName":"search_term_string"}}],"inLanguage":"en-GB"},{"@type":"Organization","@id":"https:\/\/product-guide.org\/#organization","name":"Product-Guide.org","url":"https:\/\/product-guide.org\/","logo":{"@type":"ImageObject","inLanguage":"en-GB","@id":"https:\/\/product-guide.org\/#\/schema\/logo\/image\/","url":"https:\/\/product-guide.org\/wp-content\/uploads\/2022\/07\/logo_transparent_background.png","contentUrl":"https:\/\/product-guide.org\/wp-content\/uploads\/2022\/07\/logo_transparent_background.png","width":3400,"height":1132,"caption":"Product-Guide.org"},"image":{"@id":"https:\/\/product-guide.org\/#\/schema\/logo\/image\/"}}]}},"_links":{"self":[{"href":"https:\/\/product-guide.org\/en\/wp-json\/wp\/v2\/product\/55866","targetHints":{"allow":["GET"]}}],"collection":[{"href":"https:\/\/product-guide.org\/en\/wp-json\/wp\/v2\/product"}],"about":[{"href":"https:\/\/product-guide.org\/en\/wp-json\/wp\/v2\/types\/product"}],"wp:featuredmedia":[{"embeddable":true,"href":"https:\/\/product-guide.org\/en\/wp-json\/wp\/v2\/media\/55863"}],"wp:attachment":[{"href":"https:\/\/product-guide.org\/en\/wp-json\/wp\/v2\/media?parent=55866"}],"wp:term":[{"taxonomy":"store","embeddable":true,"href":"https:\/\/product-guide.org\/en\/wp-json\/wp\/v2\/store?post=55866"},{"taxonomy":"product_brand","embeddable":true,"href":"https:\/\/product-guide.org\/en\/wp-json\/wp\/v2\/product_brand?post=55866"},{"taxonomy":"product_cat","embeddable":true,"href":"https:\/\/product-guide.org\/en\/wp-json\/wp\/v2\/product_cat?post=55866"},{"taxonomy":"product_tag","embeddable":true,"href":"https:\/\/product-guide.org\/en\/wp-json\/wp\/v2\/product_tag?post=55866"}],"curies":[{"name":"wp","href":"https:\/\/api.w.org\/{rel}","templated":true}]}}