{"id":55988,"date":"2025-03-17T12:40:14","date_gmt":"2025-03-17T11:40:14","guid":{"rendered":"https:\/\/product-guide.org\/produkt\/ironmaster-landmine-ironmaster\/"},"modified":"2025-03-17T12:40:14","modified_gmt":"2025-03-17T11:40:14","slug":"ironmaster-landmine-ironmaster","status":"publish","type":"product","link":"https:\/\/product-guide.org\/en\/produkt\/ironmaster-landmine-ironmaster\/","title":{"rendered":"Ironmaster Landmine | Ironmaster"},"content":{"rendered":"<p>Dieser Aufsatz wurde f\u00fcr die Verwendung mit einer Langhantel entwickelt, um eine Vielzahl von \u00dcbungen f\u00fcr den Oberk\u00f6rper und die Rumpfmuskulatur durchzuf\u00fchren. Er kann mit dem IM1500 und IM2000 verwendet werden.<\/p>\n","protected":false},"excerpt":{"rendered":"<p>Dieser Aufsatz wurde f\u00fcr die Verwendung mit einer Langhantel entwickelt, um eine Vielzahl von \u00dcbungen f\u00fcr den Oberk\u00f6rper und die Rumpfmuskulatur durchzuf\u00fchren. Er kann mit dem IM1500 und IM2000 verwendet werden.<\/p>\n","protected":false},"featured_media":55987,"template":"","meta":{"_gspb_post_css":""},"store":[],"product_brand":[1436],"product_cat":[1290],"product_tag":[],"class_list":{"0":"post-55988","1":"product","2":"type-product","3":"status-publish","4":"has-post-thumbnail","6":"product_brand-ironmaster","7":"product_cat-uncategorized","9":"first","10":"instock","11":"shipping-taxable","12":"purchasable","13":"product-type-simple"},"yoast_head":"<!-- This site is optimized with the Yoast SEO plugin v24.6 - https:\/\/yoast.com\/wordpress\/plugins\/seo\/ -->\n<title>Ironmaster Landmine | Ironmaster | Product-Guide.org<\/title>\n<meta name=\"description\" content=\"Ironmaster Landmine | Ironmaster gefunden von Product-Guide.org\" \/>\n<meta name=\"robots\" content=\"index, follow, max-snippet:-1, max-image-preview:large, max-video-preview:-1\" \/>\n<link rel=\"canonical\" href=\"https:\/\/product-guide.org\/en\/produkt\/ironmaster-landmine-ironmaster\/\" \/>\n<meta property=\"og:locale\" content=\"en_GB\" \/>\n<meta property=\"og:type\" content=\"article\" \/>\n<meta property=\"og:title\" content=\"Ironmaster Landmine | Ironmaster | Product-Guide.org\" \/>\n<meta property=\"og:description\" content=\"Ironmaster Landmine | Ironmaster gefunden von Product-Guide.org\" \/>\n<meta property=\"og:url\" content=\"https:\/\/product-guide.org\/en\/produkt\/ironmaster-landmine-ironmaster\/\" \/>\n<meta property=\"og:site_name\" content=\"Product-Guide.org\" \/>\n<meta name=\"twitter:card\" content=\"summary_large_image\" \/>\n<script type=\"application\/ld+json\" class=\"yoast-schema-graph\">{\"@context\":\"https:\/\/schema.org\",\"@graph\":[{\"@type\":\"WebPage\",\"@id\":\"https:\/\/product-guide.org\/produkt\/ironmaster-landmine-ironmaster\/\",\"url\":\"https:\/\/product-guide.org\/produkt\/ironmaster-landmine-ironmaster\/\",\"name\":\"Ironmaster Landmine | Ironmaster | Product-Guide.org\",\"isPartOf\":{\"@id\":\"https:\/\/product-guide.org\/#website\"},\"primaryImageOfPage\":{\"@id\":\"https:\/\/product-guide.org\/produkt\/ironmaster-landmine-ironmaster\/#primaryimage\"},\"image\":{\"@id\":\"https:\/\/product-guide.org\/produkt\/ironmaster-landmine-ironmaster\/#primaryimage\"},\"thumbnailUrl\":\"https:\/\/product-guide.org\/wp-content\/uploads\/2025\/03\/image-134.jpg\",\"datePublished\":\"2025-03-17T11:40:14+00:00\",\"description\":\"Ironmaster Landmine | Ironmaster gefunden von Product-Guide.org\",\"breadcrumb\":{\"@id\":\"https:\/\/product-guide.org\/produkt\/ironmaster-landmine-ironmaster\/#breadcrumb\"},\"inLanguage\":\"en-GB\",\"potentialAction\":[{\"@type\":\"ReadAction\",\"target\":[\"https:\/\/product-guide.org\/produkt\/ironmaster-landmine-ironmaster\/\"]}]},{\"@type\":\"ImageObject\",\"inLanguage\":\"en-GB\",\"@id\":\"https:\/\/product-guide.org\/produkt\/ironmaster-landmine-ironmaster\/#primaryimage\",\"url\":\"https:\/\/product-guide.org\/wp-content\/uploads\/2025\/03\/image-134.jpg\",\"contentUrl\":\"https:\/\/product-guide.org\/wp-content\/uploads\/2025\/03\/image-134.jpg\",\"width\":2002,\"height\":2000},{\"@type\":\"BreadcrumbList\",\"@id\":\"https:\/\/product-guide.org\/produkt\/ironmaster-landmine-ironmaster\/#breadcrumb\",\"itemListElement\":[{\"@type\":\"ListItem\",\"position\":1,\"name\":\"Home\",\"item\":\"https:\/\/product-guide.org\/\"},{\"@type\":\"ListItem\",\"position\":2,\"name\":\"Ergebnisse\",\"item\":\"https:\/\/product-guide.org\/de\/ergebnisse\/\"},{\"@type\":\"ListItem\",\"position\":3,\"name\":\"Ironmaster Landmine | Ironmaster\"}]},{\"@type\":\"WebSite\",\"@id\":\"https:\/\/product-guide.org\/#website\",\"url\":\"https:\/\/product-guide.org\/\",\"name\":\"Product-Guide.org\",\"description\":\"What Product are you looking for?\",\"publisher\":{\"@id\":\"https:\/\/product-guide.org\/#organization\"},\"potentialAction\":[{\"@type\":\"SearchAction\",\"target\":{\"@type\":\"EntryPoint\",\"urlTemplate\":\"https:\/\/product-guide.org\/?s={search_term_string}\"},\"query-input\":{\"@type\":\"PropertyValueSpecification\",\"valueRequired\":true,\"valueName\":\"search_term_string\"}}],\"inLanguage\":\"en-GB\"},{\"@type\":\"Organization\",\"@id\":\"https:\/\/product-guide.org\/#organization\",\"name\":\"Product-Guide.org\",\"url\":\"https:\/\/product-guide.org\/\",\"logo\":{\"@type\":\"ImageObject\",\"inLanguage\":\"en-GB\",\"@id\":\"https:\/\/product-guide.org\/#\/schema\/logo\/image\/\",\"url\":\"https:\/\/product-guide.org\/wp-content\/uploads\/2022\/07\/logo_transparent_background.png\",\"contentUrl\":\"https:\/\/product-guide.org\/wp-content\/uploads\/2022\/07\/logo_transparent_background.png\",\"width\":3400,\"height\":1132,\"caption\":\"Product-Guide.org\"},\"image\":{\"@id\":\"https:\/\/product-guide.org\/#\/schema\/logo\/image\/\"}}]}<\/script>\n<!-- \/ Yoast SEO plugin. -->","yoast_head_json":{"title":"Ironmaster Landmine | Ironmaster | Product-Guide.org","description":"Ironmaster Landmine | Ironmaster gefunden von Product-Guide.org","robots":{"index":"index","follow":"follow","max-snippet":"max-snippet:-1","max-image-preview":"max-image-preview:large","max-video-preview":"max-video-preview:-1"},"canonical":"https:\/\/product-guide.org\/en\/produkt\/ironmaster-landmine-ironmaster\/","og_locale":"en_GB","og_type":"article","og_title":"Ironmaster Landmine | Ironmaster | Product-Guide.org","og_description":"Ironmaster Landmine | Ironmaster gefunden von Product-Guide.org","og_url":"https:\/\/product-guide.org\/en\/produkt\/ironmaster-landmine-ironmaster\/","og_site_name":"Product-Guide.org","twitter_card":"summary_large_image","schema":{"@context":"https:\/\/schema.org","@graph":[{"@type":"WebPage","@id":"https:\/\/product-guide.org\/produkt\/ironmaster-landmine-ironmaster\/","url":"https:\/\/product-guide.org\/produkt\/ironmaster-landmine-ironmaster\/","name":"Ironmaster Landmine | Ironmaster | Product-Guide.org","isPartOf":{"@id":"https:\/\/product-guide.org\/#website"},"primaryImageOfPage":{"@id":"https:\/\/product-guide.org\/produkt\/ironmaster-landmine-ironmaster\/#primaryimage"},"image":{"@id":"https:\/\/product-guide.org\/produkt\/ironmaster-landmine-ironmaster\/#primaryimage"},"thumbnailUrl":"https:\/\/product-guide.org\/wp-content\/uploads\/2025\/03\/image-134.jpg","datePublished":"2025-03-17T11:40:14+00:00","description":"Ironmaster Landmine | Ironmaster gefunden von Product-Guide.org","breadcrumb":{"@id":"https:\/\/product-guide.org\/produkt\/ironmaster-landmine-ironmaster\/#breadcrumb"},"inLanguage":"en-GB","potentialAction":[{"@type":"ReadAction","target":["https:\/\/product-guide.org\/produkt\/ironmaster-landmine-ironmaster\/"]}]},{"@type":"ImageObject","inLanguage":"en-GB","@id":"https:\/\/product-guide.org\/produkt\/ironmaster-landmine-ironmaster\/#primaryimage","url":"https:\/\/product-guide.org\/wp-content\/uploads\/2025\/03\/image-134.jpg","contentUrl":"https:\/\/product-guide.org\/wp-content\/uploads\/2025\/03\/image-134.jpg","width":2002,"height":2000},{"@type":"BreadcrumbList","@id":"https:\/\/product-guide.org\/produkt\/ironmaster-landmine-ironmaster\/#breadcrumb","itemListElement":[{"@type":"ListItem","position":1,"name":"Home","item":"https:\/\/product-guide.org\/"},{"@type":"ListItem","position":2,"name":"Ergebnisse","item":"https:\/\/product-guide.org\/de\/ergebnisse\/"},{"@type":"ListItem","position":3,"name":"Ironmaster Landmine | Ironmaster"}]},{"@type":"WebSite","@id":"https:\/\/product-guide.org\/#website","url":"https:\/\/product-guide.org\/","name":"Product-Guide.org","description":"What Product are you looking for?","publisher":{"@id":"https:\/\/product-guide.org\/#organization"},"potentialAction":[{"@type":"SearchAction","target":{"@type":"EntryPoint","urlTemplate":"https:\/\/product-guide.org\/?s={search_term_string}"},"query-input":{"@type":"PropertyValueSpecification","valueRequired":true,"valueName":"search_term_string"}}],"inLanguage":"en-GB"},{"@type":"Organization","@id":"https:\/\/product-guide.org\/#organization","name":"Product-Guide.org","url":"https:\/\/product-guide.org\/","logo":{"@type":"ImageObject","inLanguage":"en-GB","@id":"https:\/\/product-guide.org\/#\/schema\/logo\/image\/","url":"https:\/\/product-guide.org\/wp-content\/uploads\/2022\/07\/logo_transparent_background.png","contentUrl":"https:\/\/product-guide.org\/wp-content\/uploads\/2022\/07\/logo_transparent_background.png","width":3400,"height":1132,"caption":"Product-Guide.org"},"image":{"@id":"https:\/\/product-guide.org\/#\/schema\/logo\/image\/"}}]}},"_links":{"self":[{"href":"https:\/\/product-guide.org\/en\/wp-json\/wp\/v2\/product\/55988","targetHints":{"allow":["GET"]}}],"collection":[{"href":"https:\/\/product-guide.org\/en\/wp-json\/wp\/v2\/product"}],"about":[{"href":"https:\/\/product-guide.org\/en\/wp-json\/wp\/v2\/types\/product"}],"wp:featuredmedia":[{"embeddable":true,"href":"https:\/\/product-guide.org\/en\/wp-json\/wp\/v2\/media\/55987"}],"wp:attachment":[{"href":"https:\/\/product-guide.org\/en\/wp-json\/wp\/v2\/media?parent=55988"}],"wp:term":[{"taxonomy":"store","embeddable":true,"href":"https:\/\/product-guide.org\/en\/wp-json\/wp\/v2\/store?post=55988"},{"taxonomy":"product_brand","embeddable":true,"href":"https:\/\/product-guide.org\/en\/wp-json\/wp\/v2\/product_brand?post=55988"},{"taxonomy":"product_cat","embeddable":true,"href":"https:\/\/product-guide.org\/en\/wp-json\/wp\/v2\/product_cat?post=55988"},{"taxonomy":"product_tag","embeddable":true,"href":"https:\/\/product-guide.org\/en\/wp-json\/wp\/v2\/product_tag?post=55988"}],"curies":[{"name":"wp","href":"https:\/\/api.w.org\/{rel}","templated":true}]}}