{"id":56064,"date":"2025-03-17T12:41:49","date_gmt":"2025-03-17T11:41:49","guid":{"rendered":"https:\/\/product-guide.org\/produkt\/ben-engraved-line-waschtischarmatur-matt-schwarz-saniweb\/"},"modified":"2025-03-17T12:41:50","modified_gmt":"2025-03-17T11:41:50","slug":"ben-engraved-line-waschtischarmatur-matt-schwarz-saniweb","status":"publish","type":"product","link":"https:\/\/product-guide.org\/en\/produkt\/ben-engraved-line-waschtischarmatur-matt-schwarz-saniweb\/","title":{"rendered":"Ben Engraved Line Waschtischarmatur Matt Schwarz | Saniweb"},"content":{"rendered":"<p>Ben Engraved Line Kaltwasserhahn in Matt SchwarzDiese Kaltwasserarmatur von Ben in der Farbe Matt Schwarz vervollst\u00e4ndigt Ihr G\u00e4ste-WC auf stilvolle Weise. Dank seines schlichten Designs passt der Wasserhahn in nahezu jedes G\u00e4ste-WC oder Badezimmer und ist noch dazu \u00e4u\u00dferst komfortabel in der Bedienung. KaltwasserhahnBei diesem Wasserhahn handelt es sich um einen Kaltwasserhahn. Das bedeutet, dass diese Armatur ausschlie\u00dflich kaltes Wasser liefert. Sie k\u00f6nnen diese Waschtischarmatur problemlos an die Kaltwasserleitung in Ihrem G\u00e4ste-WC anschlie\u00dfen und so die funktionelle Armatur auf Ihrem Handwaschbecken genie\u00dfen.Einzigartiges Design mit e.tra GripWenn Sie auf der Suche nach einem echten Eyecatcher f\u00fcr Ihr G\u00e4ste-WC sind, ist diese Waschtischarmatur perfekt. Das gravierte Linienspiel am Bedienknopf des Wasserhahns macht das Design dieser Armatur einzigartig und sorgt noch dazu f\u00fcr zus\u00e4tzlichen Grip. Produktmerkmale * Armatur in der stilvollen Farbe Matt Schwarz *<\/p>\n","protected":false},"excerpt":{"rendered":"<p>Ben Engraved Line Kaltwasserhahn in Matt SchwarzDiese Kaltwasserarmatur von Ben in der Farbe Matt Schwarz vervollst\u00e4ndigt Ihr G\u00e4ste-WC auf stilvolle Weise. Dank seines schlichten Designs passt der Wasserhahn in nahezu jedes G\u00e4ste-WC oder Badezimmer und ist noch dazu \u00e4u\u00dferst komfortabel in der Bedienung. KaltwasserhahnBei diesem Wasserhahn handelt es sich um einen Kaltwasserhahn. Das bedeutet, dass [&hellip;]<\/p>\n","protected":false},"featured_media":56063,"template":"","meta":{"_gspb_post_css":""},"store":[],"product_brand":[1438],"product_cat":[1290],"product_tag":[],"class_list":{"0":"post-56064","1":"product","2":"type-product","3":"status-publish","4":"has-post-thumbnail","6":"product_brand-saniweb","7":"product_cat-uncategorized","9":"first","10":"instock","11":"shipping-taxable","12":"purchasable","13":"product-type-simple"},"yoast_head":"<!-- This site is optimized with the Yoast SEO plugin v24.6 - https:\/\/yoast.com\/wordpress\/plugins\/seo\/ -->\n<title>Ben Engraved Line Waschtischarmatur Matt Schwarz | Saniweb | Product-Guide.org<\/title>\n<meta name=\"description\" content=\"Ben Engraved Line Waschtischarmatur Matt Schwarz | Saniweb gefunden von Product-Guide.org\" \/>\n<meta name=\"robots\" content=\"index, follow, max-snippet:-1, max-image-preview:large, max-video-preview:-1\" \/>\n<link rel=\"canonical\" href=\"https:\/\/product-guide.org\/en\/produkt\/ben-engraved-line-waschtischarmatur-matt-schwarz-saniweb\/\" \/>\n<meta property=\"og:locale\" content=\"en_GB\" \/>\n<meta property=\"og:type\" content=\"article\" \/>\n<meta property=\"og:title\" content=\"Ben Engraved Line Waschtischarmatur Matt Schwarz | Saniweb | Product-Guide.org\" \/>\n<meta property=\"og:description\" content=\"Ben Engraved Line Waschtischarmatur Matt Schwarz | Saniweb gefunden von Product-Guide.org\" \/>\n<meta property=\"og:url\" content=\"https:\/\/product-guide.org\/en\/produkt\/ben-engraved-line-waschtischarmatur-matt-schwarz-saniweb\/\" \/>\n<meta property=\"og:site_name\" content=\"Product-Guide.org\" \/>\n<meta property=\"article:modified_time\" content=\"2025-03-17T11:41:50+00:00\" \/>\n<meta name=\"twitter:card\" content=\"summary_large_image\" \/>\n<script type=\"application\/ld+json\" class=\"yoast-schema-graph\">{\"@context\":\"https:\/\/schema.org\",\"@graph\":[{\"@type\":\"WebPage\",\"@id\":\"https:\/\/product-guide.org\/produkt\/ben-engraved-line-waschtischarmatur-matt-schwarz-saniweb\/\",\"url\":\"https:\/\/product-guide.org\/produkt\/ben-engraved-line-waschtischarmatur-matt-schwarz-saniweb\/\",\"name\":\"Ben Engraved Line Waschtischarmatur Matt Schwarz | Saniweb | Product-Guide.org\",\"isPartOf\":{\"@id\":\"https:\/\/product-guide.org\/#website\"},\"primaryImageOfPage\":{\"@id\":\"https:\/\/product-guide.org\/produkt\/ben-engraved-line-waschtischarmatur-matt-schwarz-saniweb\/#primaryimage\"},\"image\":{\"@id\":\"https:\/\/product-guide.org\/produkt\/ben-engraved-line-waschtischarmatur-matt-schwarz-saniweb\/#primaryimage\"},\"thumbnailUrl\":\"https:\/\/product-guide.org\/wp-content\/uploads\/2025\/03\/ENGLIFTKRMB_P11.jpg\",\"datePublished\":\"2025-03-17T11:41:49+00:00\",\"dateModified\":\"2025-03-17T11:41:50+00:00\",\"description\":\"Ben Engraved Line Waschtischarmatur Matt Schwarz | Saniweb gefunden von Product-Guide.org\",\"breadcrumb\":{\"@id\":\"https:\/\/product-guide.org\/produkt\/ben-engraved-line-waschtischarmatur-matt-schwarz-saniweb\/#breadcrumb\"},\"inLanguage\":\"en-GB\",\"potentialAction\":[{\"@type\":\"ReadAction\",\"target\":[\"https:\/\/product-guide.org\/produkt\/ben-engraved-line-waschtischarmatur-matt-schwarz-saniweb\/\"]}]},{\"@type\":\"ImageObject\",\"inLanguage\":\"en-GB\",\"@id\":\"https:\/\/product-guide.org\/produkt\/ben-engraved-line-waschtischarmatur-matt-schwarz-saniweb\/#primaryimage\",\"url\":\"https:\/\/product-guide.org\/wp-content\/uploads\/2025\/03\/ENGLIFTKRMB_P11.jpg\",\"contentUrl\":\"https:\/\/product-guide.org\/wp-content\/uploads\/2025\/03\/ENGLIFTKRMB_P11.jpg\",\"width\":1690,\"height\":2000},{\"@type\":\"BreadcrumbList\",\"@id\":\"https:\/\/product-guide.org\/produkt\/ben-engraved-line-waschtischarmatur-matt-schwarz-saniweb\/#breadcrumb\",\"itemListElement\":[{\"@type\":\"ListItem\",\"position\":1,\"name\":\"Home\",\"item\":\"https:\/\/product-guide.org\/\"},{\"@type\":\"ListItem\",\"position\":2,\"name\":\"Ergebnisse\",\"item\":\"https:\/\/product-guide.org\/de\/ergebnisse\/\"},{\"@type\":\"ListItem\",\"position\":3,\"name\":\"Ben Engraved Line Waschtischarmatur Matt Schwarz | Saniweb\"}]},{\"@type\":\"WebSite\",\"@id\":\"https:\/\/product-guide.org\/#website\",\"url\":\"https:\/\/product-guide.org\/\",\"name\":\"Product-Guide.org\",\"description\":\"What Product are you looking for?\",\"publisher\":{\"@id\":\"https:\/\/product-guide.org\/#organization\"},\"potentialAction\":[{\"@type\":\"SearchAction\",\"target\":{\"@type\":\"EntryPoint\",\"urlTemplate\":\"https:\/\/product-guide.org\/?s={search_term_string}\"},\"query-input\":{\"@type\":\"PropertyValueSpecification\",\"valueRequired\":true,\"valueName\":\"search_term_string\"}}],\"inLanguage\":\"en-GB\"},{\"@type\":\"Organization\",\"@id\":\"https:\/\/product-guide.org\/#organization\",\"name\":\"Product-Guide.org\",\"url\":\"https:\/\/product-guide.org\/\",\"logo\":{\"@type\":\"ImageObject\",\"inLanguage\":\"en-GB\",\"@id\":\"https:\/\/product-guide.org\/#\/schema\/logo\/image\/\",\"url\":\"https:\/\/product-guide.org\/wp-content\/uploads\/2022\/07\/logo_transparent_background.png\",\"contentUrl\":\"https:\/\/product-guide.org\/wp-content\/uploads\/2022\/07\/logo_transparent_background.png\",\"width\":3400,\"height\":1132,\"caption\":\"Product-Guide.org\"},\"image\":{\"@id\":\"https:\/\/product-guide.org\/#\/schema\/logo\/image\/\"}}]}<\/script>\n<!-- \/ Yoast SEO plugin. -->","yoast_head_json":{"title":"Ben Engraved Line Waschtischarmatur Matt Schwarz | Saniweb | Product-Guide.org","description":"Ben Engraved Line Waschtischarmatur Matt Schwarz | Saniweb gefunden von Product-Guide.org","robots":{"index":"index","follow":"follow","max-snippet":"max-snippet:-1","max-image-preview":"max-image-preview:large","max-video-preview":"max-video-preview:-1"},"canonical":"https:\/\/product-guide.org\/en\/produkt\/ben-engraved-line-waschtischarmatur-matt-schwarz-saniweb\/","og_locale":"en_GB","og_type":"article","og_title":"Ben Engraved Line Waschtischarmatur Matt Schwarz | Saniweb | Product-Guide.org","og_description":"Ben Engraved Line Waschtischarmatur Matt Schwarz | Saniweb gefunden von Product-Guide.org","og_url":"https:\/\/product-guide.org\/en\/produkt\/ben-engraved-line-waschtischarmatur-matt-schwarz-saniweb\/","og_site_name":"Product-Guide.org","article_modified_time":"2025-03-17T11:41:50+00:00","twitter_card":"summary_large_image","schema":{"@context":"https:\/\/schema.org","@graph":[{"@type":"WebPage","@id":"https:\/\/product-guide.org\/produkt\/ben-engraved-line-waschtischarmatur-matt-schwarz-saniweb\/","url":"https:\/\/product-guide.org\/produkt\/ben-engraved-line-waschtischarmatur-matt-schwarz-saniweb\/","name":"Ben Engraved Line Waschtischarmatur Matt Schwarz | Saniweb | Product-Guide.org","isPartOf":{"@id":"https:\/\/product-guide.org\/#website"},"primaryImageOfPage":{"@id":"https:\/\/product-guide.org\/produkt\/ben-engraved-line-waschtischarmatur-matt-schwarz-saniweb\/#primaryimage"},"image":{"@id":"https:\/\/product-guide.org\/produkt\/ben-engraved-line-waschtischarmatur-matt-schwarz-saniweb\/#primaryimage"},"thumbnailUrl":"https:\/\/product-guide.org\/wp-content\/uploads\/2025\/03\/ENGLIFTKRMB_P11.jpg","datePublished":"2025-03-17T11:41:49+00:00","dateModified":"2025-03-17T11:41:50+00:00","description":"Ben Engraved Line Waschtischarmatur Matt Schwarz | Saniweb gefunden von Product-Guide.org","breadcrumb":{"@id":"https:\/\/product-guide.org\/produkt\/ben-engraved-line-waschtischarmatur-matt-schwarz-saniweb\/#breadcrumb"},"inLanguage":"en-GB","potentialAction":[{"@type":"ReadAction","target":["https:\/\/product-guide.org\/produkt\/ben-engraved-line-waschtischarmatur-matt-schwarz-saniweb\/"]}]},{"@type":"ImageObject","inLanguage":"en-GB","@id":"https:\/\/product-guide.org\/produkt\/ben-engraved-line-waschtischarmatur-matt-schwarz-saniweb\/#primaryimage","url":"https:\/\/product-guide.org\/wp-content\/uploads\/2025\/03\/ENGLIFTKRMB_P11.jpg","contentUrl":"https:\/\/product-guide.org\/wp-content\/uploads\/2025\/03\/ENGLIFTKRMB_P11.jpg","width":1690,"height":2000},{"@type":"BreadcrumbList","@id":"https:\/\/product-guide.org\/produkt\/ben-engraved-line-waschtischarmatur-matt-schwarz-saniweb\/#breadcrumb","itemListElement":[{"@type":"ListItem","position":1,"name":"Home","item":"https:\/\/product-guide.org\/"},{"@type":"ListItem","position":2,"name":"Ergebnisse","item":"https:\/\/product-guide.org\/de\/ergebnisse\/"},{"@type":"ListItem","position":3,"name":"Ben Engraved Line Waschtischarmatur Matt Schwarz | Saniweb"}]},{"@type":"WebSite","@id":"https:\/\/product-guide.org\/#website","url":"https:\/\/product-guide.org\/","name":"Product-Guide.org","description":"What Product are you looking for?","publisher":{"@id":"https:\/\/product-guide.org\/#organization"},"potentialAction":[{"@type":"SearchAction","target":{"@type":"EntryPoint","urlTemplate":"https:\/\/product-guide.org\/?s={search_term_string}"},"query-input":{"@type":"PropertyValueSpecification","valueRequired":true,"valueName":"search_term_string"}}],"inLanguage":"en-GB"},{"@type":"Organization","@id":"https:\/\/product-guide.org\/#organization","name":"Product-Guide.org","url":"https:\/\/product-guide.org\/","logo":{"@type":"ImageObject","inLanguage":"en-GB","@id":"https:\/\/product-guide.org\/#\/schema\/logo\/image\/","url":"https:\/\/product-guide.org\/wp-content\/uploads\/2022\/07\/logo_transparent_background.png","contentUrl":"https:\/\/product-guide.org\/wp-content\/uploads\/2022\/07\/logo_transparent_background.png","width":3400,"height":1132,"caption":"Product-Guide.org"},"image":{"@id":"https:\/\/product-guide.org\/#\/schema\/logo\/image\/"}}]}},"_links":{"self":[{"href":"https:\/\/product-guide.org\/en\/wp-json\/wp\/v2\/product\/56064","targetHints":{"allow":["GET"]}}],"collection":[{"href":"https:\/\/product-guide.org\/en\/wp-json\/wp\/v2\/product"}],"about":[{"href":"https:\/\/product-guide.org\/en\/wp-json\/wp\/v2\/types\/product"}],"wp:featuredmedia":[{"embeddable":true,"href":"https:\/\/product-guide.org\/en\/wp-json\/wp\/v2\/media\/56063"}],"wp:attachment":[{"href":"https:\/\/product-guide.org\/en\/wp-json\/wp\/v2\/media?parent=56064"}],"wp:term":[{"taxonomy":"store","embeddable":true,"href":"https:\/\/product-guide.org\/en\/wp-json\/wp\/v2\/store?post=56064"},{"taxonomy":"product_brand","embeddable":true,"href":"https:\/\/product-guide.org\/en\/wp-json\/wp\/v2\/product_brand?post=56064"},{"taxonomy":"product_cat","embeddable":true,"href":"https:\/\/product-guide.org\/en\/wp-json\/wp\/v2\/product_cat?post=56064"},{"taxonomy":"product_tag","embeddable":true,"href":"https:\/\/product-guide.org\/en\/wp-json\/wp\/v2\/product_tag?post=56064"}],"curies":[{"name":"wp","href":"https:\/\/api.w.org\/{rel}","templated":true}]}}