{"id":56072,"date":"2025-03-17T12:41:58","date_gmt":"2025-03-17T11:41:58","guid":{"rendered":"https:\/\/product-guide.org\/produkt\/bodenfliese-terratinta-kos-30x60x1-cm-weis-108-m2-saniweb\/"},"modified":"2025-03-17T12:41:59","modified_gmt":"2025-03-17T11:41:59","slug":"bodenfliese-terratinta-kos-30x60x1-cm-weis-108-m2-saniweb","status":"publish","type":"product","link":"https:\/\/product-guide.org\/en\/produkt\/bodenfliese-terratinta-kos-30x60x1-cm-weis-108-m2-saniweb\/","title":{"rendered":"Bodenfliese Terratinta Kos 30x60x1 cm Wei\u00df 1,08 M2 | Saniweb"},"content":{"rendered":"<p>Terratinta Kos Bodenfliese in der Farbe VitDiese Fliese ist in der stilvollen Farbe Vit erh\u00e4ltlich. Die Fliese eignet sich f\u00fcr die Bodenverlegung. Im Allgemeinen k\u00f6nnen Bodenfliesen auch an W\u00e4nden verwendet werden. Es ist jedoch zu beachten, dass Bodenfliesen in der Regel dicker und h\u00e4rter sind, was das Bohren von L\u00f6chern, beispielsweise f\u00fcr eine Unterputzarmatur, erschweren kann. In solchen F\u00e4llen ist m\u00f6glicherweise die Verwendung eines speziellen Diamantbohrers erforderlich. Die Fliese sieht nat\u00fcrlich und unpoliert aus, es ist kein offensichtlicher Glanz erkennbar.Rektifiziert: Extra d\u00fcnne FugenDiese rektifizierte Fliese wird erst nach dem Brennen pr\u00e4zise zugeschnitten und weist daher sehr gerade Kanten auf. Aufgrund der nahezu gleichen Gr\u00f6\u00dfe der Fliesen k\u00f6nnen Sie sehr schmale Fugen ab 2 mm w\u00e4hlen. Eine d\u00fcnne Fuge tr\u00e4gt dazu bei, dass der Raum ruhiger und ebenm\u00e4\u00dfiger erscheint.Beachten Sie das FarbspielDiese Fliese hat ein Farbspiel von V2. Das V-Farbspiel gibt an, wie<\/p>\n","protected":false},"excerpt":{"rendered":"<p>Terratinta Kos Bodenfliese in der Farbe VitDiese Fliese ist in der stilvollen Farbe Vit erh\u00e4ltlich. Die Fliese eignet sich f\u00fcr die Bodenverlegung. Im Allgemeinen k\u00f6nnen Bodenfliesen auch an W\u00e4nden verwendet werden. Es ist jedoch zu beachten, dass Bodenfliesen in der Regel dicker und h\u00e4rter sind, was das Bohren von L\u00f6chern, beispielsweise f\u00fcr eine Unterputzarmatur, erschweren [&hellip;]<\/p>\n","protected":false},"featured_media":56071,"template":"","meta":{"_gspb_post_css":""},"store":[],"product_brand":[1438],"product_cat":[1290],"product_tag":[],"class_list":{"0":"post-56072","1":"product","2":"type-product","3":"status-publish","4":"has-post-thumbnail","6":"product_brand-saniweb","7":"product_cat-uncategorized","9":"first","10":"instock","11":"shipping-taxable","12":"purchasable","13":"product-type-simple"},"yoast_head":"<!-- This site is optimized with the Yoast SEO plugin v24.6 - https:\/\/yoast.com\/wordpress\/plugins\/seo\/ -->\n<title>Bodenfliese Terratinta Kos 30x60x1 cm Wei\u00df 1,08 M2 | Saniweb | Product-Guide.org<\/title>\n<meta name=\"description\" content=\"Bodenfliese Terratinta Kos 30x60x1 cm Wei\u00df 1,08 M2 | Saniweb gefunden von Product-Guide.org\" \/>\n<meta name=\"robots\" content=\"index, follow, max-snippet:-1, max-image-preview:large, max-video-preview:-1\" \/>\n<link rel=\"canonical\" href=\"https:\/\/product-guide.org\/en\/produkt\/bodenfliese-terratinta-kos-30x60x1-cm-weis-108-m2-saniweb\/\" \/>\n<meta property=\"og:locale\" content=\"en_GB\" \/>\n<meta property=\"og:type\" content=\"article\" \/>\n<meta property=\"og:title\" content=\"Bodenfliese Terratinta Kos 30x60x1 cm Wei\u00df 1,08 M2 | Saniweb | Product-Guide.org\" \/>\n<meta property=\"og:description\" content=\"Bodenfliese Terratinta Kos 30x60x1 cm Wei\u00df 1,08 M2 | Saniweb gefunden von Product-Guide.org\" \/>\n<meta property=\"og:url\" content=\"https:\/\/product-guide.org\/en\/produkt\/bodenfliese-terratinta-kos-30x60x1-cm-weis-108-m2-saniweb\/\" \/>\n<meta property=\"og:site_name\" content=\"Product-Guide.org\" \/>\n<meta property=\"article:modified_time\" content=\"2025-03-17T11:41:59+00:00\" \/>\n<meta name=\"twitter:card\" content=\"summary_large_image\" \/>\n<script type=\"application\/ld+json\" class=\"yoast-schema-graph\">{\"@context\":\"https:\/\/schema.org\",\"@graph\":[{\"@type\":\"WebPage\",\"@id\":\"https:\/\/product-guide.org\/produkt\/bodenfliese-terratinta-kos-30x60x1-cm-weis-108-m2-saniweb\/\",\"url\":\"https:\/\/product-guide.org\/produkt\/bodenfliese-terratinta-kos-30x60x1-cm-weis-108-m2-saniweb\/\",\"name\":\"Bodenfliese Terratinta Kos 30x60x1 cm Wei\u00df 1,08 M2 | Saniweb | Product-Guide.org\",\"isPartOf\":{\"@id\":\"https:\/\/product-guide.org\/#website\"},\"primaryImageOfPage\":{\"@id\":\"https:\/\/product-guide.org\/produkt\/bodenfliese-terratinta-kos-30x60x1-cm-weis-108-m2-saniweb\/#primaryimage\"},\"image\":{\"@id\":\"https:\/\/product-guide.org\/produkt\/bodenfliese-terratinta-kos-30x60x1-cm-weis-108-m2-saniweb\/#primaryimage\"},\"thumbnailUrl\":\"https:\/\/product-guide.org\/wp-content\/uploads\/2025\/03\/312306051186.jpg\",\"datePublished\":\"2025-03-17T11:41:58+00:00\",\"dateModified\":\"2025-03-17T11:41:59+00:00\",\"description\":\"Bodenfliese Terratinta Kos 30x60x1 cm Wei\u00df 1,08 M2 | Saniweb gefunden von Product-Guide.org\",\"breadcrumb\":{\"@id\":\"https:\/\/product-guide.org\/produkt\/bodenfliese-terratinta-kos-30x60x1-cm-weis-108-m2-saniweb\/#breadcrumb\"},\"inLanguage\":\"en-GB\",\"potentialAction\":[{\"@type\":\"ReadAction\",\"target\":[\"https:\/\/product-guide.org\/produkt\/bodenfliese-terratinta-kos-30x60x1-cm-weis-108-m2-saniweb\/\"]}]},{\"@type\":\"ImageObject\",\"inLanguage\":\"en-GB\",\"@id\":\"https:\/\/product-guide.org\/produkt\/bodenfliese-terratinta-kos-30x60x1-cm-weis-108-m2-saniweb\/#primaryimage\",\"url\":\"https:\/\/product-guide.org\/wp-content\/uploads\/2025\/03\/312306051186.jpg\",\"contentUrl\":\"https:\/\/product-guide.org\/wp-content\/uploads\/2025\/03\/312306051186.jpg\",\"width\":2000,\"height\":1032},{\"@type\":\"BreadcrumbList\",\"@id\":\"https:\/\/product-guide.org\/produkt\/bodenfliese-terratinta-kos-30x60x1-cm-weis-108-m2-saniweb\/#breadcrumb\",\"itemListElement\":[{\"@type\":\"ListItem\",\"position\":1,\"name\":\"Home\",\"item\":\"https:\/\/product-guide.org\/\"},{\"@type\":\"ListItem\",\"position\":2,\"name\":\"Ergebnisse\",\"item\":\"https:\/\/product-guide.org\/de\/ergebnisse\/\"},{\"@type\":\"ListItem\",\"position\":3,\"name\":\"Bodenfliese Terratinta Kos 30x60x1 cm Wei\u00df 1,08 M2 | Saniweb\"}]},{\"@type\":\"WebSite\",\"@id\":\"https:\/\/product-guide.org\/#website\",\"url\":\"https:\/\/product-guide.org\/\",\"name\":\"Product-Guide.org\",\"description\":\"What Product are you looking for?\",\"publisher\":{\"@id\":\"https:\/\/product-guide.org\/#organization\"},\"potentialAction\":[{\"@type\":\"SearchAction\",\"target\":{\"@type\":\"EntryPoint\",\"urlTemplate\":\"https:\/\/product-guide.org\/?s={search_term_string}\"},\"query-input\":{\"@type\":\"PropertyValueSpecification\",\"valueRequired\":true,\"valueName\":\"search_term_string\"}}],\"inLanguage\":\"en-GB\"},{\"@type\":\"Organization\",\"@id\":\"https:\/\/product-guide.org\/#organization\",\"name\":\"Product-Guide.org\",\"url\":\"https:\/\/product-guide.org\/\",\"logo\":{\"@type\":\"ImageObject\",\"inLanguage\":\"en-GB\",\"@id\":\"https:\/\/product-guide.org\/#\/schema\/logo\/image\/\",\"url\":\"https:\/\/product-guide.org\/wp-content\/uploads\/2022\/07\/logo_transparent_background.png\",\"contentUrl\":\"https:\/\/product-guide.org\/wp-content\/uploads\/2022\/07\/logo_transparent_background.png\",\"width\":3400,\"height\":1132,\"caption\":\"Product-Guide.org\"},\"image\":{\"@id\":\"https:\/\/product-guide.org\/#\/schema\/logo\/image\/\"}}]}<\/script>\n<!-- \/ Yoast SEO plugin. -->","yoast_head_json":{"title":"Bodenfliese Terratinta Kos 30x60x1 cm Wei\u00df 1,08 M2 | Saniweb | Product-Guide.org","description":"Bodenfliese Terratinta Kos 30x60x1 cm Wei\u00df 1,08 M2 | Saniweb gefunden von Product-Guide.org","robots":{"index":"index","follow":"follow","max-snippet":"max-snippet:-1","max-image-preview":"max-image-preview:large","max-video-preview":"max-video-preview:-1"},"canonical":"https:\/\/product-guide.org\/en\/produkt\/bodenfliese-terratinta-kos-30x60x1-cm-weis-108-m2-saniweb\/","og_locale":"en_GB","og_type":"article","og_title":"Bodenfliese Terratinta Kos 30x60x1 cm Wei\u00df 1,08 M2 | Saniweb | Product-Guide.org","og_description":"Bodenfliese Terratinta Kos 30x60x1 cm Wei\u00df 1,08 M2 | Saniweb gefunden von Product-Guide.org","og_url":"https:\/\/product-guide.org\/en\/produkt\/bodenfliese-terratinta-kos-30x60x1-cm-weis-108-m2-saniweb\/","og_site_name":"Product-Guide.org","article_modified_time":"2025-03-17T11:41:59+00:00","twitter_card":"summary_large_image","schema":{"@context":"https:\/\/schema.org","@graph":[{"@type":"WebPage","@id":"https:\/\/product-guide.org\/produkt\/bodenfliese-terratinta-kos-30x60x1-cm-weis-108-m2-saniweb\/","url":"https:\/\/product-guide.org\/produkt\/bodenfliese-terratinta-kos-30x60x1-cm-weis-108-m2-saniweb\/","name":"Bodenfliese Terratinta Kos 30x60x1 cm Wei\u00df 1,08 M2 | Saniweb | Product-Guide.org","isPartOf":{"@id":"https:\/\/product-guide.org\/#website"},"primaryImageOfPage":{"@id":"https:\/\/product-guide.org\/produkt\/bodenfliese-terratinta-kos-30x60x1-cm-weis-108-m2-saniweb\/#primaryimage"},"image":{"@id":"https:\/\/product-guide.org\/produkt\/bodenfliese-terratinta-kos-30x60x1-cm-weis-108-m2-saniweb\/#primaryimage"},"thumbnailUrl":"https:\/\/product-guide.org\/wp-content\/uploads\/2025\/03\/312306051186.jpg","datePublished":"2025-03-17T11:41:58+00:00","dateModified":"2025-03-17T11:41:59+00:00","description":"Bodenfliese Terratinta Kos 30x60x1 cm Wei\u00df 1,08 M2 | Saniweb gefunden von Product-Guide.org","breadcrumb":{"@id":"https:\/\/product-guide.org\/produkt\/bodenfliese-terratinta-kos-30x60x1-cm-weis-108-m2-saniweb\/#breadcrumb"},"inLanguage":"en-GB","potentialAction":[{"@type":"ReadAction","target":["https:\/\/product-guide.org\/produkt\/bodenfliese-terratinta-kos-30x60x1-cm-weis-108-m2-saniweb\/"]}]},{"@type":"ImageObject","inLanguage":"en-GB","@id":"https:\/\/product-guide.org\/produkt\/bodenfliese-terratinta-kos-30x60x1-cm-weis-108-m2-saniweb\/#primaryimage","url":"https:\/\/product-guide.org\/wp-content\/uploads\/2025\/03\/312306051186.jpg","contentUrl":"https:\/\/product-guide.org\/wp-content\/uploads\/2025\/03\/312306051186.jpg","width":2000,"height":1032},{"@type":"BreadcrumbList","@id":"https:\/\/product-guide.org\/produkt\/bodenfliese-terratinta-kos-30x60x1-cm-weis-108-m2-saniweb\/#breadcrumb","itemListElement":[{"@type":"ListItem","position":1,"name":"Home","item":"https:\/\/product-guide.org\/"},{"@type":"ListItem","position":2,"name":"Ergebnisse","item":"https:\/\/product-guide.org\/de\/ergebnisse\/"},{"@type":"ListItem","position":3,"name":"Bodenfliese Terratinta Kos 30x60x1 cm Wei\u00df 1,08 M2 | Saniweb"}]},{"@type":"WebSite","@id":"https:\/\/product-guide.org\/#website","url":"https:\/\/product-guide.org\/","name":"Product-Guide.org","description":"What Product are you looking for?","publisher":{"@id":"https:\/\/product-guide.org\/#organization"},"potentialAction":[{"@type":"SearchAction","target":{"@type":"EntryPoint","urlTemplate":"https:\/\/product-guide.org\/?s={search_term_string}"},"query-input":{"@type":"PropertyValueSpecification","valueRequired":true,"valueName":"search_term_string"}}],"inLanguage":"en-GB"},{"@type":"Organization","@id":"https:\/\/product-guide.org\/#organization","name":"Product-Guide.org","url":"https:\/\/product-guide.org\/","logo":{"@type":"ImageObject","inLanguage":"en-GB","@id":"https:\/\/product-guide.org\/#\/schema\/logo\/image\/","url":"https:\/\/product-guide.org\/wp-content\/uploads\/2022\/07\/logo_transparent_background.png","contentUrl":"https:\/\/product-guide.org\/wp-content\/uploads\/2022\/07\/logo_transparent_background.png","width":3400,"height":1132,"caption":"Product-Guide.org"},"image":{"@id":"https:\/\/product-guide.org\/#\/schema\/logo\/image\/"}}]}},"_links":{"self":[{"href":"https:\/\/product-guide.org\/en\/wp-json\/wp\/v2\/product\/56072","targetHints":{"allow":["GET"]}}],"collection":[{"href":"https:\/\/product-guide.org\/en\/wp-json\/wp\/v2\/product"}],"about":[{"href":"https:\/\/product-guide.org\/en\/wp-json\/wp\/v2\/types\/product"}],"wp:featuredmedia":[{"embeddable":true,"href":"https:\/\/product-guide.org\/en\/wp-json\/wp\/v2\/media\/56071"}],"wp:attachment":[{"href":"https:\/\/product-guide.org\/en\/wp-json\/wp\/v2\/media?parent=56072"}],"wp:term":[{"taxonomy":"store","embeddable":true,"href":"https:\/\/product-guide.org\/en\/wp-json\/wp\/v2\/store?post=56072"},{"taxonomy":"product_brand","embeddable":true,"href":"https:\/\/product-guide.org\/en\/wp-json\/wp\/v2\/product_brand?post=56072"},{"taxonomy":"product_cat","embeddable":true,"href":"https:\/\/product-guide.org\/en\/wp-json\/wp\/v2\/product_cat?post=56072"},{"taxonomy":"product_tag","embeddable":true,"href":"https:\/\/product-guide.org\/en\/wp-json\/wp\/v2\/product_tag?post=56072"}],"curies":[{"name":"wp","href":"https:\/\/api.w.org\/{rel}","templated":true}]}}