{"id":56074,"date":"2025-03-17T12:42:01","date_gmt":"2025-03-17T11:42:01","guid":{"rendered":"https:\/\/product-guide.org\/produkt\/clou-flush-6-handwaschbecken-mit-hahnloch-27x315x28-cm-weis-saniweb\/"},"modified":"2025-03-17T12:42:01","modified_gmt":"2025-03-17T11:42:01","slug":"clou-flush-6-handwaschbecken-mit-hahnloch-27x315x28-cm-weis-saniweb","status":"publish","type":"product","link":"https:\/\/product-guide.org\/en\/produkt\/clou-flush-6-handwaschbecken-mit-hahnloch-27x315x28-cm-weis-saniweb\/","title":{"rendered":"Clou Flush 6 Handwaschbecken mit Hahnloch 27&#215;31,5&#215;28 cm Wei\u00df | Saniweb"},"content":{"rendered":"<p>Clou Flush 6 Handwaschbecken in Wei\u00dfDieses Handwaschbecken in der eleganten Farbe Wei\u00df ist die perfekte Erg\u00e4nzung f\u00fcr Ihr G\u00e4ste-WC. Mit diesem Waschbecken k\u00f6nnen Sie sich nach dem Toilettengang bequem die H\u00e4nde waschen. Das kompakte Design sorgt zudem f\u00fcr mehr Platz, was es besonders f\u00fcr kleinere R\u00e4ume ideal macht.Organisches und einzigartiges DesignDie organische Form dieses Handwaschbeckens ist in jedem G\u00e4ste-WC ein einzigartiges Detail. Die weich abgerundeten Ecken setzen einen modernen Akzent in Ihrem Raum.Saubere Verarbeitung und kratzfestEin Mineralmarmor Waschbecken verleiht Ihrem Raum eine klare und moderne Ausstrahlung. Dank des nahtlosen Designs und der geraden Linien ist es nicht nur optisch ansprechend, sondern durch die glatte Polierung auch kratzfest. So bleibt es sch\u00f6n und Sie k\u00f6nnen es viele Jahre genie\u00dfen.Produktmerkmale * Farbe: Wei\u00df * Form: Rund * Inkl. Abflussstopfen * Ma\u00dfe: 27&#215;31,5x28cmVervollst\u00e4ndigen Sie Ihr HandwaschbeckenRunden Sie Ihr<\/p>\n","protected":false},"excerpt":{"rendered":"<p>Clou Flush 6 Handwaschbecken in Wei\u00dfDieses Handwaschbecken in der eleganten Farbe Wei\u00df ist die perfekte Erg\u00e4nzung f\u00fcr Ihr G\u00e4ste-WC. Mit diesem Waschbecken k\u00f6nnen Sie sich nach dem Toilettengang bequem die H\u00e4nde waschen. Das kompakte Design sorgt zudem f\u00fcr mehr Platz, was es besonders f\u00fcr kleinere R\u00e4ume ideal macht.Organisches und einzigartiges DesignDie organische Form dieses Handwaschbeckens [&hellip;]<\/p>\n","protected":false},"featured_media":56073,"template":"","meta":{"_gspb_post_css":""},"store":[],"product_brand":[1438],"product_cat":[1290],"product_tag":[],"class_list":{"0":"post-56074","1":"product","2":"type-product","3":"status-publish","4":"has-post-thumbnail","6":"product_brand-saniweb","7":"product_cat-uncategorized","9":"first","10":"instock","11":"shipping-taxable","12":"purchasable","13":"product-type-simple"},"yoast_head":"<!-- This site is optimized with the Yoast SEO plugin v24.6 - https:\/\/yoast.com\/wordpress\/plugins\/seo\/ -->\n<title>Clou Flush 6 Handwaschbecken mit Hahnloch 27x31,5x28 cm Wei\u00df | Saniweb | Product-Guide.org<\/title>\n<meta name=\"description\" content=\"Clou Flush 6 Handwaschbecken mit Hahnloch 27x31,5x28 cm Wei\u00df | Saniweb gefunden von Product-Guide.org\" \/>\n<meta name=\"robots\" content=\"index, follow, max-snippet:-1, max-image-preview:large, max-video-preview:-1\" \/>\n<link rel=\"canonical\" href=\"https:\/\/product-guide.org\/en\/produkt\/clou-flush-6-handwaschbecken-mit-hahnloch-27x315x28-cm-weis-saniweb\/\" \/>\n<meta property=\"og:locale\" content=\"en_GB\" \/>\n<meta property=\"og:type\" content=\"article\" \/>\n<meta property=\"og:title\" content=\"Clou Flush 6 Handwaschbecken mit Hahnloch 27x31,5x28 cm Wei\u00df | Saniweb | Product-Guide.org\" \/>\n<meta property=\"og:description\" content=\"Clou Flush 6 Handwaschbecken mit Hahnloch 27x31,5x28 cm Wei\u00df | Saniweb gefunden von Product-Guide.org\" \/>\n<meta property=\"og:url\" content=\"https:\/\/product-guide.org\/en\/produkt\/clou-flush-6-handwaschbecken-mit-hahnloch-27x315x28-cm-weis-saniweb\/\" \/>\n<meta property=\"og:site_name\" content=\"Product-Guide.org\" \/>\n<meta name=\"twitter:card\" content=\"summary_large_image\" \/>\n<script type=\"application\/ld+json\" class=\"yoast-schema-graph\">{\"@context\":\"https:\/\/schema.org\",\"@graph\":[{\"@type\":\"WebPage\",\"@id\":\"https:\/\/product-guide.org\/produkt\/clou-flush-6-handwaschbecken-mit-hahnloch-27x315x28-cm-weis-saniweb\/\",\"url\":\"https:\/\/product-guide.org\/produkt\/clou-flush-6-handwaschbecken-mit-hahnloch-27x315x28-cm-weis-saniweb\/\",\"name\":\"Clou Flush 6 Handwaschbecken mit Hahnloch 27x31,5x28 cm Wei\u00df | Saniweb | Product-Guide.org\",\"isPartOf\":{\"@id\":\"https:\/\/product-guide.org\/#website\"},\"primaryImageOfPage\":{\"@id\":\"https:\/\/product-guide.org\/produkt\/clou-flush-6-handwaschbecken-mit-hahnloch-27x315x28-cm-weis-saniweb\/#primaryimage\"},\"image\":{\"@id\":\"https:\/\/product-guide.org\/produkt\/clou-flush-6-handwaschbecken-mit-hahnloch-27x315x28-cm-weis-saniweb\/#primaryimage\"},\"thumbnailUrl\":\"https:\/\/product-guide.org\/wp-content\/uploads\/2025\/03\/CL0308061_P1_1.jpg\",\"datePublished\":\"2025-03-17T11:42:01+00:00\",\"description\":\"Clou Flush 6 Handwaschbecken mit Hahnloch 27x31,5x28 cm Wei\u00df | Saniweb gefunden von Product-Guide.org\",\"breadcrumb\":{\"@id\":\"https:\/\/product-guide.org\/produkt\/clou-flush-6-handwaschbecken-mit-hahnloch-27x315x28-cm-weis-saniweb\/#breadcrumb\"},\"inLanguage\":\"en-GB\",\"potentialAction\":[{\"@type\":\"ReadAction\",\"target\":[\"https:\/\/product-guide.org\/produkt\/clou-flush-6-handwaschbecken-mit-hahnloch-27x315x28-cm-weis-saniweb\/\"]}]},{\"@type\":\"ImageObject\",\"inLanguage\":\"en-GB\",\"@id\":\"https:\/\/product-guide.org\/produkt\/clou-flush-6-handwaschbecken-mit-hahnloch-27x315x28-cm-weis-saniweb\/#primaryimage\",\"url\":\"https:\/\/product-guide.org\/wp-content\/uploads\/2025\/03\/CL0308061_P1_1.jpg\",\"contentUrl\":\"https:\/\/product-guide.org\/wp-content\/uploads\/2025\/03\/CL0308061_P1_1.jpg\",\"width\":1738,\"height\":2000},{\"@type\":\"BreadcrumbList\",\"@id\":\"https:\/\/product-guide.org\/produkt\/clou-flush-6-handwaschbecken-mit-hahnloch-27x315x28-cm-weis-saniweb\/#breadcrumb\",\"itemListElement\":[{\"@type\":\"ListItem\",\"position\":1,\"name\":\"Home\",\"item\":\"https:\/\/product-guide.org\/\"},{\"@type\":\"ListItem\",\"position\":2,\"name\":\"Ergebnisse\",\"item\":\"https:\/\/product-guide.org\/de\/ergebnisse\/\"},{\"@type\":\"ListItem\",\"position\":3,\"name\":\"Clou Flush 6 Handwaschbecken mit Hahnloch 27&#215;31,5&#215;28 cm Wei\u00df | Saniweb\"}]},{\"@type\":\"WebSite\",\"@id\":\"https:\/\/product-guide.org\/#website\",\"url\":\"https:\/\/product-guide.org\/\",\"name\":\"Product-Guide.org\",\"description\":\"What Product are you looking for?\",\"publisher\":{\"@id\":\"https:\/\/product-guide.org\/#organization\"},\"potentialAction\":[{\"@type\":\"SearchAction\",\"target\":{\"@type\":\"EntryPoint\",\"urlTemplate\":\"https:\/\/product-guide.org\/?s={search_term_string}\"},\"query-input\":{\"@type\":\"PropertyValueSpecification\",\"valueRequired\":true,\"valueName\":\"search_term_string\"}}],\"inLanguage\":\"en-GB\"},{\"@type\":\"Organization\",\"@id\":\"https:\/\/product-guide.org\/#organization\",\"name\":\"Product-Guide.org\",\"url\":\"https:\/\/product-guide.org\/\",\"logo\":{\"@type\":\"ImageObject\",\"inLanguage\":\"en-GB\",\"@id\":\"https:\/\/product-guide.org\/#\/schema\/logo\/image\/\",\"url\":\"https:\/\/product-guide.org\/wp-content\/uploads\/2022\/07\/logo_transparent_background.png\",\"contentUrl\":\"https:\/\/product-guide.org\/wp-content\/uploads\/2022\/07\/logo_transparent_background.png\",\"width\":3400,\"height\":1132,\"caption\":\"Product-Guide.org\"},\"image\":{\"@id\":\"https:\/\/product-guide.org\/#\/schema\/logo\/image\/\"}}]}<\/script>\n<!-- \/ Yoast SEO plugin. -->","yoast_head_json":{"title":"Clou Flush 6 Handwaschbecken mit Hahnloch 27x31,5x28 cm Wei\u00df | Saniweb | Product-Guide.org","description":"Clou Flush 6 Handwaschbecken mit Hahnloch 27x31,5x28 cm Wei\u00df | Saniweb gefunden von Product-Guide.org","robots":{"index":"index","follow":"follow","max-snippet":"max-snippet:-1","max-image-preview":"max-image-preview:large","max-video-preview":"max-video-preview:-1"},"canonical":"https:\/\/product-guide.org\/en\/produkt\/clou-flush-6-handwaschbecken-mit-hahnloch-27x315x28-cm-weis-saniweb\/","og_locale":"en_GB","og_type":"article","og_title":"Clou Flush 6 Handwaschbecken mit Hahnloch 27x31,5x28 cm Wei\u00df | Saniweb | Product-Guide.org","og_description":"Clou Flush 6 Handwaschbecken mit Hahnloch 27x31,5x28 cm Wei\u00df | Saniweb gefunden von Product-Guide.org","og_url":"https:\/\/product-guide.org\/en\/produkt\/clou-flush-6-handwaschbecken-mit-hahnloch-27x315x28-cm-weis-saniweb\/","og_site_name":"Product-Guide.org","twitter_card":"summary_large_image","schema":{"@context":"https:\/\/schema.org","@graph":[{"@type":"WebPage","@id":"https:\/\/product-guide.org\/produkt\/clou-flush-6-handwaschbecken-mit-hahnloch-27x315x28-cm-weis-saniweb\/","url":"https:\/\/product-guide.org\/produkt\/clou-flush-6-handwaschbecken-mit-hahnloch-27x315x28-cm-weis-saniweb\/","name":"Clou Flush 6 Handwaschbecken mit Hahnloch 27x31,5x28 cm Wei\u00df | Saniweb | Product-Guide.org","isPartOf":{"@id":"https:\/\/product-guide.org\/#website"},"primaryImageOfPage":{"@id":"https:\/\/product-guide.org\/produkt\/clou-flush-6-handwaschbecken-mit-hahnloch-27x315x28-cm-weis-saniweb\/#primaryimage"},"image":{"@id":"https:\/\/product-guide.org\/produkt\/clou-flush-6-handwaschbecken-mit-hahnloch-27x315x28-cm-weis-saniweb\/#primaryimage"},"thumbnailUrl":"https:\/\/product-guide.org\/wp-content\/uploads\/2025\/03\/CL0308061_P1_1.jpg","datePublished":"2025-03-17T11:42:01+00:00","description":"Clou Flush 6 Handwaschbecken mit Hahnloch 27x31,5x28 cm Wei\u00df | Saniweb gefunden von Product-Guide.org","breadcrumb":{"@id":"https:\/\/product-guide.org\/produkt\/clou-flush-6-handwaschbecken-mit-hahnloch-27x315x28-cm-weis-saniweb\/#breadcrumb"},"inLanguage":"en-GB","potentialAction":[{"@type":"ReadAction","target":["https:\/\/product-guide.org\/produkt\/clou-flush-6-handwaschbecken-mit-hahnloch-27x315x28-cm-weis-saniweb\/"]}]},{"@type":"ImageObject","inLanguage":"en-GB","@id":"https:\/\/product-guide.org\/produkt\/clou-flush-6-handwaschbecken-mit-hahnloch-27x315x28-cm-weis-saniweb\/#primaryimage","url":"https:\/\/product-guide.org\/wp-content\/uploads\/2025\/03\/CL0308061_P1_1.jpg","contentUrl":"https:\/\/product-guide.org\/wp-content\/uploads\/2025\/03\/CL0308061_P1_1.jpg","width":1738,"height":2000},{"@type":"BreadcrumbList","@id":"https:\/\/product-guide.org\/produkt\/clou-flush-6-handwaschbecken-mit-hahnloch-27x315x28-cm-weis-saniweb\/#breadcrumb","itemListElement":[{"@type":"ListItem","position":1,"name":"Home","item":"https:\/\/product-guide.org\/"},{"@type":"ListItem","position":2,"name":"Ergebnisse","item":"https:\/\/product-guide.org\/de\/ergebnisse\/"},{"@type":"ListItem","position":3,"name":"Clou Flush 6 Handwaschbecken mit Hahnloch 27&#215;31,5&#215;28 cm Wei\u00df | Saniweb"}]},{"@type":"WebSite","@id":"https:\/\/product-guide.org\/#website","url":"https:\/\/product-guide.org\/","name":"Product-Guide.org","description":"What Product are you looking for?","publisher":{"@id":"https:\/\/product-guide.org\/#organization"},"potentialAction":[{"@type":"SearchAction","target":{"@type":"EntryPoint","urlTemplate":"https:\/\/product-guide.org\/?s={search_term_string}"},"query-input":{"@type":"PropertyValueSpecification","valueRequired":true,"valueName":"search_term_string"}}],"inLanguage":"en-GB"},{"@type":"Organization","@id":"https:\/\/product-guide.org\/#organization","name":"Product-Guide.org","url":"https:\/\/product-guide.org\/","logo":{"@type":"ImageObject","inLanguage":"en-GB","@id":"https:\/\/product-guide.org\/#\/schema\/logo\/image\/","url":"https:\/\/product-guide.org\/wp-content\/uploads\/2022\/07\/logo_transparent_background.png","contentUrl":"https:\/\/product-guide.org\/wp-content\/uploads\/2022\/07\/logo_transparent_background.png","width":3400,"height":1132,"caption":"Product-Guide.org"},"image":{"@id":"https:\/\/product-guide.org\/#\/schema\/logo\/image\/"}}]}},"_links":{"self":[{"href":"https:\/\/product-guide.org\/en\/wp-json\/wp\/v2\/product\/56074","targetHints":{"allow":["GET"]}}],"collection":[{"href":"https:\/\/product-guide.org\/en\/wp-json\/wp\/v2\/product"}],"about":[{"href":"https:\/\/product-guide.org\/en\/wp-json\/wp\/v2\/types\/product"}],"wp:featuredmedia":[{"embeddable":true,"href":"https:\/\/product-guide.org\/en\/wp-json\/wp\/v2\/media\/56073"}],"wp:attachment":[{"href":"https:\/\/product-guide.org\/en\/wp-json\/wp\/v2\/media?parent=56074"}],"wp:term":[{"taxonomy":"store","embeddable":true,"href":"https:\/\/product-guide.org\/en\/wp-json\/wp\/v2\/store?post=56074"},{"taxonomy":"product_brand","embeddable":true,"href":"https:\/\/product-guide.org\/en\/wp-json\/wp\/v2\/product_brand?post=56074"},{"taxonomy":"product_cat","embeddable":true,"href":"https:\/\/product-guide.org\/en\/wp-json\/wp\/v2\/product_cat?post=56074"},{"taxonomy":"product_tag","embeddable":true,"href":"https:\/\/product-guide.org\/en\/wp-json\/wp\/v2\/product_tag?post=56074"}],"curies":[{"name":"wp","href":"https:\/\/api.w.org\/{rel}","templated":true}]}}