{"id":56076,"date":"2025-03-17T12:42:03","date_gmt":"2025-03-17T11:42:03","guid":{"rendered":"https:\/\/product-guide.org\/produkt\/dekorfliese-cir-havana-20x20x1-cm-finca-vigia-mix-104m2-saniweb\/"},"modified":"2025-03-17T12:42:04","modified_gmt":"2025-03-17T11:42:04","slug":"dekorfliese-cir-havana-20x20x1-cm-finca-vigia-mix-104m2-saniweb","status":"publish","type":"product","link":"https:\/\/product-guide.org\/en\/produkt\/dekorfliese-cir-havana-20x20x1-cm-finca-vigia-mix-104m2-saniweb\/","title":{"rendered":"Dekorfliese Cir Havana 20x20x1 cm Finca Vigia Mix 1,04M2 | Saniweb"},"content":{"rendered":"<p>Cir Havana Dekorative Fliese in der Farbe Finca Vigia MixDiese Fliese ist in der stilvollen Farbe Finca Vigia Mix erh\u00e4ltlich. Mit dieser Dekorfliese k\u00f6nnen Sie einen sch\u00f6nen Akzent in Ihrem Badezimmer setzen. Die Fliese hat eine quadratische Form und eignet sich f\u00fcr jeden Raum in Ihrem Haus, auch f\u00fcr Nassbereiche wie Badezimmer oder Toilette. Die Fliese sieht nat\u00fcrlich und unpoliert aus, es ist kein offensichtlicher Glanz erkennbar.Frostbest\u00e4ndig: Auch f\u00fcr Terrassen geeignetDiese Fliese ist frostbest\u00e4ndig und eignet sich daher auch als Terrassenfliese. Bitte beachten Sie, dass die Fliese bei der Verlegung auf einer Betonplatte eine Mindestst\u00e4rke von 10 mm haben sollte. F\u00fcr die Verlegung auf Sand wird eine Mindestst\u00e4rke von 20 mm empfohlen.Porcellanato: Robust, kratzfest und durchgehend gef\u00e4rbtFliesen aus Porcellanato sind \u00e4u\u00dferst kratzfest, da sie bei sehr hohen Temperaturen gebrannt werden und durchg\u00e4ngig gef\u00e4rbt sind. Das hat den Vorteil, dass eventuell entstehende Kratzer<\/p>\n","protected":false},"excerpt":{"rendered":"<p>Cir Havana Dekorative Fliese in der Farbe Finca Vigia MixDiese Fliese ist in der stilvollen Farbe Finca Vigia Mix erh\u00e4ltlich. Mit dieser Dekorfliese k\u00f6nnen Sie einen sch\u00f6nen Akzent in Ihrem Badezimmer setzen. Die Fliese hat eine quadratische Form und eignet sich f\u00fcr jeden Raum in Ihrem Haus, auch f\u00fcr Nassbereiche wie Badezimmer oder Toilette. Die [&hellip;]<\/p>\n","protected":false},"featured_media":56075,"template":"","meta":{"_gspb_post_css":""},"store":[],"product_brand":[1438],"product_cat":[1290],"product_tag":[],"class_list":{"0":"post-56076","1":"product","2":"type-product","3":"status-publish","4":"has-post-thumbnail","6":"product_brand-saniweb","7":"product_cat-uncategorized","9":"first","10":"instock","11":"shipping-taxable","12":"purchasable","13":"product-type-simple"},"yoast_head":"<!-- This site is optimized with the Yoast SEO plugin v24.6 - https:\/\/yoast.com\/wordpress\/plugins\/seo\/ -->\n<title>Dekorfliese Cir Havana 20x20x1 cm Finca Vigia Mix 1,04M2 | Saniweb | Product-Guide.org<\/title>\n<meta name=\"description\" content=\"Dekorfliese Cir Havana 20x20x1 cm Finca Vigia Mix 1,04M2 | Saniweb gefunden von Product-Guide.org\" \/>\n<meta name=\"robots\" content=\"index, follow, max-snippet:-1, max-image-preview:large, max-video-preview:-1\" \/>\n<link rel=\"canonical\" href=\"https:\/\/product-guide.org\/en\/produkt\/dekorfliese-cir-havana-20x20x1-cm-finca-vigia-mix-104m2-saniweb\/\" \/>\n<meta property=\"og:locale\" content=\"en_GB\" \/>\n<meta property=\"og:type\" content=\"article\" \/>\n<meta property=\"og:title\" content=\"Dekorfliese Cir Havana 20x20x1 cm Finca Vigia Mix 1,04M2 | Saniweb | Product-Guide.org\" \/>\n<meta property=\"og:description\" content=\"Dekorfliese Cir Havana 20x20x1 cm Finca Vigia Mix 1,04M2 | Saniweb gefunden von Product-Guide.org\" \/>\n<meta property=\"og:url\" content=\"https:\/\/product-guide.org\/en\/produkt\/dekorfliese-cir-havana-20x20x1-cm-finca-vigia-mix-104m2-saniweb\/\" \/>\n<meta property=\"og:site_name\" content=\"Product-Guide.org\" \/>\n<meta property=\"article:modified_time\" content=\"2025-03-17T11:42:04+00:00\" \/>\n<meta name=\"twitter:card\" content=\"summary_large_image\" \/>\n<script type=\"application\/ld+json\" class=\"yoast-schema-graph\">{\"@context\":\"https:\/\/schema.org\",\"@graph\":[{\"@type\":\"WebPage\",\"@id\":\"https:\/\/product-guide.org\/produkt\/dekorfliese-cir-havana-20x20x1-cm-finca-vigia-mix-104m2-saniweb\/\",\"url\":\"https:\/\/product-guide.org\/produkt\/dekorfliese-cir-havana-20x20x1-cm-finca-vigia-mix-104m2-saniweb\/\",\"name\":\"Dekorfliese Cir Havana 20x20x1 cm Finca Vigia Mix 1,04M2 | Saniweb | Product-Guide.org\",\"isPartOf\":{\"@id\":\"https:\/\/product-guide.org\/#website\"},\"primaryImageOfPage\":{\"@id\":\"https:\/\/product-guide.org\/produkt\/dekorfliese-cir-havana-20x20x1-cm-finca-vigia-mix-104m2-saniweb\/#primaryimage\"},\"image\":{\"@id\":\"https:\/\/product-guide.org\/produkt\/dekorfliese-cir-havana-20x20x1-cm-finca-vigia-mix-104m2-saniweb\/#primaryimage\"},\"thumbnailUrl\":\"https:\/\/product-guide.org\/wp-content\/uploads\/2025\/03\/1270079.jpg\",\"datePublished\":\"2025-03-17T11:42:03+00:00\",\"dateModified\":\"2025-03-17T11:42:04+00:00\",\"description\":\"Dekorfliese Cir Havana 20x20x1 cm Finca Vigia Mix 1,04M2 | Saniweb gefunden von Product-Guide.org\",\"breadcrumb\":{\"@id\":\"https:\/\/product-guide.org\/produkt\/dekorfliese-cir-havana-20x20x1-cm-finca-vigia-mix-104m2-saniweb\/#breadcrumb\"},\"inLanguage\":\"en-GB\",\"potentialAction\":[{\"@type\":\"ReadAction\",\"target\":[\"https:\/\/product-guide.org\/produkt\/dekorfliese-cir-havana-20x20x1-cm-finca-vigia-mix-104m2-saniweb\/\"]}]},{\"@type\":\"ImageObject\",\"inLanguage\":\"en-GB\",\"@id\":\"https:\/\/product-guide.org\/produkt\/dekorfliese-cir-havana-20x20x1-cm-finca-vigia-mix-104m2-saniweb\/#primaryimage\",\"url\":\"https:\/\/product-guide.org\/wp-content\/uploads\/2025\/03\/1270079.jpg\",\"contentUrl\":\"https:\/\/product-guide.org\/wp-content\/uploads\/2025\/03\/1270079.jpg\",\"width\":2000,\"height\":2000},{\"@type\":\"BreadcrumbList\",\"@id\":\"https:\/\/product-guide.org\/produkt\/dekorfliese-cir-havana-20x20x1-cm-finca-vigia-mix-104m2-saniweb\/#breadcrumb\",\"itemListElement\":[{\"@type\":\"ListItem\",\"position\":1,\"name\":\"Home\",\"item\":\"https:\/\/product-guide.org\/\"},{\"@type\":\"ListItem\",\"position\":2,\"name\":\"Ergebnisse\",\"item\":\"https:\/\/product-guide.org\/de\/ergebnisse\/\"},{\"@type\":\"ListItem\",\"position\":3,\"name\":\"Dekorfliese Cir Havana 20x20x1 cm Finca Vigia Mix 1,04M2 | Saniweb\"}]},{\"@type\":\"WebSite\",\"@id\":\"https:\/\/product-guide.org\/#website\",\"url\":\"https:\/\/product-guide.org\/\",\"name\":\"Product-Guide.org\",\"description\":\"What Product are you looking for?\",\"publisher\":{\"@id\":\"https:\/\/product-guide.org\/#organization\"},\"potentialAction\":[{\"@type\":\"SearchAction\",\"target\":{\"@type\":\"EntryPoint\",\"urlTemplate\":\"https:\/\/product-guide.org\/?s={search_term_string}\"},\"query-input\":{\"@type\":\"PropertyValueSpecification\",\"valueRequired\":true,\"valueName\":\"search_term_string\"}}],\"inLanguage\":\"en-GB\"},{\"@type\":\"Organization\",\"@id\":\"https:\/\/product-guide.org\/#organization\",\"name\":\"Product-Guide.org\",\"url\":\"https:\/\/product-guide.org\/\",\"logo\":{\"@type\":\"ImageObject\",\"inLanguage\":\"en-GB\",\"@id\":\"https:\/\/product-guide.org\/#\/schema\/logo\/image\/\",\"url\":\"https:\/\/product-guide.org\/wp-content\/uploads\/2022\/07\/logo_transparent_background.png\",\"contentUrl\":\"https:\/\/product-guide.org\/wp-content\/uploads\/2022\/07\/logo_transparent_background.png\",\"width\":3400,\"height\":1132,\"caption\":\"Product-Guide.org\"},\"image\":{\"@id\":\"https:\/\/product-guide.org\/#\/schema\/logo\/image\/\"}}]}<\/script>\n<!-- \/ Yoast SEO plugin. -->","yoast_head_json":{"title":"Dekorfliese Cir Havana 20x20x1 cm Finca Vigia Mix 1,04M2 | Saniweb | Product-Guide.org","description":"Dekorfliese Cir Havana 20x20x1 cm Finca Vigia Mix 1,04M2 | Saniweb gefunden von Product-Guide.org","robots":{"index":"index","follow":"follow","max-snippet":"max-snippet:-1","max-image-preview":"max-image-preview:large","max-video-preview":"max-video-preview:-1"},"canonical":"https:\/\/product-guide.org\/en\/produkt\/dekorfliese-cir-havana-20x20x1-cm-finca-vigia-mix-104m2-saniweb\/","og_locale":"en_GB","og_type":"article","og_title":"Dekorfliese Cir Havana 20x20x1 cm Finca Vigia Mix 1,04M2 | Saniweb | Product-Guide.org","og_description":"Dekorfliese Cir Havana 20x20x1 cm Finca Vigia Mix 1,04M2 | Saniweb gefunden von Product-Guide.org","og_url":"https:\/\/product-guide.org\/en\/produkt\/dekorfliese-cir-havana-20x20x1-cm-finca-vigia-mix-104m2-saniweb\/","og_site_name":"Product-Guide.org","article_modified_time":"2025-03-17T11:42:04+00:00","twitter_card":"summary_large_image","schema":{"@context":"https:\/\/schema.org","@graph":[{"@type":"WebPage","@id":"https:\/\/product-guide.org\/produkt\/dekorfliese-cir-havana-20x20x1-cm-finca-vigia-mix-104m2-saniweb\/","url":"https:\/\/product-guide.org\/produkt\/dekorfliese-cir-havana-20x20x1-cm-finca-vigia-mix-104m2-saniweb\/","name":"Dekorfliese Cir Havana 20x20x1 cm Finca Vigia Mix 1,04M2 | Saniweb | Product-Guide.org","isPartOf":{"@id":"https:\/\/product-guide.org\/#website"},"primaryImageOfPage":{"@id":"https:\/\/product-guide.org\/produkt\/dekorfliese-cir-havana-20x20x1-cm-finca-vigia-mix-104m2-saniweb\/#primaryimage"},"image":{"@id":"https:\/\/product-guide.org\/produkt\/dekorfliese-cir-havana-20x20x1-cm-finca-vigia-mix-104m2-saniweb\/#primaryimage"},"thumbnailUrl":"https:\/\/product-guide.org\/wp-content\/uploads\/2025\/03\/1270079.jpg","datePublished":"2025-03-17T11:42:03+00:00","dateModified":"2025-03-17T11:42:04+00:00","description":"Dekorfliese Cir Havana 20x20x1 cm Finca Vigia Mix 1,04M2 | Saniweb gefunden von Product-Guide.org","breadcrumb":{"@id":"https:\/\/product-guide.org\/produkt\/dekorfliese-cir-havana-20x20x1-cm-finca-vigia-mix-104m2-saniweb\/#breadcrumb"},"inLanguage":"en-GB","potentialAction":[{"@type":"ReadAction","target":["https:\/\/product-guide.org\/produkt\/dekorfliese-cir-havana-20x20x1-cm-finca-vigia-mix-104m2-saniweb\/"]}]},{"@type":"ImageObject","inLanguage":"en-GB","@id":"https:\/\/product-guide.org\/produkt\/dekorfliese-cir-havana-20x20x1-cm-finca-vigia-mix-104m2-saniweb\/#primaryimage","url":"https:\/\/product-guide.org\/wp-content\/uploads\/2025\/03\/1270079.jpg","contentUrl":"https:\/\/product-guide.org\/wp-content\/uploads\/2025\/03\/1270079.jpg","width":2000,"height":2000},{"@type":"BreadcrumbList","@id":"https:\/\/product-guide.org\/produkt\/dekorfliese-cir-havana-20x20x1-cm-finca-vigia-mix-104m2-saniweb\/#breadcrumb","itemListElement":[{"@type":"ListItem","position":1,"name":"Home","item":"https:\/\/product-guide.org\/"},{"@type":"ListItem","position":2,"name":"Ergebnisse","item":"https:\/\/product-guide.org\/de\/ergebnisse\/"},{"@type":"ListItem","position":3,"name":"Dekorfliese Cir Havana 20x20x1 cm Finca Vigia Mix 1,04M2 | Saniweb"}]},{"@type":"WebSite","@id":"https:\/\/product-guide.org\/#website","url":"https:\/\/product-guide.org\/","name":"Product-Guide.org","description":"What Product are you looking for?","publisher":{"@id":"https:\/\/product-guide.org\/#organization"},"potentialAction":[{"@type":"SearchAction","target":{"@type":"EntryPoint","urlTemplate":"https:\/\/product-guide.org\/?s={search_term_string}"},"query-input":{"@type":"PropertyValueSpecification","valueRequired":true,"valueName":"search_term_string"}}],"inLanguage":"en-GB"},{"@type":"Organization","@id":"https:\/\/product-guide.org\/#organization","name":"Product-Guide.org","url":"https:\/\/product-guide.org\/","logo":{"@type":"ImageObject","inLanguage":"en-GB","@id":"https:\/\/product-guide.org\/#\/schema\/logo\/image\/","url":"https:\/\/product-guide.org\/wp-content\/uploads\/2022\/07\/logo_transparent_background.png","contentUrl":"https:\/\/product-guide.org\/wp-content\/uploads\/2022\/07\/logo_transparent_background.png","width":3400,"height":1132,"caption":"Product-Guide.org"},"image":{"@id":"https:\/\/product-guide.org\/#\/schema\/logo\/image\/"}}]}},"_links":{"self":[{"href":"https:\/\/product-guide.org\/en\/wp-json\/wp\/v2\/product\/56076","targetHints":{"allow":["GET"]}}],"collection":[{"href":"https:\/\/product-guide.org\/en\/wp-json\/wp\/v2\/product"}],"about":[{"href":"https:\/\/product-guide.org\/en\/wp-json\/wp\/v2\/types\/product"}],"wp:featuredmedia":[{"embeddable":true,"href":"https:\/\/product-guide.org\/en\/wp-json\/wp\/v2\/media\/56075"}],"wp:attachment":[{"href":"https:\/\/product-guide.org\/en\/wp-json\/wp\/v2\/media?parent=56076"}],"wp:term":[{"taxonomy":"store","embeddable":true,"href":"https:\/\/product-guide.org\/en\/wp-json\/wp\/v2\/store?post=56076"},{"taxonomy":"product_brand","embeddable":true,"href":"https:\/\/product-guide.org\/en\/wp-json\/wp\/v2\/product_brand?post=56076"},{"taxonomy":"product_cat","embeddable":true,"href":"https:\/\/product-guide.org\/en\/wp-json\/wp\/v2\/product_cat?post=56076"},{"taxonomy":"product_tag","embeddable":true,"href":"https:\/\/product-guide.org\/en\/wp-json\/wp\/v2\/product_tag?post=56076"}],"curies":[{"name":"wp","href":"https:\/\/api.w.org\/{rel}","templated":true}]}}