{"id":56080,"date":"2025-03-17T12:42:07","date_gmt":"2025-03-17T11:42:07","guid":{"rendered":"https:\/\/product-guide.org\/produkt\/duravit-d-neo-mobelwaschtisch-mit-waschtischunterschrank-650x480x790mm-saniweb\/"},"modified":"2025-03-17T12:42:08","modified_gmt":"2025-03-17T11:42:08","slug":"duravit-d-neo-mobelwaschtisch-mit-waschtischunterschrank-650x480x790mm-saniweb","status":"publish","type":"product","link":"https:\/\/product-guide.org\/en\/produkt\/duravit-d-neo-mobelwaschtisch-mit-waschtischunterschrank-650x480x790mm-saniweb\/","title":{"rendered":"Duravit D-Neo M\u00f6belwaschtisch mit Waschtischunterschrank 650x480x790mm | Saniweb"},"content":{"rendered":"<p>Duravit D-Neo M\u00f6belwaschtisch mit Waschtischunterschrank 650x480x790mmD-Neo bietet perfekt durchdachtes Design und h\u00f6chste Qualit\u00e4t zum attraktiven Preis. Das M\u00f6belset, bestehend aus Waschtisch und passendem Waschtischunterschrank ist die ideale Komplettl\u00f6sung f\u00fcr Ihren Waschplatz. Der Waschtischunterschrank ist in vier verschiedenen Oberfl\u00e4chen erh\u00e4ltlich und schafft durch zwei Ausz\u00fcge gen\u00fcgend Stauraum. Durch den passenden D-Neo Waschtisch mit \u00dcberlauf und einem Hahnloch entsteht ein stimmiges Gesamtbild.Vorteile * 100 % Qualit\u00e4t: In sorgf\u00e4ltiger Handarbeit und mit modernster Technik komplett in Deutschland gefertigt, f\u00fcr h\u00f6chste Qualit\u00e4tsanspr\u00fcche * Unempfindlich gegen Feuchtigkeit: Keine offenen Kanten zum Schutz vor Wasser und hoher Luftfeuchtigkeit<\/p>\n","protected":false},"excerpt":{"rendered":"<p>Duravit D-Neo M\u00f6belwaschtisch mit Waschtischunterschrank 650x480x790mmD-Neo bietet perfekt durchdachtes Design und h\u00f6chste Qualit\u00e4t zum attraktiven Preis. Das M\u00f6belset, bestehend aus Waschtisch und passendem Waschtischunterschrank ist die ideale Komplettl\u00f6sung f\u00fcr Ihren Waschplatz. Der Waschtischunterschrank ist in vier verschiedenen Oberfl\u00e4chen erh\u00e4ltlich und schafft durch zwei Ausz\u00fcge gen\u00fcgend Stauraum. Durch den passenden D-Neo Waschtisch mit \u00dcberlauf und einem [&hellip;]<\/p>\n","protected":false},"featured_media":56079,"template":"","meta":{"_gspb_post_css":""},"store":[],"product_brand":[1438],"product_cat":[1290],"product_tag":[],"class_list":{"0":"post-56080","1":"product","2":"type-product","3":"status-publish","4":"has-post-thumbnail","6":"product_brand-saniweb","7":"product_cat-uncategorized","9":"first","10":"instock","11":"shipping-taxable","12":"purchasable","13":"product-type-simple"},"yoast_head":"<!-- This site is optimized with the Yoast SEO plugin v24.6 - https:\/\/yoast.com\/wordpress\/plugins\/seo\/ -->\n<title>Duravit D-Neo M\u00f6belwaschtisch mit Waschtischunterschrank 650x480x790mm | Saniweb | Product-Guide.org<\/title>\n<meta name=\"description\" content=\"Duravit D-Neo M\u00f6belwaschtisch mit Waschtischunterschrank 650x480x790mm | Saniweb gefunden von Product-Guide.org\" \/>\n<meta name=\"robots\" content=\"index, follow, max-snippet:-1, max-image-preview:large, max-video-preview:-1\" \/>\n<link rel=\"canonical\" href=\"https:\/\/product-guide.org\/en\/produkt\/duravit-d-neo-mobelwaschtisch-mit-waschtischunterschrank-650x480x790mm-saniweb\/\" \/>\n<meta property=\"og:locale\" content=\"en_GB\" \/>\n<meta property=\"og:type\" content=\"article\" \/>\n<meta property=\"og:title\" content=\"Duravit D-Neo M\u00f6belwaschtisch mit Waschtischunterschrank 650x480x790mm | Saniweb | Product-Guide.org\" \/>\n<meta property=\"og:description\" content=\"Duravit D-Neo M\u00f6belwaschtisch mit Waschtischunterschrank 650x480x790mm | Saniweb gefunden von Product-Guide.org\" \/>\n<meta property=\"og:url\" content=\"https:\/\/product-guide.org\/en\/produkt\/duravit-d-neo-mobelwaschtisch-mit-waschtischunterschrank-650x480x790mm-saniweb\/\" \/>\n<meta property=\"og:site_name\" content=\"Product-Guide.org\" \/>\n<meta property=\"article:modified_time\" content=\"2025-03-17T11:42:08+00:00\" \/>\n<meta name=\"twitter:card\" content=\"summary_large_image\" \/>\n<script type=\"application\/ld+json\" class=\"yoast-schema-graph\">{\"@context\":\"https:\/\/schema.org\",\"@graph\":[{\"@type\":\"WebPage\",\"@id\":\"https:\/\/product-guide.org\/produkt\/duravit-d-neo-mobelwaschtisch-mit-waschtischunterschrank-650x480x790mm-saniweb\/\",\"url\":\"https:\/\/product-guide.org\/produkt\/duravit-d-neo-mobelwaschtisch-mit-waschtischunterschrank-650x480x790mm-saniweb\/\",\"name\":\"Duravit D-Neo M\u00f6belwaschtisch mit Waschtischunterschrank 650x480x790mm | Saniweb | Product-Guide.org\",\"isPartOf\":{\"@id\":\"https:\/\/product-guide.org\/#website\"},\"primaryImageOfPage\":{\"@id\":\"https:\/\/product-guide.org\/produkt\/duravit-d-neo-mobelwaschtisch-mit-waschtischunterschrank-650x480x790mm-saniweb\/#primaryimage\"},\"image\":{\"@id\":\"https:\/\/product-guide.org\/produkt\/duravit-d-neo-mobelwaschtisch-mit-waschtischunterschrank-650x480x790mm-saniweb\/#primaryimage\"},\"thumbnailUrl\":\"https:\/\/product-guide.org\/wp-content\/uploads\/2025\/03\/DE435402222_P1N_1.jpg\",\"datePublished\":\"2025-03-17T11:42:07+00:00\",\"dateModified\":\"2025-03-17T11:42:08+00:00\",\"description\":\"Duravit D-Neo M\u00f6belwaschtisch mit Waschtischunterschrank 650x480x790mm | Saniweb gefunden von Product-Guide.org\",\"breadcrumb\":{\"@id\":\"https:\/\/product-guide.org\/produkt\/duravit-d-neo-mobelwaschtisch-mit-waschtischunterschrank-650x480x790mm-saniweb\/#breadcrumb\"},\"inLanguage\":\"en-GB\",\"potentialAction\":[{\"@type\":\"ReadAction\",\"target\":[\"https:\/\/product-guide.org\/produkt\/duravit-d-neo-mobelwaschtisch-mit-waschtischunterschrank-650x480x790mm-saniweb\/\"]}]},{\"@type\":\"ImageObject\",\"inLanguage\":\"en-GB\",\"@id\":\"https:\/\/product-guide.org\/produkt\/duravit-d-neo-mobelwaschtisch-mit-waschtischunterschrank-650x480x790mm-saniweb\/#primaryimage\",\"url\":\"https:\/\/product-guide.org\/wp-content\/uploads\/2025\/03\/DE435402222_P1N_1.jpg\",\"contentUrl\":\"https:\/\/product-guide.org\/wp-content\/uploads\/2025\/03\/DE435402222_P1N_1.jpg\",\"width\":1638,\"height\":2000},{\"@type\":\"BreadcrumbList\",\"@id\":\"https:\/\/product-guide.org\/produkt\/duravit-d-neo-mobelwaschtisch-mit-waschtischunterschrank-650x480x790mm-saniweb\/#breadcrumb\",\"itemListElement\":[{\"@type\":\"ListItem\",\"position\":1,\"name\":\"Home\",\"item\":\"https:\/\/product-guide.org\/\"},{\"@type\":\"ListItem\",\"position\":2,\"name\":\"Ergebnisse\",\"item\":\"https:\/\/product-guide.org\/de\/ergebnisse\/\"},{\"@type\":\"ListItem\",\"position\":3,\"name\":\"Duravit D-Neo M\u00f6belwaschtisch mit Waschtischunterschrank 650x480x790mm | Saniweb\"}]},{\"@type\":\"WebSite\",\"@id\":\"https:\/\/product-guide.org\/#website\",\"url\":\"https:\/\/product-guide.org\/\",\"name\":\"Product-Guide.org\",\"description\":\"What Product are you looking for?\",\"publisher\":{\"@id\":\"https:\/\/product-guide.org\/#organization\"},\"potentialAction\":[{\"@type\":\"SearchAction\",\"target\":{\"@type\":\"EntryPoint\",\"urlTemplate\":\"https:\/\/product-guide.org\/?s={search_term_string}\"},\"query-input\":{\"@type\":\"PropertyValueSpecification\",\"valueRequired\":true,\"valueName\":\"search_term_string\"}}],\"inLanguage\":\"en-GB\"},{\"@type\":\"Organization\",\"@id\":\"https:\/\/product-guide.org\/#organization\",\"name\":\"Product-Guide.org\",\"url\":\"https:\/\/product-guide.org\/\",\"logo\":{\"@type\":\"ImageObject\",\"inLanguage\":\"en-GB\",\"@id\":\"https:\/\/product-guide.org\/#\/schema\/logo\/image\/\",\"url\":\"https:\/\/product-guide.org\/wp-content\/uploads\/2022\/07\/logo_transparent_background.png\",\"contentUrl\":\"https:\/\/product-guide.org\/wp-content\/uploads\/2022\/07\/logo_transparent_background.png\",\"width\":3400,\"height\":1132,\"caption\":\"Product-Guide.org\"},\"image\":{\"@id\":\"https:\/\/product-guide.org\/#\/schema\/logo\/image\/\"}}]}<\/script>\n<!-- \/ Yoast SEO plugin. -->","yoast_head_json":{"title":"Duravit D-Neo M\u00f6belwaschtisch mit Waschtischunterschrank 650x480x790mm | Saniweb | Product-Guide.org","description":"Duravit D-Neo M\u00f6belwaschtisch mit Waschtischunterschrank 650x480x790mm | Saniweb gefunden von Product-Guide.org","robots":{"index":"index","follow":"follow","max-snippet":"max-snippet:-1","max-image-preview":"max-image-preview:large","max-video-preview":"max-video-preview:-1"},"canonical":"https:\/\/product-guide.org\/en\/produkt\/duravit-d-neo-mobelwaschtisch-mit-waschtischunterschrank-650x480x790mm-saniweb\/","og_locale":"en_GB","og_type":"article","og_title":"Duravit D-Neo M\u00f6belwaschtisch mit Waschtischunterschrank 650x480x790mm | Saniweb | Product-Guide.org","og_description":"Duravit D-Neo M\u00f6belwaschtisch mit Waschtischunterschrank 650x480x790mm | Saniweb gefunden von Product-Guide.org","og_url":"https:\/\/product-guide.org\/en\/produkt\/duravit-d-neo-mobelwaschtisch-mit-waschtischunterschrank-650x480x790mm-saniweb\/","og_site_name":"Product-Guide.org","article_modified_time":"2025-03-17T11:42:08+00:00","twitter_card":"summary_large_image","schema":{"@context":"https:\/\/schema.org","@graph":[{"@type":"WebPage","@id":"https:\/\/product-guide.org\/produkt\/duravit-d-neo-mobelwaschtisch-mit-waschtischunterschrank-650x480x790mm-saniweb\/","url":"https:\/\/product-guide.org\/produkt\/duravit-d-neo-mobelwaschtisch-mit-waschtischunterschrank-650x480x790mm-saniweb\/","name":"Duravit D-Neo M\u00f6belwaschtisch mit Waschtischunterschrank 650x480x790mm | Saniweb | Product-Guide.org","isPartOf":{"@id":"https:\/\/product-guide.org\/#website"},"primaryImageOfPage":{"@id":"https:\/\/product-guide.org\/produkt\/duravit-d-neo-mobelwaschtisch-mit-waschtischunterschrank-650x480x790mm-saniweb\/#primaryimage"},"image":{"@id":"https:\/\/product-guide.org\/produkt\/duravit-d-neo-mobelwaschtisch-mit-waschtischunterschrank-650x480x790mm-saniweb\/#primaryimage"},"thumbnailUrl":"https:\/\/product-guide.org\/wp-content\/uploads\/2025\/03\/DE435402222_P1N_1.jpg","datePublished":"2025-03-17T11:42:07+00:00","dateModified":"2025-03-17T11:42:08+00:00","description":"Duravit D-Neo M\u00f6belwaschtisch mit Waschtischunterschrank 650x480x790mm | Saniweb gefunden von Product-Guide.org","breadcrumb":{"@id":"https:\/\/product-guide.org\/produkt\/duravit-d-neo-mobelwaschtisch-mit-waschtischunterschrank-650x480x790mm-saniweb\/#breadcrumb"},"inLanguage":"en-GB","potentialAction":[{"@type":"ReadAction","target":["https:\/\/product-guide.org\/produkt\/duravit-d-neo-mobelwaschtisch-mit-waschtischunterschrank-650x480x790mm-saniweb\/"]}]},{"@type":"ImageObject","inLanguage":"en-GB","@id":"https:\/\/product-guide.org\/produkt\/duravit-d-neo-mobelwaschtisch-mit-waschtischunterschrank-650x480x790mm-saniweb\/#primaryimage","url":"https:\/\/product-guide.org\/wp-content\/uploads\/2025\/03\/DE435402222_P1N_1.jpg","contentUrl":"https:\/\/product-guide.org\/wp-content\/uploads\/2025\/03\/DE435402222_P1N_1.jpg","width":1638,"height":2000},{"@type":"BreadcrumbList","@id":"https:\/\/product-guide.org\/produkt\/duravit-d-neo-mobelwaschtisch-mit-waschtischunterschrank-650x480x790mm-saniweb\/#breadcrumb","itemListElement":[{"@type":"ListItem","position":1,"name":"Home","item":"https:\/\/product-guide.org\/"},{"@type":"ListItem","position":2,"name":"Ergebnisse","item":"https:\/\/product-guide.org\/de\/ergebnisse\/"},{"@type":"ListItem","position":3,"name":"Duravit D-Neo M\u00f6belwaschtisch mit Waschtischunterschrank 650x480x790mm | Saniweb"}]},{"@type":"WebSite","@id":"https:\/\/product-guide.org\/#website","url":"https:\/\/product-guide.org\/","name":"Product-Guide.org","description":"What Product are you looking for?","publisher":{"@id":"https:\/\/product-guide.org\/#organization"},"potentialAction":[{"@type":"SearchAction","target":{"@type":"EntryPoint","urlTemplate":"https:\/\/product-guide.org\/?s={search_term_string}"},"query-input":{"@type":"PropertyValueSpecification","valueRequired":true,"valueName":"search_term_string"}}],"inLanguage":"en-GB"},{"@type":"Organization","@id":"https:\/\/product-guide.org\/#organization","name":"Product-Guide.org","url":"https:\/\/product-guide.org\/","logo":{"@type":"ImageObject","inLanguage":"en-GB","@id":"https:\/\/product-guide.org\/#\/schema\/logo\/image\/","url":"https:\/\/product-guide.org\/wp-content\/uploads\/2022\/07\/logo_transparent_background.png","contentUrl":"https:\/\/product-guide.org\/wp-content\/uploads\/2022\/07\/logo_transparent_background.png","width":3400,"height":1132,"caption":"Product-Guide.org"},"image":{"@id":"https:\/\/product-guide.org\/#\/schema\/logo\/image\/"}}]}},"_links":{"self":[{"href":"https:\/\/product-guide.org\/en\/wp-json\/wp\/v2\/product\/56080","targetHints":{"allow":["GET"]}}],"collection":[{"href":"https:\/\/product-guide.org\/en\/wp-json\/wp\/v2\/product"}],"about":[{"href":"https:\/\/product-guide.org\/en\/wp-json\/wp\/v2\/types\/product"}],"wp:featuredmedia":[{"embeddable":true,"href":"https:\/\/product-guide.org\/en\/wp-json\/wp\/v2\/media\/56079"}],"wp:attachment":[{"href":"https:\/\/product-guide.org\/en\/wp-json\/wp\/v2\/media?parent=56080"}],"wp:term":[{"taxonomy":"store","embeddable":true,"href":"https:\/\/product-guide.org\/en\/wp-json\/wp\/v2\/store?post=56080"},{"taxonomy":"product_brand","embeddable":true,"href":"https:\/\/product-guide.org\/en\/wp-json\/wp\/v2\/product_brand?post=56080"},{"taxonomy":"product_cat","embeddable":true,"href":"https:\/\/product-guide.org\/en\/wp-json\/wp\/v2\/product_cat?post=56080"},{"taxonomy":"product_tag","embeddable":true,"href":"https:\/\/product-guide.org\/en\/wp-json\/wp\/v2\/product_tag?post=56080"}],"curies":[{"name":"wp","href":"https:\/\/api.w.org\/{rel}","templated":true}]}}