{"id":56082,"date":"2025-03-17T12:42:09","date_gmt":"2025-03-17T11:42:09","guid":{"rendered":"https:\/\/product-guide.org\/produkt\/duravit-durasystem-vorwandelement-fur-wc-500x155x1148mm-saniweb\/"},"modified":"2025-03-17T12:42:10","modified_gmt":"2025-03-17T11:42:10","slug":"duravit-durasystem-vorwandelement-fur-wc-500x155x1148mm-saniweb","status":"publish","type":"product","link":"https:\/\/product-guide.org\/en\/produkt\/duravit-durasystem-vorwandelement-fur-wc-500x155x1148mm-saniweb\/","title":{"rendered":"Duravit DuraSystem Vorwandelement f\u00fcr WC 500x155x1148mm | Saniweb"},"content":{"rendered":"<p>Duravit DuraSystem Ge\u00efntegreerde hygi\u00ebnespoeling Unterputzsp\u00fclkasten 1148-1388 mm hochM\u00f6chten Sie Ihr Badezimmer oder G\u00e4ste-WC mit einem Wand-WC ausstatten? In diesem Fall ist ein Unterputzsp\u00fclkasten unverzichtbar. Mit dem Vorwandelement von Duravit k\u00f6nnen Sie die Toilette sicher befestigen und gleichzeitig f\u00fcr eine ruhige Ausstrahlung sorgen, indem Sie die gesamte Technik ordentlich in der Wand verbergen.Geeignete Gr\u00f6\u00dfe\u00dcberlegen Sie im Voraus genau, wo Sie die Toilette platzieren wollen und stellen Sie sicher, dass das Vorwandelement die passende Gr\u00f6\u00dfe hat. Dieser Sp\u00fclkasten ist 1148-1388 mm hoch, 500 mm breit und 155-244 mm tief. Dieser Unterputzsp\u00fclkasten l\u00e4sst sich in der Gr\u00f6\u00dfe verstellen, sodass Sie ihn m\u00fchelos an Ihre individuellen Raumgegebenheiten anpassen k\u00f6nnen.Selbsttragende KonstruktionEin Wand-WC muss problemlos das Gewicht einer Person tragen k\u00f6nnen, daher ist es wichtig, dass die Konstruktion \u00e4u\u00dferst stabil ist. Der Vorteil dieser selbsttragenden Bauweise liegt<\/p>\n","protected":false},"excerpt":{"rendered":"<p>Duravit DuraSystem Ge\u00efntegreerde hygi\u00ebnespoeling Unterputzsp\u00fclkasten 1148-1388 mm hochM\u00f6chten Sie Ihr Badezimmer oder G\u00e4ste-WC mit einem Wand-WC ausstatten? In diesem Fall ist ein Unterputzsp\u00fclkasten unverzichtbar. Mit dem Vorwandelement von Duravit k\u00f6nnen Sie die Toilette sicher befestigen und gleichzeitig f\u00fcr eine ruhige Ausstrahlung sorgen, indem Sie die gesamte Technik ordentlich in der Wand verbergen.Geeignete Gr\u00f6\u00dfe\u00dcberlegen Sie im [&hellip;]<\/p>\n","protected":false},"featured_media":56081,"template":"","meta":{"_gspb_post_css":""},"store":[],"product_brand":[1438],"product_cat":[1290],"product_tag":[],"class_list":{"0":"post-56082","1":"product","2":"type-product","3":"status-publish","4":"has-post-thumbnail","6":"product_brand-saniweb","7":"product_cat-uncategorized","9":"first","10":"instock","11":"shipping-taxable","12":"purchasable","13":"product-type-simple"},"yoast_head":"<!-- This site is optimized with the Yoast SEO plugin v24.6 - https:\/\/yoast.com\/wordpress\/plugins\/seo\/ -->\n<title>Duravit DuraSystem Vorwandelement f\u00fcr WC 500x155x1148mm | Saniweb | Product-Guide.org<\/title>\n<meta name=\"description\" content=\"Duravit DuraSystem Vorwandelement f\u00fcr WC 500x155x1148mm | Saniweb gefunden von Product-Guide.org\" \/>\n<meta name=\"robots\" content=\"index, follow, max-snippet:-1, max-image-preview:large, max-video-preview:-1\" \/>\n<link rel=\"canonical\" href=\"https:\/\/product-guide.org\/en\/produkt\/duravit-durasystem-vorwandelement-fur-wc-500x155x1148mm-saniweb\/\" \/>\n<meta property=\"og:locale\" content=\"en_GB\" \/>\n<meta property=\"og:type\" content=\"article\" \/>\n<meta property=\"og:title\" content=\"Duravit DuraSystem Vorwandelement f\u00fcr WC 500x155x1148mm | Saniweb | Product-Guide.org\" \/>\n<meta property=\"og:description\" content=\"Duravit DuraSystem Vorwandelement f\u00fcr WC 500x155x1148mm | Saniweb gefunden von Product-Guide.org\" \/>\n<meta property=\"og:url\" content=\"https:\/\/product-guide.org\/en\/produkt\/duravit-durasystem-vorwandelement-fur-wc-500x155x1148mm-saniweb\/\" \/>\n<meta property=\"og:site_name\" content=\"Product-Guide.org\" \/>\n<meta property=\"article:modified_time\" content=\"2025-03-17T11:42:10+00:00\" \/>\n<meta name=\"twitter:card\" content=\"summary_large_image\" \/>\n<script type=\"application\/ld+json\" class=\"yoast-schema-graph\">{\"@context\":\"https:\/\/schema.org\",\"@graph\":[{\"@type\":\"WebPage\",\"@id\":\"https:\/\/product-guide.org\/produkt\/duravit-durasystem-vorwandelement-fur-wc-500x155x1148mm-saniweb\/\",\"url\":\"https:\/\/product-guide.org\/produkt\/duravit-durasystem-vorwandelement-fur-wc-500x155x1148mm-saniweb\/\",\"name\":\"Duravit DuraSystem Vorwandelement f\u00fcr WC 500x155x1148mm | Saniweb | Product-Guide.org\",\"isPartOf\":{\"@id\":\"https:\/\/product-guide.org\/#website\"},\"primaryImageOfPage\":{\"@id\":\"https:\/\/product-guide.org\/produkt\/duravit-durasystem-vorwandelement-fur-wc-500x155x1148mm-saniweb\/#primaryimage\"},\"image\":{\"@id\":\"https:\/\/product-guide.org\/produkt\/duravit-durasystem-vorwandelement-fur-wc-500x155x1148mm-saniweb\/#primaryimage\"},\"thumbnailUrl\":\"https:\/\/product-guide.org\/wp-content\/uploads\/2025\/03\/Duravit_PI-HI_WD1013_1390717_300.jpg\",\"datePublished\":\"2025-03-17T11:42:09+00:00\",\"dateModified\":\"2025-03-17T11:42:10+00:00\",\"description\":\"Duravit DuraSystem Vorwandelement f\u00fcr WC 500x155x1148mm | Saniweb gefunden von Product-Guide.org\",\"breadcrumb\":{\"@id\":\"https:\/\/product-guide.org\/produkt\/duravit-durasystem-vorwandelement-fur-wc-500x155x1148mm-saniweb\/#breadcrumb\"},\"inLanguage\":\"en-GB\",\"potentialAction\":[{\"@type\":\"ReadAction\",\"target\":[\"https:\/\/product-guide.org\/produkt\/duravit-durasystem-vorwandelement-fur-wc-500x155x1148mm-saniweb\/\"]}]},{\"@type\":\"ImageObject\",\"inLanguage\":\"en-GB\",\"@id\":\"https:\/\/product-guide.org\/produkt\/duravit-durasystem-vorwandelement-fur-wc-500x155x1148mm-saniweb\/#primaryimage\",\"url\":\"https:\/\/product-guide.org\/wp-content\/uploads\/2025\/03\/Duravit_PI-HI_WD1013_1390717_300.jpg\",\"contentUrl\":\"https:\/\/product-guide.org\/wp-content\/uploads\/2025\/03\/Duravit_PI-HI_WD1013_1390717_300.jpg\",\"width\":840,\"height\":2000},{\"@type\":\"BreadcrumbList\",\"@id\":\"https:\/\/product-guide.org\/produkt\/duravit-durasystem-vorwandelement-fur-wc-500x155x1148mm-saniweb\/#breadcrumb\",\"itemListElement\":[{\"@type\":\"ListItem\",\"position\":1,\"name\":\"Home\",\"item\":\"https:\/\/product-guide.org\/\"},{\"@type\":\"ListItem\",\"position\":2,\"name\":\"Ergebnisse\",\"item\":\"https:\/\/product-guide.org\/de\/ergebnisse\/\"},{\"@type\":\"ListItem\",\"position\":3,\"name\":\"Duravit DuraSystem Vorwandelement f\u00fcr WC 500x155x1148mm | Saniweb\"}]},{\"@type\":\"WebSite\",\"@id\":\"https:\/\/product-guide.org\/#website\",\"url\":\"https:\/\/product-guide.org\/\",\"name\":\"Product-Guide.org\",\"description\":\"What Product are you looking for?\",\"publisher\":{\"@id\":\"https:\/\/product-guide.org\/#organization\"},\"potentialAction\":[{\"@type\":\"SearchAction\",\"target\":{\"@type\":\"EntryPoint\",\"urlTemplate\":\"https:\/\/product-guide.org\/?s={search_term_string}\"},\"query-input\":{\"@type\":\"PropertyValueSpecification\",\"valueRequired\":true,\"valueName\":\"search_term_string\"}}],\"inLanguage\":\"en-GB\"},{\"@type\":\"Organization\",\"@id\":\"https:\/\/product-guide.org\/#organization\",\"name\":\"Product-Guide.org\",\"url\":\"https:\/\/product-guide.org\/\",\"logo\":{\"@type\":\"ImageObject\",\"inLanguage\":\"en-GB\",\"@id\":\"https:\/\/product-guide.org\/#\/schema\/logo\/image\/\",\"url\":\"https:\/\/product-guide.org\/wp-content\/uploads\/2022\/07\/logo_transparent_background.png\",\"contentUrl\":\"https:\/\/product-guide.org\/wp-content\/uploads\/2022\/07\/logo_transparent_background.png\",\"width\":3400,\"height\":1132,\"caption\":\"Product-Guide.org\"},\"image\":{\"@id\":\"https:\/\/product-guide.org\/#\/schema\/logo\/image\/\"}}]}<\/script>\n<!-- \/ Yoast SEO plugin. -->","yoast_head_json":{"title":"Duravit DuraSystem Vorwandelement f\u00fcr WC 500x155x1148mm | Saniweb | Product-Guide.org","description":"Duravit DuraSystem Vorwandelement f\u00fcr WC 500x155x1148mm | Saniweb gefunden von Product-Guide.org","robots":{"index":"index","follow":"follow","max-snippet":"max-snippet:-1","max-image-preview":"max-image-preview:large","max-video-preview":"max-video-preview:-1"},"canonical":"https:\/\/product-guide.org\/en\/produkt\/duravit-durasystem-vorwandelement-fur-wc-500x155x1148mm-saniweb\/","og_locale":"en_GB","og_type":"article","og_title":"Duravit DuraSystem Vorwandelement f\u00fcr WC 500x155x1148mm | Saniweb | Product-Guide.org","og_description":"Duravit DuraSystem Vorwandelement f\u00fcr WC 500x155x1148mm | Saniweb gefunden von Product-Guide.org","og_url":"https:\/\/product-guide.org\/en\/produkt\/duravit-durasystem-vorwandelement-fur-wc-500x155x1148mm-saniweb\/","og_site_name":"Product-Guide.org","article_modified_time":"2025-03-17T11:42:10+00:00","twitter_card":"summary_large_image","schema":{"@context":"https:\/\/schema.org","@graph":[{"@type":"WebPage","@id":"https:\/\/product-guide.org\/produkt\/duravit-durasystem-vorwandelement-fur-wc-500x155x1148mm-saniweb\/","url":"https:\/\/product-guide.org\/produkt\/duravit-durasystem-vorwandelement-fur-wc-500x155x1148mm-saniweb\/","name":"Duravit DuraSystem Vorwandelement f\u00fcr WC 500x155x1148mm | Saniweb | Product-Guide.org","isPartOf":{"@id":"https:\/\/product-guide.org\/#website"},"primaryImageOfPage":{"@id":"https:\/\/product-guide.org\/produkt\/duravit-durasystem-vorwandelement-fur-wc-500x155x1148mm-saniweb\/#primaryimage"},"image":{"@id":"https:\/\/product-guide.org\/produkt\/duravit-durasystem-vorwandelement-fur-wc-500x155x1148mm-saniweb\/#primaryimage"},"thumbnailUrl":"https:\/\/product-guide.org\/wp-content\/uploads\/2025\/03\/Duravit_PI-HI_WD1013_1390717_300.jpg","datePublished":"2025-03-17T11:42:09+00:00","dateModified":"2025-03-17T11:42:10+00:00","description":"Duravit DuraSystem Vorwandelement f\u00fcr WC 500x155x1148mm | Saniweb gefunden von Product-Guide.org","breadcrumb":{"@id":"https:\/\/product-guide.org\/produkt\/duravit-durasystem-vorwandelement-fur-wc-500x155x1148mm-saniweb\/#breadcrumb"},"inLanguage":"en-GB","potentialAction":[{"@type":"ReadAction","target":["https:\/\/product-guide.org\/produkt\/duravit-durasystem-vorwandelement-fur-wc-500x155x1148mm-saniweb\/"]}]},{"@type":"ImageObject","inLanguage":"en-GB","@id":"https:\/\/product-guide.org\/produkt\/duravit-durasystem-vorwandelement-fur-wc-500x155x1148mm-saniweb\/#primaryimage","url":"https:\/\/product-guide.org\/wp-content\/uploads\/2025\/03\/Duravit_PI-HI_WD1013_1390717_300.jpg","contentUrl":"https:\/\/product-guide.org\/wp-content\/uploads\/2025\/03\/Duravit_PI-HI_WD1013_1390717_300.jpg","width":840,"height":2000},{"@type":"BreadcrumbList","@id":"https:\/\/product-guide.org\/produkt\/duravit-durasystem-vorwandelement-fur-wc-500x155x1148mm-saniweb\/#breadcrumb","itemListElement":[{"@type":"ListItem","position":1,"name":"Home","item":"https:\/\/product-guide.org\/"},{"@type":"ListItem","position":2,"name":"Ergebnisse","item":"https:\/\/product-guide.org\/de\/ergebnisse\/"},{"@type":"ListItem","position":3,"name":"Duravit DuraSystem Vorwandelement f\u00fcr WC 500x155x1148mm | Saniweb"}]},{"@type":"WebSite","@id":"https:\/\/product-guide.org\/#website","url":"https:\/\/product-guide.org\/","name":"Product-Guide.org","description":"What Product are you looking for?","publisher":{"@id":"https:\/\/product-guide.org\/#organization"},"potentialAction":[{"@type":"SearchAction","target":{"@type":"EntryPoint","urlTemplate":"https:\/\/product-guide.org\/?s={search_term_string}"},"query-input":{"@type":"PropertyValueSpecification","valueRequired":true,"valueName":"search_term_string"}}],"inLanguage":"en-GB"},{"@type":"Organization","@id":"https:\/\/product-guide.org\/#organization","name":"Product-Guide.org","url":"https:\/\/product-guide.org\/","logo":{"@type":"ImageObject","inLanguage":"en-GB","@id":"https:\/\/product-guide.org\/#\/schema\/logo\/image\/","url":"https:\/\/product-guide.org\/wp-content\/uploads\/2022\/07\/logo_transparent_background.png","contentUrl":"https:\/\/product-guide.org\/wp-content\/uploads\/2022\/07\/logo_transparent_background.png","width":3400,"height":1132,"caption":"Product-Guide.org"},"image":{"@id":"https:\/\/product-guide.org\/#\/schema\/logo\/image\/"}}]}},"_links":{"self":[{"href":"https:\/\/product-guide.org\/en\/wp-json\/wp\/v2\/product\/56082","targetHints":{"allow":["GET"]}}],"collection":[{"href":"https:\/\/product-guide.org\/en\/wp-json\/wp\/v2\/product"}],"about":[{"href":"https:\/\/product-guide.org\/en\/wp-json\/wp\/v2\/types\/product"}],"wp:featuredmedia":[{"embeddable":true,"href":"https:\/\/product-guide.org\/en\/wp-json\/wp\/v2\/media\/56081"}],"wp:attachment":[{"href":"https:\/\/product-guide.org\/en\/wp-json\/wp\/v2\/media?parent=56082"}],"wp:term":[{"taxonomy":"store","embeddable":true,"href":"https:\/\/product-guide.org\/en\/wp-json\/wp\/v2\/store?post=56082"},{"taxonomy":"product_brand","embeddable":true,"href":"https:\/\/product-guide.org\/en\/wp-json\/wp\/v2\/product_brand?post=56082"},{"taxonomy":"product_cat","embeddable":true,"href":"https:\/\/product-guide.org\/en\/wp-json\/wp\/v2\/product_cat?post=56082"},{"taxonomy":"product_tag","embeddable":true,"href":"https:\/\/product-guide.org\/en\/wp-json\/wp\/v2\/product_tag?post=56082"}],"curies":[{"name":"wp","href":"https:\/\/api.w.org\/{rel}","templated":true}]}}