{"id":56165,"date":"2025-03-17T12:43:32","date_gmt":"2025-03-17T11:43:32","guid":{"rendered":"https:\/\/product-guide.org\/produkt\/wandfliese-estudio-camden-75x15x09-cm-schwarz-051-m%c2%b2-saniweb\/"},"modified":"2025-03-17T12:43:33","modified_gmt":"2025-03-17T11:43:33","slug":"wandfliese-estudio-camden-75x15x09-cm-schwarz-051-m%c2%b2-saniweb","status":"publish","type":"product","link":"https:\/\/product-guide.org\/en\/produkt\/wandfliese-estudio-camden-75x15x09-cm-schwarz-051-m%c2%b2-saniweb\/","title":{"rendered":"Wandfliese Estudio Camden 7,5x15x0,9 cm Schwarz 0,51 m\u00b2 | Saniweb"},"content":{"rendered":"<p>Estudio Camden Wandfliese in der Farbe BlackDiese Fliese ist in der stilvollen Farbe Black erh\u00e4ltlich. Die Fliese ist nur f\u00fcr die Wandverlegung geeignet. Wandfliesen sind d\u00fcnner als Bodenfliesen und k\u00f6nnen daher nicht auf dem Boden verlegt werden. Die Fliese hat eine rechteckige Form und eignet sich f\u00fcr jeden Raum in Ihrem Haus, auch f\u00fcr Nassbereiche wie Badezimmer oder Toilette.Beachten Sie das FarbspielDiese Fliese hat ein Farbspiel von V1. Das V-Farbspiel gibt an, wie viel Farbvariation in einer Fliese vorhanden ist (von V0 einfarbig bis V4 starkes Farbspiel). F\u00fcr diese Fliese (V1) bedeutet das, dass leichte Abweichungen in \u00e4hnlichen Farbt\u00f6nen entstehen k\u00f6nnen. Die Fliesen schaffen dennoch ein ruhiges Erscheinungsbild.Produktmerkmale * Fliesentyp: Wandfliese * Gr\u00f6\u00dfe: 7,5x15x0,9 cm * Farbe: Black * Oberfl\u00e4che: Gl\u00e4nzendInteressiert an dieser Fliese? Bestellen Sie direkt online bei Saniweb!Bestellen Sie Ihre Fliesen schnell und einfach online bei Saniweb! Bei Saniweb<\/p>\n","protected":false},"excerpt":{"rendered":"<p>Estudio Camden Wandfliese in der Farbe BlackDiese Fliese ist in der stilvollen Farbe Black erh\u00e4ltlich. Die Fliese ist nur f\u00fcr die Wandverlegung geeignet. Wandfliesen sind d\u00fcnner als Bodenfliesen und k\u00f6nnen daher nicht auf dem Boden verlegt werden. Die Fliese hat eine rechteckige Form und eignet sich f\u00fcr jeden Raum in Ihrem Haus, auch f\u00fcr Nassbereiche [&hellip;]<\/p>\n","protected":false},"featured_media":56164,"template":"","meta":{"_gspb_post_css":""},"store":[],"product_brand":[1438],"product_cat":[1290],"product_tag":[],"class_list":{"0":"post-56165","1":"product","2":"type-product","3":"status-publish","4":"has-post-thumbnail","6":"product_brand-saniweb","7":"product_cat-uncategorized","9":"first","10":"instock","11":"shipping-taxable","12":"purchasable","13":"product-type-simple"},"yoast_head":"<!-- This site is optimized with the Yoast SEO plugin v24.6 - https:\/\/yoast.com\/wordpress\/plugins\/seo\/ -->\n<title>Wandfliese Estudio Camden 7,5x15x0,9 cm Schwarz 0,51 m\u00b2 | Saniweb | Product-Guide.org<\/title>\n<meta name=\"description\" content=\"Wandfliese Estudio Camden 7,5x15x0,9 cm Schwarz 0,51 m\u00b2 | Saniweb gefunden von Product-Guide.org\" \/>\n<meta name=\"robots\" content=\"index, follow, max-snippet:-1, max-image-preview:large, max-video-preview:-1\" \/>\n<link rel=\"canonical\" href=\"https:\/\/product-guide.org\/en\/produkt\/wandfliese-estudio-camden-75x15x09-cm-schwarz-051-m\u00b2-saniweb\/\" \/>\n<meta property=\"og:locale\" content=\"en_GB\" \/>\n<meta property=\"og:type\" content=\"article\" \/>\n<meta property=\"og:title\" content=\"Wandfliese Estudio Camden 7,5x15x0,9 cm Schwarz 0,51 m\u00b2 | Saniweb | Product-Guide.org\" \/>\n<meta property=\"og:description\" content=\"Wandfliese Estudio Camden 7,5x15x0,9 cm Schwarz 0,51 m\u00b2 | Saniweb gefunden von Product-Guide.org\" \/>\n<meta property=\"og:url\" content=\"https:\/\/product-guide.org\/en\/produkt\/wandfliese-estudio-camden-75x15x09-cm-schwarz-051-m\u00b2-saniweb\/\" \/>\n<meta property=\"og:site_name\" content=\"Product-Guide.org\" \/>\n<meta property=\"article:modified_time\" content=\"2025-03-17T11:43:33+00:00\" \/>\n<meta name=\"twitter:card\" content=\"summary_large_image\" \/>\n<script type=\"application\/ld+json\" class=\"yoast-schema-graph\">{\"@context\":\"https:\/\/schema.org\",\"@graph\":[{\"@type\":\"WebPage\",\"@id\":\"https:\/\/product-guide.org\/produkt\/wandfliese-estudio-camden-75x15x09-cm-schwarz-051-m%c2%b2-saniweb\/\",\"url\":\"https:\/\/product-guide.org\/produkt\/wandfliese-estudio-camden-75x15x09-cm-schwarz-051-m%c2%b2-saniweb\/\",\"name\":\"Wandfliese Estudio Camden 7,5x15x0,9 cm Schwarz 0,51 m\u00b2 | Saniweb | Product-Guide.org\",\"isPartOf\":{\"@id\":\"https:\/\/product-guide.org\/#website\"},\"primaryImageOfPage\":{\"@id\":\"https:\/\/product-guide.org\/produkt\/wandfliese-estudio-camden-75x15x09-cm-schwarz-051-m%c2%b2-saniweb\/#primaryimage\"},\"image\":{\"@id\":\"https:\/\/product-guide.org\/produkt\/wandfliese-estudio-camden-75x15x09-cm-schwarz-051-m%c2%b2-saniweb\/#primaryimage\"},\"thumbnailUrl\":\"https:\/\/product-guide.org\/wp-content\/uploads\/2025\/03\/748071511000.jpg\",\"datePublished\":\"2025-03-17T11:43:32+00:00\",\"dateModified\":\"2025-03-17T11:43:33+00:00\",\"description\":\"Wandfliese Estudio Camden 7,5x15x0,9 cm Schwarz 0,51 m\u00b2 | Saniweb gefunden von Product-Guide.org\",\"breadcrumb\":{\"@id\":\"https:\/\/product-guide.org\/produkt\/wandfliese-estudio-camden-75x15x09-cm-schwarz-051-m%c2%b2-saniweb\/#breadcrumb\"},\"inLanguage\":\"en-GB\",\"potentialAction\":[{\"@type\":\"ReadAction\",\"target\":[\"https:\/\/product-guide.org\/produkt\/wandfliese-estudio-camden-75x15x09-cm-schwarz-051-m%c2%b2-saniweb\/\"]}]},{\"@type\":\"ImageObject\",\"inLanguage\":\"en-GB\",\"@id\":\"https:\/\/product-guide.org\/produkt\/wandfliese-estudio-camden-75x15x09-cm-schwarz-051-m%c2%b2-saniweb\/#primaryimage\",\"url\":\"https:\/\/product-guide.org\/wp-content\/uploads\/2025\/03\/748071511000.jpg\",\"contentUrl\":\"https:\/\/product-guide.org\/wp-content\/uploads\/2025\/03\/748071511000.jpg\",\"width\":164,\"height\":82},{\"@type\":\"BreadcrumbList\",\"@id\":\"https:\/\/product-guide.org\/produkt\/wandfliese-estudio-camden-75x15x09-cm-schwarz-051-m%c2%b2-saniweb\/#breadcrumb\",\"itemListElement\":[{\"@type\":\"ListItem\",\"position\":1,\"name\":\"Home\",\"item\":\"https:\/\/product-guide.org\/\"},{\"@type\":\"ListItem\",\"position\":2,\"name\":\"Ergebnisse\",\"item\":\"https:\/\/product-guide.org\/de\/ergebnisse\/\"},{\"@type\":\"ListItem\",\"position\":3,\"name\":\"Wandfliese Estudio Camden 7,5x15x0,9 cm Schwarz 0,51 m\u00b2 | Saniweb\"}]},{\"@type\":\"WebSite\",\"@id\":\"https:\/\/product-guide.org\/#website\",\"url\":\"https:\/\/product-guide.org\/\",\"name\":\"Product-Guide.org\",\"description\":\"What Product are you looking for?\",\"publisher\":{\"@id\":\"https:\/\/product-guide.org\/#organization\"},\"potentialAction\":[{\"@type\":\"SearchAction\",\"target\":{\"@type\":\"EntryPoint\",\"urlTemplate\":\"https:\/\/product-guide.org\/?s={search_term_string}\"},\"query-input\":{\"@type\":\"PropertyValueSpecification\",\"valueRequired\":true,\"valueName\":\"search_term_string\"}}],\"inLanguage\":\"en-GB\"},{\"@type\":\"Organization\",\"@id\":\"https:\/\/product-guide.org\/#organization\",\"name\":\"Product-Guide.org\",\"url\":\"https:\/\/product-guide.org\/\",\"logo\":{\"@type\":\"ImageObject\",\"inLanguage\":\"en-GB\",\"@id\":\"https:\/\/product-guide.org\/#\/schema\/logo\/image\/\",\"url\":\"https:\/\/product-guide.org\/wp-content\/uploads\/2022\/07\/logo_transparent_background.png\",\"contentUrl\":\"https:\/\/product-guide.org\/wp-content\/uploads\/2022\/07\/logo_transparent_background.png\",\"width\":3400,\"height\":1132,\"caption\":\"Product-Guide.org\"},\"image\":{\"@id\":\"https:\/\/product-guide.org\/#\/schema\/logo\/image\/\"}}]}<\/script>\n<!-- \/ Yoast SEO plugin. -->","yoast_head_json":{"title":"Wandfliese Estudio Camden 7,5x15x0,9 cm Schwarz 0,51 m\u00b2 | Saniweb | Product-Guide.org","description":"Wandfliese Estudio Camden 7,5x15x0,9 cm Schwarz 0,51 m\u00b2 | Saniweb gefunden von Product-Guide.org","robots":{"index":"index","follow":"follow","max-snippet":"max-snippet:-1","max-image-preview":"max-image-preview:large","max-video-preview":"max-video-preview:-1"},"canonical":"https:\/\/product-guide.org\/en\/produkt\/wandfliese-estudio-camden-75x15x09-cm-schwarz-051-m\u00b2-saniweb\/","og_locale":"en_GB","og_type":"article","og_title":"Wandfliese Estudio Camden 7,5x15x0,9 cm Schwarz 0,51 m\u00b2 | Saniweb | Product-Guide.org","og_description":"Wandfliese Estudio Camden 7,5x15x0,9 cm Schwarz 0,51 m\u00b2 | Saniweb gefunden von Product-Guide.org","og_url":"https:\/\/product-guide.org\/en\/produkt\/wandfliese-estudio-camden-75x15x09-cm-schwarz-051-m\u00b2-saniweb\/","og_site_name":"Product-Guide.org","article_modified_time":"2025-03-17T11:43:33+00:00","twitter_card":"summary_large_image","schema":{"@context":"https:\/\/schema.org","@graph":[{"@type":"WebPage","@id":"https:\/\/product-guide.org\/produkt\/wandfliese-estudio-camden-75x15x09-cm-schwarz-051-m%c2%b2-saniweb\/","url":"https:\/\/product-guide.org\/produkt\/wandfliese-estudio-camden-75x15x09-cm-schwarz-051-m%c2%b2-saniweb\/","name":"Wandfliese Estudio Camden 7,5x15x0,9 cm Schwarz 0,51 m\u00b2 | Saniweb | Product-Guide.org","isPartOf":{"@id":"https:\/\/product-guide.org\/#website"},"primaryImageOfPage":{"@id":"https:\/\/product-guide.org\/produkt\/wandfliese-estudio-camden-75x15x09-cm-schwarz-051-m%c2%b2-saniweb\/#primaryimage"},"image":{"@id":"https:\/\/product-guide.org\/produkt\/wandfliese-estudio-camden-75x15x09-cm-schwarz-051-m%c2%b2-saniweb\/#primaryimage"},"thumbnailUrl":"https:\/\/product-guide.org\/wp-content\/uploads\/2025\/03\/748071511000.jpg","datePublished":"2025-03-17T11:43:32+00:00","dateModified":"2025-03-17T11:43:33+00:00","description":"Wandfliese Estudio Camden 7,5x15x0,9 cm Schwarz 0,51 m\u00b2 | Saniweb gefunden von Product-Guide.org","breadcrumb":{"@id":"https:\/\/product-guide.org\/produkt\/wandfliese-estudio-camden-75x15x09-cm-schwarz-051-m%c2%b2-saniweb\/#breadcrumb"},"inLanguage":"en-GB","potentialAction":[{"@type":"ReadAction","target":["https:\/\/product-guide.org\/produkt\/wandfliese-estudio-camden-75x15x09-cm-schwarz-051-m%c2%b2-saniweb\/"]}]},{"@type":"ImageObject","inLanguage":"en-GB","@id":"https:\/\/product-guide.org\/produkt\/wandfliese-estudio-camden-75x15x09-cm-schwarz-051-m%c2%b2-saniweb\/#primaryimage","url":"https:\/\/product-guide.org\/wp-content\/uploads\/2025\/03\/748071511000.jpg","contentUrl":"https:\/\/product-guide.org\/wp-content\/uploads\/2025\/03\/748071511000.jpg","width":164,"height":82},{"@type":"BreadcrumbList","@id":"https:\/\/product-guide.org\/produkt\/wandfliese-estudio-camden-75x15x09-cm-schwarz-051-m%c2%b2-saniweb\/#breadcrumb","itemListElement":[{"@type":"ListItem","position":1,"name":"Home","item":"https:\/\/product-guide.org\/"},{"@type":"ListItem","position":2,"name":"Ergebnisse","item":"https:\/\/product-guide.org\/de\/ergebnisse\/"},{"@type":"ListItem","position":3,"name":"Wandfliese Estudio Camden 7,5x15x0,9 cm Schwarz 0,51 m\u00b2 | Saniweb"}]},{"@type":"WebSite","@id":"https:\/\/product-guide.org\/#website","url":"https:\/\/product-guide.org\/","name":"Product-Guide.org","description":"What Product are you looking for?","publisher":{"@id":"https:\/\/product-guide.org\/#organization"},"potentialAction":[{"@type":"SearchAction","target":{"@type":"EntryPoint","urlTemplate":"https:\/\/product-guide.org\/?s={search_term_string}"},"query-input":{"@type":"PropertyValueSpecification","valueRequired":true,"valueName":"search_term_string"}}],"inLanguage":"en-GB"},{"@type":"Organization","@id":"https:\/\/product-guide.org\/#organization","name":"Product-Guide.org","url":"https:\/\/product-guide.org\/","logo":{"@type":"ImageObject","inLanguage":"en-GB","@id":"https:\/\/product-guide.org\/#\/schema\/logo\/image\/","url":"https:\/\/product-guide.org\/wp-content\/uploads\/2022\/07\/logo_transparent_background.png","contentUrl":"https:\/\/product-guide.org\/wp-content\/uploads\/2022\/07\/logo_transparent_background.png","width":3400,"height":1132,"caption":"Product-Guide.org"},"image":{"@id":"https:\/\/product-guide.org\/#\/schema\/logo\/image\/"}}]}},"_links":{"self":[{"href":"https:\/\/product-guide.org\/en\/wp-json\/wp\/v2\/product\/56165","targetHints":{"allow":["GET"]}}],"collection":[{"href":"https:\/\/product-guide.org\/en\/wp-json\/wp\/v2\/product"}],"about":[{"href":"https:\/\/product-guide.org\/en\/wp-json\/wp\/v2\/types\/product"}],"wp:featuredmedia":[{"embeddable":true,"href":"https:\/\/product-guide.org\/en\/wp-json\/wp\/v2\/media\/56164"}],"wp:attachment":[{"href":"https:\/\/product-guide.org\/en\/wp-json\/wp\/v2\/media?parent=56165"}],"wp:term":[{"taxonomy":"store","embeddable":true,"href":"https:\/\/product-guide.org\/en\/wp-json\/wp\/v2\/store?post=56165"},{"taxonomy":"product_brand","embeddable":true,"href":"https:\/\/product-guide.org\/en\/wp-json\/wp\/v2\/product_brand?post=56165"},{"taxonomy":"product_cat","embeddable":true,"href":"https:\/\/product-guide.org\/en\/wp-json\/wp\/v2\/product_cat?post=56165"},{"taxonomy":"product_tag","embeddable":true,"href":"https:\/\/product-guide.org\/en\/wp-json\/wp\/v2\/product_tag?post=56165"}],"curies":[{"name":"wp","href":"https:\/\/api.w.org\/{rel}","templated":true}]}}