{"id":56193,"date":"2025-03-17T12:44:00","date_gmt":"2025-03-17T11:44:00","guid":{"rendered":"https:\/\/product-guide.org\/produkt\/fan-schweisbander-in-deutschlandfarben-fan-accessoire-fur-die-karneval-universe\/"},"modified":"2025-03-17T12:44:01","modified_gmt":"2025-03-17T11:44:01","slug":"fan-schweisbander-in-deutschlandfarben-fan-accessoire-fur-die-karneval-universe","status":"publish","type":"product","link":"https:\/\/product-guide.org\/en\/produkt\/fan-schweisbander-in-deutschlandfarben-fan-accessoire-fur-die-karneval-universe\/","title":{"rendered":"Fan Schwei\u00dfb\u00e4nder in Deutschlandfarben Fan-Accessoire f\u00fcr die | Karneval-Universe"},"content":{"rendered":"<p>Fan Schwei\u00dfb\u00e4nder in Deutschlandfarben Mit diesem Fan-Accessoire wirst du selbst zum deutschen Kicker Die Fu\u00dfball-Geschichte hat gezeigt, dass die deutsche Nationalmannschaft fast immer um den Titel mitspielt. F\u00fcr alle, die sich bei spannenden Duellen mit anderen L\u00e4ndernden Schwei\u00df von der Stirn wischen wollen, oder einfach den passenden Look brauchen, haben wir die Fan Schwei\u00dfb\u00e4nder in Deutschlandfaben im Sortiment. Die zwei Fan Schwei\u00dfb\u00e4nder sind in den deutschen Nationalfarben schwarz\/rot\/gold gehalten und passen sich aufgrund ihrer Dehnbarkeit an jeden Unterarm an. Mit diesem Fan-Artikel kannst du beim Public Viewing dein Team anfeuern oder dich selbst beim Fu\u00dfball spielen ordentlich verausgaben. Ebenfalls interessant f\u00fcr dich k\u00f6nnte der und der sein. Lieferumfang: 1 x 2 Fan Schwei\u00dfb\u00e4nder in Deutschlandfarben Farbe: schwarz\/rot\/gold Material: 100% Polyester<\/p>\n","protected":false},"excerpt":{"rendered":"<p>Fan Schwei\u00dfb\u00e4nder in Deutschlandfarben Mit diesem Fan-Accessoire wirst du selbst zum deutschen Kicker Die Fu\u00dfball-Geschichte hat gezeigt, dass die deutsche Nationalmannschaft fast immer um den Titel mitspielt. F\u00fcr alle, die sich bei spannenden Duellen mit anderen L\u00e4ndernden Schwei\u00df von der Stirn wischen wollen, oder einfach den passenden Look brauchen, haben wir die Fan Schwei\u00dfb\u00e4nder in [&hellip;]<\/p>\n","protected":false},"featured_media":56192,"template":"","meta":{"_gspb_post_css":""},"store":[],"product_brand":[1439],"product_cat":[1290],"product_tag":[],"class_list":{"0":"post-56193","1":"product","2":"type-product","3":"status-publish","4":"has-post-thumbnail","6":"product_brand-karneval-universe","7":"product_cat-uncategorized","9":"first","10":"instock","11":"shipping-taxable","12":"purchasable","13":"product-type-simple"},"yoast_head":"<!-- This site is optimized with the Yoast SEO plugin v24.6 - https:\/\/yoast.com\/wordpress\/plugins\/seo\/ -->\n<title>Fan Schwei\u00dfb\u00e4nder in Deutschlandfarben Fan-Accessoire f\u00fcr die | Karneval-Universe | Product-Guide.org<\/title>\n<meta name=\"description\" content=\"Fan Schwei\u00dfb\u00e4nder in Deutschlandfarben Fan-Accessoire f\u00fcr die | Karneval-Universe gefunden von Product-Guide.org\" \/>\n<meta name=\"robots\" content=\"index, follow, max-snippet:-1, max-image-preview:large, max-video-preview:-1\" \/>\n<link rel=\"canonical\" href=\"https:\/\/product-guide.org\/en\/produkt\/fan-schweisbander-in-deutschlandfarben-fan-accessoire-fur-die-karneval-universe\/\" \/>\n<meta property=\"og:locale\" content=\"en_GB\" \/>\n<meta property=\"og:type\" content=\"article\" \/>\n<meta property=\"og:title\" content=\"Fan Schwei\u00dfb\u00e4nder in Deutschlandfarben Fan-Accessoire f\u00fcr die | Karneval-Universe | Product-Guide.org\" \/>\n<meta property=\"og:description\" content=\"Fan Schwei\u00dfb\u00e4nder in Deutschlandfarben Fan-Accessoire f\u00fcr die | Karneval-Universe gefunden von Product-Guide.org\" \/>\n<meta property=\"og:url\" content=\"https:\/\/product-guide.org\/en\/produkt\/fan-schweisbander-in-deutschlandfarben-fan-accessoire-fur-die-karneval-universe\/\" \/>\n<meta property=\"og:site_name\" content=\"Product-Guide.org\" \/>\n<meta property=\"article:modified_time\" content=\"2025-03-17T11:44:01+00:00\" \/>\n<meta name=\"twitter:card\" content=\"summary_large_image\" \/>\n<script type=\"application\/ld+json\" class=\"yoast-schema-graph\">{\"@context\":\"https:\/\/schema.org\",\"@graph\":[{\"@type\":\"WebPage\",\"@id\":\"https:\/\/product-guide.org\/produkt\/fan-schweisbander-in-deutschlandfarben-fan-accessoire-fur-die-karneval-universe\/\",\"url\":\"https:\/\/product-guide.org\/produkt\/fan-schweisbander-in-deutschlandfarben-fan-accessoire-fur-die-karneval-universe\/\",\"name\":\"Fan Schwei\u00dfb\u00e4nder in Deutschlandfarben Fan-Accessoire f\u00fcr die | Karneval-Universe | Product-Guide.org\",\"isPartOf\":{\"@id\":\"https:\/\/product-guide.org\/#website\"},\"primaryImageOfPage\":{\"@id\":\"https:\/\/product-guide.org\/produkt\/fan-schweisbander-in-deutschlandfarben-fan-accessoire-fur-die-karneval-universe\/#primaryimage\"},\"image\":{\"@id\":\"https:\/\/product-guide.org\/produkt\/fan-schweisbander-in-deutschlandfarben-fan-accessoire-fur-die-karneval-universe\/#primaryimage\"},\"thumbnailUrl\":\"https:\/\/product-guide.org\/wp-content\/uploads\/2025\/03\/fan_schweissbaender_deutschland-schwarz_rot_gold_fan_artikel-8802669.jpg\",\"datePublished\":\"2025-03-17T11:44:00+00:00\",\"dateModified\":\"2025-03-17T11:44:01+00:00\",\"description\":\"Fan Schwei\u00dfb\u00e4nder in Deutschlandfarben Fan-Accessoire f\u00fcr die | Karneval-Universe gefunden von Product-Guide.org\",\"breadcrumb\":{\"@id\":\"https:\/\/product-guide.org\/produkt\/fan-schweisbander-in-deutschlandfarben-fan-accessoire-fur-die-karneval-universe\/#breadcrumb\"},\"inLanguage\":\"en-GB\",\"potentialAction\":[{\"@type\":\"ReadAction\",\"target\":[\"https:\/\/product-guide.org\/produkt\/fan-schweisbander-in-deutschlandfarben-fan-accessoire-fur-die-karneval-universe\/\"]}]},{\"@type\":\"ImageObject\",\"inLanguage\":\"en-GB\",\"@id\":\"https:\/\/product-guide.org\/produkt\/fan-schweisbander-in-deutschlandfarben-fan-accessoire-fur-die-karneval-universe\/#primaryimage\",\"url\":\"https:\/\/product-guide.org\/wp-content\/uploads\/2025\/03\/fan_schweissbaender_deutschland-schwarz_rot_gold_fan_artikel-8802669.jpg\",\"contentUrl\":\"https:\/\/product-guide.org\/wp-content\/uploads\/2025\/03\/fan_schweissbaender_deutschland-schwarz_rot_gold_fan_artikel-8802669.jpg\",\"width\":510,\"height\":800},{\"@type\":\"BreadcrumbList\",\"@id\":\"https:\/\/product-guide.org\/produkt\/fan-schweisbander-in-deutschlandfarben-fan-accessoire-fur-die-karneval-universe\/#breadcrumb\",\"itemListElement\":[{\"@type\":\"ListItem\",\"position\":1,\"name\":\"Home\",\"item\":\"https:\/\/product-guide.org\/\"},{\"@type\":\"ListItem\",\"position\":2,\"name\":\"Ergebnisse\",\"item\":\"https:\/\/product-guide.org\/de\/ergebnisse\/\"},{\"@type\":\"ListItem\",\"position\":3,\"name\":\"Fan Schwei\u00dfb\u00e4nder in Deutschlandfarben Fan-Accessoire f\u00fcr die | Karneval-Universe\"}]},{\"@type\":\"WebSite\",\"@id\":\"https:\/\/product-guide.org\/#website\",\"url\":\"https:\/\/product-guide.org\/\",\"name\":\"Product-Guide.org\",\"description\":\"What Product are you looking for?\",\"publisher\":{\"@id\":\"https:\/\/product-guide.org\/#organization\"},\"potentialAction\":[{\"@type\":\"SearchAction\",\"target\":{\"@type\":\"EntryPoint\",\"urlTemplate\":\"https:\/\/product-guide.org\/?s={search_term_string}\"},\"query-input\":{\"@type\":\"PropertyValueSpecification\",\"valueRequired\":true,\"valueName\":\"search_term_string\"}}],\"inLanguage\":\"en-GB\"},{\"@type\":\"Organization\",\"@id\":\"https:\/\/product-guide.org\/#organization\",\"name\":\"Product-Guide.org\",\"url\":\"https:\/\/product-guide.org\/\",\"logo\":{\"@type\":\"ImageObject\",\"inLanguage\":\"en-GB\",\"@id\":\"https:\/\/product-guide.org\/#\/schema\/logo\/image\/\",\"url\":\"https:\/\/product-guide.org\/wp-content\/uploads\/2022\/07\/logo_transparent_background.png\",\"contentUrl\":\"https:\/\/product-guide.org\/wp-content\/uploads\/2022\/07\/logo_transparent_background.png\",\"width\":3400,\"height\":1132,\"caption\":\"Product-Guide.org\"},\"image\":{\"@id\":\"https:\/\/product-guide.org\/#\/schema\/logo\/image\/\"}}]}<\/script>\n<!-- \/ Yoast SEO plugin. -->","yoast_head_json":{"title":"Fan Schwei\u00dfb\u00e4nder in Deutschlandfarben Fan-Accessoire f\u00fcr die | Karneval-Universe | Product-Guide.org","description":"Fan Schwei\u00dfb\u00e4nder in Deutschlandfarben Fan-Accessoire f\u00fcr die | Karneval-Universe gefunden von Product-Guide.org","robots":{"index":"index","follow":"follow","max-snippet":"max-snippet:-1","max-image-preview":"max-image-preview:large","max-video-preview":"max-video-preview:-1"},"canonical":"https:\/\/product-guide.org\/en\/produkt\/fan-schweisbander-in-deutschlandfarben-fan-accessoire-fur-die-karneval-universe\/","og_locale":"en_GB","og_type":"article","og_title":"Fan Schwei\u00dfb\u00e4nder in Deutschlandfarben Fan-Accessoire f\u00fcr die | Karneval-Universe | Product-Guide.org","og_description":"Fan Schwei\u00dfb\u00e4nder in Deutschlandfarben Fan-Accessoire f\u00fcr die | Karneval-Universe gefunden von Product-Guide.org","og_url":"https:\/\/product-guide.org\/en\/produkt\/fan-schweisbander-in-deutschlandfarben-fan-accessoire-fur-die-karneval-universe\/","og_site_name":"Product-Guide.org","article_modified_time":"2025-03-17T11:44:01+00:00","twitter_card":"summary_large_image","schema":{"@context":"https:\/\/schema.org","@graph":[{"@type":"WebPage","@id":"https:\/\/product-guide.org\/produkt\/fan-schweisbander-in-deutschlandfarben-fan-accessoire-fur-die-karneval-universe\/","url":"https:\/\/product-guide.org\/produkt\/fan-schweisbander-in-deutschlandfarben-fan-accessoire-fur-die-karneval-universe\/","name":"Fan Schwei\u00dfb\u00e4nder in Deutschlandfarben Fan-Accessoire f\u00fcr die | Karneval-Universe | Product-Guide.org","isPartOf":{"@id":"https:\/\/product-guide.org\/#website"},"primaryImageOfPage":{"@id":"https:\/\/product-guide.org\/produkt\/fan-schweisbander-in-deutschlandfarben-fan-accessoire-fur-die-karneval-universe\/#primaryimage"},"image":{"@id":"https:\/\/product-guide.org\/produkt\/fan-schweisbander-in-deutschlandfarben-fan-accessoire-fur-die-karneval-universe\/#primaryimage"},"thumbnailUrl":"https:\/\/product-guide.org\/wp-content\/uploads\/2025\/03\/fan_schweissbaender_deutschland-schwarz_rot_gold_fan_artikel-8802669.jpg","datePublished":"2025-03-17T11:44:00+00:00","dateModified":"2025-03-17T11:44:01+00:00","description":"Fan Schwei\u00dfb\u00e4nder in Deutschlandfarben Fan-Accessoire f\u00fcr die | Karneval-Universe gefunden von Product-Guide.org","breadcrumb":{"@id":"https:\/\/product-guide.org\/produkt\/fan-schweisbander-in-deutschlandfarben-fan-accessoire-fur-die-karneval-universe\/#breadcrumb"},"inLanguage":"en-GB","potentialAction":[{"@type":"ReadAction","target":["https:\/\/product-guide.org\/produkt\/fan-schweisbander-in-deutschlandfarben-fan-accessoire-fur-die-karneval-universe\/"]}]},{"@type":"ImageObject","inLanguage":"en-GB","@id":"https:\/\/product-guide.org\/produkt\/fan-schweisbander-in-deutschlandfarben-fan-accessoire-fur-die-karneval-universe\/#primaryimage","url":"https:\/\/product-guide.org\/wp-content\/uploads\/2025\/03\/fan_schweissbaender_deutschland-schwarz_rot_gold_fan_artikel-8802669.jpg","contentUrl":"https:\/\/product-guide.org\/wp-content\/uploads\/2025\/03\/fan_schweissbaender_deutschland-schwarz_rot_gold_fan_artikel-8802669.jpg","width":510,"height":800},{"@type":"BreadcrumbList","@id":"https:\/\/product-guide.org\/produkt\/fan-schweisbander-in-deutschlandfarben-fan-accessoire-fur-die-karneval-universe\/#breadcrumb","itemListElement":[{"@type":"ListItem","position":1,"name":"Home","item":"https:\/\/product-guide.org\/"},{"@type":"ListItem","position":2,"name":"Ergebnisse","item":"https:\/\/product-guide.org\/de\/ergebnisse\/"},{"@type":"ListItem","position":3,"name":"Fan Schwei\u00dfb\u00e4nder in Deutschlandfarben Fan-Accessoire f\u00fcr die | Karneval-Universe"}]},{"@type":"WebSite","@id":"https:\/\/product-guide.org\/#website","url":"https:\/\/product-guide.org\/","name":"Product-Guide.org","description":"What Product are you looking for?","publisher":{"@id":"https:\/\/product-guide.org\/#organization"},"potentialAction":[{"@type":"SearchAction","target":{"@type":"EntryPoint","urlTemplate":"https:\/\/product-guide.org\/?s={search_term_string}"},"query-input":{"@type":"PropertyValueSpecification","valueRequired":true,"valueName":"search_term_string"}}],"inLanguage":"en-GB"},{"@type":"Organization","@id":"https:\/\/product-guide.org\/#organization","name":"Product-Guide.org","url":"https:\/\/product-guide.org\/","logo":{"@type":"ImageObject","inLanguage":"en-GB","@id":"https:\/\/product-guide.org\/#\/schema\/logo\/image\/","url":"https:\/\/product-guide.org\/wp-content\/uploads\/2022\/07\/logo_transparent_background.png","contentUrl":"https:\/\/product-guide.org\/wp-content\/uploads\/2022\/07\/logo_transparent_background.png","width":3400,"height":1132,"caption":"Product-Guide.org"},"image":{"@id":"https:\/\/product-guide.org\/#\/schema\/logo\/image\/"}}]}},"_links":{"self":[{"href":"https:\/\/product-guide.org\/en\/wp-json\/wp\/v2\/product\/56193","targetHints":{"allow":["GET"]}}],"collection":[{"href":"https:\/\/product-guide.org\/en\/wp-json\/wp\/v2\/product"}],"about":[{"href":"https:\/\/product-guide.org\/en\/wp-json\/wp\/v2\/types\/product"}],"wp:featuredmedia":[{"embeddable":true,"href":"https:\/\/product-guide.org\/en\/wp-json\/wp\/v2\/media\/56192"}],"wp:attachment":[{"href":"https:\/\/product-guide.org\/en\/wp-json\/wp\/v2\/media?parent=56193"}],"wp:term":[{"taxonomy":"store","embeddable":true,"href":"https:\/\/product-guide.org\/en\/wp-json\/wp\/v2\/store?post=56193"},{"taxonomy":"product_brand","embeddable":true,"href":"https:\/\/product-guide.org\/en\/wp-json\/wp\/v2\/product_brand?post=56193"},{"taxonomy":"product_cat","embeddable":true,"href":"https:\/\/product-guide.org\/en\/wp-json\/wp\/v2\/product_cat?post=56193"},{"taxonomy":"product_tag","embeddable":true,"href":"https:\/\/product-guide.org\/en\/wp-json\/wp\/v2\/product_tag?post=56193"}],"curies":[{"name":"wp","href":"https:\/\/api.w.org\/{rel}","templated":true}]}}