{"id":56195,"date":"2025-03-17T12:44:03","date_gmt":"2025-03-17T11:44:03","guid":{"rendered":"https:\/\/product-guide.org\/produkt\/folienballon-50-heliumballons-zum-befullen-karneval-universe\/"},"modified":"2025-03-17T12:44:03","modified_gmt":"2025-03-17T11:44:03","slug":"folienballon-50-heliumballons-zum-befullen-karneval-universe","status":"publish","type":"product","link":"https:\/\/product-guide.org\/en\/produkt\/folienballon-50-heliumballons-zum-befullen-karneval-universe\/","title":{"rendered":"Folienballon 50 Heliumballons zum bef\u00fcllen | Karneval-Universe"},"content":{"rendered":"<p>Folienballon 50 Der Folienballon f\u00fcr den runden Geburtstag um deinen 50. Geburtstag zum wundersch\u00f6nen Freudentag zu machen schm\u00fccke deine Party doch einfach mit einem bunten Folienballon! Der Folienballon 50 besteht aus einer Polyethylenfolie auf welche eine Aluminiumfolie mit dem Motiv aufgedampft wurde. Weitere Folienballons f\u00fcr Geburtstage in unserem Sortiment sind der sowie der . Lieferumfang: 1x Folienballon 50 Farben: Regenbogen Durchmesser: ca. 45 cm Material: Polyethylen und Aluminium Der Folienballon wird unbef\u00fcllt versendet Der Folienballon kann mit Helium oder Luft bef\u00fcllt werden Achtung: Nicht f\u00fcr Kinder unter 3 Jahren geeignet, da Kleinteile verschluckt werden k\u00f6nnen. Der Luftballon mit Zeichentrick Motiv wird unbef\u00fcllt versendet und kann sp\u00e4ter von dir mit Helium oder Luft bef\u00fcllt werden.<\/p>\n","protected":false},"excerpt":{"rendered":"<p>Folienballon 50 Der Folienballon f\u00fcr den runden Geburtstag um deinen 50. Geburtstag zum wundersch\u00f6nen Freudentag zu machen schm\u00fccke deine Party doch einfach mit einem bunten Folienballon! Der Folienballon 50 besteht aus einer Polyethylenfolie auf welche eine Aluminiumfolie mit dem Motiv aufgedampft wurde. Weitere Folienballons f\u00fcr Geburtstage in unserem Sortiment sind der sowie der . Lieferumfang: [&hellip;]<\/p>\n","protected":false},"featured_media":56194,"template":"","meta":{"_gspb_post_css":""},"store":[],"product_brand":[1439],"product_cat":[1290],"product_tag":[],"class_list":{"0":"post-56195","1":"product","2":"type-product","3":"status-publish","4":"has-post-thumbnail","6":"product_brand-karneval-universe","7":"product_cat-uncategorized","9":"first","10":"instock","11":"shipping-taxable","12":"purchasable","13":"product-type-simple"},"yoast_head":"<!-- This site is optimized with the Yoast SEO plugin v24.6 - https:\/\/yoast.com\/wordpress\/plugins\/seo\/ -->\n<title>Folienballon 50 Heliumballons zum bef\u00fcllen | Karneval-Universe | Product-Guide.org<\/title>\n<meta name=\"description\" content=\"Folienballon 50 Heliumballons zum bef\u00fcllen | Karneval-Universe gefunden von Product-Guide.org\" \/>\n<meta name=\"robots\" content=\"index, follow, max-snippet:-1, max-image-preview:large, max-video-preview:-1\" \/>\n<link rel=\"canonical\" href=\"https:\/\/product-guide.org\/en\/produkt\/folienballon-50-heliumballons-zum-befullen-karneval-universe\/\" \/>\n<meta property=\"og:locale\" content=\"en_GB\" \/>\n<meta property=\"og:type\" content=\"article\" \/>\n<meta property=\"og:title\" content=\"Folienballon 50 Heliumballons zum bef\u00fcllen | Karneval-Universe | Product-Guide.org\" \/>\n<meta property=\"og:description\" content=\"Folienballon 50 Heliumballons zum bef\u00fcllen | Karneval-Universe gefunden von Product-Guide.org\" \/>\n<meta property=\"og:url\" content=\"https:\/\/product-guide.org\/en\/produkt\/folienballon-50-heliumballons-zum-befullen-karneval-universe\/\" \/>\n<meta property=\"og:site_name\" content=\"Product-Guide.org\" \/>\n<meta name=\"twitter:card\" content=\"summary_large_image\" \/>\n<script type=\"application\/ld+json\" class=\"yoast-schema-graph\">{\"@context\":\"https:\/\/schema.org\",\"@graph\":[{\"@type\":\"WebPage\",\"@id\":\"https:\/\/product-guide.org\/produkt\/folienballon-50-heliumballons-zum-befullen-karneval-universe\/\",\"url\":\"https:\/\/product-guide.org\/produkt\/folienballon-50-heliumballons-zum-befullen-karneval-universe\/\",\"name\":\"Folienballon 50 Heliumballons zum bef\u00fcllen | Karneval-Universe | Product-Guide.org\",\"isPartOf\":{\"@id\":\"https:\/\/product-guide.org\/#website\"},\"primaryImageOfPage\":{\"@id\":\"https:\/\/product-guide.org\/produkt\/folienballon-50-heliumballons-zum-befullen-karneval-universe\/#primaryimage\"},\"image\":{\"@id\":\"https:\/\/product-guide.org\/produkt\/folienballon-50-heliumballons-zum-befullen-karneval-universe\/#primaryimage\"},\"thumbnailUrl\":\"https:\/\/product-guide.org\/wp-content\/uploads\/2025\/03\/folienballon_radiant_50-folienballons-luftballons-8802695.jpg\",\"datePublished\":\"2025-03-17T11:44:03+00:00\",\"description\":\"Folienballon 50 Heliumballons zum bef\u00fcllen | Karneval-Universe gefunden von Product-Guide.org\",\"breadcrumb\":{\"@id\":\"https:\/\/product-guide.org\/produkt\/folienballon-50-heliumballons-zum-befullen-karneval-universe\/#breadcrumb\"},\"inLanguage\":\"en-GB\",\"potentialAction\":[{\"@type\":\"ReadAction\",\"target\":[\"https:\/\/product-guide.org\/produkt\/folienballon-50-heliumballons-zum-befullen-karneval-universe\/\"]}]},{\"@type\":\"ImageObject\",\"inLanguage\":\"en-GB\",\"@id\":\"https:\/\/product-guide.org\/produkt\/folienballon-50-heliumballons-zum-befullen-karneval-universe\/#primaryimage\",\"url\":\"https:\/\/product-guide.org\/wp-content\/uploads\/2025\/03\/folienballon_radiant_50-folienballons-luftballons-8802695.jpg\",\"contentUrl\":\"https:\/\/product-guide.org\/wp-content\/uploads\/2025\/03\/folienballon_radiant_50-folienballons-luftballons-8802695.jpg\",\"width\":810,\"height\":1010},{\"@type\":\"BreadcrumbList\",\"@id\":\"https:\/\/product-guide.org\/produkt\/folienballon-50-heliumballons-zum-befullen-karneval-universe\/#breadcrumb\",\"itemListElement\":[{\"@type\":\"ListItem\",\"position\":1,\"name\":\"Home\",\"item\":\"https:\/\/product-guide.org\/\"},{\"@type\":\"ListItem\",\"position\":2,\"name\":\"Ergebnisse\",\"item\":\"https:\/\/product-guide.org\/de\/ergebnisse\/\"},{\"@type\":\"ListItem\",\"position\":3,\"name\":\"Folienballon 50 Heliumballons zum bef\u00fcllen | Karneval-Universe\"}]},{\"@type\":\"WebSite\",\"@id\":\"https:\/\/product-guide.org\/#website\",\"url\":\"https:\/\/product-guide.org\/\",\"name\":\"Product-Guide.org\",\"description\":\"What Product are you looking for?\",\"publisher\":{\"@id\":\"https:\/\/product-guide.org\/#organization\"},\"potentialAction\":[{\"@type\":\"SearchAction\",\"target\":{\"@type\":\"EntryPoint\",\"urlTemplate\":\"https:\/\/product-guide.org\/?s={search_term_string}\"},\"query-input\":{\"@type\":\"PropertyValueSpecification\",\"valueRequired\":true,\"valueName\":\"search_term_string\"}}],\"inLanguage\":\"en-GB\"},{\"@type\":\"Organization\",\"@id\":\"https:\/\/product-guide.org\/#organization\",\"name\":\"Product-Guide.org\",\"url\":\"https:\/\/product-guide.org\/\",\"logo\":{\"@type\":\"ImageObject\",\"inLanguage\":\"en-GB\",\"@id\":\"https:\/\/product-guide.org\/#\/schema\/logo\/image\/\",\"url\":\"https:\/\/product-guide.org\/wp-content\/uploads\/2022\/07\/logo_transparent_background.png\",\"contentUrl\":\"https:\/\/product-guide.org\/wp-content\/uploads\/2022\/07\/logo_transparent_background.png\",\"width\":3400,\"height\":1132,\"caption\":\"Product-Guide.org\"},\"image\":{\"@id\":\"https:\/\/product-guide.org\/#\/schema\/logo\/image\/\"}}]}<\/script>\n<!-- \/ Yoast SEO plugin. -->","yoast_head_json":{"title":"Folienballon 50 Heliumballons zum bef\u00fcllen | Karneval-Universe | Product-Guide.org","description":"Folienballon 50 Heliumballons zum bef\u00fcllen | Karneval-Universe gefunden von Product-Guide.org","robots":{"index":"index","follow":"follow","max-snippet":"max-snippet:-1","max-image-preview":"max-image-preview:large","max-video-preview":"max-video-preview:-1"},"canonical":"https:\/\/product-guide.org\/en\/produkt\/folienballon-50-heliumballons-zum-befullen-karneval-universe\/","og_locale":"en_GB","og_type":"article","og_title":"Folienballon 50 Heliumballons zum bef\u00fcllen | Karneval-Universe | Product-Guide.org","og_description":"Folienballon 50 Heliumballons zum bef\u00fcllen | Karneval-Universe gefunden von Product-Guide.org","og_url":"https:\/\/product-guide.org\/en\/produkt\/folienballon-50-heliumballons-zum-befullen-karneval-universe\/","og_site_name":"Product-Guide.org","twitter_card":"summary_large_image","schema":{"@context":"https:\/\/schema.org","@graph":[{"@type":"WebPage","@id":"https:\/\/product-guide.org\/produkt\/folienballon-50-heliumballons-zum-befullen-karneval-universe\/","url":"https:\/\/product-guide.org\/produkt\/folienballon-50-heliumballons-zum-befullen-karneval-universe\/","name":"Folienballon 50 Heliumballons zum bef\u00fcllen | Karneval-Universe | Product-Guide.org","isPartOf":{"@id":"https:\/\/product-guide.org\/#website"},"primaryImageOfPage":{"@id":"https:\/\/product-guide.org\/produkt\/folienballon-50-heliumballons-zum-befullen-karneval-universe\/#primaryimage"},"image":{"@id":"https:\/\/product-guide.org\/produkt\/folienballon-50-heliumballons-zum-befullen-karneval-universe\/#primaryimage"},"thumbnailUrl":"https:\/\/product-guide.org\/wp-content\/uploads\/2025\/03\/folienballon_radiant_50-folienballons-luftballons-8802695.jpg","datePublished":"2025-03-17T11:44:03+00:00","description":"Folienballon 50 Heliumballons zum bef\u00fcllen | Karneval-Universe gefunden von Product-Guide.org","breadcrumb":{"@id":"https:\/\/product-guide.org\/produkt\/folienballon-50-heliumballons-zum-befullen-karneval-universe\/#breadcrumb"},"inLanguage":"en-GB","potentialAction":[{"@type":"ReadAction","target":["https:\/\/product-guide.org\/produkt\/folienballon-50-heliumballons-zum-befullen-karneval-universe\/"]}]},{"@type":"ImageObject","inLanguage":"en-GB","@id":"https:\/\/product-guide.org\/produkt\/folienballon-50-heliumballons-zum-befullen-karneval-universe\/#primaryimage","url":"https:\/\/product-guide.org\/wp-content\/uploads\/2025\/03\/folienballon_radiant_50-folienballons-luftballons-8802695.jpg","contentUrl":"https:\/\/product-guide.org\/wp-content\/uploads\/2025\/03\/folienballon_radiant_50-folienballons-luftballons-8802695.jpg","width":810,"height":1010},{"@type":"BreadcrumbList","@id":"https:\/\/product-guide.org\/produkt\/folienballon-50-heliumballons-zum-befullen-karneval-universe\/#breadcrumb","itemListElement":[{"@type":"ListItem","position":1,"name":"Home","item":"https:\/\/product-guide.org\/"},{"@type":"ListItem","position":2,"name":"Ergebnisse","item":"https:\/\/product-guide.org\/de\/ergebnisse\/"},{"@type":"ListItem","position":3,"name":"Folienballon 50 Heliumballons zum bef\u00fcllen | Karneval-Universe"}]},{"@type":"WebSite","@id":"https:\/\/product-guide.org\/#website","url":"https:\/\/product-guide.org\/","name":"Product-Guide.org","description":"What Product are you looking for?","publisher":{"@id":"https:\/\/product-guide.org\/#organization"},"potentialAction":[{"@type":"SearchAction","target":{"@type":"EntryPoint","urlTemplate":"https:\/\/product-guide.org\/?s={search_term_string}"},"query-input":{"@type":"PropertyValueSpecification","valueRequired":true,"valueName":"search_term_string"}}],"inLanguage":"en-GB"},{"@type":"Organization","@id":"https:\/\/product-guide.org\/#organization","name":"Product-Guide.org","url":"https:\/\/product-guide.org\/","logo":{"@type":"ImageObject","inLanguage":"en-GB","@id":"https:\/\/product-guide.org\/#\/schema\/logo\/image\/","url":"https:\/\/product-guide.org\/wp-content\/uploads\/2022\/07\/logo_transparent_background.png","contentUrl":"https:\/\/product-guide.org\/wp-content\/uploads\/2022\/07\/logo_transparent_background.png","width":3400,"height":1132,"caption":"Product-Guide.org"},"image":{"@id":"https:\/\/product-guide.org\/#\/schema\/logo\/image\/"}}]}},"_links":{"self":[{"href":"https:\/\/product-guide.org\/en\/wp-json\/wp\/v2\/product\/56195","targetHints":{"allow":["GET"]}}],"collection":[{"href":"https:\/\/product-guide.org\/en\/wp-json\/wp\/v2\/product"}],"about":[{"href":"https:\/\/product-guide.org\/en\/wp-json\/wp\/v2\/types\/product"}],"wp:featuredmedia":[{"embeddable":true,"href":"https:\/\/product-guide.org\/en\/wp-json\/wp\/v2\/media\/56194"}],"wp:attachment":[{"href":"https:\/\/product-guide.org\/en\/wp-json\/wp\/v2\/media?parent=56195"}],"wp:term":[{"taxonomy":"store","embeddable":true,"href":"https:\/\/product-guide.org\/en\/wp-json\/wp\/v2\/store?post=56195"},{"taxonomy":"product_brand","embeddable":true,"href":"https:\/\/product-guide.org\/en\/wp-json\/wp\/v2\/product_brand?post=56195"},{"taxonomy":"product_cat","embeddable":true,"href":"https:\/\/product-guide.org\/en\/wp-json\/wp\/v2\/product_cat?post=56195"},{"taxonomy":"product_tag","embeddable":true,"href":"https:\/\/product-guide.org\/en\/wp-json\/wp\/v2\/product_tag?post=56195"}],"curies":[{"name":"wp","href":"https:\/\/api.w.org\/{rel}","templated":true}]}}