{"id":56233,"date":"2025-03-17T12:44:41","date_gmt":"2025-03-17T11:44:41","guid":{"rendered":"https:\/\/product-guide.org\/produkt\/kleopatra-madchenkostum-fur-fasching-karneval-s-karneval-universe\/"},"modified":"2025-03-17T12:44:41","modified_gmt":"2025-03-17T11:44:41","slug":"kleopatra-madchenkostum-fur-fasching-karneval-s-karneval-universe","status":"publish","type":"product","link":"https:\/\/product-guide.org\/en\/produkt\/kleopatra-madchenkostum-fur-fasching-karneval-s-karneval-universe\/","title":{"rendered":"Kleopatra M\u00e4dchenkost\u00fcm f\u00fcr Fasching &#038; Karneval S | Karneval-Universe"},"content":{"rendered":"<p>Kleopatra M\u00e4dchenkost\u00fcm Die Nil K\u00f6nigin scheint in dem t\u00fcrkis Kleid wie ein mystischer Edelstein Ein wundersch\u00f6nes Faschingskleid, das Kleopatra M\u00e4dchenkost\u00fcm haben wir jetzt mit zarten Dekorationen zum prunkvollsten M\u00e4dchen Faschingskost\u00fcm verzaubert. Das Kleopatra Kost\u00fcm erf\u00fcllt also alle Deine Hoffnungen und Du wirst f\u00fcr Dein Nil K\u00f6nigin Outfit den besten Faschingskost\u00fcm-Preis erhalten. Das Kleopatra M\u00e4dchenkost\u00fcm besteht aus einem langen, wei\u00dfen Satin Gewand, einer t\u00fcrkisfarbenen Stola mit goldenen Armb\u00e4ndern und aus vielen goldenen Accessoires. Dem \u00e4rmellosen Kleid des M\u00e4dchenkleides ist an der Taille ein breiter G\u00fcrtel in Gold mit einer passenden, bodenlangen Stola angen\u00e4ht. Dieser goldener Kleopatra G\u00fcrtel hat kleine funkelnde Flitter in Golden und T\u00fcrkis als Dekoration. Der runde, separate Kleopatra Kragen wurde aus dem gleichen goldenen Stoff gefertigt und mit den gleichen, prachtvollen Flittern in T\u00fcrkis verziert. Schlie\u00dflich wird Dein Kleopatra Look mit den goldfarbenen Kopfschmuck komplettiert, der mit Flitter, Perlen und einem gro\u00dfen Edelstein nat\u00fcrlich in T\u00fcrkis dekoriert wurde. Passende Kleopatra M\u00e4dchenkost\u00fcm Zubeh\u00f6re, ein sind bei Karneval-Universe.de erh\u00e4ltlich. Lieferumfang: 1x Kleopatra Kinderkost\u00fcm Inhalt:: Kleid mit Kragen und G\u00fcrtel, Kopfschmuck, Cape mit Armb\u00e4ndern Farbe: Wei\u00df \/ T\u00fcrkis \/ Golden Gr\u00f6\u00dfe: S, M, L Material: 100% Polyester Per\u00fccke nicht inkl. Gr\u00f6\u00dfe: S (3-4 Jahre) M (5-7 Jahre) L (8-10 Jahre) Taillenumfang ca. 51 cm ca. 53 cm ca. 56 cm Gesamtl\u00e4nge ca. 104 cm ca. 116 cm ca. 128 cm Achtung: Der Artikel ist ein Kost\u00fcm und kein Spielzeug. Nicht f\u00fcr Kinder unter 3 Jahren geeignet. Kann Kleinteile enthalten, die verschluckt werden k\u00f6nnen &#8211; Erstickungsgefahr. Von Feuer und offenen Flammen fernhalten.<\/p>\n","protected":false},"excerpt":{"rendered":"<p>Kleopatra M\u00e4dchenkost\u00fcm Die Nil K\u00f6nigin scheint in dem t\u00fcrkis Kleid wie ein mystischer Edelstein Ein wundersch\u00f6nes Faschingskleid, das Kleopatra M\u00e4dchenkost\u00fcm haben wir jetzt mit zarten Dekorationen zum prunkvollsten M\u00e4dchen Faschingskost\u00fcm verzaubert. Das Kleopatra Kost\u00fcm erf\u00fcllt also alle Deine Hoffnungen und Du wirst f\u00fcr Dein Nil K\u00f6nigin Outfit den besten Faschingskost\u00fcm-Preis erhalten. Das Kleopatra M\u00e4dchenkost\u00fcm besteht [&hellip;]<\/p>\n","protected":false},"featured_media":56232,"template":"","meta":{"_gspb_post_css":""},"store":[],"product_brand":[1439],"product_cat":[1290],"product_tag":[],"class_list":{"0":"post-56233","1":"product","2":"type-product","3":"status-publish","4":"has-post-thumbnail","6":"product_brand-karneval-universe","7":"product_cat-uncategorized","9":"first","10":"instock","11":"shipping-taxable","12":"purchasable","13":"product-type-simple"},"yoast_head":"<!-- This site is optimized with the Yoast SEO plugin v24.6 - https:\/\/yoast.com\/wordpress\/plugins\/seo\/ -->\n<title>Kleopatra M\u00e4dchenkost\u00fcm f\u00fcr Fasching &amp; Karneval S | Karneval-Universe | Product-Guide.org<\/title>\n<meta name=\"description\" content=\"Kleopatra M\u00e4dchenkost\u00fcm f\u00fcr Fasching &amp; Karneval S | Karneval-Universe gefunden von Product-Guide.org\" \/>\n<meta name=\"robots\" content=\"index, follow, max-snippet:-1, max-image-preview:large, max-video-preview:-1\" \/>\n<link rel=\"canonical\" href=\"https:\/\/product-guide.org\/en\/produkt\/kleopatra-madchenkostum-fur-fasching-karneval-s-karneval-universe\/\" \/>\n<meta property=\"og:locale\" content=\"en_GB\" \/>\n<meta property=\"og:type\" content=\"article\" \/>\n<meta property=\"og:title\" content=\"Kleopatra M\u00e4dchenkost\u00fcm f\u00fcr Fasching &amp; Karneval S | Karneval-Universe | Product-Guide.org\" \/>\n<meta property=\"og:description\" content=\"Kleopatra M\u00e4dchenkost\u00fcm f\u00fcr Fasching &amp; Karneval S | Karneval-Universe gefunden von Product-Guide.org\" \/>\n<meta property=\"og:url\" content=\"https:\/\/product-guide.org\/en\/produkt\/kleopatra-madchenkostum-fur-fasching-karneval-s-karneval-universe\/\" \/>\n<meta property=\"og:site_name\" content=\"Product-Guide.org\" \/>\n<meta name=\"twitter:card\" content=\"summary_large_image\" \/>\n<script type=\"application\/ld+json\" class=\"yoast-schema-graph\">{\"@context\":\"https:\/\/schema.org\",\"@graph\":[{\"@type\":\"WebPage\",\"@id\":\"https:\/\/product-guide.org\/produkt\/kleopatra-madchenkostum-fur-fasching-karneval-s-karneval-universe\/\",\"url\":\"https:\/\/product-guide.org\/produkt\/kleopatra-madchenkostum-fur-fasching-karneval-s-karneval-universe\/\",\"name\":\"Kleopatra M\u00e4dchenkost\u00fcm f\u00fcr Fasching & Karneval S | Karneval-Universe | Product-Guide.org\",\"isPartOf\":{\"@id\":\"https:\/\/product-guide.org\/#website\"},\"primaryImageOfPage\":{\"@id\":\"https:\/\/product-guide.org\/produkt\/kleopatra-madchenkostum-fur-fasching-karneval-s-karneval-universe\/#primaryimage\"},\"image\":{\"@id\":\"https:\/\/product-guide.org\/produkt\/kleopatra-madchenkostum-fur-fasching-karneval-s-karneval-universe\/#primaryimage\"},\"thumbnailUrl\":\"https:\/\/product-guide.org\/wp-content\/uploads\/2025\/03\/cleopatra_kinderkostuem-antike_kostueme-historische_kostueme-8802667.jpg\",\"datePublished\":\"2025-03-17T11:44:41+00:00\",\"description\":\"Kleopatra M\u00e4dchenkost\u00fcm f\u00fcr Fasching & Karneval S | Karneval-Universe gefunden von Product-Guide.org\",\"breadcrumb\":{\"@id\":\"https:\/\/product-guide.org\/produkt\/kleopatra-madchenkostum-fur-fasching-karneval-s-karneval-universe\/#breadcrumb\"},\"inLanguage\":\"en-GB\",\"potentialAction\":[{\"@type\":\"ReadAction\",\"target\":[\"https:\/\/product-guide.org\/produkt\/kleopatra-madchenkostum-fur-fasching-karneval-s-karneval-universe\/\"]}]},{\"@type\":\"ImageObject\",\"inLanguage\":\"en-GB\",\"@id\":\"https:\/\/product-guide.org\/produkt\/kleopatra-madchenkostum-fur-fasching-karneval-s-karneval-universe\/#primaryimage\",\"url\":\"https:\/\/product-guide.org\/wp-content\/uploads\/2025\/03\/cleopatra_kinderkostuem-antike_kostueme-historische_kostueme-8802667.jpg\",\"contentUrl\":\"https:\/\/product-guide.org\/wp-content\/uploads\/2025\/03\/cleopatra_kinderkostuem-antike_kostueme-historische_kostueme-8802667.jpg\",\"width\":810,\"height\":1010},{\"@type\":\"BreadcrumbList\",\"@id\":\"https:\/\/product-guide.org\/produkt\/kleopatra-madchenkostum-fur-fasching-karneval-s-karneval-universe\/#breadcrumb\",\"itemListElement\":[{\"@type\":\"ListItem\",\"position\":1,\"name\":\"Home\",\"item\":\"https:\/\/product-guide.org\/\"},{\"@type\":\"ListItem\",\"position\":2,\"name\":\"Ergebnisse\",\"item\":\"https:\/\/product-guide.org\/de\/ergebnisse\/\"},{\"@type\":\"ListItem\",\"position\":3,\"name\":\"Kleopatra M\u00e4dchenkost\u00fcm f\u00fcr Fasching &#038; Karneval S | Karneval-Universe\"}]},{\"@type\":\"WebSite\",\"@id\":\"https:\/\/product-guide.org\/#website\",\"url\":\"https:\/\/product-guide.org\/\",\"name\":\"Product-Guide.org\",\"description\":\"What Product are you looking for?\",\"publisher\":{\"@id\":\"https:\/\/product-guide.org\/#organization\"},\"potentialAction\":[{\"@type\":\"SearchAction\",\"target\":{\"@type\":\"EntryPoint\",\"urlTemplate\":\"https:\/\/product-guide.org\/?s={search_term_string}\"},\"query-input\":{\"@type\":\"PropertyValueSpecification\",\"valueRequired\":true,\"valueName\":\"search_term_string\"}}],\"inLanguage\":\"en-GB\"},{\"@type\":\"Organization\",\"@id\":\"https:\/\/product-guide.org\/#organization\",\"name\":\"Product-Guide.org\",\"url\":\"https:\/\/product-guide.org\/\",\"logo\":{\"@type\":\"ImageObject\",\"inLanguage\":\"en-GB\",\"@id\":\"https:\/\/product-guide.org\/#\/schema\/logo\/image\/\",\"url\":\"https:\/\/product-guide.org\/wp-content\/uploads\/2022\/07\/logo_transparent_background.png\",\"contentUrl\":\"https:\/\/product-guide.org\/wp-content\/uploads\/2022\/07\/logo_transparent_background.png\",\"width\":3400,\"height\":1132,\"caption\":\"Product-Guide.org\"},\"image\":{\"@id\":\"https:\/\/product-guide.org\/#\/schema\/logo\/image\/\"}}]}<\/script>\n<!-- \/ Yoast SEO plugin. -->","yoast_head_json":{"title":"Kleopatra M\u00e4dchenkost\u00fcm f\u00fcr Fasching & Karneval S | Karneval-Universe | Product-Guide.org","description":"Kleopatra M\u00e4dchenkost\u00fcm f\u00fcr Fasching & Karneval S | Karneval-Universe gefunden von Product-Guide.org","robots":{"index":"index","follow":"follow","max-snippet":"max-snippet:-1","max-image-preview":"max-image-preview:large","max-video-preview":"max-video-preview:-1"},"canonical":"https:\/\/product-guide.org\/en\/produkt\/kleopatra-madchenkostum-fur-fasching-karneval-s-karneval-universe\/","og_locale":"en_GB","og_type":"article","og_title":"Kleopatra M\u00e4dchenkost\u00fcm f\u00fcr Fasching & Karneval S | Karneval-Universe | Product-Guide.org","og_description":"Kleopatra M\u00e4dchenkost\u00fcm f\u00fcr Fasching & Karneval S | Karneval-Universe gefunden von Product-Guide.org","og_url":"https:\/\/product-guide.org\/en\/produkt\/kleopatra-madchenkostum-fur-fasching-karneval-s-karneval-universe\/","og_site_name":"Product-Guide.org","twitter_card":"summary_large_image","schema":{"@context":"https:\/\/schema.org","@graph":[{"@type":"WebPage","@id":"https:\/\/product-guide.org\/produkt\/kleopatra-madchenkostum-fur-fasching-karneval-s-karneval-universe\/","url":"https:\/\/product-guide.org\/produkt\/kleopatra-madchenkostum-fur-fasching-karneval-s-karneval-universe\/","name":"Kleopatra M\u00e4dchenkost\u00fcm f\u00fcr Fasching & Karneval S | Karneval-Universe | Product-Guide.org","isPartOf":{"@id":"https:\/\/product-guide.org\/#website"},"primaryImageOfPage":{"@id":"https:\/\/product-guide.org\/produkt\/kleopatra-madchenkostum-fur-fasching-karneval-s-karneval-universe\/#primaryimage"},"image":{"@id":"https:\/\/product-guide.org\/produkt\/kleopatra-madchenkostum-fur-fasching-karneval-s-karneval-universe\/#primaryimage"},"thumbnailUrl":"https:\/\/product-guide.org\/wp-content\/uploads\/2025\/03\/cleopatra_kinderkostuem-antike_kostueme-historische_kostueme-8802667.jpg","datePublished":"2025-03-17T11:44:41+00:00","description":"Kleopatra M\u00e4dchenkost\u00fcm f\u00fcr Fasching & Karneval S | Karneval-Universe gefunden von Product-Guide.org","breadcrumb":{"@id":"https:\/\/product-guide.org\/produkt\/kleopatra-madchenkostum-fur-fasching-karneval-s-karneval-universe\/#breadcrumb"},"inLanguage":"en-GB","potentialAction":[{"@type":"ReadAction","target":["https:\/\/product-guide.org\/produkt\/kleopatra-madchenkostum-fur-fasching-karneval-s-karneval-universe\/"]}]},{"@type":"ImageObject","inLanguage":"en-GB","@id":"https:\/\/product-guide.org\/produkt\/kleopatra-madchenkostum-fur-fasching-karneval-s-karneval-universe\/#primaryimage","url":"https:\/\/product-guide.org\/wp-content\/uploads\/2025\/03\/cleopatra_kinderkostuem-antike_kostueme-historische_kostueme-8802667.jpg","contentUrl":"https:\/\/product-guide.org\/wp-content\/uploads\/2025\/03\/cleopatra_kinderkostuem-antike_kostueme-historische_kostueme-8802667.jpg","width":810,"height":1010},{"@type":"BreadcrumbList","@id":"https:\/\/product-guide.org\/produkt\/kleopatra-madchenkostum-fur-fasching-karneval-s-karneval-universe\/#breadcrumb","itemListElement":[{"@type":"ListItem","position":1,"name":"Home","item":"https:\/\/product-guide.org\/"},{"@type":"ListItem","position":2,"name":"Ergebnisse","item":"https:\/\/product-guide.org\/de\/ergebnisse\/"},{"@type":"ListItem","position":3,"name":"Kleopatra M\u00e4dchenkost\u00fcm f\u00fcr Fasching &#038; Karneval S | Karneval-Universe"}]},{"@type":"WebSite","@id":"https:\/\/product-guide.org\/#website","url":"https:\/\/product-guide.org\/","name":"Product-Guide.org","description":"What Product are you looking for?","publisher":{"@id":"https:\/\/product-guide.org\/#organization"},"potentialAction":[{"@type":"SearchAction","target":{"@type":"EntryPoint","urlTemplate":"https:\/\/product-guide.org\/?s={search_term_string}"},"query-input":{"@type":"PropertyValueSpecification","valueRequired":true,"valueName":"search_term_string"}}],"inLanguage":"en-GB"},{"@type":"Organization","@id":"https:\/\/product-guide.org\/#organization","name":"Product-Guide.org","url":"https:\/\/product-guide.org\/","logo":{"@type":"ImageObject","inLanguage":"en-GB","@id":"https:\/\/product-guide.org\/#\/schema\/logo\/image\/","url":"https:\/\/product-guide.org\/wp-content\/uploads\/2022\/07\/logo_transparent_background.png","contentUrl":"https:\/\/product-guide.org\/wp-content\/uploads\/2022\/07\/logo_transparent_background.png","width":3400,"height":1132,"caption":"Product-Guide.org"},"image":{"@id":"https:\/\/product-guide.org\/#\/schema\/logo\/image\/"}}]}},"_links":{"self":[{"href":"https:\/\/product-guide.org\/en\/wp-json\/wp\/v2\/product\/56233","targetHints":{"allow":["GET"]}}],"collection":[{"href":"https:\/\/product-guide.org\/en\/wp-json\/wp\/v2\/product"}],"about":[{"href":"https:\/\/product-guide.org\/en\/wp-json\/wp\/v2\/types\/product"}],"wp:featuredmedia":[{"embeddable":true,"href":"https:\/\/product-guide.org\/en\/wp-json\/wp\/v2\/media\/56232"}],"wp:attachment":[{"href":"https:\/\/product-guide.org\/en\/wp-json\/wp\/v2\/media?parent=56233"}],"wp:term":[{"taxonomy":"store","embeddable":true,"href":"https:\/\/product-guide.org\/en\/wp-json\/wp\/v2\/store?post=56233"},{"taxonomy":"product_brand","embeddable":true,"href":"https:\/\/product-guide.org\/en\/wp-json\/wp\/v2\/product_brand?post=56233"},{"taxonomy":"product_cat","embeddable":true,"href":"https:\/\/product-guide.org\/en\/wp-json\/wp\/v2\/product_cat?post=56233"},{"taxonomy":"product_tag","embeddable":true,"href":"https:\/\/product-guide.org\/en\/wp-json\/wp\/v2\/product_tag?post=56233"}],"curies":[{"name":"wp","href":"https:\/\/api.w.org\/{rel}","templated":true}]}}