{"id":56235,"date":"2025-03-17T12:44:43","date_gmt":"2025-03-17T11:44:43","guid":{"rendered":"https:\/\/product-guide.org\/produkt\/matrosen-kappe-seemann-mutze-kaufen-s-karneval-universe\/"},"modified":"2025-03-17T12:44:43","modified_gmt":"2025-03-17T11:44:43","slug":"matrosen-kappe-seemann-mutze-kaufen-s-karneval-universe","status":"publish","type":"product","link":"https:\/\/product-guide.org\/en\/produkt\/matrosen-kappe-seemann-mutze-kaufen-s-karneval-universe\/","title":{"rendered":"Matrosen Kappe &#8211; Seemann M\u00fctze kaufen S | Karneval-Universe"},"content":{"rendered":"<p>Matrosen Kappe Wei\u00dfe M\u00fctze f\u00fcr Seeleute und Marine-Frauen Sei vorsichtig, wenn du unsere Matrosen Kappe zu deinem Matrosen Faschingskost\u00fcm tr\u00e4gst und deine Netze auf sexy Marine-Frauen oder Seeleute auswirfst! Du kannst n\u00e4mlich nie wissen, wen du auf der Faschingsparty auffischen wirst. Eine Matrosen Kappe ist ein perfektes Seemann, Matrosen oder Marine Kost\u00fcm Accessoire, die sowohl M\u00e4nner als auch Frauen Matrosen Outfits vollkommen perfektionieren kann. Unsere Matrosen Kappe wurde aus wei\u00dfem Stoff gefertigt und ist nat\u00fcrlich in mehreren Gr\u00f6\u00dfen erh\u00e4ltlich. Falls Dir unsere Matrosen M\u00fctze gef\u00e4llt aber du noch keine entsprechende Matrosen Uniform hast, solltest du aus unserer gro\u00dfen Auswahl an Matrosen Kost\u00fcmen, z. B. ein f\u00fcr Frauen oder ein f\u00fcr M\u00e4nner ausw\u00e4hlen! Lieferumfang: 1x Matrosen Kappe Farbe: Wei\u00df Gr\u00f6\u00dfe: S\/56, M\/57, L\/58 Material: 100% Polyester<\/p>\n","protected":false},"excerpt":{"rendered":"<p>Matrosen Kappe Wei\u00dfe M\u00fctze f\u00fcr Seeleute und Marine-Frauen Sei vorsichtig, wenn du unsere Matrosen Kappe zu deinem Matrosen Faschingskost\u00fcm tr\u00e4gst und deine Netze auf sexy Marine-Frauen oder Seeleute auswirfst! Du kannst n\u00e4mlich nie wissen, wen du auf der Faschingsparty auffischen wirst. Eine Matrosen Kappe ist ein perfektes Seemann, Matrosen oder Marine Kost\u00fcm Accessoire, die sowohl [&hellip;]<\/p>\n","protected":false},"featured_media":56234,"template":"","meta":{"_gspb_post_css":""},"store":[],"product_brand":[1439],"product_cat":[1290],"product_tag":[],"class_list":{"0":"post-56235","1":"product","2":"type-product","3":"status-publish","4":"has-post-thumbnail","6":"product_brand-karneval-universe","7":"product_cat-uncategorized","9":"first","10":"instock","11":"shipping-taxable","12":"purchasable","13":"product-type-simple"},"yoast_head":"<!-- This site is optimized with the Yoast SEO plugin v24.6 - https:\/\/yoast.com\/wordpress\/plugins\/seo\/ -->\n<title>Matrosen Kappe - Seemann M\u00fctze kaufen S | Karneval-Universe | Product-Guide.org<\/title>\n<meta name=\"description\" content=\"Matrosen Kappe - Seemann M\u00fctze kaufen S | Karneval-Universe gefunden von Product-Guide.org\" \/>\n<meta name=\"robots\" content=\"index, follow, max-snippet:-1, max-image-preview:large, max-video-preview:-1\" \/>\n<link rel=\"canonical\" href=\"https:\/\/product-guide.org\/en\/produkt\/matrosen-kappe-seemann-mutze-kaufen-s-karneval-universe\/\" \/>\n<meta property=\"og:locale\" content=\"en_GB\" \/>\n<meta property=\"og:type\" content=\"article\" \/>\n<meta property=\"og:title\" content=\"Matrosen Kappe - Seemann M\u00fctze kaufen S | Karneval-Universe | Product-Guide.org\" \/>\n<meta property=\"og:description\" content=\"Matrosen Kappe - Seemann M\u00fctze kaufen S | Karneval-Universe gefunden von Product-Guide.org\" \/>\n<meta property=\"og:url\" content=\"https:\/\/product-guide.org\/en\/produkt\/matrosen-kappe-seemann-mutze-kaufen-s-karneval-universe\/\" \/>\n<meta property=\"og:site_name\" content=\"Product-Guide.org\" \/>\n<meta name=\"twitter:card\" content=\"summary_large_image\" \/>\n<script type=\"application\/ld+json\" class=\"yoast-schema-graph\">{\"@context\":\"https:\/\/schema.org\",\"@graph\":[{\"@type\":\"WebPage\",\"@id\":\"https:\/\/product-guide.org\/produkt\/matrosen-kappe-seemann-mutze-kaufen-s-karneval-universe\/\",\"url\":\"https:\/\/product-guide.org\/produkt\/matrosen-kappe-seemann-mutze-kaufen-s-karneval-universe\/\",\"name\":\"Matrosen Kappe - Seemann M\u00fctze kaufen S | Karneval-Universe | Product-Guide.org\",\"isPartOf\":{\"@id\":\"https:\/\/product-guide.org\/#website\"},\"primaryImageOfPage\":{\"@id\":\"https:\/\/product-guide.org\/produkt\/matrosen-kappe-seemann-mutze-kaufen-s-karneval-universe\/#primaryimage\"},\"image\":{\"@id\":\"https:\/\/product-guide.org\/produkt\/matrosen-kappe-seemann-mutze-kaufen-s-karneval-universe\/#primaryimage\"},\"thumbnailUrl\":\"https:\/\/product-guide.org\/wp-content\/uploads\/2025\/03\/matrosen_muetze-matrosen_kostuem_zubehoer-8802655.jpg\",\"datePublished\":\"2025-03-17T11:44:43+00:00\",\"description\":\"Matrosen Kappe - Seemann M\u00fctze kaufen S | Karneval-Universe gefunden von Product-Guide.org\",\"breadcrumb\":{\"@id\":\"https:\/\/product-guide.org\/produkt\/matrosen-kappe-seemann-mutze-kaufen-s-karneval-universe\/#breadcrumb\"},\"inLanguage\":\"en-GB\",\"potentialAction\":[{\"@type\":\"ReadAction\",\"target\":[\"https:\/\/product-guide.org\/produkt\/matrosen-kappe-seemann-mutze-kaufen-s-karneval-universe\/\"]}]},{\"@type\":\"ImageObject\",\"inLanguage\":\"en-GB\",\"@id\":\"https:\/\/product-guide.org\/produkt\/matrosen-kappe-seemann-mutze-kaufen-s-karneval-universe\/#primaryimage\",\"url\":\"https:\/\/product-guide.org\/wp-content\/uploads\/2025\/03\/matrosen_muetze-matrosen_kostuem_zubehoer-8802655.jpg\",\"contentUrl\":\"https:\/\/product-guide.org\/wp-content\/uploads\/2025\/03\/matrosen_muetze-matrosen_kostuem_zubehoer-8802655.jpg\",\"width\":810,\"height\":1010},{\"@type\":\"BreadcrumbList\",\"@id\":\"https:\/\/product-guide.org\/produkt\/matrosen-kappe-seemann-mutze-kaufen-s-karneval-universe\/#breadcrumb\",\"itemListElement\":[{\"@type\":\"ListItem\",\"position\":1,\"name\":\"Home\",\"item\":\"https:\/\/product-guide.org\/\"},{\"@type\":\"ListItem\",\"position\":2,\"name\":\"Ergebnisse\",\"item\":\"https:\/\/product-guide.org\/de\/ergebnisse\/\"},{\"@type\":\"ListItem\",\"position\":3,\"name\":\"Matrosen Kappe &#8211; Seemann M\u00fctze kaufen S | Karneval-Universe\"}]},{\"@type\":\"WebSite\",\"@id\":\"https:\/\/product-guide.org\/#website\",\"url\":\"https:\/\/product-guide.org\/\",\"name\":\"Product-Guide.org\",\"description\":\"What Product are you looking for?\",\"publisher\":{\"@id\":\"https:\/\/product-guide.org\/#organization\"},\"potentialAction\":[{\"@type\":\"SearchAction\",\"target\":{\"@type\":\"EntryPoint\",\"urlTemplate\":\"https:\/\/product-guide.org\/?s={search_term_string}\"},\"query-input\":{\"@type\":\"PropertyValueSpecification\",\"valueRequired\":true,\"valueName\":\"search_term_string\"}}],\"inLanguage\":\"en-GB\"},{\"@type\":\"Organization\",\"@id\":\"https:\/\/product-guide.org\/#organization\",\"name\":\"Product-Guide.org\",\"url\":\"https:\/\/product-guide.org\/\",\"logo\":{\"@type\":\"ImageObject\",\"inLanguage\":\"en-GB\",\"@id\":\"https:\/\/product-guide.org\/#\/schema\/logo\/image\/\",\"url\":\"https:\/\/product-guide.org\/wp-content\/uploads\/2022\/07\/logo_transparent_background.png\",\"contentUrl\":\"https:\/\/product-guide.org\/wp-content\/uploads\/2022\/07\/logo_transparent_background.png\",\"width\":3400,\"height\":1132,\"caption\":\"Product-Guide.org\"},\"image\":{\"@id\":\"https:\/\/product-guide.org\/#\/schema\/logo\/image\/\"}}]}<\/script>\n<!-- \/ Yoast SEO plugin. -->","yoast_head_json":{"title":"Matrosen Kappe - Seemann M\u00fctze kaufen S | Karneval-Universe | Product-Guide.org","description":"Matrosen Kappe - Seemann M\u00fctze kaufen S | Karneval-Universe gefunden von Product-Guide.org","robots":{"index":"index","follow":"follow","max-snippet":"max-snippet:-1","max-image-preview":"max-image-preview:large","max-video-preview":"max-video-preview:-1"},"canonical":"https:\/\/product-guide.org\/en\/produkt\/matrosen-kappe-seemann-mutze-kaufen-s-karneval-universe\/","og_locale":"en_GB","og_type":"article","og_title":"Matrosen Kappe - Seemann M\u00fctze kaufen S | Karneval-Universe | Product-Guide.org","og_description":"Matrosen Kappe - Seemann M\u00fctze kaufen S | Karneval-Universe gefunden von Product-Guide.org","og_url":"https:\/\/product-guide.org\/en\/produkt\/matrosen-kappe-seemann-mutze-kaufen-s-karneval-universe\/","og_site_name":"Product-Guide.org","twitter_card":"summary_large_image","schema":{"@context":"https:\/\/schema.org","@graph":[{"@type":"WebPage","@id":"https:\/\/product-guide.org\/produkt\/matrosen-kappe-seemann-mutze-kaufen-s-karneval-universe\/","url":"https:\/\/product-guide.org\/produkt\/matrosen-kappe-seemann-mutze-kaufen-s-karneval-universe\/","name":"Matrosen Kappe - Seemann M\u00fctze kaufen S | Karneval-Universe | Product-Guide.org","isPartOf":{"@id":"https:\/\/product-guide.org\/#website"},"primaryImageOfPage":{"@id":"https:\/\/product-guide.org\/produkt\/matrosen-kappe-seemann-mutze-kaufen-s-karneval-universe\/#primaryimage"},"image":{"@id":"https:\/\/product-guide.org\/produkt\/matrosen-kappe-seemann-mutze-kaufen-s-karneval-universe\/#primaryimage"},"thumbnailUrl":"https:\/\/product-guide.org\/wp-content\/uploads\/2025\/03\/matrosen_muetze-matrosen_kostuem_zubehoer-8802655.jpg","datePublished":"2025-03-17T11:44:43+00:00","description":"Matrosen Kappe - Seemann M\u00fctze kaufen S | Karneval-Universe gefunden von Product-Guide.org","breadcrumb":{"@id":"https:\/\/product-guide.org\/produkt\/matrosen-kappe-seemann-mutze-kaufen-s-karneval-universe\/#breadcrumb"},"inLanguage":"en-GB","potentialAction":[{"@type":"ReadAction","target":["https:\/\/product-guide.org\/produkt\/matrosen-kappe-seemann-mutze-kaufen-s-karneval-universe\/"]}]},{"@type":"ImageObject","inLanguage":"en-GB","@id":"https:\/\/product-guide.org\/produkt\/matrosen-kappe-seemann-mutze-kaufen-s-karneval-universe\/#primaryimage","url":"https:\/\/product-guide.org\/wp-content\/uploads\/2025\/03\/matrosen_muetze-matrosen_kostuem_zubehoer-8802655.jpg","contentUrl":"https:\/\/product-guide.org\/wp-content\/uploads\/2025\/03\/matrosen_muetze-matrosen_kostuem_zubehoer-8802655.jpg","width":810,"height":1010},{"@type":"BreadcrumbList","@id":"https:\/\/product-guide.org\/produkt\/matrosen-kappe-seemann-mutze-kaufen-s-karneval-universe\/#breadcrumb","itemListElement":[{"@type":"ListItem","position":1,"name":"Home","item":"https:\/\/product-guide.org\/"},{"@type":"ListItem","position":2,"name":"Ergebnisse","item":"https:\/\/product-guide.org\/de\/ergebnisse\/"},{"@type":"ListItem","position":3,"name":"Matrosen Kappe &#8211; Seemann M\u00fctze kaufen S | Karneval-Universe"}]},{"@type":"WebSite","@id":"https:\/\/product-guide.org\/#website","url":"https:\/\/product-guide.org\/","name":"Product-Guide.org","description":"What Product are you looking for?","publisher":{"@id":"https:\/\/product-guide.org\/#organization"},"potentialAction":[{"@type":"SearchAction","target":{"@type":"EntryPoint","urlTemplate":"https:\/\/product-guide.org\/?s={search_term_string}"},"query-input":{"@type":"PropertyValueSpecification","valueRequired":true,"valueName":"search_term_string"}}],"inLanguage":"en-GB"},{"@type":"Organization","@id":"https:\/\/product-guide.org\/#organization","name":"Product-Guide.org","url":"https:\/\/product-guide.org\/","logo":{"@type":"ImageObject","inLanguage":"en-GB","@id":"https:\/\/product-guide.org\/#\/schema\/logo\/image\/","url":"https:\/\/product-guide.org\/wp-content\/uploads\/2022\/07\/logo_transparent_background.png","contentUrl":"https:\/\/product-guide.org\/wp-content\/uploads\/2022\/07\/logo_transparent_background.png","width":3400,"height":1132,"caption":"Product-Guide.org"},"image":{"@id":"https:\/\/product-guide.org\/#\/schema\/logo\/image\/"}}]}},"_links":{"self":[{"href":"https:\/\/product-guide.org\/en\/wp-json\/wp\/v2\/product\/56235","targetHints":{"allow":["GET"]}}],"collection":[{"href":"https:\/\/product-guide.org\/en\/wp-json\/wp\/v2\/product"}],"about":[{"href":"https:\/\/product-guide.org\/en\/wp-json\/wp\/v2\/types\/product"}],"wp:featuredmedia":[{"embeddable":true,"href":"https:\/\/product-guide.org\/en\/wp-json\/wp\/v2\/media\/56234"}],"wp:attachment":[{"href":"https:\/\/product-guide.org\/en\/wp-json\/wp\/v2\/media?parent=56235"}],"wp:term":[{"taxonomy":"store","embeddable":true,"href":"https:\/\/product-guide.org\/en\/wp-json\/wp\/v2\/store?post=56235"},{"taxonomy":"product_brand","embeddable":true,"href":"https:\/\/product-guide.org\/en\/wp-json\/wp\/v2\/product_brand?post=56235"},{"taxonomy":"product_cat","embeddable":true,"href":"https:\/\/product-guide.org\/en\/wp-json\/wp\/v2\/product_cat?post=56235"},{"taxonomy":"product_tag","embeddable":true,"href":"https:\/\/product-guide.org\/en\/wp-json\/wp\/v2\/product_tag?post=56235"}],"curies":[{"name":"wp","href":"https:\/\/api.w.org\/{rel}","templated":true}]}}