{"id":56237,"date":"2025-03-17T12:44:44","date_gmt":"2025-03-17T11:44:44","guid":{"rendered":"https:\/\/product-guide.org\/produkt\/oldschool-bleistiftrock-schwarz-pencil-skirt-bleistiftrock-xs-34-karneval-universe\/"},"modified":"2025-03-17T12:44:44","modified_gmt":"2025-03-17T11:44:44","slug":"oldschool-bleistiftrock-schwarz-pencil-skirt-bleistiftrock-xs-34-karneval-universe","status":"publish","type":"product","link":"https:\/\/product-guide.org\/en\/produkt\/oldschool-bleistiftrock-schwarz-pencil-skirt-bleistiftrock-xs-34-karneval-universe\/","title":{"rendered":"Oldschool Bleistiftrock schwarz -pencil skirt-bleistiftrock XS \/ 34 | Karneval-Universe"},"content":{"rendered":"<p>Oldschool Bleistiftrock schwarz Eleganter Damenrock im Rockabilly Look Mit diesem tollen Bleistiftrock im 50er Jahre Pin-up Look bist du f\u00fcr jedes Event perfekt gestylt. Der schwarze Bleistiftrock hat auf der R\u00fcckseite eine Corsagenschn\u00fcrung mit einem Satinband und ein Oldschool Rockabilly Print. Auf der Vorderseite wird der Pin-up Rock mit einer Paspellierung in schwarz und zwei Satinschleifen an der H\u00fcfte verziert. Dazu kannst du das und die kombinieren. Lieferumfang: Oldschool Bleistiftrock Farbe: schwarz Material: 98%Baumwolle, 2% Elasthan 2 Satinschleifen Corsagenschn\u00fcrung auf der R\u00fcckseite<\/p>\n","protected":false},"excerpt":{"rendered":"<p>Oldschool Bleistiftrock schwarz Eleganter Damenrock im Rockabilly Look Mit diesem tollen Bleistiftrock im 50er Jahre Pin-up Look bist du f\u00fcr jedes Event perfekt gestylt. Der schwarze Bleistiftrock hat auf der R\u00fcckseite eine Corsagenschn\u00fcrung mit einem Satinband und ein Oldschool Rockabilly Print. Auf der Vorderseite wird der Pin-up Rock mit einer Paspellierung in schwarz und zwei [&hellip;]<\/p>\n","protected":false},"featured_media":56236,"template":"","meta":{"_gspb_post_css":""},"store":[],"product_brand":[1439],"product_cat":[1290],"product_tag":[],"class_list":{"0":"post-56237","1":"product","2":"type-product","3":"status-publish","4":"has-post-thumbnail","6":"product_brand-karneval-universe","7":"product_cat-uncategorized","9":"first","10":"instock","11":"shipping-taxable","12":"purchasable","13":"product-type-simple"},"yoast_head":"<!-- This site is optimized with the Yoast SEO plugin v24.6 - https:\/\/yoast.com\/wordpress\/plugins\/seo\/ -->\n<title>Oldschool Bleistiftrock schwarz -pencil skirt-bleistiftrock XS \/ 34 | Karneval-Universe | Product-Guide.org<\/title>\n<meta name=\"description\" content=\"Oldschool Bleistiftrock schwarz -pencil skirt-bleistiftrock XS \/ 34 | Karneval-Universe gefunden von Product-Guide.org\" \/>\n<meta name=\"robots\" content=\"index, follow, max-snippet:-1, max-image-preview:large, max-video-preview:-1\" \/>\n<link rel=\"canonical\" href=\"https:\/\/product-guide.org\/en\/produkt\/oldschool-bleistiftrock-schwarz-pencil-skirt-bleistiftrock-xs-34-karneval-universe\/\" \/>\n<meta property=\"og:locale\" content=\"en_GB\" \/>\n<meta property=\"og:type\" content=\"article\" \/>\n<meta property=\"og:title\" content=\"Oldschool Bleistiftrock schwarz -pencil skirt-bleistiftrock XS \/ 34 | Karneval-Universe | Product-Guide.org\" \/>\n<meta property=\"og:description\" content=\"Oldschool Bleistiftrock schwarz -pencil skirt-bleistiftrock XS \/ 34 | Karneval-Universe gefunden von Product-Guide.org\" \/>\n<meta property=\"og:url\" content=\"https:\/\/product-guide.org\/en\/produkt\/oldschool-bleistiftrock-schwarz-pencil-skirt-bleistiftrock-xs-34-karneval-universe\/\" \/>\n<meta property=\"og:site_name\" content=\"Product-Guide.org\" \/>\n<meta name=\"twitter:card\" content=\"summary_large_image\" \/>\n<script type=\"application\/ld+json\" class=\"yoast-schema-graph\">{\"@context\":\"https:\/\/schema.org\",\"@graph\":[{\"@type\":\"WebPage\",\"@id\":\"https:\/\/product-guide.org\/produkt\/oldschool-bleistiftrock-schwarz-pencil-skirt-bleistiftrock-xs-34-karneval-universe\/\",\"url\":\"https:\/\/product-guide.org\/produkt\/oldschool-bleistiftrock-schwarz-pencil-skirt-bleistiftrock-xs-34-karneval-universe\/\",\"name\":\"Oldschool Bleistiftrock schwarz -pencil skirt-bleistiftrock XS \/ 34 | Karneval-Universe | Product-Guide.org\",\"isPartOf\":{\"@id\":\"https:\/\/product-guide.org\/#website\"},\"primaryImageOfPage\":{\"@id\":\"https:\/\/product-guide.org\/produkt\/oldschool-bleistiftrock-schwarz-pencil-skirt-bleistiftrock-xs-34-karneval-universe\/#primaryimage\"},\"image\":{\"@id\":\"https:\/\/product-guide.org\/produkt\/oldschool-bleistiftrock-schwarz-pencil-skirt-bleistiftrock-xs-34-karneval-universe\/#primaryimage\"},\"thumbnailUrl\":\"https:\/\/product-guide.org\/wp-content\/uploads\/2025\/03\/schwarzer_bleistiftrock-pencil_skirt-oldschool_rockabilly_rock-pin_up_bleistift_rock-go1182.jpg\",\"datePublished\":\"2025-03-17T11:44:44+00:00\",\"description\":\"Oldschool Bleistiftrock schwarz -pencil skirt-bleistiftrock XS \/ 34 | Karneval-Universe gefunden von Product-Guide.org\",\"breadcrumb\":{\"@id\":\"https:\/\/product-guide.org\/produkt\/oldschool-bleistiftrock-schwarz-pencil-skirt-bleistiftrock-xs-34-karneval-universe\/#breadcrumb\"},\"inLanguage\":\"en-GB\",\"potentialAction\":[{\"@type\":\"ReadAction\",\"target\":[\"https:\/\/product-guide.org\/produkt\/oldschool-bleistiftrock-schwarz-pencil-skirt-bleistiftrock-xs-34-karneval-universe\/\"]}]},{\"@type\":\"ImageObject\",\"inLanguage\":\"en-GB\",\"@id\":\"https:\/\/product-guide.org\/produkt\/oldschool-bleistiftrock-schwarz-pencil-skirt-bleistiftrock-xs-34-karneval-universe\/#primaryimage\",\"url\":\"https:\/\/product-guide.org\/wp-content\/uploads\/2025\/03\/schwarzer_bleistiftrock-pencil_skirt-oldschool_rockabilly_rock-pin_up_bleistift_rock-go1182.jpg\",\"contentUrl\":\"https:\/\/product-guide.org\/wp-content\/uploads\/2025\/03\/schwarzer_bleistiftrock-pencil_skirt-oldschool_rockabilly_rock-pin_up_bleistift_rock-go1182.jpg\",\"width\":510,\"height\":1179},{\"@type\":\"BreadcrumbList\",\"@id\":\"https:\/\/product-guide.org\/produkt\/oldschool-bleistiftrock-schwarz-pencil-skirt-bleistiftrock-xs-34-karneval-universe\/#breadcrumb\",\"itemListElement\":[{\"@type\":\"ListItem\",\"position\":1,\"name\":\"Home\",\"item\":\"https:\/\/product-guide.org\/\"},{\"@type\":\"ListItem\",\"position\":2,\"name\":\"Ergebnisse\",\"item\":\"https:\/\/product-guide.org\/de\/ergebnisse\/\"},{\"@type\":\"ListItem\",\"position\":3,\"name\":\"Oldschool Bleistiftrock schwarz -pencil skirt-bleistiftrock XS \/ 34 | Karneval-Universe\"}]},{\"@type\":\"WebSite\",\"@id\":\"https:\/\/product-guide.org\/#website\",\"url\":\"https:\/\/product-guide.org\/\",\"name\":\"Product-Guide.org\",\"description\":\"What Product are you looking for?\",\"publisher\":{\"@id\":\"https:\/\/product-guide.org\/#organization\"},\"potentialAction\":[{\"@type\":\"SearchAction\",\"target\":{\"@type\":\"EntryPoint\",\"urlTemplate\":\"https:\/\/product-guide.org\/?s={search_term_string}\"},\"query-input\":{\"@type\":\"PropertyValueSpecification\",\"valueRequired\":true,\"valueName\":\"search_term_string\"}}],\"inLanguage\":\"en-GB\"},{\"@type\":\"Organization\",\"@id\":\"https:\/\/product-guide.org\/#organization\",\"name\":\"Product-Guide.org\",\"url\":\"https:\/\/product-guide.org\/\",\"logo\":{\"@type\":\"ImageObject\",\"inLanguage\":\"en-GB\",\"@id\":\"https:\/\/product-guide.org\/#\/schema\/logo\/image\/\",\"url\":\"https:\/\/product-guide.org\/wp-content\/uploads\/2022\/07\/logo_transparent_background.png\",\"contentUrl\":\"https:\/\/product-guide.org\/wp-content\/uploads\/2022\/07\/logo_transparent_background.png\",\"width\":3400,\"height\":1132,\"caption\":\"Product-Guide.org\"},\"image\":{\"@id\":\"https:\/\/product-guide.org\/#\/schema\/logo\/image\/\"}}]}<\/script>\n<!-- \/ Yoast SEO plugin. -->","yoast_head_json":{"title":"Oldschool Bleistiftrock schwarz -pencil skirt-bleistiftrock XS \/ 34 | Karneval-Universe | Product-Guide.org","description":"Oldschool Bleistiftrock schwarz -pencil skirt-bleistiftrock XS \/ 34 | Karneval-Universe gefunden von Product-Guide.org","robots":{"index":"index","follow":"follow","max-snippet":"max-snippet:-1","max-image-preview":"max-image-preview:large","max-video-preview":"max-video-preview:-1"},"canonical":"https:\/\/product-guide.org\/en\/produkt\/oldschool-bleistiftrock-schwarz-pencil-skirt-bleistiftrock-xs-34-karneval-universe\/","og_locale":"en_GB","og_type":"article","og_title":"Oldschool Bleistiftrock schwarz -pencil skirt-bleistiftrock XS \/ 34 | Karneval-Universe | Product-Guide.org","og_description":"Oldschool Bleistiftrock schwarz -pencil skirt-bleistiftrock XS \/ 34 | Karneval-Universe gefunden von Product-Guide.org","og_url":"https:\/\/product-guide.org\/en\/produkt\/oldschool-bleistiftrock-schwarz-pencil-skirt-bleistiftrock-xs-34-karneval-universe\/","og_site_name":"Product-Guide.org","twitter_card":"summary_large_image","schema":{"@context":"https:\/\/schema.org","@graph":[{"@type":"WebPage","@id":"https:\/\/product-guide.org\/produkt\/oldschool-bleistiftrock-schwarz-pencil-skirt-bleistiftrock-xs-34-karneval-universe\/","url":"https:\/\/product-guide.org\/produkt\/oldschool-bleistiftrock-schwarz-pencil-skirt-bleistiftrock-xs-34-karneval-universe\/","name":"Oldschool Bleistiftrock schwarz -pencil skirt-bleistiftrock XS \/ 34 | Karneval-Universe | Product-Guide.org","isPartOf":{"@id":"https:\/\/product-guide.org\/#website"},"primaryImageOfPage":{"@id":"https:\/\/product-guide.org\/produkt\/oldschool-bleistiftrock-schwarz-pencil-skirt-bleistiftrock-xs-34-karneval-universe\/#primaryimage"},"image":{"@id":"https:\/\/product-guide.org\/produkt\/oldschool-bleistiftrock-schwarz-pencil-skirt-bleistiftrock-xs-34-karneval-universe\/#primaryimage"},"thumbnailUrl":"https:\/\/product-guide.org\/wp-content\/uploads\/2025\/03\/schwarzer_bleistiftrock-pencil_skirt-oldschool_rockabilly_rock-pin_up_bleistift_rock-go1182.jpg","datePublished":"2025-03-17T11:44:44+00:00","description":"Oldschool Bleistiftrock schwarz -pencil skirt-bleistiftrock XS \/ 34 | Karneval-Universe gefunden von Product-Guide.org","breadcrumb":{"@id":"https:\/\/product-guide.org\/produkt\/oldschool-bleistiftrock-schwarz-pencil-skirt-bleistiftrock-xs-34-karneval-universe\/#breadcrumb"},"inLanguage":"en-GB","potentialAction":[{"@type":"ReadAction","target":["https:\/\/product-guide.org\/produkt\/oldschool-bleistiftrock-schwarz-pencil-skirt-bleistiftrock-xs-34-karneval-universe\/"]}]},{"@type":"ImageObject","inLanguage":"en-GB","@id":"https:\/\/product-guide.org\/produkt\/oldschool-bleistiftrock-schwarz-pencil-skirt-bleistiftrock-xs-34-karneval-universe\/#primaryimage","url":"https:\/\/product-guide.org\/wp-content\/uploads\/2025\/03\/schwarzer_bleistiftrock-pencil_skirt-oldschool_rockabilly_rock-pin_up_bleistift_rock-go1182.jpg","contentUrl":"https:\/\/product-guide.org\/wp-content\/uploads\/2025\/03\/schwarzer_bleistiftrock-pencil_skirt-oldschool_rockabilly_rock-pin_up_bleistift_rock-go1182.jpg","width":510,"height":1179},{"@type":"BreadcrumbList","@id":"https:\/\/product-guide.org\/produkt\/oldschool-bleistiftrock-schwarz-pencil-skirt-bleistiftrock-xs-34-karneval-universe\/#breadcrumb","itemListElement":[{"@type":"ListItem","position":1,"name":"Home","item":"https:\/\/product-guide.org\/"},{"@type":"ListItem","position":2,"name":"Ergebnisse","item":"https:\/\/product-guide.org\/de\/ergebnisse\/"},{"@type":"ListItem","position":3,"name":"Oldschool Bleistiftrock schwarz -pencil skirt-bleistiftrock XS \/ 34 | Karneval-Universe"}]},{"@type":"WebSite","@id":"https:\/\/product-guide.org\/#website","url":"https:\/\/product-guide.org\/","name":"Product-Guide.org","description":"What Product are you looking for?","publisher":{"@id":"https:\/\/product-guide.org\/#organization"},"potentialAction":[{"@type":"SearchAction","target":{"@type":"EntryPoint","urlTemplate":"https:\/\/product-guide.org\/?s={search_term_string}"},"query-input":{"@type":"PropertyValueSpecification","valueRequired":true,"valueName":"search_term_string"}}],"inLanguage":"en-GB"},{"@type":"Organization","@id":"https:\/\/product-guide.org\/#organization","name":"Product-Guide.org","url":"https:\/\/product-guide.org\/","logo":{"@type":"ImageObject","inLanguage":"en-GB","@id":"https:\/\/product-guide.org\/#\/schema\/logo\/image\/","url":"https:\/\/product-guide.org\/wp-content\/uploads\/2022\/07\/logo_transparent_background.png","contentUrl":"https:\/\/product-guide.org\/wp-content\/uploads\/2022\/07\/logo_transparent_background.png","width":3400,"height":1132,"caption":"Product-Guide.org"},"image":{"@id":"https:\/\/product-guide.org\/#\/schema\/logo\/image\/"}}]}},"_links":{"self":[{"href":"https:\/\/product-guide.org\/en\/wp-json\/wp\/v2\/product\/56237","targetHints":{"allow":["GET"]}}],"collection":[{"href":"https:\/\/product-guide.org\/en\/wp-json\/wp\/v2\/product"}],"about":[{"href":"https:\/\/product-guide.org\/en\/wp-json\/wp\/v2\/types\/product"}],"wp:featuredmedia":[{"embeddable":true,"href":"https:\/\/product-guide.org\/en\/wp-json\/wp\/v2\/media\/56236"}],"wp:attachment":[{"href":"https:\/\/product-guide.org\/en\/wp-json\/wp\/v2\/media?parent=56237"}],"wp:term":[{"taxonomy":"store","embeddable":true,"href":"https:\/\/product-guide.org\/en\/wp-json\/wp\/v2\/store?post=56237"},{"taxonomy":"product_brand","embeddable":true,"href":"https:\/\/product-guide.org\/en\/wp-json\/wp\/v2\/product_brand?post=56237"},{"taxonomy":"product_cat","embeddable":true,"href":"https:\/\/product-guide.org\/en\/wp-json\/wp\/v2\/product_cat?post=56237"},{"taxonomy":"product_tag","embeddable":true,"href":"https:\/\/product-guide.org\/en\/wp-json\/wp\/v2\/product_tag?post=56237"}],"curies":[{"name":"wp","href":"https:\/\/api.w.org\/{rel}","templated":true}]}}