{"id":56241,"date":"2025-03-17T12:44:48","date_gmt":"2025-03-17T11:44:48","guid":{"rendered":"https:\/\/product-guide.org\/produkt\/papptellerset-happy-birthday-sterne-8-st-schone-tischdekoration-karneval-universe\/"},"modified":"2025-03-17T12:44:48","modified_gmt":"2025-03-17T11:44:48","slug":"papptellerset-happy-birthday-sterne-8-st-schone-tischdekoration-karneval-universe","status":"publish","type":"product","link":"https:\/\/product-guide.org\/en\/produkt\/papptellerset-happy-birthday-sterne-8-st-schone-tischdekoration-karneval-universe\/","title":{"rendered":"Papptellerset Happy Birthday Sterne 8 St. sch\u00f6ne Tischdekoration | Karneval-Universe"},"content":{"rendered":"<p>Papptellerset Happy Birthday Sterne 8 St. Das gl\u00e4nzende Papierteller f\u00fcr deine farbenfrohe Geburtstagsparty Du suchst noch das perfekte Partypappteller f\u00fcr deinen Geburtstag? Das achtteilige Sterne Papptellerset mit Happy Birthday Schriftzug &#8211; passendes Einweggeschirr und Partydeko in einem! Der bezauberne Dekoknaller f\u00fcr einen bunten Geburtstagstisch &#8211; das gl\u00e4nzende Partygeschirr aus Pappe! Das Papptellerset Happy Birthday Sterne besteht aus 8 Einwegtellern und hat einen Durchmesser von knapp 23 cm. Das Papierteller ist mit in sich gemusterten und auch teilweise glitzernden Blockstreifen umrandet, die R\u00fcckseite der Geburtstags Party Teller ist wei\u00df. Ein fr\u00f6hliches HAPPY BIRTHDAY! umrandet von silbern gl\u00e4nzenden Punkten sowie funkelnden Sterne. F\u00fcr das entz\u00fcckende Einweggeschirr aus Pappe f\u00fcr deinen Geburtstag findest du hier die passenden und die &#8211; f\u00fcr eine stimmige Party Tischdekoration. Lieferumfang: 1 x Papptellerset Happy Birthday Sterne Inhalt: 8 St\u00fcck Farbe: Wei\u00df\/Silber\/Lila\/Pink\/Orange\/Blau\/Gr\u00fcn Gr\u00f6\u00dfe: ca. 23 cm Material: 100% Zellstoff<\/p>\n","protected":false},"excerpt":{"rendered":"<p>Papptellerset Happy Birthday Sterne 8 St. Das gl\u00e4nzende Papierteller f\u00fcr deine farbenfrohe Geburtstagsparty Du suchst noch das perfekte Partypappteller f\u00fcr deinen Geburtstag? Das achtteilige Sterne Papptellerset mit Happy Birthday Schriftzug &#8211; passendes Einweggeschirr und Partydeko in einem! Der bezauberne Dekoknaller f\u00fcr einen bunten Geburtstagstisch &#8211; das gl\u00e4nzende Partygeschirr aus Pappe! Das Papptellerset Happy Birthday Sterne [&hellip;]<\/p>\n","protected":false},"featured_media":56240,"template":"","meta":{"_gspb_post_css":""},"store":[],"product_brand":[1439],"product_cat":[1290],"product_tag":[],"class_list":{"0":"post-56241","1":"product","2":"type-product","3":"status-publish","4":"has-post-thumbnail","6":"product_brand-karneval-universe","7":"product_cat-uncategorized","9":"first","10":"instock","11":"shipping-taxable","12":"purchasable","13":"product-type-simple"},"yoast_head":"<!-- This site is optimized with the Yoast SEO plugin v24.6 - https:\/\/yoast.com\/wordpress\/plugins\/seo\/ -->\n<title>Papptellerset Happy Birthday Sterne 8 St. sch\u00f6ne Tischdekoration | Karneval-Universe | Product-Guide.org<\/title>\n<meta name=\"description\" content=\"Papptellerset Happy Birthday Sterne 8 St. sch\u00f6ne Tischdekoration | Karneval-Universe gefunden von Product-Guide.org\" \/>\n<meta name=\"robots\" content=\"index, follow, max-snippet:-1, max-image-preview:large, max-video-preview:-1\" \/>\n<link rel=\"canonical\" href=\"https:\/\/product-guide.org\/en\/produkt\/papptellerset-happy-birthday-sterne-8-st-schone-tischdekoration-karneval-universe\/\" \/>\n<meta property=\"og:locale\" content=\"en_GB\" \/>\n<meta property=\"og:type\" content=\"article\" \/>\n<meta property=\"og:title\" content=\"Papptellerset Happy Birthday Sterne 8 St. sch\u00f6ne Tischdekoration | Karneval-Universe | Product-Guide.org\" \/>\n<meta property=\"og:description\" content=\"Papptellerset Happy Birthday Sterne 8 St. sch\u00f6ne Tischdekoration | Karneval-Universe gefunden von Product-Guide.org\" \/>\n<meta property=\"og:url\" content=\"https:\/\/product-guide.org\/en\/produkt\/papptellerset-happy-birthday-sterne-8-st-schone-tischdekoration-karneval-universe\/\" \/>\n<meta property=\"og:site_name\" content=\"Product-Guide.org\" \/>\n<meta name=\"twitter:card\" content=\"summary_large_image\" \/>\n<script type=\"application\/ld+json\" class=\"yoast-schema-graph\">{\"@context\":\"https:\/\/schema.org\",\"@graph\":[{\"@type\":\"WebPage\",\"@id\":\"https:\/\/product-guide.org\/produkt\/papptellerset-happy-birthday-sterne-8-st-schone-tischdekoration-karneval-universe\/\",\"url\":\"https:\/\/product-guide.org\/produkt\/papptellerset-happy-birthday-sterne-8-st-schone-tischdekoration-karneval-universe\/\",\"name\":\"Papptellerset Happy Birthday Sterne 8 St. sch\u00f6ne Tischdekoration | Karneval-Universe | Product-Guide.org\",\"isPartOf\":{\"@id\":\"https:\/\/product-guide.org\/#website\"},\"primaryImageOfPage\":{\"@id\":\"https:\/\/product-guide.org\/produkt\/papptellerset-happy-birthday-sterne-8-st-schone-tischdekoration-karneval-universe\/#primaryimage\"},\"image\":{\"@id\":\"https:\/\/product-guide.org\/produkt\/papptellerset-happy-birthday-sterne-8-st-schone-tischdekoration-karneval-universe\/#primaryimage\"},\"thumbnailUrl\":\"https:\/\/product-guide.org\/wp-content\/uploads\/2025\/03\/happy_birthday_pappteller_sterne-happy_birthday_paperplate_stars-559980.jpg\",\"datePublished\":\"2025-03-17T11:44:48+00:00\",\"description\":\"Papptellerset Happy Birthday Sterne 8 St. sch\u00f6ne Tischdekoration | Karneval-Universe gefunden von Product-Guide.org\",\"breadcrumb\":{\"@id\":\"https:\/\/product-guide.org\/produkt\/papptellerset-happy-birthday-sterne-8-st-schone-tischdekoration-karneval-universe\/#breadcrumb\"},\"inLanguage\":\"en-GB\",\"potentialAction\":[{\"@type\":\"ReadAction\",\"target\":[\"https:\/\/product-guide.org\/produkt\/papptellerset-happy-birthday-sterne-8-st-schone-tischdekoration-karneval-universe\/\"]}]},{\"@type\":\"ImageObject\",\"inLanguage\":\"en-GB\",\"@id\":\"https:\/\/product-guide.org\/produkt\/papptellerset-happy-birthday-sterne-8-st-schone-tischdekoration-karneval-universe\/#primaryimage\",\"url\":\"https:\/\/product-guide.org\/wp-content\/uploads\/2025\/03\/happy_birthday_pappteller_sterne-happy_birthday_paperplate_stars-559980.jpg\",\"contentUrl\":\"https:\/\/product-guide.org\/wp-content\/uploads\/2025\/03\/happy_birthday_pappteller_sterne-happy_birthday_paperplate_stars-559980.jpg\",\"width\":812,\"height\":1012},{\"@type\":\"BreadcrumbList\",\"@id\":\"https:\/\/product-guide.org\/produkt\/papptellerset-happy-birthday-sterne-8-st-schone-tischdekoration-karneval-universe\/#breadcrumb\",\"itemListElement\":[{\"@type\":\"ListItem\",\"position\":1,\"name\":\"Home\",\"item\":\"https:\/\/product-guide.org\/\"},{\"@type\":\"ListItem\",\"position\":2,\"name\":\"Ergebnisse\",\"item\":\"https:\/\/product-guide.org\/de\/ergebnisse\/\"},{\"@type\":\"ListItem\",\"position\":3,\"name\":\"Papptellerset Happy Birthday Sterne 8 St. sch\u00f6ne Tischdekoration | Karneval-Universe\"}]},{\"@type\":\"WebSite\",\"@id\":\"https:\/\/product-guide.org\/#website\",\"url\":\"https:\/\/product-guide.org\/\",\"name\":\"Product-Guide.org\",\"description\":\"What Product are you looking for?\",\"publisher\":{\"@id\":\"https:\/\/product-guide.org\/#organization\"},\"potentialAction\":[{\"@type\":\"SearchAction\",\"target\":{\"@type\":\"EntryPoint\",\"urlTemplate\":\"https:\/\/product-guide.org\/?s={search_term_string}\"},\"query-input\":{\"@type\":\"PropertyValueSpecification\",\"valueRequired\":true,\"valueName\":\"search_term_string\"}}],\"inLanguage\":\"en-GB\"},{\"@type\":\"Organization\",\"@id\":\"https:\/\/product-guide.org\/#organization\",\"name\":\"Product-Guide.org\",\"url\":\"https:\/\/product-guide.org\/\",\"logo\":{\"@type\":\"ImageObject\",\"inLanguage\":\"en-GB\",\"@id\":\"https:\/\/product-guide.org\/#\/schema\/logo\/image\/\",\"url\":\"https:\/\/product-guide.org\/wp-content\/uploads\/2022\/07\/logo_transparent_background.png\",\"contentUrl\":\"https:\/\/product-guide.org\/wp-content\/uploads\/2022\/07\/logo_transparent_background.png\",\"width\":3400,\"height\":1132,\"caption\":\"Product-Guide.org\"},\"image\":{\"@id\":\"https:\/\/product-guide.org\/#\/schema\/logo\/image\/\"}}]}<\/script>\n<!-- \/ Yoast SEO plugin. -->","yoast_head_json":{"title":"Papptellerset Happy Birthday Sterne 8 St. sch\u00f6ne Tischdekoration | Karneval-Universe | Product-Guide.org","description":"Papptellerset Happy Birthday Sterne 8 St. sch\u00f6ne Tischdekoration | Karneval-Universe gefunden von Product-Guide.org","robots":{"index":"index","follow":"follow","max-snippet":"max-snippet:-1","max-image-preview":"max-image-preview:large","max-video-preview":"max-video-preview:-1"},"canonical":"https:\/\/product-guide.org\/en\/produkt\/papptellerset-happy-birthday-sterne-8-st-schone-tischdekoration-karneval-universe\/","og_locale":"en_GB","og_type":"article","og_title":"Papptellerset Happy Birthday Sterne 8 St. sch\u00f6ne Tischdekoration | Karneval-Universe | Product-Guide.org","og_description":"Papptellerset Happy Birthday Sterne 8 St. sch\u00f6ne Tischdekoration | Karneval-Universe gefunden von Product-Guide.org","og_url":"https:\/\/product-guide.org\/en\/produkt\/papptellerset-happy-birthday-sterne-8-st-schone-tischdekoration-karneval-universe\/","og_site_name":"Product-Guide.org","twitter_card":"summary_large_image","schema":{"@context":"https:\/\/schema.org","@graph":[{"@type":"WebPage","@id":"https:\/\/product-guide.org\/produkt\/papptellerset-happy-birthday-sterne-8-st-schone-tischdekoration-karneval-universe\/","url":"https:\/\/product-guide.org\/produkt\/papptellerset-happy-birthday-sterne-8-st-schone-tischdekoration-karneval-universe\/","name":"Papptellerset Happy Birthday Sterne 8 St. sch\u00f6ne Tischdekoration | Karneval-Universe | Product-Guide.org","isPartOf":{"@id":"https:\/\/product-guide.org\/#website"},"primaryImageOfPage":{"@id":"https:\/\/product-guide.org\/produkt\/papptellerset-happy-birthday-sterne-8-st-schone-tischdekoration-karneval-universe\/#primaryimage"},"image":{"@id":"https:\/\/product-guide.org\/produkt\/papptellerset-happy-birthday-sterne-8-st-schone-tischdekoration-karneval-universe\/#primaryimage"},"thumbnailUrl":"https:\/\/product-guide.org\/wp-content\/uploads\/2025\/03\/happy_birthday_pappteller_sterne-happy_birthday_paperplate_stars-559980.jpg","datePublished":"2025-03-17T11:44:48+00:00","description":"Papptellerset Happy Birthday Sterne 8 St. sch\u00f6ne Tischdekoration | Karneval-Universe gefunden von Product-Guide.org","breadcrumb":{"@id":"https:\/\/product-guide.org\/produkt\/papptellerset-happy-birthday-sterne-8-st-schone-tischdekoration-karneval-universe\/#breadcrumb"},"inLanguage":"en-GB","potentialAction":[{"@type":"ReadAction","target":["https:\/\/product-guide.org\/produkt\/papptellerset-happy-birthday-sterne-8-st-schone-tischdekoration-karneval-universe\/"]}]},{"@type":"ImageObject","inLanguage":"en-GB","@id":"https:\/\/product-guide.org\/produkt\/papptellerset-happy-birthday-sterne-8-st-schone-tischdekoration-karneval-universe\/#primaryimage","url":"https:\/\/product-guide.org\/wp-content\/uploads\/2025\/03\/happy_birthday_pappteller_sterne-happy_birthday_paperplate_stars-559980.jpg","contentUrl":"https:\/\/product-guide.org\/wp-content\/uploads\/2025\/03\/happy_birthday_pappteller_sterne-happy_birthday_paperplate_stars-559980.jpg","width":812,"height":1012},{"@type":"BreadcrumbList","@id":"https:\/\/product-guide.org\/produkt\/papptellerset-happy-birthday-sterne-8-st-schone-tischdekoration-karneval-universe\/#breadcrumb","itemListElement":[{"@type":"ListItem","position":1,"name":"Home","item":"https:\/\/product-guide.org\/"},{"@type":"ListItem","position":2,"name":"Ergebnisse","item":"https:\/\/product-guide.org\/de\/ergebnisse\/"},{"@type":"ListItem","position":3,"name":"Papptellerset Happy Birthday Sterne 8 St. sch\u00f6ne Tischdekoration | Karneval-Universe"}]},{"@type":"WebSite","@id":"https:\/\/product-guide.org\/#website","url":"https:\/\/product-guide.org\/","name":"Product-Guide.org","description":"What Product are you looking for?","publisher":{"@id":"https:\/\/product-guide.org\/#organization"},"potentialAction":[{"@type":"SearchAction","target":{"@type":"EntryPoint","urlTemplate":"https:\/\/product-guide.org\/?s={search_term_string}"},"query-input":{"@type":"PropertyValueSpecification","valueRequired":true,"valueName":"search_term_string"}}],"inLanguage":"en-GB"},{"@type":"Organization","@id":"https:\/\/product-guide.org\/#organization","name":"Product-Guide.org","url":"https:\/\/product-guide.org\/","logo":{"@type":"ImageObject","inLanguage":"en-GB","@id":"https:\/\/product-guide.org\/#\/schema\/logo\/image\/","url":"https:\/\/product-guide.org\/wp-content\/uploads\/2022\/07\/logo_transparent_background.png","contentUrl":"https:\/\/product-guide.org\/wp-content\/uploads\/2022\/07\/logo_transparent_background.png","width":3400,"height":1132,"caption":"Product-Guide.org"},"image":{"@id":"https:\/\/product-guide.org\/#\/schema\/logo\/image\/"}}]}},"_links":{"self":[{"href":"https:\/\/product-guide.org\/en\/wp-json\/wp\/v2\/product\/56241","targetHints":{"allow":["GET"]}}],"collection":[{"href":"https:\/\/product-guide.org\/en\/wp-json\/wp\/v2\/product"}],"about":[{"href":"https:\/\/product-guide.org\/en\/wp-json\/wp\/v2\/types\/product"}],"wp:featuredmedia":[{"embeddable":true,"href":"https:\/\/product-guide.org\/en\/wp-json\/wp\/v2\/media\/56240"}],"wp:attachment":[{"href":"https:\/\/product-guide.org\/en\/wp-json\/wp\/v2\/media?parent=56241"}],"wp:term":[{"taxonomy":"store","embeddable":true,"href":"https:\/\/product-guide.org\/en\/wp-json\/wp\/v2\/store?post=56241"},{"taxonomy":"product_brand","embeddable":true,"href":"https:\/\/product-guide.org\/en\/wp-json\/wp\/v2\/product_brand?post=56241"},{"taxonomy":"product_cat","embeddable":true,"href":"https:\/\/product-guide.org\/en\/wp-json\/wp\/v2\/product_cat?post=56241"},{"taxonomy":"product_tag","embeddable":true,"href":"https:\/\/product-guide.org\/en\/wp-json\/wp\/v2\/product_tag?post=56241"}],"curies":[{"name":"wp","href":"https:\/\/api.w.org\/{rel}","templated":true}]}}