{"id":56249,"date":"2025-03-17T12:44:56","date_gmt":"2025-03-17T11:44:56","guid":{"rendered":"https:\/\/product-guide.org\/produkt\/polohemd-weis-schwarz-fur-damen-karneval-universe\/"},"modified":"2025-03-17T12:44:57","modified_gmt":"2025-03-17T11:44:57","slug":"polohemd-weis-schwarz-fur-damen-karneval-universe","status":"publish","type":"product","link":"https:\/\/product-guide.org\/en\/produkt\/polohemd-weis-schwarz-fur-damen-karneval-universe\/","title":{"rendered":"Polohemd wei\u00df-schwarz f\u00fcr Damen | Karneval-Universe"},"content":{"rendered":"<p>Polohemd wei\u00df-schwarz Streifen Shirt f\u00fcr Damen als modisches Sommer-Oberteil Das s\u00fc\u00dfe Damen Polohemdwei\u00df-schwarz ist ein tolles Oberteil f\u00fcr warme Sommertage. Ob als besonderes Mode-Highlight im Alltag oder als Kombi zu deinem l\u00e4ssigen Urlaubs-Outfit: Mit diesem Streifen Sommer-Shirt von Hell Bunny bist du auf jeden Fall super gekleidet und unterstreichst deine jugendliche Frische. Das Polohemd ist wei\u00df-schwarz gestreift und verf\u00fcgt \u00fcber einen schwarzen Kragen. Zudem befindet sich eine Knopfleiste in schwarz unter dem vorderen Kragen. Auf der linken Brust ist das klassische Hell Bunny Logo angebracht, welches bei Bedarf abgenommen werden kann. Zu dem Hell Bunny Top gestreift l\u00e4sst sich super die , sowie die kombinieren. Lieferumfang: 1x Polohemd wei\u00df-schwarz Farbe: schwarz-weiss gestreift Material: 95% Viskose, 5% Polyester abnehmbares Hell Bunny Patch Der Artikel ist ein Fashion-Artikel f\u00fcr Erwachsene und kein Spielzeug. Nicht f\u00fcr Kinder unter 3 Jahren geeignet. Kann Kleinteile enthalten, die verschluckt werden k\u00f6nnen &#8211; Erstickungsgefahr. Von Feuer und offenen Flammen fernhalten.<\/p>\n","protected":false},"excerpt":{"rendered":"<p>Polohemd wei\u00df-schwarz Streifen Shirt f\u00fcr Damen als modisches Sommer-Oberteil Das s\u00fc\u00dfe Damen Polohemdwei\u00df-schwarz ist ein tolles Oberteil f\u00fcr warme Sommertage. Ob als besonderes Mode-Highlight im Alltag oder als Kombi zu deinem l\u00e4ssigen Urlaubs-Outfit: Mit diesem Streifen Sommer-Shirt von Hell Bunny bist du auf jeden Fall super gekleidet und unterstreichst deine jugendliche Frische. Das Polohemd ist [&hellip;]<\/p>\n","protected":false},"featured_media":56248,"template":"","meta":{"_gspb_post_css":""},"store":[],"product_brand":[1439],"product_cat":[1290],"product_tag":[],"class_list":{"0":"post-56249","1":"product","2":"type-product","3":"status-publish","4":"has-post-thumbnail","6":"product_brand-karneval-universe","7":"product_cat-uncategorized","9":"first","10":"instock","11":"shipping-taxable","12":"purchasable","13":"product-type-simple"},"yoast_head":"<!-- This site is optimized with the Yoast SEO plugin v24.6 - https:\/\/yoast.com\/wordpress\/plugins\/seo\/ -->\n<title>Polohemd wei\u00df-schwarz f\u00fcr Damen | Karneval-Universe | Product-Guide.org<\/title>\n<meta name=\"description\" content=\"Polohemd wei\u00df-schwarz f\u00fcr Damen | Karneval-Universe gefunden von Product-Guide.org\" \/>\n<meta name=\"robots\" content=\"index, follow, max-snippet:-1, max-image-preview:large, max-video-preview:-1\" \/>\n<link rel=\"canonical\" href=\"https:\/\/product-guide.org\/en\/produkt\/polohemd-weis-schwarz-fur-damen-karneval-universe\/\" \/>\n<meta property=\"og:locale\" content=\"en_GB\" \/>\n<meta property=\"og:type\" content=\"article\" \/>\n<meta property=\"og:title\" content=\"Polohemd wei\u00df-schwarz f\u00fcr Damen | Karneval-Universe | Product-Guide.org\" \/>\n<meta property=\"og:description\" content=\"Polohemd wei\u00df-schwarz f\u00fcr Damen | Karneval-Universe gefunden von Product-Guide.org\" \/>\n<meta property=\"og:url\" content=\"https:\/\/product-guide.org\/en\/produkt\/polohemd-weis-schwarz-fur-damen-karneval-universe\/\" \/>\n<meta property=\"og:site_name\" content=\"Product-Guide.org\" \/>\n<meta property=\"article:modified_time\" content=\"2025-03-17T11:44:57+00:00\" \/>\n<meta name=\"twitter:card\" content=\"summary_large_image\" \/>\n<script type=\"application\/ld+json\" class=\"yoast-schema-graph\">{\"@context\":\"https:\/\/schema.org\",\"@graph\":[{\"@type\":\"WebPage\",\"@id\":\"https:\/\/product-guide.org\/produkt\/polohemd-weis-schwarz-fur-damen-karneval-universe\/\",\"url\":\"https:\/\/product-guide.org\/produkt\/polohemd-weis-schwarz-fur-damen-karneval-universe\/\",\"name\":\"Polohemd wei\u00df-schwarz f\u00fcr Damen | Karneval-Universe | Product-Guide.org\",\"isPartOf\":{\"@id\":\"https:\/\/product-guide.org\/#website\"},\"primaryImageOfPage\":{\"@id\":\"https:\/\/product-guide.org\/produkt\/polohemd-weis-schwarz-fur-damen-karneval-universe\/#primaryimage\"},\"image\":{\"@id\":\"https:\/\/product-guide.org\/produkt\/polohemd-weis-schwarz-fur-damen-karneval-universe\/#primaryimage\"},\"thumbnailUrl\":\"https:\/\/product-guide.org\/wp-content\/uploads\/2025\/03\/poloshirt-wei-schwarz-girlie-shirt-totenkopf-shirt-damen-shirt-go1073sm.jpg\",\"datePublished\":\"2025-03-17T11:44:56+00:00\",\"dateModified\":\"2025-03-17T11:44:57+00:00\",\"description\":\"Polohemd wei\u00df-schwarz f\u00fcr Damen | Karneval-Universe gefunden von Product-Guide.org\",\"breadcrumb\":{\"@id\":\"https:\/\/product-guide.org\/produkt\/polohemd-weis-schwarz-fur-damen-karneval-universe\/#breadcrumb\"},\"inLanguage\":\"en-GB\",\"potentialAction\":[{\"@type\":\"ReadAction\",\"target\":[\"https:\/\/product-guide.org\/produkt\/polohemd-weis-schwarz-fur-damen-karneval-universe\/\"]}]},{\"@type\":\"ImageObject\",\"inLanguage\":\"en-GB\",\"@id\":\"https:\/\/product-guide.org\/produkt\/polohemd-weis-schwarz-fur-damen-karneval-universe\/#primaryimage\",\"url\":\"https:\/\/product-guide.org\/wp-content\/uploads\/2025\/03\/poloshirt-wei-schwarz-girlie-shirt-totenkopf-shirt-damen-shirt-go1073sm.jpg\",\"contentUrl\":\"https:\/\/product-guide.org\/wp-content\/uploads\/2025\/03\/poloshirt-wei-schwarz-girlie-shirt-totenkopf-shirt-damen-shirt-go1073sm.jpg\",\"width\":963,\"height\":1200},{\"@type\":\"BreadcrumbList\",\"@id\":\"https:\/\/product-guide.org\/produkt\/polohemd-weis-schwarz-fur-damen-karneval-universe\/#breadcrumb\",\"itemListElement\":[{\"@type\":\"ListItem\",\"position\":1,\"name\":\"Home\",\"item\":\"https:\/\/product-guide.org\/\"},{\"@type\":\"ListItem\",\"position\":2,\"name\":\"Ergebnisse\",\"item\":\"https:\/\/product-guide.org\/de\/ergebnisse\/\"},{\"@type\":\"ListItem\",\"position\":3,\"name\":\"Polohemd wei\u00df-schwarz f\u00fcr Damen | Karneval-Universe\"}]},{\"@type\":\"WebSite\",\"@id\":\"https:\/\/product-guide.org\/#website\",\"url\":\"https:\/\/product-guide.org\/\",\"name\":\"Product-Guide.org\",\"description\":\"What Product are you looking for?\",\"publisher\":{\"@id\":\"https:\/\/product-guide.org\/#organization\"},\"potentialAction\":[{\"@type\":\"SearchAction\",\"target\":{\"@type\":\"EntryPoint\",\"urlTemplate\":\"https:\/\/product-guide.org\/?s={search_term_string}\"},\"query-input\":{\"@type\":\"PropertyValueSpecification\",\"valueRequired\":true,\"valueName\":\"search_term_string\"}}],\"inLanguage\":\"en-GB\"},{\"@type\":\"Organization\",\"@id\":\"https:\/\/product-guide.org\/#organization\",\"name\":\"Product-Guide.org\",\"url\":\"https:\/\/product-guide.org\/\",\"logo\":{\"@type\":\"ImageObject\",\"inLanguage\":\"en-GB\",\"@id\":\"https:\/\/product-guide.org\/#\/schema\/logo\/image\/\",\"url\":\"https:\/\/product-guide.org\/wp-content\/uploads\/2022\/07\/logo_transparent_background.png\",\"contentUrl\":\"https:\/\/product-guide.org\/wp-content\/uploads\/2022\/07\/logo_transparent_background.png\",\"width\":3400,\"height\":1132,\"caption\":\"Product-Guide.org\"},\"image\":{\"@id\":\"https:\/\/product-guide.org\/#\/schema\/logo\/image\/\"}}]}<\/script>\n<!-- \/ Yoast SEO plugin. -->","yoast_head_json":{"title":"Polohemd wei\u00df-schwarz f\u00fcr Damen | Karneval-Universe | Product-Guide.org","description":"Polohemd wei\u00df-schwarz f\u00fcr Damen | Karneval-Universe gefunden von Product-Guide.org","robots":{"index":"index","follow":"follow","max-snippet":"max-snippet:-1","max-image-preview":"max-image-preview:large","max-video-preview":"max-video-preview:-1"},"canonical":"https:\/\/product-guide.org\/en\/produkt\/polohemd-weis-schwarz-fur-damen-karneval-universe\/","og_locale":"en_GB","og_type":"article","og_title":"Polohemd wei\u00df-schwarz f\u00fcr Damen | Karneval-Universe | Product-Guide.org","og_description":"Polohemd wei\u00df-schwarz f\u00fcr Damen | Karneval-Universe gefunden von Product-Guide.org","og_url":"https:\/\/product-guide.org\/en\/produkt\/polohemd-weis-schwarz-fur-damen-karneval-universe\/","og_site_name":"Product-Guide.org","article_modified_time":"2025-03-17T11:44:57+00:00","twitter_card":"summary_large_image","schema":{"@context":"https:\/\/schema.org","@graph":[{"@type":"WebPage","@id":"https:\/\/product-guide.org\/produkt\/polohemd-weis-schwarz-fur-damen-karneval-universe\/","url":"https:\/\/product-guide.org\/produkt\/polohemd-weis-schwarz-fur-damen-karneval-universe\/","name":"Polohemd wei\u00df-schwarz f\u00fcr Damen | Karneval-Universe | Product-Guide.org","isPartOf":{"@id":"https:\/\/product-guide.org\/#website"},"primaryImageOfPage":{"@id":"https:\/\/product-guide.org\/produkt\/polohemd-weis-schwarz-fur-damen-karneval-universe\/#primaryimage"},"image":{"@id":"https:\/\/product-guide.org\/produkt\/polohemd-weis-schwarz-fur-damen-karneval-universe\/#primaryimage"},"thumbnailUrl":"https:\/\/product-guide.org\/wp-content\/uploads\/2025\/03\/poloshirt-wei-schwarz-girlie-shirt-totenkopf-shirt-damen-shirt-go1073sm.jpg","datePublished":"2025-03-17T11:44:56+00:00","dateModified":"2025-03-17T11:44:57+00:00","description":"Polohemd wei\u00df-schwarz f\u00fcr Damen | Karneval-Universe gefunden von Product-Guide.org","breadcrumb":{"@id":"https:\/\/product-guide.org\/produkt\/polohemd-weis-schwarz-fur-damen-karneval-universe\/#breadcrumb"},"inLanguage":"en-GB","potentialAction":[{"@type":"ReadAction","target":["https:\/\/product-guide.org\/produkt\/polohemd-weis-schwarz-fur-damen-karneval-universe\/"]}]},{"@type":"ImageObject","inLanguage":"en-GB","@id":"https:\/\/product-guide.org\/produkt\/polohemd-weis-schwarz-fur-damen-karneval-universe\/#primaryimage","url":"https:\/\/product-guide.org\/wp-content\/uploads\/2025\/03\/poloshirt-wei-schwarz-girlie-shirt-totenkopf-shirt-damen-shirt-go1073sm.jpg","contentUrl":"https:\/\/product-guide.org\/wp-content\/uploads\/2025\/03\/poloshirt-wei-schwarz-girlie-shirt-totenkopf-shirt-damen-shirt-go1073sm.jpg","width":963,"height":1200},{"@type":"BreadcrumbList","@id":"https:\/\/product-guide.org\/produkt\/polohemd-weis-schwarz-fur-damen-karneval-universe\/#breadcrumb","itemListElement":[{"@type":"ListItem","position":1,"name":"Home","item":"https:\/\/product-guide.org\/"},{"@type":"ListItem","position":2,"name":"Ergebnisse","item":"https:\/\/product-guide.org\/de\/ergebnisse\/"},{"@type":"ListItem","position":3,"name":"Polohemd wei\u00df-schwarz f\u00fcr Damen | Karneval-Universe"}]},{"@type":"WebSite","@id":"https:\/\/product-guide.org\/#website","url":"https:\/\/product-guide.org\/","name":"Product-Guide.org","description":"What Product are you looking for?","publisher":{"@id":"https:\/\/product-guide.org\/#organization"},"potentialAction":[{"@type":"SearchAction","target":{"@type":"EntryPoint","urlTemplate":"https:\/\/product-guide.org\/?s={search_term_string}"},"query-input":{"@type":"PropertyValueSpecification","valueRequired":true,"valueName":"search_term_string"}}],"inLanguage":"en-GB"},{"@type":"Organization","@id":"https:\/\/product-guide.org\/#organization","name":"Product-Guide.org","url":"https:\/\/product-guide.org\/","logo":{"@type":"ImageObject","inLanguage":"en-GB","@id":"https:\/\/product-guide.org\/#\/schema\/logo\/image\/","url":"https:\/\/product-guide.org\/wp-content\/uploads\/2022\/07\/logo_transparent_background.png","contentUrl":"https:\/\/product-guide.org\/wp-content\/uploads\/2022\/07\/logo_transparent_background.png","width":3400,"height":1132,"caption":"Product-Guide.org"},"image":{"@id":"https:\/\/product-guide.org\/#\/schema\/logo\/image\/"}}]}},"_links":{"self":[{"href":"https:\/\/product-guide.org\/en\/wp-json\/wp\/v2\/product\/56249","targetHints":{"allow":["GET"]}}],"collection":[{"href":"https:\/\/product-guide.org\/en\/wp-json\/wp\/v2\/product"}],"about":[{"href":"https:\/\/product-guide.org\/en\/wp-json\/wp\/v2\/types\/product"}],"wp:featuredmedia":[{"embeddable":true,"href":"https:\/\/product-guide.org\/en\/wp-json\/wp\/v2\/media\/56248"}],"wp:attachment":[{"href":"https:\/\/product-guide.org\/en\/wp-json\/wp\/v2\/media?parent=56249"}],"wp:term":[{"taxonomy":"store","embeddable":true,"href":"https:\/\/product-guide.org\/en\/wp-json\/wp\/v2\/store?post=56249"},{"taxonomy":"product_brand","embeddable":true,"href":"https:\/\/product-guide.org\/en\/wp-json\/wp\/v2\/product_brand?post=56249"},{"taxonomy":"product_cat","embeddable":true,"href":"https:\/\/product-guide.org\/en\/wp-json\/wp\/v2\/product_cat?post=56249"},{"taxonomy":"product_tag","embeddable":true,"href":"https:\/\/product-guide.org\/en\/wp-json\/wp\/v2\/product_tag?post=56249"}],"curies":[{"name":"wp","href":"https:\/\/api.w.org\/{rel}","templated":true}]}}