{"id":56255,"date":"2025-03-17T12:45:03","date_gmt":"2025-03-17T11:45:03","guid":{"rendered":"https:\/\/product-guide.org\/produkt\/servietten-happy-birthday-bunte-servietten-karneval-universe\/"},"modified":"2025-03-17T12:45:03","modified_gmt":"2025-03-17T11:45:03","slug":"servietten-happy-birthday-bunte-servietten-karneval-universe","status":"publish","type":"product","link":"https:\/\/product-guide.org\/en\/produkt\/servietten-happy-birthday-bunte-servietten-karneval-universe\/","title":{"rendered":"Servietten Happy Birthday Bunte Servietten | Karneval-Universe"},"content":{"rendered":"<p>Servietten Happy Birthday Farbenfrohes Accessoire f\u00fcr deine Geburtstagsparty Diese sch\u00f6n bedruckten Servietten erfreuen jeden Gast auf deinem Geburtstagsfest und sind ein perfektes Accessoire f\u00fcr den Buffettisch. Die Servietten Ballon Happy Birthday sind aus festem Papier und rei\u00dfen nicht. Die bunten T\u00fccher haben eine Normgr\u00f6\u00dfe von 25 x 25 cm. F\u00fcr andere Feste wie Halloween haben wir z.B. die oder die im Angebot. Lieferumfang: 1x Servietten Ballon Happy Birthday (20 St\u00fcck) Farbe: Gelb \/ Orange \/ Blau \/ Rot \/ Gr\u00fcn \/ Lila Ma\u00dfe: 25 x 25 cm Material: 100% Zellstoff<\/p>\n","protected":false},"excerpt":{"rendered":"<p>Servietten Happy Birthday Farbenfrohes Accessoire f\u00fcr deine Geburtstagsparty Diese sch\u00f6n bedruckten Servietten erfreuen jeden Gast auf deinem Geburtstagsfest und sind ein perfektes Accessoire f\u00fcr den Buffettisch. Die Servietten Ballon Happy Birthday sind aus festem Papier und rei\u00dfen nicht. Die bunten T\u00fccher haben eine Normgr\u00f6\u00dfe von 25 x 25 cm. F\u00fcr andere Feste wie Halloween haben [&hellip;]<\/p>\n","protected":false},"featured_media":56254,"template":"","meta":{"_gspb_post_css":""},"store":[],"product_brand":[1439],"product_cat":[1290],"product_tag":[],"class_list":{"0":"post-56255","1":"product","2":"type-product","3":"status-publish","4":"has-post-thumbnail","6":"product_brand-karneval-universe","7":"product_cat-uncategorized","9":"first","10":"instock","11":"shipping-taxable","12":"purchasable","13":"product-type-simple"},"yoast_head":"<!-- This site is optimized with the Yoast SEO plugin v24.6 - https:\/\/yoast.com\/wordpress\/plugins\/seo\/ -->\n<title>Servietten Happy Birthday Bunte Servietten | Karneval-Universe | Product-Guide.org<\/title>\n<meta name=\"description\" content=\"Servietten Happy Birthday Bunte Servietten | Karneval-Universe gefunden von Product-Guide.org\" \/>\n<meta name=\"robots\" content=\"index, follow, max-snippet:-1, max-image-preview:large, max-video-preview:-1\" \/>\n<link rel=\"canonical\" href=\"https:\/\/product-guide.org\/en\/produkt\/servietten-happy-birthday-bunte-servietten-karneval-universe\/\" \/>\n<meta property=\"og:locale\" content=\"en_GB\" \/>\n<meta property=\"og:type\" content=\"article\" \/>\n<meta property=\"og:title\" content=\"Servietten Happy Birthday Bunte Servietten | Karneval-Universe | Product-Guide.org\" \/>\n<meta property=\"og:description\" content=\"Servietten Happy Birthday Bunte Servietten | Karneval-Universe gefunden von Product-Guide.org\" \/>\n<meta property=\"og:url\" content=\"https:\/\/product-guide.org\/en\/produkt\/servietten-happy-birthday-bunte-servietten-karneval-universe\/\" \/>\n<meta property=\"og:site_name\" content=\"Product-Guide.org\" \/>\n<meta name=\"twitter:card\" content=\"summary_large_image\" \/>\n<script type=\"application\/ld+json\" class=\"yoast-schema-graph\">{\"@context\":\"https:\/\/schema.org\",\"@graph\":[{\"@type\":\"WebPage\",\"@id\":\"https:\/\/product-guide.org\/produkt\/servietten-happy-birthday-bunte-servietten-karneval-universe\/\",\"url\":\"https:\/\/product-guide.org\/produkt\/servietten-happy-birthday-bunte-servietten-karneval-universe\/\",\"name\":\"Servietten Happy Birthday Bunte Servietten | Karneval-Universe | Product-Guide.org\",\"isPartOf\":{\"@id\":\"https:\/\/product-guide.org\/#website\"},\"primaryImageOfPage\":{\"@id\":\"https:\/\/product-guide.org\/produkt\/servietten-happy-birthday-bunte-servietten-karneval-universe\/#primaryimage\"},\"image\":{\"@id\":\"https:\/\/product-guide.org\/produkt\/servietten-happy-birthday-bunte-servietten-karneval-universe\/#primaryimage\"},\"thumbnailUrl\":\"https:\/\/product-guide.org\/wp-content\/uploads\/2025\/03\/serviette_ballon_happy_birthday-party_servietten-8802702-01.jpg\",\"datePublished\":\"2025-03-17T11:45:03+00:00\",\"description\":\"Servietten Happy Birthday Bunte Servietten | Karneval-Universe gefunden von Product-Guide.org\",\"breadcrumb\":{\"@id\":\"https:\/\/product-guide.org\/produkt\/servietten-happy-birthday-bunte-servietten-karneval-universe\/#breadcrumb\"},\"inLanguage\":\"en-GB\",\"potentialAction\":[{\"@type\":\"ReadAction\",\"target\":[\"https:\/\/product-guide.org\/produkt\/servietten-happy-birthday-bunte-servietten-karneval-universe\/\"]}]},{\"@type\":\"ImageObject\",\"inLanguage\":\"en-GB\",\"@id\":\"https:\/\/product-guide.org\/produkt\/servietten-happy-birthday-bunte-servietten-karneval-universe\/#primaryimage\",\"url\":\"https:\/\/product-guide.org\/wp-content\/uploads\/2025\/03\/serviette_ballon_happy_birthday-party_servietten-8802702-01.jpg\",\"contentUrl\":\"https:\/\/product-guide.org\/wp-content\/uploads\/2025\/03\/serviette_ballon_happy_birthday-party_servietten-8802702-01.jpg\",\"width\":963,\"height\":1200},{\"@type\":\"BreadcrumbList\",\"@id\":\"https:\/\/product-guide.org\/produkt\/servietten-happy-birthday-bunte-servietten-karneval-universe\/#breadcrumb\",\"itemListElement\":[{\"@type\":\"ListItem\",\"position\":1,\"name\":\"Home\",\"item\":\"https:\/\/product-guide.org\/\"},{\"@type\":\"ListItem\",\"position\":2,\"name\":\"Ergebnisse\",\"item\":\"https:\/\/product-guide.org\/de\/ergebnisse\/\"},{\"@type\":\"ListItem\",\"position\":3,\"name\":\"Servietten Happy Birthday Bunte Servietten | Karneval-Universe\"}]},{\"@type\":\"WebSite\",\"@id\":\"https:\/\/product-guide.org\/#website\",\"url\":\"https:\/\/product-guide.org\/\",\"name\":\"Product-Guide.org\",\"description\":\"What Product are you looking for?\",\"publisher\":{\"@id\":\"https:\/\/product-guide.org\/#organization\"},\"potentialAction\":[{\"@type\":\"SearchAction\",\"target\":{\"@type\":\"EntryPoint\",\"urlTemplate\":\"https:\/\/product-guide.org\/?s={search_term_string}\"},\"query-input\":{\"@type\":\"PropertyValueSpecification\",\"valueRequired\":true,\"valueName\":\"search_term_string\"}}],\"inLanguage\":\"en-GB\"},{\"@type\":\"Organization\",\"@id\":\"https:\/\/product-guide.org\/#organization\",\"name\":\"Product-Guide.org\",\"url\":\"https:\/\/product-guide.org\/\",\"logo\":{\"@type\":\"ImageObject\",\"inLanguage\":\"en-GB\",\"@id\":\"https:\/\/product-guide.org\/#\/schema\/logo\/image\/\",\"url\":\"https:\/\/product-guide.org\/wp-content\/uploads\/2022\/07\/logo_transparent_background.png\",\"contentUrl\":\"https:\/\/product-guide.org\/wp-content\/uploads\/2022\/07\/logo_transparent_background.png\",\"width\":3400,\"height\":1132,\"caption\":\"Product-Guide.org\"},\"image\":{\"@id\":\"https:\/\/product-guide.org\/#\/schema\/logo\/image\/\"}}]}<\/script>\n<!-- \/ Yoast SEO plugin. -->","yoast_head_json":{"title":"Servietten Happy Birthday Bunte Servietten | Karneval-Universe | Product-Guide.org","description":"Servietten Happy Birthday Bunte Servietten | Karneval-Universe gefunden von Product-Guide.org","robots":{"index":"index","follow":"follow","max-snippet":"max-snippet:-1","max-image-preview":"max-image-preview:large","max-video-preview":"max-video-preview:-1"},"canonical":"https:\/\/product-guide.org\/en\/produkt\/servietten-happy-birthday-bunte-servietten-karneval-universe\/","og_locale":"en_GB","og_type":"article","og_title":"Servietten Happy Birthday Bunte Servietten | Karneval-Universe | Product-Guide.org","og_description":"Servietten Happy Birthday Bunte Servietten | Karneval-Universe gefunden von Product-Guide.org","og_url":"https:\/\/product-guide.org\/en\/produkt\/servietten-happy-birthday-bunte-servietten-karneval-universe\/","og_site_name":"Product-Guide.org","twitter_card":"summary_large_image","schema":{"@context":"https:\/\/schema.org","@graph":[{"@type":"WebPage","@id":"https:\/\/product-guide.org\/produkt\/servietten-happy-birthday-bunte-servietten-karneval-universe\/","url":"https:\/\/product-guide.org\/produkt\/servietten-happy-birthday-bunte-servietten-karneval-universe\/","name":"Servietten Happy Birthday Bunte Servietten | Karneval-Universe | Product-Guide.org","isPartOf":{"@id":"https:\/\/product-guide.org\/#website"},"primaryImageOfPage":{"@id":"https:\/\/product-guide.org\/produkt\/servietten-happy-birthday-bunte-servietten-karneval-universe\/#primaryimage"},"image":{"@id":"https:\/\/product-guide.org\/produkt\/servietten-happy-birthday-bunte-servietten-karneval-universe\/#primaryimage"},"thumbnailUrl":"https:\/\/product-guide.org\/wp-content\/uploads\/2025\/03\/serviette_ballon_happy_birthday-party_servietten-8802702-01.jpg","datePublished":"2025-03-17T11:45:03+00:00","description":"Servietten Happy Birthday Bunte Servietten | Karneval-Universe gefunden von Product-Guide.org","breadcrumb":{"@id":"https:\/\/product-guide.org\/produkt\/servietten-happy-birthday-bunte-servietten-karneval-universe\/#breadcrumb"},"inLanguage":"en-GB","potentialAction":[{"@type":"ReadAction","target":["https:\/\/product-guide.org\/produkt\/servietten-happy-birthday-bunte-servietten-karneval-universe\/"]}]},{"@type":"ImageObject","inLanguage":"en-GB","@id":"https:\/\/product-guide.org\/produkt\/servietten-happy-birthday-bunte-servietten-karneval-universe\/#primaryimage","url":"https:\/\/product-guide.org\/wp-content\/uploads\/2025\/03\/serviette_ballon_happy_birthday-party_servietten-8802702-01.jpg","contentUrl":"https:\/\/product-guide.org\/wp-content\/uploads\/2025\/03\/serviette_ballon_happy_birthday-party_servietten-8802702-01.jpg","width":963,"height":1200},{"@type":"BreadcrumbList","@id":"https:\/\/product-guide.org\/produkt\/servietten-happy-birthday-bunte-servietten-karneval-universe\/#breadcrumb","itemListElement":[{"@type":"ListItem","position":1,"name":"Home","item":"https:\/\/product-guide.org\/"},{"@type":"ListItem","position":2,"name":"Ergebnisse","item":"https:\/\/product-guide.org\/de\/ergebnisse\/"},{"@type":"ListItem","position":3,"name":"Servietten Happy Birthday Bunte Servietten | Karneval-Universe"}]},{"@type":"WebSite","@id":"https:\/\/product-guide.org\/#website","url":"https:\/\/product-guide.org\/","name":"Product-Guide.org","description":"What Product are you looking for?","publisher":{"@id":"https:\/\/product-guide.org\/#organization"},"potentialAction":[{"@type":"SearchAction","target":{"@type":"EntryPoint","urlTemplate":"https:\/\/product-guide.org\/?s={search_term_string}"},"query-input":{"@type":"PropertyValueSpecification","valueRequired":true,"valueName":"search_term_string"}}],"inLanguage":"en-GB"},{"@type":"Organization","@id":"https:\/\/product-guide.org\/#organization","name":"Product-Guide.org","url":"https:\/\/product-guide.org\/","logo":{"@type":"ImageObject","inLanguage":"en-GB","@id":"https:\/\/product-guide.org\/#\/schema\/logo\/image\/","url":"https:\/\/product-guide.org\/wp-content\/uploads\/2022\/07\/logo_transparent_background.png","contentUrl":"https:\/\/product-guide.org\/wp-content\/uploads\/2022\/07\/logo_transparent_background.png","width":3400,"height":1132,"caption":"Product-Guide.org"},"image":{"@id":"https:\/\/product-guide.org\/#\/schema\/logo\/image\/"}}]}},"_links":{"self":[{"href":"https:\/\/product-guide.org\/en\/wp-json\/wp\/v2\/product\/56255","targetHints":{"allow":["GET"]}}],"collection":[{"href":"https:\/\/product-guide.org\/en\/wp-json\/wp\/v2\/product"}],"about":[{"href":"https:\/\/product-guide.org\/en\/wp-json\/wp\/v2\/types\/product"}],"wp:featuredmedia":[{"embeddable":true,"href":"https:\/\/product-guide.org\/en\/wp-json\/wp\/v2\/media\/56254"}],"wp:attachment":[{"href":"https:\/\/product-guide.org\/en\/wp-json\/wp\/v2\/media?parent=56255"}],"wp:term":[{"taxonomy":"store","embeddable":true,"href":"https:\/\/product-guide.org\/en\/wp-json\/wp\/v2\/store?post=56255"},{"taxonomy":"product_brand","embeddable":true,"href":"https:\/\/product-guide.org\/en\/wp-json\/wp\/v2\/product_brand?post=56255"},{"taxonomy":"product_cat","embeddable":true,"href":"https:\/\/product-guide.org\/en\/wp-json\/wp\/v2\/product_cat?post=56255"},{"taxonomy":"product_tag","embeddable":true,"href":"https:\/\/product-guide.org\/en\/wp-json\/wp\/v2\/product_tag?post=56255"}],"curies":[{"name":"wp","href":"https:\/\/api.w.org\/{rel}","templated":true}]}}