{"id":56259,"date":"2025-03-17T12:45:07","date_gmt":"2025-03-17T11:45:07","guid":{"rendered":"https:\/\/product-guide.org\/produkt\/st-patricks-day-trinkbecher-8-st-partygeschirr-karneval-universe\/"},"modified":"2025-03-17T12:45:07","modified_gmt":"2025-03-17T11:45:07","slug":"st-patricks-day-trinkbecher-8-st-partygeschirr-karneval-universe","status":"publish","type":"product","link":"https:\/\/product-guide.org\/en\/produkt\/st-patricks-day-trinkbecher-8-st-partygeschirr-karneval-universe\/","title":{"rendered":"St. Patrick&#8217;s Day Trinkbecher 8 St. Partygeschirr | Karneval-Universe"},"content":{"rendered":"<p>St. Patrick&#8217;s Day Trinkbecher 8 St. Acht gr\u00fcne Pappbecher mit Kleeblatt-Motiv als Partygeschirr Der St. Patrick&#8217;s Day ist f\u00fcr jeden Iren der Feiertag des Jahres. Mit den gr\u00fcnen St. Patrick&#8217;s Day Trinkbechern kannst kannst auch du auf den heiligen Patrick von Irland ansto\u00dfen. Die gr\u00fcnen St. Patrick&#8217;s Day Pappbecher werden im 8er Pack geliefert und sind mit dem klassischen Kleeblatt-Muster das perfekte Partygeschirr f\u00fcr deine St. Patricks Day Tischdekoration. . Wenn du auch an der klassischen Parade teilnehmen m\u00f6chtest, empfehlen wir f\u00fcr ihn den und f\u00fcr sie das . Lieferumfang: 1 x 8 St. Patrick&#8217;s Day Trinkbecher Farbe: gr\u00fcn\/wei\u00df Fassungsverm\u00f6gen: ca. 250 ml H\u00f6he: ca. 9 cm Material: Pappe<\/p>\n","protected":false},"excerpt":{"rendered":"<p>St. Patrick&#8217;s Day Trinkbecher 8 St. Acht gr\u00fcne Pappbecher mit Kleeblatt-Motiv als Partygeschirr Der St. Patrick&#8217;s Day ist f\u00fcr jeden Iren der Feiertag des Jahres. Mit den gr\u00fcnen St. Patrick&#8217;s Day Trinkbechern kannst kannst auch du auf den heiligen Patrick von Irland ansto\u00dfen. Die gr\u00fcnen St. Patrick&#8217;s Day Pappbecher werden im 8er Pack geliefert und [&hellip;]<\/p>\n","protected":false},"featured_media":56258,"template":"","meta":{"_gspb_post_css":""},"store":[],"product_brand":[1439],"product_cat":[1290],"product_tag":[],"class_list":{"0":"post-56259","1":"product","2":"type-product","3":"status-publish","4":"has-post-thumbnail","6":"product_brand-karneval-universe","7":"product_cat-uncategorized","9":"first","10":"instock","11":"shipping-taxable","12":"purchasable","13":"product-type-simple"},"yoast_head":"<!-- This site is optimized with the Yoast SEO plugin v24.6 - https:\/\/yoast.com\/wordpress\/plugins\/seo\/ -->\n<title>St. Patrick&#039;s Day Trinkbecher 8 St. Partygeschirr | Karneval-Universe | Product-Guide.org<\/title>\n<meta name=\"description\" content=\"St. Patrick&#039;s Day Trinkbecher 8 St. Partygeschirr | Karneval-Universe gefunden von Product-Guide.org\" \/>\n<meta name=\"robots\" content=\"index, follow, max-snippet:-1, max-image-preview:large, max-video-preview:-1\" \/>\n<link rel=\"canonical\" href=\"https:\/\/product-guide.org\/en\/produkt\/st-patricks-day-trinkbecher-8-st-partygeschirr-karneval-universe\/\" \/>\n<meta property=\"og:locale\" content=\"en_GB\" \/>\n<meta property=\"og:type\" content=\"article\" \/>\n<meta property=\"og:title\" content=\"St. Patrick&#039;s Day Trinkbecher 8 St. Partygeschirr | Karneval-Universe | Product-Guide.org\" \/>\n<meta property=\"og:description\" content=\"St. Patrick&#039;s Day Trinkbecher 8 St. Partygeschirr | Karneval-Universe gefunden von Product-Guide.org\" \/>\n<meta property=\"og:url\" content=\"https:\/\/product-guide.org\/en\/produkt\/st-patricks-day-trinkbecher-8-st-partygeschirr-karneval-universe\/\" \/>\n<meta property=\"og:site_name\" content=\"Product-Guide.org\" \/>\n<meta name=\"twitter:card\" content=\"summary_large_image\" \/>\n<script type=\"application\/ld+json\" class=\"yoast-schema-graph\">{\"@context\":\"https:\/\/schema.org\",\"@graph\":[{\"@type\":\"WebPage\",\"@id\":\"https:\/\/product-guide.org\/produkt\/st-patricks-day-trinkbecher-8-st-partygeschirr-karneval-universe\/\",\"url\":\"https:\/\/product-guide.org\/produkt\/st-patricks-day-trinkbecher-8-st-partygeschirr-karneval-universe\/\",\"name\":\"St. Patrick's Day Trinkbecher 8 St. Partygeschirr | Karneval-Universe | Product-Guide.org\",\"isPartOf\":{\"@id\":\"https:\/\/product-guide.org\/#website\"},\"primaryImageOfPage\":{\"@id\":\"https:\/\/product-guide.org\/produkt\/st-patricks-day-trinkbecher-8-st-partygeschirr-karneval-universe\/#primaryimage\"},\"image\":{\"@id\":\"https:\/\/product-guide.org\/produkt\/st-patricks-day-trinkbecher-8-st-partygeschirr-karneval-universe\/#primaryimage\"},\"thumbnailUrl\":\"https:\/\/product-guide.org\/wp-content\/uploads\/2025\/03\/st_patricks_day_pappbecher-irisches_trink_zuebheor-8802782.jpg\",\"datePublished\":\"2025-03-17T11:45:07+00:00\",\"description\":\"St. Patrick's Day Trinkbecher 8 St. Partygeschirr | Karneval-Universe gefunden von Product-Guide.org\",\"breadcrumb\":{\"@id\":\"https:\/\/product-guide.org\/produkt\/st-patricks-day-trinkbecher-8-st-partygeschirr-karneval-universe\/#breadcrumb\"},\"inLanguage\":\"en-GB\",\"potentialAction\":[{\"@type\":\"ReadAction\",\"target\":[\"https:\/\/product-guide.org\/produkt\/st-patricks-day-trinkbecher-8-st-partygeschirr-karneval-universe\/\"]}]},{\"@type\":\"ImageObject\",\"inLanguage\":\"en-GB\",\"@id\":\"https:\/\/product-guide.org\/produkt\/st-patricks-day-trinkbecher-8-st-partygeschirr-karneval-universe\/#primaryimage\",\"url\":\"https:\/\/product-guide.org\/wp-content\/uploads\/2025\/03\/st_patricks_day_pappbecher-irisches_trink_zuebheor-8802782.jpg\",\"contentUrl\":\"https:\/\/product-guide.org\/wp-content\/uploads\/2025\/03\/st_patricks_day_pappbecher-irisches_trink_zuebheor-8802782.jpg\",\"width\":810,\"height\":1010},{\"@type\":\"BreadcrumbList\",\"@id\":\"https:\/\/product-guide.org\/produkt\/st-patricks-day-trinkbecher-8-st-partygeschirr-karneval-universe\/#breadcrumb\",\"itemListElement\":[{\"@type\":\"ListItem\",\"position\":1,\"name\":\"Home\",\"item\":\"https:\/\/product-guide.org\/\"},{\"@type\":\"ListItem\",\"position\":2,\"name\":\"Ergebnisse\",\"item\":\"https:\/\/product-guide.org\/de\/ergebnisse\/\"},{\"@type\":\"ListItem\",\"position\":3,\"name\":\"St. Patrick&#8217;s Day Trinkbecher 8 St. Partygeschirr | Karneval-Universe\"}]},{\"@type\":\"WebSite\",\"@id\":\"https:\/\/product-guide.org\/#website\",\"url\":\"https:\/\/product-guide.org\/\",\"name\":\"Product-Guide.org\",\"description\":\"What Product are you looking for?\",\"publisher\":{\"@id\":\"https:\/\/product-guide.org\/#organization\"},\"potentialAction\":[{\"@type\":\"SearchAction\",\"target\":{\"@type\":\"EntryPoint\",\"urlTemplate\":\"https:\/\/product-guide.org\/?s={search_term_string}\"},\"query-input\":{\"@type\":\"PropertyValueSpecification\",\"valueRequired\":true,\"valueName\":\"search_term_string\"}}],\"inLanguage\":\"en-GB\"},{\"@type\":\"Organization\",\"@id\":\"https:\/\/product-guide.org\/#organization\",\"name\":\"Product-Guide.org\",\"url\":\"https:\/\/product-guide.org\/\",\"logo\":{\"@type\":\"ImageObject\",\"inLanguage\":\"en-GB\",\"@id\":\"https:\/\/product-guide.org\/#\/schema\/logo\/image\/\",\"url\":\"https:\/\/product-guide.org\/wp-content\/uploads\/2022\/07\/logo_transparent_background.png\",\"contentUrl\":\"https:\/\/product-guide.org\/wp-content\/uploads\/2022\/07\/logo_transparent_background.png\",\"width\":3400,\"height\":1132,\"caption\":\"Product-Guide.org\"},\"image\":{\"@id\":\"https:\/\/product-guide.org\/#\/schema\/logo\/image\/\"}}]}<\/script>\n<!-- \/ Yoast SEO plugin. -->","yoast_head_json":{"title":"St. Patrick's Day Trinkbecher 8 St. Partygeschirr | Karneval-Universe | Product-Guide.org","description":"St. Patrick's Day Trinkbecher 8 St. Partygeschirr | Karneval-Universe gefunden von Product-Guide.org","robots":{"index":"index","follow":"follow","max-snippet":"max-snippet:-1","max-image-preview":"max-image-preview:large","max-video-preview":"max-video-preview:-1"},"canonical":"https:\/\/product-guide.org\/en\/produkt\/st-patricks-day-trinkbecher-8-st-partygeschirr-karneval-universe\/","og_locale":"en_GB","og_type":"article","og_title":"St. Patrick's Day Trinkbecher 8 St. Partygeschirr | Karneval-Universe | Product-Guide.org","og_description":"St. Patrick's Day Trinkbecher 8 St. Partygeschirr | Karneval-Universe gefunden von Product-Guide.org","og_url":"https:\/\/product-guide.org\/en\/produkt\/st-patricks-day-trinkbecher-8-st-partygeschirr-karneval-universe\/","og_site_name":"Product-Guide.org","twitter_card":"summary_large_image","schema":{"@context":"https:\/\/schema.org","@graph":[{"@type":"WebPage","@id":"https:\/\/product-guide.org\/produkt\/st-patricks-day-trinkbecher-8-st-partygeschirr-karneval-universe\/","url":"https:\/\/product-guide.org\/produkt\/st-patricks-day-trinkbecher-8-st-partygeschirr-karneval-universe\/","name":"St. Patrick's Day Trinkbecher 8 St. Partygeschirr | Karneval-Universe | Product-Guide.org","isPartOf":{"@id":"https:\/\/product-guide.org\/#website"},"primaryImageOfPage":{"@id":"https:\/\/product-guide.org\/produkt\/st-patricks-day-trinkbecher-8-st-partygeschirr-karneval-universe\/#primaryimage"},"image":{"@id":"https:\/\/product-guide.org\/produkt\/st-patricks-day-trinkbecher-8-st-partygeschirr-karneval-universe\/#primaryimage"},"thumbnailUrl":"https:\/\/product-guide.org\/wp-content\/uploads\/2025\/03\/st_patricks_day_pappbecher-irisches_trink_zuebheor-8802782.jpg","datePublished":"2025-03-17T11:45:07+00:00","description":"St. Patrick's Day Trinkbecher 8 St. Partygeschirr | Karneval-Universe gefunden von Product-Guide.org","breadcrumb":{"@id":"https:\/\/product-guide.org\/produkt\/st-patricks-day-trinkbecher-8-st-partygeschirr-karneval-universe\/#breadcrumb"},"inLanguage":"en-GB","potentialAction":[{"@type":"ReadAction","target":["https:\/\/product-guide.org\/produkt\/st-patricks-day-trinkbecher-8-st-partygeschirr-karneval-universe\/"]}]},{"@type":"ImageObject","inLanguage":"en-GB","@id":"https:\/\/product-guide.org\/produkt\/st-patricks-day-trinkbecher-8-st-partygeschirr-karneval-universe\/#primaryimage","url":"https:\/\/product-guide.org\/wp-content\/uploads\/2025\/03\/st_patricks_day_pappbecher-irisches_trink_zuebheor-8802782.jpg","contentUrl":"https:\/\/product-guide.org\/wp-content\/uploads\/2025\/03\/st_patricks_day_pappbecher-irisches_trink_zuebheor-8802782.jpg","width":810,"height":1010},{"@type":"BreadcrumbList","@id":"https:\/\/product-guide.org\/produkt\/st-patricks-day-trinkbecher-8-st-partygeschirr-karneval-universe\/#breadcrumb","itemListElement":[{"@type":"ListItem","position":1,"name":"Home","item":"https:\/\/product-guide.org\/"},{"@type":"ListItem","position":2,"name":"Ergebnisse","item":"https:\/\/product-guide.org\/de\/ergebnisse\/"},{"@type":"ListItem","position":3,"name":"St. Patrick&#8217;s Day Trinkbecher 8 St. Partygeschirr | Karneval-Universe"}]},{"@type":"WebSite","@id":"https:\/\/product-guide.org\/#website","url":"https:\/\/product-guide.org\/","name":"Product-Guide.org","description":"What Product are you looking for?","publisher":{"@id":"https:\/\/product-guide.org\/#organization"},"potentialAction":[{"@type":"SearchAction","target":{"@type":"EntryPoint","urlTemplate":"https:\/\/product-guide.org\/?s={search_term_string}"},"query-input":{"@type":"PropertyValueSpecification","valueRequired":true,"valueName":"search_term_string"}}],"inLanguage":"en-GB"},{"@type":"Organization","@id":"https:\/\/product-guide.org\/#organization","name":"Product-Guide.org","url":"https:\/\/product-guide.org\/","logo":{"@type":"ImageObject","inLanguage":"en-GB","@id":"https:\/\/product-guide.org\/#\/schema\/logo\/image\/","url":"https:\/\/product-guide.org\/wp-content\/uploads\/2022\/07\/logo_transparent_background.png","contentUrl":"https:\/\/product-guide.org\/wp-content\/uploads\/2022\/07\/logo_transparent_background.png","width":3400,"height":1132,"caption":"Product-Guide.org"},"image":{"@id":"https:\/\/product-guide.org\/#\/schema\/logo\/image\/"}}]}},"_links":{"self":[{"href":"https:\/\/product-guide.org\/en\/wp-json\/wp\/v2\/product\/56259","targetHints":{"allow":["GET"]}}],"collection":[{"href":"https:\/\/product-guide.org\/en\/wp-json\/wp\/v2\/product"}],"about":[{"href":"https:\/\/product-guide.org\/en\/wp-json\/wp\/v2\/types\/product"}],"wp:featuredmedia":[{"embeddable":true,"href":"https:\/\/product-guide.org\/en\/wp-json\/wp\/v2\/media\/56258"}],"wp:attachment":[{"href":"https:\/\/product-guide.org\/en\/wp-json\/wp\/v2\/media?parent=56259"}],"wp:term":[{"taxonomy":"store","embeddable":true,"href":"https:\/\/product-guide.org\/en\/wp-json\/wp\/v2\/store?post=56259"},{"taxonomy":"product_brand","embeddable":true,"href":"https:\/\/product-guide.org\/en\/wp-json\/wp\/v2\/product_brand?post=56259"},{"taxonomy":"product_cat","embeddable":true,"href":"https:\/\/product-guide.org\/en\/wp-json\/wp\/v2\/product_cat?post=56259"},{"taxonomy":"product_tag","embeddable":true,"href":"https:\/\/product-guide.org\/en\/wp-json\/wp\/v2\/product_tag?post=56259"}],"curies":[{"name":"wp","href":"https:\/\/api.w.org\/{rel}","templated":true}]}}