{"id":56265,"date":"2025-03-17T12:45:14","date_gmt":"2025-03-17T11:45:14","guid":{"rendered":"https:\/\/product-guide.org\/produkt\/usa-papier-fahnenkette-als-hange-deko-karneval-universe\/"},"modified":"2025-03-17T12:45:15","modified_gmt":"2025-03-17T11:45:15","slug":"usa-papier-fahnenkette-als-hange-deko-karneval-universe","status":"publish","type":"product","link":"https:\/\/product-guide.org\/en\/produkt\/usa-papier-fahnenkette-als-hange-deko-karneval-universe\/","title":{"rendered":"USA Papier-Fahnenkette als H\u00e4nge Deko | Karneval-Universe"},"content":{"rendered":"<p>USA Papier-Fahnenkette H\u00e4nge-Deko Amerikanische Flaggen F\u00fcr Feste im amerikanischen Stil, Barbecues, Superbowl Feiern und auch f\u00fcr Wahlpartys haben wir mit unserer USA Papier-Fahnenkette das passende Produkt im Sortiment, um den Anlass atmosph\u00e4risch zu schm\u00fccken! Die USA Papier-Fahnenkette besitzt eine Spannweite von ca. 4,5m. Mehrere kleine amerikanische Flaggen befinden sich in regelm\u00e4\u00dfigen Abst\u00e4nden an einer Schnur aufgereiht, deren Enden Schlaufen bilden und auf diese Weise schnell und unkompliziert aufgeh\u00e4ngt werden k\u00f6nnen. Weitere Deko-Artikel im amerikanischen Stil wie und haben wir ebenfalls im Karneval-Universe.de! Lieferumfang: 1x USA Papier-Fahnenkette Inhalt: 1 Fahnenkette Farbe: wei\u00df\/rot\/blau Gr\u00f6\u00dfe: ca. 4,5m Material: Papier Amerikanische Flaggen-H\u00e4ngedekoration Nicht f\u00fcr Kinder unter 3 Jahren geeignet &#8211; enth\u00e4lt Schn\u00fcre oder B\u00e4nder, es besteht Strangulationsgefahr.<\/p>\n","protected":false},"excerpt":{"rendered":"<p>USA Papier-Fahnenkette H\u00e4nge-Deko Amerikanische Flaggen F\u00fcr Feste im amerikanischen Stil, Barbecues, Superbowl Feiern und auch f\u00fcr Wahlpartys haben wir mit unserer USA Papier-Fahnenkette das passende Produkt im Sortiment, um den Anlass atmosph\u00e4risch zu schm\u00fccken! Die USA Papier-Fahnenkette besitzt eine Spannweite von ca. 4,5m. Mehrere kleine amerikanische Flaggen befinden sich in regelm\u00e4\u00dfigen Abst\u00e4nden an einer Schnur [&hellip;]<\/p>\n","protected":false},"featured_media":56264,"template":"","meta":{"_gspb_post_css":""},"store":[],"product_brand":[1439],"product_cat":[1290],"product_tag":[],"class_list":{"0":"post-56265","1":"product","2":"type-product","3":"status-publish","4":"has-post-thumbnail","6":"product_brand-karneval-universe","7":"product_cat-uncategorized","9":"first","10":"instock","11":"shipping-taxable","12":"purchasable","13":"product-type-simple"},"yoast_head":"<!-- This site is optimized with the Yoast SEO plugin v24.6 - https:\/\/yoast.com\/wordpress\/plugins\/seo\/ -->\n<title>USA Papier-Fahnenkette als H\u00e4nge Deko | Karneval-Universe | Product-Guide.org<\/title>\n<meta name=\"description\" content=\"USA Papier-Fahnenkette als H\u00e4nge Deko | Karneval-Universe gefunden von Product-Guide.org\" \/>\n<meta name=\"robots\" content=\"index, follow, max-snippet:-1, max-image-preview:large, max-video-preview:-1\" \/>\n<link rel=\"canonical\" href=\"https:\/\/product-guide.org\/en\/produkt\/usa-papier-fahnenkette-als-hange-deko-karneval-universe\/\" \/>\n<meta property=\"og:locale\" content=\"en_GB\" \/>\n<meta property=\"og:type\" content=\"article\" \/>\n<meta property=\"og:title\" content=\"USA Papier-Fahnenkette als H\u00e4nge Deko | Karneval-Universe | Product-Guide.org\" \/>\n<meta property=\"og:description\" content=\"USA Papier-Fahnenkette als H\u00e4nge Deko | Karneval-Universe gefunden von Product-Guide.org\" \/>\n<meta property=\"og:url\" content=\"https:\/\/product-guide.org\/en\/produkt\/usa-papier-fahnenkette-als-hange-deko-karneval-universe\/\" \/>\n<meta property=\"og:site_name\" content=\"Product-Guide.org\" \/>\n<meta property=\"article:modified_time\" content=\"2025-03-17T11:45:15+00:00\" \/>\n<meta name=\"twitter:card\" content=\"summary_large_image\" \/>\n<script type=\"application\/ld+json\" class=\"yoast-schema-graph\">{\"@context\":\"https:\/\/schema.org\",\"@graph\":[{\"@type\":\"WebPage\",\"@id\":\"https:\/\/product-guide.org\/produkt\/usa-papier-fahnenkette-als-hange-deko-karneval-universe\/\",\"url\":\"https:\/\/product-guide.org\/produkt\/usa-papier-fahnenkette-als-hange-deko-karneval-universe\/\",\"name\":\"USA Papier-Fahnenkette als H\u00e4nge Deko | Karneval-Universe | Product-Guide.org\",\"isPartOf\":{\"@id\":\"https:\/\/product-guide.org\/#website\"},\"primaryImageOfPage\":{\"@id\":\"https:\/\/product-guide.org\/produkt\/usa-papier-fahnenkette-als-hange-deko-karneval-universe\/#primaryimage\"},\"image\":{\"@id\":\"https:\/\/product-guide.org\/produkt\/usa-papier-fahnenkette-als-hange-deko-karneval-universe\/#primaryimage\"},\"thumbnailUrl\":\"https:\/\/product-guide.org\/wp-content\/uploads\/2025\/03\/papier-fahnenkette-usa-amerika-girlande-fanartikel-8802688.jpg\",\"datePublished\":\"2025-03-17T11:45:14+00:00\",\"dateModified\":\"2025-03-17T11:45:15+00:00\",\"description\":\"USA Papier-Fahnenkette als H\u00e4nge Deko | Karneval-Universe gefunden von Product-Guide.org\",\"breadcrumb\":{\"@id\":\"https:\/\/product-guide.org\/produkt\/usa-papier-fahnenkette-als-hange-deko-karneval-universe\/#breadcrumb\"},\"inLanguage\":\"en-GB\",\"potentialAction\":[{\"@type\":\"ReadAction\",\"target\":[\"https:\/\/product-guide.org\/produkt\/usa-papier-fahnenkette-als-hange-deko-karneval-universe\/\"]}]},{\"@type\":\"ImageObject\",\"inLanguage\":\"en-GB\",\"@id\":\"https:\/\/product-guide.org\/produkt\/usa-papier-fahnenkette-als-hange-deko-karneval-universe\/#primaryimage\",\"url\":\"https:\/\/product-guide.org\/wp-content\/uploads\/2025\/03\/papier-fahnenkette-usa-amerika-girlande-fanartikel-8802688.jpg\",\"contentUrl\":\"https:\/\/product-guide.org\/wp-content\/uploads\/2025\/03\/papier-fahnenkette-usa-amerika-girlande-fanartikel-8802688.jpg\",\"width\":963,\"height\":1200},{\"@type\":\"BreadcrumbList\",\"@id\":\"https:\/\/product-guide.org\/produkt\/usa-papier-fahnenkette-als-hange-deko-karneval-universe\/#breadcrumb\",\"itemListElement\":[{\"@type\":\"ListItem\",\"position\":1,\"name\":\"Home\",\"item\":\"https:\/\/product-guide.org\/\"},{\"@type\":\"ListItem\",\"position\":2,\"name\":\"Ergebnisse\",\"item\":\"https:\/\/product-guide.org\/de\/ergebnisse\/\"},{\"@type\":\"ListItem\",\"position\":3,\"name\":\"USA Papier-Fahnenkette als H\u00e4nge Deko | Karneval-Universe\"}]},{\"@type\":\"WebSite\",\"@id\":\"https:\/\/product-guide.org\/#website\",\"url\":\"https:\/\/product-guide.org\/\",\"name\":\"Product-Guide.org\",\"description\":\"What Product are you looking for?\",\"publisher\":{\"@id\":\"https:\/\/product-guide.org\/#organization\"},\"potentialAction\":[{\"@type\":\"SearchAction\",\"target\":{\"@type\":\"EntryPoint\",\"urlTemplate\":\"https:\/\/product-guide.org\/?s={search_term_string}\"},\"query-input\":{\"@type\":\"PropertyValueSpecification\",\"valueRequired\":true,\"valueName\":\"search_term_string\"}}],\"inLanguage\":\"en-GB\"},{\"@type\":\"Organization\",\"@id\":\"https:\/\/product-guide.org\/#organization\",\"name\":\"Product-Guide.org\",\"url\":\"https:\/\/product-guide.org\/\",\"logo\":{\"@type\":\"ImageObject\",\"inLanguage\":\"en-GB\",\"@id\":\"https:\/\/product-guide.org\/#\/schema\/logo\/image\/\",\"url\":\"https:\/\/product-guide.org\/wp-content\/uploads\/2022\/07\/logo_transparent_background.png\",\"contentUrl\":\"https:\/\/product-guide.org\/wp-content\/uploads\/2022\/07\/logo_transparent_background.png\",\"width\":3400,\"height\":1132,\"caption\":\"Product-Guide.org\"},\"image\":{\"@id\":\"https:\/\/product-guide.org\/#\/schema\/logo\/image\/\"}}]}<\/script>\n<!-- \/ Yoast SEO plugin. -->","yoast_head_json":{"title":"USA Papier-Fahnenkette als H\u00e4nge Deko | Karneval-Universe | Product-Guide.org","description":"USA Papier-Fahnenkette als H\u00e4nge Deko | Karneval-Universe gefunden von Product-Guide.org","robots":{"index":"index","follow":"follow","max-snippet":"max-snippet:-1","max-image-preview":"max-image-preview:large","max-video-preview":"max-video-preview:-1"},"canonical":"https:\/\/product-guide.org\/en\/produkt\/usa-papier-fahnenkette-als-hange-deko-karneval-universe\/","og_locale":"en_GB","og_type":"article","og_title":"USA Papier-Fahnenkette als H\u00e4nge Deko | Karneval-Universe | Product-Guide.org","og_description":"USA Papier-Fahnenkette als H\u00e4nge Deko | Karneval-Universe gefunden von Product-Guide.org","og_url":"https:\/\/product-guide.org\/en\/produkt\/usa-papier-fahnenkette-als-hange-deko-karneval-universe\/","og_site_name":"Product-Guide.org","article_modified_time":"2025-03-17T11:45:15+00:00","twitter_card":"summary_large_image","schema":{"@context":"https:\/\/schema.org","@graph":[{"@type":"WebPage","@id":"https:\/\/product-guide.org\/produkt\/usa-papier-fahnenkette-als-hange-deko-karneval-universe\/","url":"https:\/\/product-guide.org\/produkt\/usa-papier-fahnenkette-als-hange-deko-karneval-universe\/","name":"USA Papier-Fahnenkette als H\u00e4nge Deko | Karneval-Universe | Product-Guide.org","isPartOf":{"@id":"https:\/\/product-guide.org\/#website"},"primaryImageOfPage":{"@id":"https:\/\/product-guide.org\/produkt\/usa-papier-fahnenkette-als-hange-deko-karneval-universe\/#primaryimage"},"image":{"@id":"https:\/\/product-guide.org\/produkt\/usa-papier-fahnenkette-als-hange-deko-karneval-universe\/#primaryimage"},"thumbnailUrl":"https:\/\/product-guide.org\/wp-content\/uploads\/2025\/03\/papier-fahnenkette-usa-amerika-girlande-fanartikel-8802688.jpg","datePublished":"2025-03-17T11:45:14+00:00","dateModified":"2025-03-17T11:45:15+00:00","description":"USA Papier-Fahnenkette als H\u00e4nge Deko | Karneval-Universe gefunden von Product-Guide.org","breadcrumb":{"@id":"https:\/\/product-guide.org\/produkt\/usa-papier-fahnenkette-als-hange-deko-karneval-universe\/#breadcrumb"},"inLanguage":"en-GB","potentialAction":[{"@type":"ReadAction","target":["https:\/\/product-guide.org\/produkt\/usa-papier-fahnenkette-als-hange-deko-karneval-universe\/"]}]},{"@type":"ImageObject","inLanguage":"en-GB","@id":"https:\/\/product-guide.org\/produkt\/usa-papier-fahnenkette-als-hange-deko-karneval-universe\/#primaryimage","url":"https:\/\/product-guide.org\/wp-content\/uploads\/2025\/03\/papier-fahnenkette-usa-amerika-girlande-fanartikel-8802688.jpg","contentUrl":"https:\/\/product-guide.org\/wp-content\/uploads\/2025\/03\/papier-fahnenkette-usa-amerika-girlande-fanartikel-8802688.jpg","width":963,"height":1200},{"@type":"BreadcrumbList","@id":"https:\/\/product-guide.org\/produkt\/usa-papier-fahnenkette-als-hange-deko-karneval-universe\/#breadcrumb","itemListElement":[{"@type":"ListItem","position":1,"name":"Home","item":"https:\/\/product-guide.org\/"},{"@type":"ListItem","position":2,"name":"Ergebnisse","item":"https:\/\/product-guide.org\/de\/ergebnisse\/"},{"@type":"ListItem","position":3,"name":"USA Papier-Fahnenkette als H\u00e4nge Deko | Karneval-Universe"}]},{"@type":"WebSite","@id":"https:\/\/product-guide.org\/#website","url":"https:\/\/product-guide.org\/","name":"Product-Guide.org","description":"What Product are you looking for?","publisher":{"@id":"https:\/\/product-guide.org\/#organization"},"potentialAction":[{"@type":"SearchAction","target":{"@type":"EntryPoint","urlTemplate":"https:\/\/product-guide.org\/?s={search_term_string}"},"query-input":{"@type":"PropertyValueSpecification","valueRequired":true,"valueName":"search_term_string"}}],"inLanguage":"en-GB"},{"@type":"Organization","@id":"https:\/\/product-guide.org\/#organization","name":"Product-Guide.org","url":"https:\/\/product-guide.org\/","logo":{"@type":"ImageObject","inLanguage":"en-GB","@id":"https:\/\/product-guide.org\/#\/schema\/logo\/image\/","url":"https:\/\/product-guide.org\/wp-content\/uploads\/2022\/07\/logo_transparent_background.png","contentUrl":"https:\/\/product-guide.org\/wp-content\/uploads\/2022\/07\/logo_transparent_background.png","width":3400,"height":1132,"caption":"Product-Guide.org"},"image":{"@id":"https:\/\/product-guide.org\/#\/schema\/logo\/image\/"}}]}},"_links":{"self":[{"href":"https:\/\/product-guide.org\/en\/wp-json\/wp\/v2\/product\/56265","targetHints":{"allow":["GET"]}}],"collection":[{"href":"https:\/\/product-guide.org\/en\/wp-json\/wp\/v2\/product"}],"about":[{"href":"https:\/\/product-guide.org\/en\/wp-json\/wp\/v2\/types\/product"}],"wp:featuredmedia":[{"embeddable":true,"href":"https:\/\/product-guide.org\/en\/wp-json\/wp\/v2\/media\/56264"}],"wp:attachment":[{"href":"https:\/\/product-guide.org\/en\/wp-json\/wp\/v2\/media?parent=56265"}],"wp:term":[{"taxonomy":"store","embeddable":true,"href":"https:\/\/product-guide.org\/en\/wp-json\/wp\/v2\/store?post=56265"},{"taxonomy":"product_brand","embeddable":true,"href":"https:\/\/product-guide.org\/en\/wp-json\/wp\/v2\/product_brand?post=56265"},{"taxonomy":"product_cat","embeddable":true,"href":"https:\/\/product-guide.org\/en\/wp-json\/wp\/v2\/product_cat?post=56265"},{"taxonomy":"product_tag","embeddable":true,"href":"https:\/\/product-guide.org\/en\/wp-json\/wp\/v2\/product_tag?post=56265"}],"curies":[{"name":"wp","href":"https:\/\/api.w.org\/{rel}","templated":true}]}}