{"id":56275,"date":"2025-03-17T12:45:25","date_gmt":"2025-03-17T11:45:25","guid":{"rendered":"https:\/\/product-guide.org\/produkt\/wimpel-freiheitsstatue-als-hange-deko-karneval-universe\/"},"modified":"2025-03-17T12:45:25","modified_gmt":"2025-03-17T11:45:25","slug":"wimpel-freiheitsstatue-als-hange-deko-karneval-universe","status":"publish","type":"product","link":"https:\/\/product-guide.org\/en\/produkt\/wimpel-freiheitsstatue-als-hange-deko-karneval-universe\/","title":{"rendered":"Wimpel Freiheitsstatue als H\u00e4nge Deko | Karneval-Universe"},"content":{"rendered":"<p>Wimpel Freiheitsstatue H\u00e4nge-Deko in US-amerikanischem Stil Schm\u00fccke deinen amerikanischen Abend, dein BBQ, dein Superbowl Fest und deine Wahlparty mit Symbolen der US-Ikonographie! Der Wimpel Freiheitsstatue f\u00fcgt sich stimmig in deine patriotische Beflaggung und macht deutlich, f\u00fcr welche demokratischen Werte du stehst! Der Wimpel Freiheitsstatue weist eine Gr\u00f6\u00dfe von ca. 39cm auf, inklusive Schnur zum Aufh\u00e4ngen ca. 109cm. Lady Liberty ist mit Zackenkrone und Leuchtfeuer stilisiert in schwarzer und wei\u00dfer Farbe zu sehen, ihr Kleid wird durch eine amerikanische Fahne im Stars-and-Stripes-Muster gebildet. F\u00fcr optimale Rei\u00dffestigkeit l\u00e4uft die Schnur der US-H\u00e4ngedeko durch den kompletten Wimpel. Weitere amerikanische Dekorationen wie die und den haben wir ebenfalls im Karneval-Universe.de! Lieferumfang: 1x Wimpel Freiheitsstatue Inhalt: 1 Wimpel Farbe: schwarz\/wei\u00df\/rot\/blau Gr\u00f6\u00dfe: ca. 39cm Material: Karton Beidseitig bedruckte H\u00e4ngedekoration im USA-Stil Nicht f\u00fcr Kinder unter 3 Jahren geeignet. Kann Kleinteile enthalten, die verschluckt werden k\u00f6nnen &#8211; Erstickungsgefahr.<\/p>\n","protected":false},"excerpt":{"rendered":"<p>Wimpel Freiheitsstatue H\u00e4nge-Deko in US-amerikanischem Stil Schm\u00fccke deinen amerikanischen Abend, dein BBQ, dein Superbowl Fest und deine Wahlparty mit Symbolen der US-Ikonographie! Der Wimpel Freiheitsstatue f\u00fcgt sich stimmig in deine patriotische Beflaggung und macht deutlich, f\u00fcr welche demokratischen Werte du stehst! Der Wimpel Freiheitsstatue weist eine Gr\u00f6\u00dfe von ca. 39cm auf, inklusive Schnur zum Aufh\u00e4ngen [&hellip;]<\/p>\n","protected":false},"featured_media":56274,"template":"","meta":{"_gspb_post_css":""},"store":[],"product_brand":[1439],"product_cat":[1290],"product_tag":[],"class_list":{"0":"post-56275","1":"product","2":"type-product","3":"status-publish","4":"has-post-thumbnail","6":"product_brand-karneval-universe","7":"product_cat-uncategorized","9":"first","10":"instock","11":"shipping-taxable","12":"purchasable","13":"product-type-simple"},"yoast_head":"<!-- This site is optimized with the Yoast SEO plugin v24.6 - https:\/\/yoast.com\/wordpress\/plugins\/seo\/ -->\n<title>Wimpel Freiheitsstatue als H\u00e4nge Deko | Karneval-Universe | Product-Guide.org<\/title>\n<meta name=\"description\" content=\"Wimpel Freiheitsstatue als H\u00e4nge Deko | Karneval-Universe gefunden von Product-Guide.org\" \/>\n<meta name=\"robots\" content=\"index, follow, max-snippet:-1, max-image-preview:large, max-video-preview:-1\" \/>\n<link rel=\"canonical\" href=\"https:\/\/product-guide.org\/en\/produkt\/wimpel-freiheitsstatue-als-hange-deko-karneval-universe\/\" \/>\n<meta property=\"og:locale\" content=\"en_GB\" \/>\n<meta property=\"og:type\" content=\"article\" \/>\n<meta property=\"og:title\" content=\"Wimpel Freiheitsstatue als H\u00e4nge Deko | Karneval-Universe | Product-Guide.org\" \/>\n<meta property=\"og:description\" content=\"Wimpel Freiheitsstatue als H\u00e4nge Deko | Karneval-Universe gefunden von Product-Guide.org\" \/>\n<meta property=\"og:url\" content=\"https:\/\/product-guide.org\/en\/produkt\/wimpel-freiheitsstatue-als-hange-deko-karneval-universe\/\" \/>\n<meta property=\"og:site_name\" content=\"Product-Guide.org\" \/>\n<meta name=\"twitter:card\" content=\"summary_large_image\" \/>\n<script type=\"application\/ld+json\" class=\"yoast-schema-graph\">{\"@context\":\"https:\/\/schema.org\",\"@graph\":[{\"@type\":\"WebPage\",\"@id\":\"https:\/\/product-guide.org\/produkt\/wimpel-freiheitsstatue-als-hange-deko-karneval-universe\/\",\"url\":\"https:\/\/product-guide.org\/produkt\/wimpel-freiheitsstatue-als-hange-deko-karneval-universe\/\",\"name\":\"Wimpel Freiheitsstatue als H\u00e4nge Deko | Karneval-Universe | Product-Guide.org\",\"isPartOf\":{\"@id\":\"https:\/\/product-guide.org\/#website\"},\"primaryImageOfPage\":{\"@id\":\"https:\/\/product-guide.org\/produkt\/wimpel-freiheitsstatue-als-hange-deko-karneval-universe\/#primaryimage\"},\"image\":{\"@id\":\"https:\/\/product-guide.org\/produkt\/wimpel-freiheitsstatue-als-hange-deko-karneval-universe\/#primaryimage\"},\"thumbnailUrl\":\"https:\/\/product-guide.org\/wp-content\/uploads\/2025\/03\/freiheitsstatue-wimpel-usa-dekoartikel-amerika-mottoparty-deko-8802686.jpg\",\"datePublished\":\"2025-03-17T11:45:25+00:00\",\"description\":\"Wimpel Freiheitsstatue als H\u00e4nge Deko | Karneval-Universe gefunden von Product-Guide.org\",\"breadcrumb\":{\"@id\":\"https:\/\/product-guide.org\/produkt\/wimpel-freiheitsstatue-als-hange-deko-karneval-universe\/#breadcrumb\"},\"inLanguage\":\"en-GB\",\"potentialAction\":[{\"@type\":\"ReadAction\",\"target\":[\"https:\/\/product-guide.org\/produkt\/wimpel-freiheitsstatue-als-hange-deko-karneval-universe\/\"]}]},{\"@type\":\"ImageObject\",\"inLanguage\":\"en-GB\",\"@id\":\"https:\/\/product-guide.org\/produkt\/wimpel-freiheitsstatue-als-hange-deko-karneval-universe\/#primaryimage\",\"url\":\"https:\/\/product-guide.org\/wp-content\/uploads\/2025\/03\/freiheitsstatue-wimpel-usa-dekoartikel-amerika-mottoparty-deko-8802686.jpg\",\"contentUrl\":\"https:\/\/product-guide.org\/wp-content\/uploads\/2025\/03\/freiheitsstatue-wimpel-usa-dekoartikel-amerika-mottoparty-deko-8802686.jpg\",\"width\":963,\"height\":1200},{\"@type\":\"BreadcrumbList\",\"@id\":\"https:\/\/product-guide.org\/produkt\/wimpel-freiheitsstatue-als-hange-deko-karneval-universe\/#breadcrumb\",\"itemListElement\":[{\"@type\":\"ListItem\",\"position\":1,\"name\":\"Home\",\"item\":\"https:\/\/product-guide.org\/\"},{\"@type\":\"ListItem\",\"position\":2,\"name\":\"Ergebnisse\",\"item\":\"https:\/\/product-guide.org\/de\/ergebnisse\/\"},{\"@type\":\"ListItem\",\"position\":3,\"name\":\"Wimpel Freiheitsstatue als H\u00e4nge Deko | Karneval-Universe\"}]},{\"@type\":\"WebSite\",\"@id\":\"https:\/\/product-guide.org\/#website\",\"url\":\"https:\/\/product-guide.org\/\",\"name\":\"Product-Guide.org\",\"description\":\"What Product are you looking for?\",\"publisher\":{\"@id\":\"https:\/\/product-guide.org\/#organization\"},\"potentialAction\":[{\"@type\":\"SearchAction\",\"target\":{\"@type\":\"EntryPoint\",\"urlTemplate\":\"https:\/\/product-guide.org\/?s={search_term_string}\"},\"query-input\":{\"@type\":\"PropertyValueSpecification\",\"valueRequired\":true,\"valueName\":\"search_term_string\"}}],\"inLanguage\":\"en-GB\"},{\"@type\":\"Organization\",\"@id\":\"https:\/\/product-guide.org\/#organization\",\"name\":\"Product-Guide.org\",\"url\":\"https:\/\/product-guide.org\/\",\"logo\":{\"@type\":\"ImageObject\",\"inLanguage\":\"en-GB\",\"@id\":\"https:\/\/product-guide.org\/#\/schema\/logo\/image\/\",\"url\":\"https:\/\/product-guide.org\/wp-content\/uploads\/2022\/07\/logo_transparent_background.png\",\"contentUrl\":\"https:\/\/product-guide.org\/wp-content\/uploads\/2022\/07\/logo_transparent_background.png\",\"width\":3400,\"height\":1132,\"caption\":\"Product-Guide.org\"},\"image\":{\"@id\":\"https:\/\/product-guide.org\/#\/schema\/logo\/image\/\"}}]}<\/script>\n<!-- \/ Yoast SEO plugin. -->","yoast_head_json":{"title":"Wimpel Freiheitsstatue als H\u00e4nge Deko | Karneval-Universe | Product-Guide.org","description":"Wimpel Freiheitsstatue als H\u00e4nge Deko | Karneval-Universe gefunden von Product-Guide.org","robots":{"index":"index","follow":"follow","max-snippet":"max-snippet:-1","max-image-preview":"max-image-preview:large","max-video-preview":"max-video-preview:-1"},"canonical":"https:\/\/product-guide.org\/en\/produkt\/wimpel-freiheitsstatue-als-hange-deko-karneval-universe\/","og_locale":"en_GB","og_type":"article","og_title":"Wimpel Freiheitsstatue als H\u00e4nge Deko | Karneval-Universe | Product-Guide.org","og_description":"Wimpel Freiheitsstatue als H\u00e4nge Deko | Karneval-Universe gefunden von Product-Guide.org","og_url":"https:\/\/product-guide.org\/en\/produkt\/wimpel-freiheitsstatue-als-hange-deko-karneval-universe\/","og_site_name":"Product-Guide.org","twitter_card":"summary_large_image","schema":{"@context":"https:\/\/schema.org","@graph":[{"@type":"WebPage","@id":"https:\/\/product-guide.org\/produkt\/wimpel-freiheitsstatue-als-hange-deko-karneval-universe\/","url":"https:\/\/product-guide.org\/produkt\/wimpel-freiheitsstatue-als-hange-deko-karneval-universe\/","name":"Wimpel Freiheitsstatue als H\u00e4nge Deko | Karneval-Universe | Product-Guide.org","isPartOf":{"@id":"https:\/\/product-guide.org\/#website"},"primaryImageOfPage":{"@id":"https:\/\/product-guide.org\/produkt\/wimpel-freiheitsstatue-als-hange-deko-karneval-universe\/#primaryimage"},"image":{"@id":"https:\/\/product-guide.org\/produkt\/wimpel-freiheitsstatue-als-hange-deko-karneval-universe\/#primaryimage"},"thumbnailUrl":"https:\/\/product-guide.org\/wp-content\/uploads\/2025\/03\/freiheitsstatue-wimpel-usa-dekoartikel-amerika-mottoparty-deko-8802686.jpg","datePublished":"2025-03-17T11:45:25+00:00","description":"Wimpel Freiheitsstatue als H\u00e4nge Deko | Karneval-Universe gefunden von Product-Guide.org","breadcrumb":{"@id":"https:\/\/product-guide.org\/produkt\/wimpel-freiheitsstatue-als-hange-deko-karneval-universe\/#breadcrumb"},"inLanguage":"en-GB","potentialAction":[{"@type":"ReadAction","target":["https:\/\/product-guide.org\/produkt\/wimpel-freiheitsstatue-als-hange-deko-karneval-universe\/"]}]},{"@type":"ImageObject","inLanguage":"en-GB","@id":"https:\/\/product-guide.org\/produkt\/wimpel-freiheitsstatue-als-hange-deko-karneval-universe\/#primaryimage","url":"https:\/\/product-guide.org\/wp-content\/uploads\/2025\/03\/freiheitsstatue-wimpel-usa-dekoartikel-amerika-mottoparty-deko-8802686.jpg","contentUrl":"https:\/\/product-guide.org\/wp-content\/uploads\/2025\/03\/freiheitsstatue-wimpel-usa-dekoartikel-amerika-mottoparty-deko-8802686.jpg","width":963,"height":1200},{"@type":"BreadcrumbList","@id":"https:\/\/product-guide.org\/produkt\/wimpel-freiheitsstatue-als-hange-deko-karneval-universe\/#breadcrumb","itemListElement":[{"@type":"ListItem","position":1,"name":"Home","item":"https:\/\/product-guide.org\/"},{"@type":"ListItem","position":2,"name":"Ergebnisse","item":"https:\/\/product-guide.org\/de\/ergebnisse\/"},{"@type":"ListItem","position":3,"name":"Wimpel Freiheitsstatue als H\u00e4nge Deko | Karneval-Universe"}]},{"@type":"WebSite","@id":"https:\/\/product-guide.org\/#website","url":"https:\/\/product-guide.org\/","name":"Product-Guide.org","description":"What Product are you looking for?","publisher":{"@id":"https:\/\/product-guide.org\/#organization"},"potentialAction":[{"@type":"SearchAction","target":{"@type":"EntryPoint","urlTemplate":"https:\/\/product-guide.org\/?s={search_term_string}"},"query-input":{"@type":"PropertyValueSpecification","valueRequired":true,"valueName":"search_term_string"}}],"inLanguage":"en-GB"},{"@type":"Organization","@id":"https:\/\/product-guide.org\/#organization","name":"Product-Guide.org","url":"https:\/\/product-guide.org\/","logo":{"@type":"ImageObject","inLanguage":"en-GB","@id":"https:\/\/product-guide.org\/#\/schema\/logo\/image\/","url":"https:\/\/product-guide.org\/wp-content\/uploads\/2022\/07\/logo_transparent_background.png","contentUrl":"https:\/\/product-guide.org\/wp-content\/uploads\/2022\/07\/logo_transparent_background.png","width":3400,"height":1132,"caption":"Product-Guide.org"},"image":{"@id":"https:\/\/product-guide.org\/#\/schema\/logo\/image\/"}}]}},"_links":{"self":[{"href":"https:\/\/product-guide.org\/en\/wp-json\/wp\/v2\/product\/56275","targetHints":{"allow":["GET"]}}],"collection":[{"href":"https:\/\/product-guide.org\/en\/wp-json\/wp\/v2\/product"}],"about":[{"href":"https:\/\/product-guide.org\/en\/wp-json\/wp\/v2\/types\/product"}],"wp:featuredmedia":[{"embeddable":true,"href":"https:\/\/product-guide.org\/en\/wp-json\/wp\/v2\/media\/56274"}],"wp:attachment":[{"href":"https:\/\/product-guide.org\/en\/wp-json\/wp\/v2\/media?parent=56275"}],"wp:term":[{"taxonomy":"store","embeddable":true,"href":"https:\/\/product-guide.org\/en\/wp-json\/wp\/v2\/store?post=56275"},{"taxonomy":"product_brand","embeddable":true,"href":"https:\/\/product-guide.org\/en\/wp-json\/wp\/v2\/product_brand?post=56275"},{"taxonomy":"product_cat","embeddable":true,"href":"https:\/\/product-guide.org\/en\/wp-json\/wp\/v2\/product_cat?post=56275"},{"taxonomy":"product_tag","embeddable":true,"href":"https:\/\/product-guide.org\/en\/wp-json\/wp\/v2\/product_tag?post=56275"}],"curies":[{"name":"wp","href":"https:\/\/api.w.org\/{rel}","templated":true}]}}