{"id":56541,"date":"2025-03-17T12:51:53","date_gmt":"2025-03-17T11:51:53","guid":{"rendered":"https:\/\/product-guide.org\/produkt\/gmt-automatic-ceramic-4\/"},"modified":"2025-03-17T12:51:53","modified_gmt":"2025-03-17T11:51:53","slug":"gmt-automatic-ceramic-4","status":"publish","type":"product","link":"https:\/\/product-guide.org\/en\/produkt\/gmt-automatic-ceramic-4\/","title":{"rendered":"GMT AUTOMATIC Ceramic"},"content":{"rendered":"<p>Die GMT AUTOMATIC CERAMIC ist der ultimative Begleiter f\u00fcr Abenteurer und Weltenbummler. Diese sportliche 4-Zeiger-Uhr mit Datumsanzeige ist eine Meisterleistung der Uhrmacherkunst. Ihr robustes Edelstahlgeh\u00e4use, das mit einer verschraubten Krone versehen ist, garantiert Langlebigkeit und Zuverl\u00e4ssigkeit. Das Saphirglas sch\u00fctzt das Zifferblatt, w\u00e4hrend die lumineszierenden Zeiger und Indizes auch bei Dunkelheit eine klare Ablesbarkeit erm\u00f6glichen.<\/p>\n","protected":false},"excerpt":{"rendered":"<p>Die GMT AUTOMATIC CERAMIC ist der ultimative Begleiter f\u00fcr Abenteurer und Weltenbummler. Diese sportliche 4-Zeiger-Uhr mit Datumsanzeige ist eine Meisterleistung der Uhrmacherkunst. Ihr robustes Edelstahlgeh\u00e4use, das mit einer verschraubten Krone versehen ist, garantiert Langlebigkeit und Zuverl\u00e4ssigkeit. Das Saphirglas sch\u00fctzt das Zifferblatt, w\u00e4hrend die lumineszierenden Zeiger und Indizes auch bei Dunkelheit eine klare Ablesbarkeit erm\u00f6glichen.<\/p>\n","protected":false},"featured_media":56539,"template":"","meta":{"_gspb_post_css":""},"store":[],"product_brand":[1442],"product_cat":[1290],"product_tag":[],"class_list":{"0":"post-56541","1":"product","2":"type-product","3":"status-publish","4":"has-post-thumbnail","6":"product_brand-elysee-watches","7":"product_cat-uncategorized","9":"first","10":"instock","11":"shipping-taxable","12":"purchasable","13":"product-type-simple"},"yoast_head":"<!-- This site is optimized with the Yoast SEO plugin v24.6 - https:\/\/yoast.com\/wordpress\/plugins\/seo\/ -->\n<title>GMT AUTOMATIC Ceramic | Product-Guide.org<\/title>\n<meta name=\"description\" content=\"GMT AUTOMATIC Ceramic gefunden von Product-Guide.org\" \/>\n<meta name=\"robots\" content=\"index, follow, max-snippet:-1, max-image-preview:large, max-video-preview:-1\" \/>\n<link rel=\"canonical\" href=\"https:\/\/product-guide.org\/en\/produkt\/gmt-automatic-ceramic-4\/\" \/>\n<meta property=\"og:locale\" content=\"en_GB\" \/>\n<meta property=\"og:type\" content=\"article\" \/>\n<meta property=\"og:title\" content=\"GMT AUTOMATIC Ceramic | Product-Guide.org\" \/>\n<meta property=\"og:description\" content=\"GMT AUTOMATIC Ceramic gefunden von Product-Guide.org\" \/>\n<meta property=\"og:url\" content=\"https:\/\/product-guide.org\/en\/produkt\/gmt-automatic-ceramic-4\/\" \/>\n<meta property=\"og:site_name\" content=\"Product-Guide.org\" \/>\n<meta name=\"twitter:card\" content=\"summary_large_image\" \/>\n<script type=\"application\/ld+json\" class=\"yoast-schema-graph\">{\"@context\":\"https:\/\/schema.org\",\"@graph\":[{\"@type\":\"WebPage\",\"@id\":\"https:\/\/product-guide.org\/produkt\/gmt-automatic-ceramic-4\/\",\"url\":\"https:\/\/product-guide.org\/produkt\/gmt-automatic-ceramic-4\/\",\"name\":\"GMT AUTOMATIC Ceramic | Product-Guide.org\",\"isPartOf\":{\"@id\":\"https:\/\/product-guide.org\/#website\"},\"primaryImageOfPage\":{\"@id\":\"https:\/\/product-guide.org\/produkt\/gmt-automatic-ceramic-4\/#primaryimage\"},\"image\":{\"@id\":\"https:\/\/product-guide.org\/produkt\/gmt-automatic-ceramic-4\/#primaryimage\"},\"thumbnailUrl\":\"https:\/\/product-guide.org\/wp-content\/uploads\/2025\/03\/BC_Upload_2dfef464-1e20-45fb-8ace-b1dccfff41ee.jpg\",\"datePublished\":\"2025-03-17T11:51:53+00:00\",\"description\":\"GMT AUTOMATIC Ceramic gefunden von Product-Guide.org\",\"breadcrumb\":{\"@id\":\"https:\/\/product-guide.org\/produkt\/gmt-automatic-ceramic-4\/#breadcrumb\"},\"inLanguage\":\"en-GB\",\"potentialAction\":[{\"@type\":\"ReadAction\",\"target\":[\"https:\/\/product-guide.org\/produkt\/gmt-automatic-ceramic-4\/\"]}]},{\"@type\":\"ImageObject\",\"inLanguage\":\"en-GB\",\"@id\":\"https:\/\/product-guide.org\/produkt\/gmt-automatic-ceramic-4\/#primaryimage\",\"url\":\"https:\/\/product-guide.org\/wp-content\/uploads\/2025\/03\/BC_Upload_2dfef464-1e20-45fb-8ace-b1dccfff41ee.jpg\",\"contentUrl\":\"https:\/\/product-guide.org\/wp-content\/uploads\/2025\/03\/BC_Upload_2dfef464-1e20-45fb-8ace-b1dccfff41ee.jpg\",\"width\":400,\"height\":400},{\"@type\":\"BreadcrumbList\",\"@id\":\"https:\/\/product-guide.org\/produkt\/gmt-automatic-ceramic-4\/#breadcrumb\",\"itemListElement\":[{\"@type\":\"ListItem\",\"position\":1,\"name\":\"Home\",\"item\":\"https:\/\/product-guide.org\/\"},{\"@type\":\"ListItem\",\"position\":2,\"name\":\"Ergebnisse\",\"item\":\"https:\/\/product-guide.org\/de\/ergebnisse\/\"},{\"@type\":\"ListItem\",\"position\":3,\"name\":\"GMT AUTOMATIC Ceramic\"}]},{\"@type\":\"WebSite\",\"@id\":\"https:\/\/product-guide.org\/#website\",\"url\":\"https:\/\/product-guide.org\/\",\"name\":\"Product-Guide.org\",\"description\":\"What Product are you looking for?\",\"publisher\":{\"@id\":\"https:\/\/product-guide.org\/#organization\"},\"potentialAction\":[{\"@type\":\"SearchAction\",\"target\":{\"@type\":\"EntryPoint\",\"urlTemplate\":\"https:\/\/product-guide.org\/?s={search_term_string}\"},\"query-input\":{\"@type\":\"PropertyValueSpecification\",\"valueRequired\":true,\"valueName\":\"search_term_string\"}}],\"inLanguage\":\"en-GB\"},{\"@type\":\"Organization\",\"@id\":\"https:\/\/product-guide.org\/#organization\",\"name\":\"Product-Guide.org\",\"url\":\"https:\/\/product-guide.org\/\",\"logo\":{\"@type\":\"ImageObject\",\"inLanguage\":\"en-GB\",\"@id\":\"https:\/\/product-guide.org\/#\/schema\/logo\/image\/\",\"url\":\"https:\/\/product-guide.org\/wp-content\/uploads\/2022\/07\/logo_transparent_background.png\",\"contentUrl\":\"https:\/\/product-guide.org\/wp-content\/uploads\/2022\/07\/logo_transparent_background.png\",\"width\":3400,\"height\":1132,\"caption\":\"Product-Guide.org\"},\"image\":{\"@id\":\"https:\/\/product-guide.org\/#\/schema\/logo\/image\/\"}}]}<\/script>\n<!-- \/ Yoast SEO plugin. -->","yoast_head_json":{"title":"GMT AUTOMATIC Ceramic | Product-Guide.org","description":"GMT AUTOMATIC Ceramic gefunden von Product-Guide.org","robots":{"index":"index","follow":"follow","max-snippet":"max-snippet:-1","max-image-preview":"max-image-preview:large","max-video-preview":"max-video-preview:-1"},"canonical":"https:\/\/product-guide.org\/en\/produkt\/gmt-automatic-ceramic-4\/","og_locale":"en_GB","og_type":"article","og_title":"GMT AUTOMATIC Ceramic | Product-Guide.org","og_description":"GMT AUTOMATIC Ceramic gefunden von Product-Guide.org","og_url":"https:\/\/product-guide.org\/en\/produkt\/gmt-automatic-ceramic-4\/","og_site_name":"Product-Guide.org","twitter_card":"summary_large_image","schema":{"@context":"https:\/\/schema.org","@graph":[{"@type":"WebPage","@id":"https:\/\/product-guide.org\/produkt\/gmt-automatic-ceramic-4\/","url":"https:\/\/product-guide.org\/produkt\/gmt-automatic-ceramic-4\/","name":"GMT AUTOMATIC Ceramic | Product-Guide.org","isPartOf":{"@id":"https:\/\/product-guide.org\/#website"},"primaryImageOfPage":{"@id":"https:\/\/product-guide.org\/produkt\/gmt-automatic-ceramic-4\/#primaryimage"},"image":{"@id":"https:\/\/product-guide.org\/produkt\/gmt-automatic-ceramic-4\/#primaryimage"},"thumbnailUrl":"https:\/\/product-guide.org\/wp-content\/uploads\/2025\/03\/BC_Upload_2dfef464-1e20-45fb-8ace-b1dccfff41ee.jpg","datePublished":"2025-03-17T11:51:53+00:00","description":"GMT AUTOMATIC Ceramic gefunden von Product-Guide.org","breadcrumb":{"@id":"https:\/\/product-guide.org\/produkt\/gmt-automatic-ceramic-4\/#breadcrumb"},"inLanguage":"en-GB","potentialAction":[{"@type":"ReadAction","target":["https:\/\/product-guide.org\/produkt\/gmt-automatic-ceramic-4\/"]}]},{"@type":"ImageObject","inLanguage":"en-GB","@id":"https:\/\/product-guide.org\/produkt\/gmt-automatic-ceramic-4\/#primaryimage","url":"https:\/\/product-guide.org\/wp-content\/uploads\/2025\/03\/BC_Upload_2dfef464-1e20-45fb-8ace-b1dccfff41ee.jpg","contentUrl":"https:\/\/product-guide.org\/wp-content\/uploads\/2025\/03\/BC_Upload_2dfef464-1e20-45fb-8ace-b1dccfff41ee.jpg","width":400,"height":400},{"@type":"BreadcrumbList","@id":"https:\/\/product-guide.org\/produkt\/gmt-automatic-ceramic-4\/#breadcrumb","itemListElement":[{"@type":"ListItem","position":1,"name":"Home","item":"https:\/\/product-guide.org\/"},{"@type":"ListItem","position":2,"name":"Ergebnisse","item":"https:\/\/product-guide.org\/de\/ergebnisse\/"},{"@type":"ListItem","position":3,"name":"GMT AUTOMATIC Ceramic"}]},{"@type":"WebSite","@id":"https:\/\/product-guide.org\/#website","url":"https:\/\/product-guide.org\/","name":"Product-Guide.org","description":"What Product are you looking for?","publisher":{"@id":"https:\/\/product-guide.org\/#organization"},"potentialAction":[{"@type":"SearchAction","target":{"@type":"EntryPoint","urlTemplate":"https:\/\/product-guide.org\/?s={search_term_string}"},"query-input":{"@type":"PropertyValueSpecification","valueRequired":true,"valueName":"search_term_string"}}],"inLanguage":"en-GB"},{"@type":"Organization","@id":"https:\/\/product-guide.org\/#organization","name":"Product-Guide.org","url":"https:\/\/product-guide.org\/","logo":{"@type":"ImageObject","inLanguage":"en-GB","@id":"https:\/\/product-guide.org\/#\/schema\/logo\/image\/","url":"https:\/\/product-guide.org\/wp-content\/uploads\/2022\/07\/logo_transparent_background.png","contentUrl":"https:\/\/product-guide.org\/wp-content\/uploads\/2022\/07\/logo_transparent_background.png","width":3400,"height":1132,"caption":"Product-Guide.org"},"image":{"@id":"https:\/\/product-guide.org\/#\/schema\/logo\/image\/"}}]}},"_links":{"self":[{"href":"https:\/\/product-guide.org\/en\/wp-json\/wp\/v2\/product\/56541","targetHints":{"allow":["GET"]}}],"collection":[{"href":"https:\/\/product-guide.org\/en\/wp-json\/wp\/v2\/product"}],"about":[{"href":"https:\/\/product-guide.org\/en\/wp-json\/wp\/v2\/types\/product"}],"wp:featuredmedia":[{"embeddable":true,"href":"https:\/\/product-guide.org\/en\/wp-json\/wp\/v2\/media\/56539"}],"wp:attachment":[{"href":"https:\/\/product-guide.org\/en\/wp-json\/wp\/v2\/media?parent=56541"}],"wp:term":[{"taxonomy":"store","embeddable":true,"href":"https:\/\/product-guide.org\/en\/wp-json\/wp\/v2\/store?post=56541"},{"taxonomy":"product_brand","embeddable":true,"href":"https:\/\/product-guide.org\/en\/wp-json\/wp\/v2\/product_brand?post=56541"},{"taxonomy":"product_cat","embeddable":true,"href":"https:\/\/product-guide.org\/en\/wp-json\/wp\/v2\/product_cat?post=56541"},{"taxonomy":"product_tag","embeddable":true,"href":"https:\/\/product-guide.org\/en\/wp-json\/wp\/v2\/product_tag?post=56541"}],"curies":[{"name":"wp","href":"https:\/\/api.w.org\/{rel}","templated":true}]}}