{"id":56792,"date":"2025-03-17T12:55:28","date_gmt":"2025-03-17T11:55:28","guid":{"rendered":"https:\/\/product-guide.org\/produkt\/kaschmir-hose-mit-streifenmuster-gobi-cashmere\/"},"modified":"2025-03-17T12:55:28","modified_gmt":"2025-03-17T11:55:28","slug":"kaschmir-hose-mit-streifenmuster-gobi-cashmere","status":"publish","type":"product","link":"https:\/\/product-guide.org\/en\/produkt\/kaschmir-hose-mit-streifenmuster-gobi-cashmere\/","title":{"rendered":"KASCHMIR-HOSE MIT STREIFENMUSTER | GOBI Cashmere"},"content":{"rendered":"<p>DETAILS * Material: 100% Kaschmir * Gewicht: 348 Gramm * 2-lagig, 12 Gauge, Jersey-Strick * Normale Passform, gerade Hose * Kontrastfarbene Streifen-Details * Handw\u00e4sche in lauwarmem Wasser, flach zum Trocknen legen * Hergestellt in der GOBI Cashmere Fabrik in Ulaanbaatar, Mongolei BESCHREIBUNG Diese Hose mit geradem Bein ist perfekt zum Entspannen geeignet. Sie wurde aus ultraweichem mongolischem Kaschmir gestrickt und bietet ein luxuri\u00f6ses Tragegef\u00fchl. Sie ist mit einem elastischen Bund, Schr\u00e4gstrich-Taschen und einem sportlichen Seitenstreifen ausgestattet. Tragen Sie sie mit einer Lederjacke, einem Blazer f\u00fcr eine schicke Stimmung oder einfach zum Relaxen. PFLEGEHINWEISE Handw\u00e4sche in lauwarmem Wasser und Neutralseife oder Babyshampoo. Ohne zu reiben aussp\u00fclen und bei Raumtemperatur flach zum Trocknen legen, dabei Sonnenlicht vermeiden. Bei niedriger Temperatur b\u00fcgeln, B\u00fcgeltuch verwenden. Nicht bleichen. Wenn Sie eine Trockenreinigung bevorzugen, fragen Sie bitte nach einem Feinwaschmittel. Weitere Informationen zur Pflegeanleitung finden Sie unter https:\/\/www.gobicashmere.com\/de\/pages\/cashmere-care\/<\/p>\n","protected":false},"excerpt":{"rendered":"<p>DETAILS * Material: 100% Kaschmir * Gewicht: 348 Gramm * 2-lagig, 12 Gauge, Jersey-Strick * Normale Passform, gerade Hose * Kontrastfarbene Streifen-Details * Handw\u00e4sche in lauwarmem Wasser, flach zum Trocknen legen * Hergestellt in der GOBI Cashmere Fabrik in Ulaanbaatar, Mongolei BESCHREIBUNG Diese Hose mit geradem Bein ist perfekt zum Entspannen geeignet. Sie wurde aus [&hellip;]<\/p>\n","protected":false},"featured_media":56791,"template":"","meta":{"_gspb_post_css":""},"store":[],"product_brand":[1445],"product_cat":[1290],"product_tag":[],"class_list":{"0":"post-56792","1":"product","2":"type-product","3":"status-publish","4":"has-post-thumbnail","6":"product_brand-gobi-cashmere","7":"product_cat-uncategorized","9":"first","10":"instock","11":"shipping-taxable","12":"purchasable","13":"product-type-simple"},"yoast_head":"<!-- This site is optimized with the Yoast SEO plugin v24.6 - https:\/\/yoast.com\/wordpress\/plugins\/seo\/ -->\n<title>KASCHMIR-HOSE MIT STREIFENMUSTER | GOBI Cashmere | Product-Guide.org<\/title>\n<meta name=\"description\" content=\"KASCHMIR-HOSE MIT STREIFENMUSTER | GOBI Cashmere gefunden von Product-Guide.org\" \/>\n<meta name=\"robots\" content=\"index, follow, max-snippet:-1, max-image-preview:large, max-video-preview:-1\" \/>\n<link rel=\"canonical\" href=\"https:\/\/product-guide.org\/en\/produkt\/kaschmir-hose-mit-streifenmuster-gobi-cashmere\/\" \/>\n<meta property=\"og:locale\" content=\"en_GB\" \/>\n<meta property=\"og:type\" content=\"article\" \/>\n<meta property=\"og:title\" content=\"KASCHMIR-HOSE MIT STREIFENMUSTER | GOBI Cashmere | Product-Guide.org\" \/>\n<meta property=\"og:description\" content=\"KASCHMIR-HOSE MIT STREIFENMUSTER | GOBI Cashmere gefunden von Product-Guide.org\" \/>\n<meta property=\"og:url\" content=\"https:\/\/product-guide.org\/en\/produkt\/kaschmir-hose-mit-streifenmuster-gobi-cashmere\/\" \/>\n<meta property=\"og:site_name\" content=\"Product-Guide.org\" \/>\n<meta name=\"twitter:card\" content=\"summary_large_image\" \/>\n<script type=\"application\/ld+json\" class=\"yoast-schema-graph\">{\"@context\":\"https:\/\/schema.org\",\"@graph\":[{\"@type\":\"WebPage\",\"@id\":\"https:\/\/product-guide.org\/produkt\/kaschmir-hose-mit-streifenmuster-gobi-cashmere\/\",\"url\":\"https:\/\/product-guide.org\/produkt\/kaschmir-hose-mit-streifenmuster-gobi-cashmere\/\",\"name\":\"KASCHMIR-HOSE MIT STREIFENMUSTER | GOBI Cashmere | Product-Guide.org\",\"isPartOf\":{\"@id\":\"https:\/\/product-guide.org\/#website\"},\"primaryImageOfPage\":{\"@id\":\"https:\/\/product-guide.org\/produkt\/kaschmir-hose-mit-streifenmuster-gobi-cashmere\/#primaryimage\"},\"image\":{\"@id\":\"https:\/\/product-guide.org\/produkt\/kaschmir-hose-mit-streifenmuster-gobi-cashmere\/#primaryimage\"},\"thumbnailUrl\":\"https:\/\/product-guide.org\/wp-content\/uploads\/2025\/03\/WK396-42-2-scaled.jpg\",\"datePublished\":\"2025-03-17T11:55:28+00:00\",\"description\":\"KASCHMIR-HOSE MIT STREIFENMUSTER | GOBI Cashmere gefunden von Product-Guide.org\",\"breadcrumb\":{\"@id\":\"https:\/\/product-guide.org\/produkt\/kaschmir-hose-mit-streifenmuster-gobi-cashmere\/#breadcrumb\"},\"inLanguage\":\"en-GB\",\"potentialAction\":[{\"@type\":\"ReadAction\",\"target\":[\"https:\/\/product-guide.org\/produkt\/kaschmir-hose-mit-streifenmuster-gobi-cashmere\/\"]}]},{\"@type\":\"ImageObject\",\"inLanguage\":\"en-GB\",\"@id\":\"https:\/\/product-guide.org\/produkt\/kaschmir-hose-mit-streifenmuster-gobi-cashmere\/#primaryimage\",\"url\":\"https:\/\/product-guide.org\/wp-content\/uploads\/2025\/03\/WK396-42-2-scaled.jpg\",\"contentUrl\":\"https:\/\/product-guide.org\/wp-content\/uploads\/2025\/03\/WK396-42-2-scaled.jpg\",\"width\":1707,\"height\":2560},{\"@type\":\"BreadcrumbList\",\"@id\":\"https:\/\/product-guide.org\/produkt\/kaschmir-hose-mit-streifenmuster-gobi-cashmere\/#breadcrumb\",\"itemListElement\":[{\"@type\":\"ListItem\",\"position\":1,\"name\":\"Home\",\"item\":\"https:\/\/product-guide.org\/\"},{\"@type\":\"ListItem\",\"position\":2,\"name\":\"Ergebnisse\",\"item\":\"https:\/\/product-guide.org\/de\/ergebnisse\/\"},{\"@type\":\"ListItem\",\"position\":3,\"name\":\"KASCHMIR-HOSE MIT STREIFENMUSTER | GOBI Cashmere\"}]},{\"@type\":\"WebSite\",\"@id\":\"https:\/\/product-guide.org\/#website\",\"url\":\"https:\/\/product-guide.org\/\",\"name\":\"Product-Guide.org\",\"description\":\"What Product are you looking for?\",\"publisher\":{\"@id\":\"https:\/\/product-guide.org\/#organization\"},\"potentialAction\":[{\"@type\":\"SearchAction\",\"target\":{\"@type\":\"EntryPoint\",\"urlTemplate\":\"https:\/\/product-guide.org\/?s={search_term_string}\"},\"query-input\":{\"@type\":\"PropertyValueSpecification\",\"valueRequired\":true,\"valueName\":\"search_term_string\"}}],\"inLanguage\":\"en-GB\"},{\"@type\":\"Organization\",\"@id\":\"https:\/\/product-guide.org\/#organization\",\"name\":\"Product-Guide.org\",\"url\":\"https:\/\/product-guide.org\/\",\"logo\":{\"@type\":\"ImageObject\",\"inLanguage\":\"en-GB\",\"@id\":\"https:\/\/product-guide.org\/#\/schema\/logo\/image\/\",\"url\":\"https:\/\/product-guide.org\/wp-content\/uploads\/2022\/07\/logo_transparent_background.png\",\"contentUrl\":\"https:\/\/product-guide.org\/wp-content\/uploads\/2022\/07\/logo_transparent_background.png\",\"width\":3400,\"height\":1132,\"caption\":\"Product-Guide.org\"},\"image\":{\"@id\":\"https:\/\/product-guide.org\/#\/schema\/logo\/image\/\"}}]}<\/script>\n<!-- \/ Yoast SEO plugin. -->","yoast_head_json":{"title":"KASCHMIR-HOSE MIT STREIFENMUSTER | GOBI Cashmere | Product-Guide.org","description":"KASCHMIR-HOSE MIT STREIFENMUSTER | GOBI Cashmere gefunden von Product-Guide.org","robots":{"index":"index","follow":"follow","max-snippet":"max-snippet:-1","max-image-preview":"max-image-preview:large","max-video-preview":"max-video-preview:-1"},"canonical":"https:\/\/product-guide.org\/en\/produkt\/kaschmir-hose-mit-streifenmuster-gobi-cashmere\/","og_locale":"en_GB","og_type":"article","og_title":"KASCHMIR-HOSE MIT STREIFENMUSTER | GOBI Cashmere | Product-Guide.org","og_description":"KASCHMIR-HOSE MIT STREIFENMUSTER | GOBI Cashmere gefunden von Product-Guide.org","og_url":"https:\/\/product-guide.org\/en\/produkt\/kaschmir-hose-mit-streifenmuster-gobi-cashmere\/","og_site_name":"Product-Guide.org","twitter_card":"summary_large_image","schema":{"@context":"https:\/\/schema.org","@graph":[{"@type":"WebPage","@id":"https:\/\/product-guide.org\/produkt\/kaschmir-hose-mit-streifenmuster-gobi-cashmere\/","url":"https:\/\/product-guide.org\/produkt\/kaschmir-hose-mit-streifenmuster-gobi-cashmere\/","name":"KASCHMIR-HOSE MIT STREIFENMUSTER | GOBI Cashmere | Product-Guide.org","isPartOf":{"@id":"https:\/\/product-guide.org\/#website"},"primaryImageOfPage":{"@id":"https:\/\/product-guide.org\/produkt\/kaschmir-hose-mit-streifenmuster-gobi-cashmere\/#primaryimage"},"image":{"@id":"https:\/\/product-guide.org\/produkt\/kaschmir-hose-mit-streifenmuster-gobi-cashmere\/#primaryimage"},"thumbnailUrl":"https:\/\/product-guide.org\/wp-content\/uploads\/2025\/03\/WK396-42-2-scaled.jpg","datePublished":"2025-03-17T11:55:28+00:00","description":"KASCHMIR-HOSE MIT STREIFENMUSTER | GOBI Cashmere gefunden von Product-Guide.org","breadcrumb":{"@id":"https:\/\/product-guide.org\/produkt\/kaschmir-hose-mit-streifenmuster-gobi-cashmere\/#breadcrumb"},"inLanguage":"en-GB","potentialAction":[{"@type":"ReadAction","target":["https:\/\/product-guide.org\/produkt\/kaschmir-hose-mit-streifenmuster-gobi-cashmere\/"]}]},{"@type":"ImageObject","inLanguage":"en-GB","@id":"https:\/\/product-guide.org\/produkt\/kaschmir-hose-mit-streifenmuster-gobi-cashmere\/#primaryimage","url":"https:\/\/product-guide.org\/wp-content\/uploads\/2025\/03\/WK396-42-2-scaled.jpg","contentUrl":"https:\/\/product-guide.org\/wp-content\/uploads\/2025\/03\/WK396-42-2-scaled.jpg","width":1707,"height":2560},{"@type":"BreadcrumbList","@id":"https:\/\/product-guide.org\/produkt\/kaschmir-hose-mit-streifenmuster-gobi-cashmere\/#breadcrumb","itemListElement":[{"@type":"ListItem","position":1,"name":"Home","item":"https:\/\/product-guide.org\/"},{"@type":"ListItem","position":2,"name":"Ergebnisse","item":"https:\/\/product-guide.org\/de\/ergebnisse\/"},{"@type":"ListItem","position":3,"name":"KASCHMIR-HOSE MIT STREIFENMUSTER | GOBI Cashmere"}]},{"@type":"WebSite","@id":"https:\/\/product-guide.org\/#website","url":"https:\/\/product-guide.org\/","name":"Product-Guide.org","description":"What Product are you looking for?","publisher":{"@id":"https:\/\/product-guide.org\/#organization"},"potentialAction":[{"@type":"SearchAction","target":{"@type":"EntryPoint","urlTemplate":"https:\/\/product-guide.org\/?s={search_term_string}"},"query-input":{"@type":"PropertyValueSpecification","valueRequired":true,"valueName":"search_term_string"}}],"inLanguage":"en-GB"},{"@type":"Organization","@id":"https:\/\/product-guide.org\/#organization","name":"Product-Guide.org","url":"https:\/\/product-guide.org\/","logo":{"@type":"ImageObject","inLanguage":"en-GB","@id":"https:\/\/product-guide.org\/#\/schema\/logo\/image\/","url":"https:\/\/product-guide.org\/wp-content\/uploads\/2022\/07\/logo_transparent_background.png","contentUrl":"https:\/\/product-guide.org\/wp-content\/uploads\/2022\/07\/logo_transparent_background.png","width":3400,"height":1132,"caption":"Product-Guide.org"},"image":{"@id":"https:\/\/product-guide.org\/#\/schema\/logo\/image\/"}}]}},"_links":{"self":[{"href":"https:\/\/product-guide.org\/en\/wp-json\/wp\/v2\/product\/56792","targetHints":{"allow":["GET"]}}],"collection":[{"href":"https:\/\/product-guide.org\/en\/wp-json\/wp\/v2\/product"}],"about":[{"href":"https:\/\/product-guide.org\/en\/wp-json\/wp\/v2\/types\/product"}],"wp:featuredmedia":[{"embeddable":true,"href":"https:\/\/product-guide.org\/en\/wp-json\/wp\/v2\/media\/56791"}],"wp:attachment":[{"href":"https:\/\/product-guide.org\/en\/wp-json\/wp\/v2\/media?parent=56792"}],"wp:term":[{"taxonomy":"store","embeddable":true,"href":"https:\/\/product-guide.org\/en\/wp-json\/wp\/v2\/store?post=56792"},{"taxonomy":"product_brand","embeddable":true,"href":"https:\/\/product-guide.org\/en\/wp-json\/wp\/v2\/product_brand?post=56792"},{"taxonomy":"product_cat","embeddable":true,"href":"https:\/\/product-guide.org\/en\/wp-json\/wp\/v2\/product_cat?post=56792"},{"taxonomy":"product_tag","embeddable":true,"href":"https:\/\/product-guide.org\/en\/wp-json\/wp\/v2\/product_tag?post=56792"}],"curies":[{"name":"wp","href":"https:\/\/api.w.org\/{rel}","templated":true}]}}