{"id":56796,"date":"2025-03-17T12:55:35","date_gmt":"2025-03-17T11:55:35","guid":{"rendered":"https:\/\/product-guide.org\/produkt\/kurzer-mantel-mit-gurtel-gobi-cashmere\/"},"modified":"2025-03-17T12:55:36","modified_gmt":"2025-03-17T11:55:36","slug":"kurzer-mantel-mit-gurtel-gobi-cashmere","status":"publish","type":"product","link":"https:\/\/product-guide.org\/en\/produkt\/kurzer-mantel-mit-gurtel-gobi-cashmere\/","title":{"rendered":"KURZER MANTEL MIT G\u00dcRTEL | GOBI Cashmere"},"content":{"rendered":"<p>100% mongolischer Kaschmir Lokal in der Mongolei hergestellt. Dieser Mantel aus 100% Kaschmir hat eingekerbten Reverskragen, Seitentaschen und einen G\u00fcrtel. Seine zweireihige, lockere Passform verleiht ihm ein l\u00e4ssiges und komfortables Tragegef\u00fchl. * Lockere Passform * Mit Reverskragen * Seitentaschen * Mit unsichtbaren nachhaltigen Kn\u00f6pfen * Voll gef\u00fcttert mit Bemberg Cupro * Model tr\u00e4gt Gr\u00f6\u00dfe S Model ist 178cm gro\u00df Brustumfang 86cm Taillenumfang 61cm H\u00fcftumfang 93cm<\/p>\n","protected":false},"excerpt":{"rendered":"<p>100% mongolischer Kaschmir Lokal in der Mongolei hergestellt. Dieser Mantel aus 100% Kaschmir hat eingekerbten Reverskragen, Seitentaschen und einen G\u00fcrtel. Seine zweireihige, lockere Passform verleiht ihm ein l\u00e4ssiges und komfortables Tragegef\u00fchl. * Lockere Passform * Mit Reverskragen * Seitentaschen * Mit unsichtbaren nachhaltigen Kn\u00f6pfen * Voll gef\u00fcttert mit Bemberg Cupro * Model tr\u00e4gt Gr\u00f6\u00dfe S [&hellip;]<\/p>\n","protected":false},"featured_media":56795,"template":"","meta":{"_gspb_post_css":""},"store":[],"product_brand":[1445],"product_cat":[1290],"product_tag":[],"class_list":{"0":"post-56796","1":"product","2":"type-product","3":"status-publish","4":"has-post-thumbnail","6":"product_brand-gobi-cashmere","7":"product_cat-uncategorized","9":"first","10":"instock","11":"shipping-taxable","12":"purchasable","13":"product-type-simple"},"yoast_head":"<!-- This site is optimized with the Yoast SEO plugin v24.6 - https:\/\/yoast.com\/wordpress\/plugins\/seo\/ -->\n<title>KURZER MANTEL MIT G\u00dcRTEL | GOBI Cashmere | Product-Guide.org<\/title>\n<meta name=\"description\" content=\"KURZER MANTEL MIT G\u00dcRTEL | GOBI Cashmere gefunden von Product-Guide.org\" \/>\n<meta name=\"robots\" content=\"index, follow, max-snippet:-1, max-image-preview:large, max-video-preview:-1\" \/>\n<link rel=\"canonical\" href=\"https:\/\/product-guide.org\/en\/produkt\/kurzer-mantel-mit-gurtel-gobi-cashmere\/\" \/>\n<meta property=\"og:locale\" content=\"en_GB\" \/>\n<meta property=\"og:type\" content=\"article\" \/>\n<meta property=\"og:title\" content=\"KURZER MANTEL MIT G\u00dcRTEL | GOBI Cashmere | Product-Guide.org\" \/>\n<meta property=\"og:description\" content=\"KURZER MANTEL MIT G\u00dcRTEL | GOBI Cashmere gefunden von Product-Guide.org\" \/>\n<meta property=\"og:url\" content=\"https:\/\/product-guide.org\/en\/produkt\/kurzer-mantel-mit-gurtel-gobi-cashmere\/\" \/>\n<meta property=\"og:site_name\" content=\"Product-Guide.org\" \/>\n<meta property=\"article:modified_time\" content=\"2025-03-17T11:55:36+00:00\" \/>\n<meta name=\"twitter:card\" content=\"summary_large_image\" \/>\n<script type=\"application\/ld+json\" class=\"yoast-schema-graph\">{\"@context\":\"https:\/\/schema.org\",\"@graph\":[{\"@type\":\"WebPage\",\"@id\":\"https:\/\/product-guide.org\/produkt\/kurzer-mantel-mit-gurtel-gobi-cashmere\/\",\"url\":\"https:\/\/product-guide.org\/produkt\/kurzer-mantel-mit-gurtel-gobi-cashmere\/\",\"name\":\"KURZER MANTEL MIT G\u00dcRTEL | GOBI Cashmere | Product-Guide.org\",\"isPartOf\":{\"@id\":\"https:\/\/product-guide.org\/#website\"},\"primaryImageOfPage\":{\"@id\":\"https:\/\/product-guide.org\/produkt\/kurzer-mantel-mit-gurtel-gobi-cashmere\/#primaryimage\"},\"image\":{\"@id\":\"https:\/\/product-guide.org\/produkt\/kurzer-mantel-mit-gurtel-gobi-cashmere\/#primaryimage\"},\"thumbnailUrl\":\"https:\/\/product-guide.org\/wp-content\/uploads\/2025\/03\/7_66ca369c-eaa4-475e-b978-d5ed27df0479.jpg\",\"datePublished\":\"2025-03-17T11:55:35+00:00\",\"dateModified\":\"2025-03-17T11:55:36+00:00\",\"description\":\"KURZER MANTEL MIT G\u00dcRTEL | GOBI Cashmere gefunden von Product-Guide.org\",\"breadcrumb\":{\"@id\":\"https:\/\/product-guide.org\/produkt\/kurzer-mantel-mit-gurtel-gobi-cashmere\/#breadcrumb\"},\"inLanguage\":\"en-GB\",\"potentialAction\":[{\"@type\":\"ReadAction\",\"target\":[\"https:\/\/product-guide.org\/produkt\/kurzer-mantel-mit-gurtel-gobi-cashmere\/\"]}]},{\"@type\":\"ImageObject\",\"inLanguage\":\"en-GB\",\"@id\":\"https:\/\/product-guide.org\/produkt\/kurzer-mantel-mit-gurtel-gobi-cashmere\/#primaryimage\",\"url\":\"https:\/\/product-guide.org\/wp-content\/uploads\/2025\/03\/7_66ca369c-eaa4-475e-b978-d5ed27df0479.jpg\",\"contentUrl\":\"https:\/\/product-guide.org\/wp-content\/uploads\/2025\/03\/7_66ca369c-eaa4-475e-b978-d5ed27df0479.jpg\",\"width\":1440,\"height\":1920},{\"@type\":\"BreadcrumbList\",\"@id\":\"https:\/\/product-guide.org\/produkt\/kurzer-mantel-mit-gurtel-gobi-cashmere\/#breadcrumb\",\"itemListElement\":[{\"@type\":\"ListItem\",\"position\":1,\"name\":\"Home\",\"item\":\"https:\/\/product-guide.org\/\"},{\"@type\":\"ListItem\",\"position\":2,\"name\":\"Ergebnisse\",\"item\":\"https:\/\/product-guide.org\/de\/ergebnisse\/\"},{\"@type\":\"ListItem\",\"position\":3,\"name\":\"KURZER MANTEL MIT G\u00dcRTEL | GOBI Cashmere\"}]},{\"@type\":\"WebSite\",\"@id\":\"https:\/\/product-guide.org\/#website\",\"url\":\"https:\/\/product-guide.org\/\",\"name\":\"Product-Guide.org\",\"description\":\"What Product are you looking for?\",\"publisher\":{\"@id\":\"https:\/\/product-guide.org\/#organization\"},\"potentialAction\":[{\"@type\":\"SearchAction\",\"target\":{\"@type\":\"EntryPoint\",\"urlTemplate\":\"https:\/\/product-guide.org\/?s={search_term_string}\"},\"query-input\":{\"@type\":\"PropertyValueSpecification\",\"valueRequired\":true,\"valueName\":\"search_term_string\"}}],\"inLanguage\":\"en-GB\"},{\"@type\":\"Organization\",\"@id\":\"https:\/\/product-guide.org\/#organization\",\"name\":\"Product-Guide.org\",\"url\":\"https:\/\/product-guide.org\/\",\"logo\":{\"@type\":\"ImageObject\",\"inLanguage\":\"en-GB\",\"@id\":\"https:\/\/product-guide.org\/#\/schema\/logo\/image\/\",\"url\":\"https:\/\/product-guide.org\/wp-content\/uploads\/2022\/07\/logo_transparent_background.png\",\"contentUrl\":\"https:\/\/product-guide.org\/wp-content\/uploads\/2022\/07\/logo_transparent_background.png\",\"width\":3400,\"height\":1132,\"caption\":\"Product-Guide.org\"},\"image\":{\"@id\":\"https:\/\/product-guide.org\/#\/schema\/logo\/image\/\"}}]}<\/script>\n<!-- \/ Yoast SEO plugin. -->","yoast_head_json":{"title":"KURZER MANTEL MIT G\u00dcRTEL | GOBI Cashmere | Product-Guide.org","description":"KURZER MANTEL MIT G\u00dcRTEL | GOBI Cashmere gefunden von Product-Guide.org","robots":{"index":"index","follow":"follow","max-snippet":"max-snippet:-1","max-image-preview":"max-image-preview:large","max-video-preview":"max-video-preview:-1"},"canonical":"https:\/\/product-guide.org\/en\/produkt\/kurzer-mantel-mit-gurtel-gobi-cashmere\/","og_locale":"en_GB","og_type":"article","og_title":"KURZER MANTEL MIT G\u00dcRTEL | GOBI Cashmere | Product-Guide.org","og_description":"KURZER MANTEL MIT G\u00dcRTEL | GOBI Cashmere gefunden von Product-Guide.org","og_url":"https:\/\/product-guide.org\/en\/produkt\/kurzer-mantel-mit-gurtel-gobi-cashmere\/","og_site_name":"Product-Guide.org","article_modified_time":"2025-03-17T11:55:36+00:00","twitter_card":"summary_large_image","schema":{"@context":"https:\/\/schema.org","@graph":[{"@type":"WebPage","@id":"https:\/\/product-guide.org\/produkt\/kurzer-mantel-mit-gurtel-gobi-cashmere\/","url":"https:\/\/product-guide.org\/produkt\/kurzer-mantel-mit-gurtel-gobi-cashmere\/","name":"KURZER MANTEL MIT G\u00dcRTEL | GOBI Cashmere | Product-Guide.org","isPartOf":{"@id":"https:\/\/product-guide.org\/#website"},"primaryImageOfPage":{"@id":"https:\/\/product-guide.org\/produkt\/kurzer-mantel-mit-gurtel-gobi-cashmere\/#primaryimage"},"image":{"@id":"https:\/\/product-guide.org\/produkt\/kurzer-mantel-mit-gurtel-gobi-cashmere\/#primaryimage"},"thumbnailUrl":"https:\/\/product-guide.org\/wp-content\/uploads\/2025\/03\/7_66ca369c-eaa4-475e-b978-d5ed27df0479.jpg","datePublished":"2025-03-17T11:55:35+00:00","dateModified":"2025-03-17T11:55:36+00:00","description":"KURZER MANTEL MIT G\u00dcRTEL | GOBI Cashmere gefunden von Product-Guide.org","breadcrumb":{"@id":"https:\/\/product-guide.org\/produkt\/kurzer-mantel-mit-gurtel-gobi-cashmere\/#breadcrumb"},"inLanguage":"en-GB","potentialAction":[{"@type":"ReadAction","target":["https:\/\/product-guide.org\/produkt\/kurzer-mantel-mit-gurtel-gobi-cashmere\/"]}]},{"@type":"ImageObject","inLanguage":"en-GB","@id":"https:\/\/product-guide.org\/produkt\/kurzer-mantel-mit-gurtel-gobi-cashmere\/#primaryimage","url":"https:\/\/product-guide.org\/wp-content\/uploads\/2025\/03\/7_66ca369c-eaa4-475e-b978-d5ed27df0479.jpg","contentUrl":"https:\/\/product-guide.org\/wp-content\/uploads\/2025\/03\/7_66ca369c-eaa4-475e-b978-d5ed27df0479.jpg","width":1440,"height":1920},{"@type":"BreadcrumbList","@id":"https:\/\/product-guide.org\/produkt\/kurzer-mantel-mit-gurtel-gobi-cashmere\/#breadcrumb","itemListElement":[{"@type":"ListItem","position":1,"name":"Home","item":"https:\/\/product-guide.org\/"},{"@type":"ListItem","position":2,"name":"Ergebnisse","item":"https:\/\/product-guide.org\/de\/ergebnisse\/"},{"@type":"ListItem","position":3,"name":"KURZER MANTEL MIT G\u00dcRTEL | GOBI Cashmere"}]},{"@type":"WebSite","@id":"https:\/\/product-guide.org\/#website","url":"https:\/\/product-guide.org\/","name":"Product-Guide.org","description":"What Product are you looking for?","publisher":{"@id":"https:\/\/product-guide.org\/#organization"},"potentialAction":[{"@type":"SearchAction","target":{"@type":"EntryPoint","urlTemplate":"https:\/\/product-guide.org\/?s={search_term_string}"},"query-input":{"@type":"PropertyValueSpecification","valueRequired":true,"valueName":"search_term_string"}}],"inLanguage":"en-GB"},{"@type":"Organization","@id":"https:\/\/product-guide.org\/#organization","name":"Product-Guide.org","url":"https:\/\/product-guide.org\/","logo":{"@type":"ImageObject","inLanguage":"en-GB","@id":"https:\/\/product-guide.org\/#\/schema\/logo\/image\/","url":"https:\/\/product-guide.org\/wp-content\/uploads\/2022\/07\/logo_transparent_background.png","contentUrl":"https:\/\/product-guide.org\/wp-content\/uploads\/2022\/07\/logo_transparent_background.png","width":3400,"height":1132,"caption":"Product-Guide.org"},"image":{"@id":"https:\/\/product-guide.org\/#\/schema\/logo\/image\/"}}]}},"_links":{"self":[{"href":"https:\/\/product-guide.org\/en\/wp-json\/wp\/v2\/product\/56796","targetHints":{"allow":["GET"]}}],"collection":[{"href":"https:\/\/product-guide.org\/en\/wp-json\/wp\/v2\/product"}],"about":[{"href":"https:\/\/product-guide.org\/en\/wp-json\/wp\/v2\/types\/product"}],"wp:featuredmedia":[{"embeddable":true,"href":"https:\/\/product-guide.org\/en\/wp-json\/wp\/v2\/media\/56795"}],"wp:attachment":[{"href":"https:\/\/product-guide.org\/en\/wp-json\/wp\/v2\/media?parent=56796"}],"wp:term":[{"taxonomy":"store","embeddable":true,"href":"https:\/\/product-guide.org\/en\/wp-json\/wp\/v2\/store?post=56796"},{"taxonomy":"product_brand","embeddable":true,"href":"https:\/\/product-guide.org\/en\/wp-json\/wp\/v2\/product_brand?post=56796"},{"taxonomy":"product_cat","embeddable":true,"href":"https:\/\/product-guide.org\/en\/wp-json\/wp\/v2\/product_cat?post=56796"},{"taxonomy":"product_tag","embeddable":true,"href":"https:\/\/product-guide.org\/en\/wp-json\/wp\/v2\/product_tag?post=56796"}],"curies":[{"name":"wp","href":"https:\/\/api.w.org\/{rel}","templated":true}]}}