{"id":56806,"date":"2025-03-17T12:55:55","date_gmt":"2025-03-17T11:55:55","guid":{"rendered":"https:\/\/product-guide.org\/produkt\/rollkragenpullover-gobi-cashmere\/"},"modified":"2025-03-17T12:55:56","modified_gmt":"2025-03-17T11:55:56","slug":"rollkragenpullover-gobi-cashmere","status":"publish","type":"product","link":"https:\/\/product-guide.org\/en\/produkt\/rollkragenpullover-gobi-cashmere\/","title":{"rendered":"ROLLKRAGENPULLOVER | GOBI Cashmere"},"content":{"rendered":"<p>Dieser Rollkragenpullover aus 100% Kaschmir hat Rippenstrick, Raglan\u00e4rmel und einen Kragen. Er hat eine leicht ausgestellte Silhouette und eine lockere Passform. Typ: T-Ausschnitt Material: 100% Kaschmir Gewicht: 442 Gramm Garn: 2\/26*3 lagig, 5 Gauge Strickart: Einfach, Rippenstrick Passform: Locker Handw\u00e4sche mit lauwarmem Wasser und neutraler Seife, Babyshampoo oder spezieller Wollseife. Sp\u00fclen Sie es aus, ohne es zu reiben. Das Kleidungsst\u00fcck NICHT auswringen &#8211; \u00fcbersch\u00fcssiges Wasser durch sanftes Pressen mit einem Handtuch entfernen und zum Trocknen bei Zimmertemperatur flach hinlegen, dabei Sonnenlicht vermeiden. Nicht bleichen. B\u00fcgeln Sie bei niedriger Temperatur und verwenden Sie ein B\u00fcgeltuch als Zwischenlage; b\u00fcgeln Sie niemals direkt auf den Stoff. Wenn Sie eine chemische Reinigung bevorzugen, fragen Sie bitte nach einem milden Waschmittel. UM DIE FASERN RUHEN ZU LASSEN UND IHRE WEICHHEIT ZU ERHALTEN, IST ES RATSAM, KASCHMIR NICHT ZWEI BIS DREI TAGE HINTEREINANDER ZU TRAGEN. Vermeiden Sie es, Ihre Kaschmirkleidung aufzuh\u00e4ngen. Am besten lagern Sie sie flach und in einer Schutzh\u00fclle an einem trockenen, gut bel\u00fcfteten Ort. Sie k\u00f6nnen auch eine Zedernholzkugel verwenden, um Ihren Kaschmir zu sch\u00fctzen. Weitere Informationen zu Pflegeanweisungen finden Sie unter https:\/\/www.gobicashmere.com\/de\/pages\/cashmere-care<\/p>\n","protected":false},"excerpt":{"rendered":"<p>Dieser Rollkragenpullover aus 100% Kaschmir hat Rippenstrick, Raglan\u00e4rmel und einen Kragen. Er hat eine leicht ausgestellte Silhouette und eine lockere Passform. Typ: T-Ausschnitt Material: 100% Kaschmir Gewicht: 442 Gramm Garn: 2\/26*3 lagig, 5 Gauge Strickart: Einfach, Rippenstrick Passform: Locker Handw\u00e4sche mit lauwarmem Wasser und neutraler Seife, Babyshampoo oder spezieller Wollseife. Sp\u00fclen Sie es aus, ohne [&hellip;]<\/p>\n","protected":false},"featured_media":56805,"template":"","meta":{"_gspb_post_css":""},"store":[],"product_brand":[1445],"product_cat":[1290],"product_tag":[],"class_list":{"0":"post-56806","1":"product","2":"type-product","3":"status-publish","4":"has-post-thumbnail","6":"product_brand-gobi-cashmere","7":"product_cat-uncategorized","9":"first","10":"instock","11":"shipping-taxable","12":"purchasable","13":"product-type-simple"},"yoast_head":"<!-- This site is optimized with the Yoast SEO plugin v24.6 - https:\/\/yoast.com\/wordpress\/plugins\/seo\/ -->\n<title>ROLLKRAGENPULLOVER | GOBI Cashmere | Product-Guide.org<\/title>\n<meta name=\"description\" content=\"ROLLKRAGENPULLOVER | GOBI Cashmere gefunden von Product-Guide.org\" \/>\n<meta name=\"robots\" content=\"index, follow, max-snippet:-1, max-image-preview:large, max-video-preview:-1\" \/>\n<link rel=\"canonical\" href=\"https:\/\/product-guide.org\/en\/produkt\/rollkragenpullover-gobi-cashmere\/\" \/>\n<meta property=\"og:locale\" content=\"en_GB\" \/>\n<meta property=\"og:type\" content=\"article\" \/>\n<meta property=\"og:title\" content=\"ROLLKRAGENPULLOVER | GOBI Cashmere | Product-Guide.org\" \/>\n<meta property=\"og:description\" content=\"ROLLKRAGENPULLOVER | GOBI Cashmere gefunden von Product-Guide.org\" \/>\n<meta property=\"og:url\" content=\"https:\/\/product-guide.org\/en\/produkt\/rollkragenpullover-gobi-cashmere\/\" \/>\n<meta property=\"og:site_name\" content=\"Product-Guide.org\" \/>\n<meta property=\"article:modified_time\" content=\"2025-03-17T11:55:56+00:00\" \/>\n<meta name=\"twitter:card\" content=\"summary_large_image\" \/>\n<script type=\"application\/ld+json\" class=\"yoast-schema-graph\">{\"@context\":\"https:\/\/schema.org\",\"@graph\":[{\"@type\":\"WebPage\",\"@id\":\"https:\/\/product-guide.org\/produkt\/rollkragenpullover-gobi-cashmere\/\",\"url\":\"https:\/\/product-guide.org\/produkt\/rollkragenpullover-gobi-cashmere\/\",\"name\":\"ROLLKRAGENPULLOVER | GOBI Cashmere | Product-Guide.org\",\"isPartOf\":{\"@id\":\"https:\/\/product-guide.org\/#website\"},\"primaryImageOfPage\":{\"@id\":\"https:\/\/product-guide.org\/produkt\/rollkragenpullover-gobi-cashmere\/#primaryimage\"},\"image\":{\"@id\":\"https:\/\/product-guide.org\/produkt\/rollkragenpullover-gobi-cashmere\/#primaryimage\"},\"thumbnailUrl\":\"https:\/\/product-guide.org\/wp-content\/uploads\/2025\/03\/8_906950ff-0af5-41d6-a612-52eaaa6f3ff2.jpg\",\"datePublished\":\"2025-03-17T11:55:55+00:00\",\"dateModified\":\"2025-03-17T11:55:56+00:00\",\"description\":\"ROLLKRAGENPULLOVER | GOBI Cashmere gefunden von Product-Guide.org\",\"breadcrumb\":{\"@id\":\"https:\/\/product-guide.org\/produkt\/rollkragenpullover-gobi-cashmere\/#breadcrumb\"},\"inLanguage\":\"en-GB\",\"potentialAction\":[{\"@type\":\"ReadAction\",\"target\":[\"https:\/\/product-guide.org\/produkt\/rollkragenpullover-gobi-cashmere\/\"]}]},{\"@type\":\"ImageObject\",\"inLanguage\":\"en-GB\",\"@id\":\"https:\/\/product-guide.org\/produkt\/rollkragenpullover-gobi-cashmere\/#primaryimage\",\"url\":\"https:\/\/product-guide.org\/wp-content\/uploads\/2025\/03\/8_906950ff-0af5-41d6-a612-52eaaa6f3ff2.jpg\",\"contentUrl\":\"https:\/\/product-guide.org\/wp-content\/uploads\/2025\/03\/8_906950ff-0af5-41d6-a612-52eaaa6f3ff2.jpg\",\"width\":1440,\"height\":1920},{\"@type\":\"BreadcrumbList\",\"@id\":\"https:\/\/product-guide.org\/produkt\/rollkragenpullover-gobi-cashmere\/#breadcrumb\",\"itemListElement\":[{\"@type\":\"ListItem\",\"position\":1,\"name\":\"Home\",\"item\":\"https:\/\/product-guide.org\/\"},{\"@type\":\"ListItem\",\"position\":2,\"name\":\"Ergebnisse\",\"item\":\"https:\/\/product-guide.org\/de\/ergebnisse\/\"},{\"@type\":\"ListItem\",\"position\":3,\"name\":\"ROLLKRAGENPULLOVER | GOBI Cashmere\"}]},{\"@type\":\"WebSite\",\"@id\":\"https:\/\/product-guide.org\/#website\",\"url\":\"https:\/\/product-guide.org\/\",\"name\":\"Product-Guide.org\",\"description\":\"What Product are you looking for?\",\"publisher\":{\"@id\":\"https:\/\/product-guide.org\/#organization\"},\"potentialAction\":[{\"@type\":\"SearchAction\",\"target\":{\"@type\":\"EntryPoint\",\"urlTemplate\":\"https:\/\/product-guide.org\/?s={search_term_string}\"},\"query-input\":{\"@type\":\"PropertyValueSpecification\",\"valueRequired\":true,\"valueName\":\"search_term_string\"}}],\"inLanguage\":\"en-GB\"},{\"@type\":\"Organization\",\"@id\":\"https:\/\/product-guide.org\/#organization\",\"name\":\"Product-Guide.org\",\"url\":\"https:\/\/product-guide.org\/\",\"logo\":{\"@type\":\"ImageObject\",\"inLanguage\":\"en-GB\",\"@id\":\"https:\/\/product-guide.org\/#\/schema\/logo\/image\/\",\"url\":\"https:\/\/product-guide.org\/wp-content\/uploads\/2022\/07\/logo_transparent_background.png\",\"contentUrl\":\"https:\/\/product-guide.org\/wp-content\/uploads\/2022\/07\/logo_transparent_background.png\",\"width\":3400,\"height\":1132,\"caption\":\"Product-Guide.org\"},\"image\":{\"@id\":\"https:\/\/product-guide.org\/#\/schema\/logo\/image\/\"}}]}<\/script>\n<!-- \/ Yoast SEO plugin. -->","yoast_head_json":{"title":"ROLLKRAGENPULLOVER | GOBI Cashmere | Product-Guide.org","description":"ROLLKRAGENPULLOVER | GOBI Cashmere gefunden von Product-Guide.org","robots":{"index":"index","follow":"follow","max-snippet":"max-snippet:-1","max-image-preview":"max-image-preview:large","max-video-preview":"max-video-preview:-1"},"canonical":"https:\/\/product-guide.org\/en\/produkt\/rollkragenpullover-gobi-cashmere\/","og_locale":"en_GB","og_type":"article","og_title":"ROLLKRAGENPULLOVER | GOBI Cashmere | Product-Guide.org","og_description":"ROLLKRAGENPULLOVER | GOBI Cashmere gefunden von Product-Guide.org","og_url":"https:\/\/product-guide.org\/en\/produkt\/rollkragenpullover-gobi-cashmere\/","og_site_name":"Product-Guide.org","article_modified_time":"2025-03-17T11:55:56+00:00","twitter_card":"summary_large_image","schema":{"@context":"https:\/\/schema.org","@graph":[{"@type":"WebPage","@id":"https:\/\/product-guide.org\/produkt\/rollkragenpullover-gobi-cashmere\/","url":"https:\/\/product-guide.org\/produkt\/rollkragenpullover-gobi-cashmere\/","name":"ROLLKRAGENPULLOVER | GOBI Cashmere | Product-Guide.org","isPartOf":{"@id":"https:\/\/product-guide.org\/#website"},"primaryImageOfPage":{"@id":"https:\/\/product-guide.org\/produkt\/rollkragenpullover-gobi-cashmere\/#primaryimage"},"image":{"@id":"https:\/\/product-guide.org\/produkt\/rollkragenpullover-gobi-cashmere\/#primaryimage"},"thumbnailUrl":"https:\/\/product-guide.org\/wp-content\/uploads\/2025\/03\/8_906950ff-0af5-41d6-a612-52eaaa6f3ff2.jpg","datePublished":"2025-03-17T11:55:55+00:00","dateModified":"2025-03-17T11:55:56+00:00","description":"ROLLKRAGENPULLOVER | GOBI Cashmere gefunden von Product-Guide.org","breadcrumb":{"@id":"https:\/\/product-guide.org\/produkt\/rollkragenpullover-gobi-cashmere\/#breadcrumb"},"inLanguage":"en-GB","potentialAction":[{"@type":"ReadAction","target":["https:\/\/product-guide.org\/produkt\/rollkragenpullover-gobi-cashmere\/"]}]},{"@type":"ImageObject","inLanguage":"en-GB","@id":"https:\/\/product-guide.org\/produkt\/rollkragenpullover-gobi-cashmere\/#primaryimage","url":"https:\/\/product-guide.org\/wp-content\/uploads\/2025\/03\/8_906950ff-0af5-41d6-a612-52eaaa6f3ff2.jpg","contentUrl":"https:\/\/product-guide.org\/wp-content\/uploads\/2025\/03\/8_906950ff-0af5-41d6-a612-52eaaa6f3ff2.jpg","width":1440,"height":1920},{"@type":"BreadcrumbList","@id":"https:\/\/product-guide.org\/produkt\/rollkragenpullover-gobi-cashmere\/#breadcrumb","itemListElement":[{"@type":"ListItem","position":1,"name":"Home","item":"https:\/\/product-guide.org\/"},{"@type":"ListItem","position":2,"name":"Ergebnisse","item":"https:\/\/product-guide.org\/de\/ergebnisse\/"},{"@type":"ListItem","position":3,"name":"ROLLKRAGENPULLOVER | GOBI Cashmere"}]},{"@type":"WebSite","@id":"https:\/\/product-guide.org\/#website","url":"https:\/\/product-guide.org\/","name":"Product-Guide.org","description":"What Product are you looking for?","publisher":{"@id":"https:\/\/product-guide.org\/#organization"},"potentialAction":[{"@type":"SearchAction","target":{"@type":"EntryPoint","urlTemplate":"https:\/\/product-guide.org\/?s={search_term_string}"},"query-input":{"@type":"PropertyValueSpecification","valueRequired":true,"valueName":"search_term_string"}}],"inLanguage":"en-GB"},{"@type":"Organization","@id":"https:\/\/product-guide.org\/#organization","name":"Product-Guide.org","url":"https:\/\/product-guide.org\/","logo":{"@type":"ImageObject","inLanguage":"en-GB","@id":"https:\/\/product-guide.org\/#\/schema\/logo\/image\/","url":"https:\/\/product-guide.org\/wp-content\/uploads\/2022\/07\/logo_transparent_background.png","contentUrl":"https:\/\/product-guide.org\/wp-content\/uploads\/2022\/07\/logo_transparent_background.png","width":3400,"height":1132,"caption":"Product-Guide.org"},"image":{"@id":"https:\/\/product-guide.org\/#\/schema\/logo\/image\/"}}]}},"_links":{"self":[{"href":"https:\/\/product-guide.org\/en\/wp-json\/wp\/v2\/product\/56806","targetHints":{"allow":["GET"]}}],"collection":[{"href":"https:\/\/product-guide.org\/en\/wp-json\/wp\/v2\/product"}],"about":[{"href":"https:\/\/product-guide.org\/en\/wp-json\/wp\/v2\/types\/product"}],"wp:featuredmedia":[{"embeddable":true,"href":"https:\/\/product-guide.org\/en\/wp-json\/wp\/v2\/media\/56805"}],"wp:attachment":[{"href":"https:\/\/product-guide.org\/en\/wp-json\/wp\/v2\/media?parent=56806"}],"wp:term":[{"taxonomy":"store","embeddable":true,"href":"https:\/\/product-guide.org\/en\/wp-json\/wp\/v2\/store?post=56806"},{"taxonomy":"product_brand","embeddable":true,"href":"https:\/\/product-guide.org\/en\/wp-json\/wp\/v2\/product_brand?post=56806"},{"taxonomy":"product_cat","embeddable":true,"href":"https:\/\/product-guide.org\/en\/wp-json\/wp\/v2\/product_cat?post=56806"},{"taxonomy":"product_tag","embeddable":true,"href":"https:\/\/product-guide.org\/en\/wp-json\/wp\/v2\/product_tag?post=56806"}],"curies":[{"name":"wp","href":"https:\/\/api.w.org\/{rel}","templated":true}]}}