{"id":56808,"date":"2025-03-17T12:56:01","date_gmt":"2025-03-17T11:56:01","guid":{"rendered":"https:\/\/product-guide.org\/produkt\/trimmstrick-socken-gobi-cashmere\/"},"modified":"2025-03-17T12:56:01","modified_gmt":"2025-03-17T11:56:01","slug":"trimmstrick-socken-gobi-cashmere","status":"publish","type":"product","link":"https:\/\/product-guide.org\/en\/produkt\/trimmstrick-socken-gobi-cashmere\/","title":{"rendered":"TRIMMSTRICK-SOCKEN | GOBI Cashmere"},"content":{"rendered":"<p>100% Premium mongolischer Kaschmir Hergestellt vor Ort in der Mongolei. Die Schlafenszeit kann nicht fr\u00fch genug kommen, wenn ein Paar dieser himmlischen Kaschmir-Bettsocken darauf wartet, die K\u00e4lte abzuhalten. Die Socken sind ausgesprochen weich und eine wahre Wohltat f\u00fcr Ihre F\u00fc\u00dfe. Die besondere W\u00e4rme und die zarte Weichheit auf der Haut machen Cashmere zur perfekten Faser f\u00fcr unsere luxuri\u00f6sesten Produkte. Damit Ihre Kaschmir-Socken so gut wie neu bleiben, empfehlen wir, sie mit einem weichen Schuh, wie etwa einem Mokassin oder einem bequemen Slipper zu tragen. * 2lagig * Glatt gestrickt * Ultraleicht *Produktfarbe kann aufgrund der Beleuchtung variieren. Bitte beziehen Sie sich auf die Studiofotos f\u00fcr die beste Farbwiedergabe.<\/p>\n","protected":false},"excerpt":{"rendered":"<p>100% Premium mongolischer Kaschmir Hergestellt vor Ort in der Mongolei. Die Schlafenszeit kann nicht fr\u00fch genug kommen, wenn ein Paar dieser himmlischen Kaschmir-Bettsocken darauf wartet, die K\u00e4lte abzuhalten. Die Socken sind ausgesprochen weich und eine wahre Wohltat f\u00fcr Ihre F\u00fc\u00dfe. Die besondere W\u00e4rme und die zarte Weichheit auf der Haut machen Cashmere zur perfekten Faser [&hellip;]<\/p>\n","protected":false},"featured_media":56807,"template":"","meta":{"_gspb_post_css":""},"store":[],"product_brand":[1445],"product_cat":[1290],"product_tag":[],"class_list":{"0":"post-56808","1":"product","2":"type-product","3":"status-publish","4":"has-post-thumbnail","6":"product_brand-gobi-cashmere","7":"product_cat-uncategorized","9":"first","10":"instock","11":"shipping-taxable","12":"purchasable","13":"product-type-simple"},"yoast_head":"<!-- This site is optimized with the Yoast SEO plugin v24.6 - https:\/\/yoast.com\/wordpress\/plugins\/seo\/ -->\n<title>TRIMMSTRICK-SOCKEN | GOBI Cashmere | Product-Guide.org<\/title>\n<meta name=\"description\" content=\"TRIMMSTRICK-SOCKEN | GOBI Cashmere gefunden von Product-Guide.org\" \/>\n<meta name=\"robots\" content=\"index, follow, max-snippet:-1, max-image-preview:large, max-video-preview:-1\" \/>\n<link rel=\"canonical\" href=\"https:\/\/product-guide.org\/en\/produkt\/trimmstrick-socken-gobi-cashmere\/\" \/>\n<meta property=\"og:locale\" content=\"en_GB\" \/>\n<meta property=\"og:type\" content=\"article\" \/>\n<meta property=\"og:title\" content=\"TRIMMSTRICK-SOCKEN | GOBI Cashmere | Product-Guide.org\" \/>\n<meta property=\"og:description\" content=\"TRIMMSTRICK-SOCKEN | GOBI Cashmere gefunden von Product-Guide.org\" \/>\n<meta property=\"og:url\" content=\"https:\/\/product-guide.org\/en\/produkt\/trimmstrick-socken-gobi-cashmere\/\" \/>\n<meta property=\"og:site_name\" content=\"Product-Guide.org\" \/>\n<meta name=\"twitter:card\" content=\"summary_large_image\" \/>\n<script type=\"application\/ld+json\" class=\"yoast-schema-graph\">{\"@context\":\"https:\/\/schema.org\",\"@graph\":[{\"@type\":\"WebPage\",\"@id\":\"https:\/\/product-guide.org\/produkt\/trimmstrick-socken-gobi-cashmere\/\",\"url\":\"https:\/\/product-guide.org\/produkt\/trimmstrick-socken-gobi-cashmere\/\",\"name\":\"TRIMMSTRICK-SOCKEN | GOBI Cashmere | Product-Guide.org\",\"isPartOf\":{\"@id\":\"https:\/\/product-guide.org\/#website\"},\"primaryImageOfPage\":{\"@id\":\"https:\/\/product-guide.org\/produkt\/trimmstrick-socken-gobi-cashmere\/#primaryimage\"},\"image\":{\"@id\":\"https:\/\/product-guide.org\/produkt\/trimmstrick-socken-gobi-cashmere\/#primaryimage\"},\"thumbnailUrl\":\"https:\/\/product-guide.org\/wp-content\/uploads\/2025\/03\/2_2dde77b2-ec41-4820-8892-ddd626352ce9.jpg\",\"datePublished\":\"2025-03-17T11:56:01+00:00\",\"description\":\"TRIMMSTRICK-SOCKEN | GOBI Cashmere gefunden von Product-Guide.org\",\"breadcrumb\":{\"@id\":\"https:\/\/product-guide.org\/produkt\/trimmstrick-socken-gobi-cashmere\/#breadcrumb\"},\"inLanguage\":\"en-GB\",\"potentialAction\":[{\"@type\":\"ReadAction\",\"target\":[\"https:\/\/product-guide.org\/produkt\/trimmstrick-socken-gobi-cashmere\/\"]}]},{\"@type\":\"ImageObject\",\"inLanguage\":\"en-GB\",\"@id\":\"https:\/\/product-guide.org\/produkt\/trimmstrick-socken-gobi-cashmere\/#primaryimage\",\"url\":\"https:\/\/product-guide.org\/wp-content\/uploads\/2025\/03\/2_2dde77b2-ec41-4820-8892-ddd626352ce9.jpg\",\"contentUrl\":\"https:\/\/product-guide.org\/wp-content\/uploads\/2025\/03\/2_2dde77b2-ec41-4820-8892-ddd626352ce9.jpg\",\"width\":1440,\"height\":1920},{\"@type\":\"BreadcrumbList\",\"@id\":\"https:\/\/product-guide.org\/produkt\/trimmstrick-socken-gobi-cashmere\/#breadcrumb\",\"itemListElement\":[{\"@type\":\"ListItem\",\"position\":1,\"name\":\"Home\",\"item\":\"https:\/\/product-guide.org\/\"},{\"@type\":\"ListItem\",\"position\":2,\"name\":\"Ergebnisse\",\"item\":\"https:\/\/product-guide.org\/de\/ergebnisse\/\"},{\"@type\":\"ListItem\",\"position\":3,\"name\":\"TRIMMSTRICK-SOCKEN | GOBI Cashmere\"}]},{\"@type\":\"WebSite\",\"@id\":\"https:\/\/product-guide.org\/#website\",\"url\":\"https:\/\/product-guide.org\/\",\"name\":\"Product-Guide.org\",\"description\":\"What Product are you looking for?\",\"publisher\":{\"@id\":\"https:\/\/product-guide.org\/#organization\"},\"potentialAction\":[{\"@type\":\"SearchAction\",\"target\":{\"@type\":\"EntryPoint\",\"urlTemplate\":\"https:\/\/product-guide.org\/?s={search_term_string}\"},\"query-input\":{\"@type\":\"PropertyValueSpecification\",\"valueRequired\":true,\"valueName\":\"search_term_string\"}}],\"inLanguage\":\"en-GB\"},{\"@type\":\"Organization\",\"@id\":\"https:\/\/product-guide.org\/#organization\",\"name\":\"Product-Guide.org\",\"url\":\"https:\/\/product-guide.org\/\",\"logo\":{\"@type\":\"ImageObject\",\"inLanguage\":\"en-GB\",\"@id\":\"https:\/\/product-guide.org\/#\/schema\/logo\/image\/\",\"url\":\"https:\/\/product-guide.org\/wp-content\/uploads\/2022\/07\/logo_transparent_background.png\",\"contentUrl\":\"https:\/\/product-guide.org\/wp-content\/uploads\/2022\/07\/logo_transparent_background.png\",\"width\":3400,\"height\":1132,\"caption\":\"Product-Guide.org\"},\"image\":{\"@id\":\"https:\/\/product-guide.org\/#\/schema\/logo\/image\/\"}}]}<\/script>\n<!-- \/ Yoast SEO plugin. -->","yoast_head_json":{"title":"TRIMMSTRICK-SOCKEN | GOBI Cashmere | Product-Guide.org","description":"TRIMMSTRICK-SOCKEN | GOBI Cashmere gefunden von Product-Guide.org","robots":{"index":"index","follow":"follow","max-snippet":"max-snippet:-1","max-image-preview":"max-image-preview:large","max-video-preview":"max-video-preview:-1"},"canonical":"https:\/\/product-guide.org\/en\/produkt\/trimmstrick-socken-gobi-cashmere\/","og_locale":"en_GB","og_type":"article","og_title":"TRIMMSTRICK-SOCKEN | GOBI Cashmere | Product-Guide.org","og_description":"TRIMMSTRICK-SOCKEN | GOBI Cashmere gefunden von Product-Guide.org","og_url":"https:\/\/product-guide.org\/en\/produkt\/trimmstrick-socken-gobi-cashmere\/","og_site_name":"Product-Guide.org","twitter_card":"summary_large_image","schema":{"@context":"https:\/\/schema.org","@graph":[{"@type":"WebPage","@id":"https:\/\/product-guide.org\/produkt\/trimmstrick-socken-gobi-cashmere\/","url":"https:\/\/product-guide.org\/produkt\/trimmstrick-socken-gobi-cashmere\/","name":"TRIMMSTRICK-SOCKEN | GOBI Cashmere | Product-Guide.org","isPartOf":{"@id":"https:\/\/product-guide.org\/#website"},"primaryImageOfPage":{"@id":"https:\/\/product-guide.org\/produkt\/trimmstrick-socken-gobi-cashmere\/#primaryimage"},"image":{"@id":"https:\/\/product-guide.org\/produkt\/trimmstrick-socken-gobi-cashmere\/#primaryimage"},"thumbnailUrl":"https:\/\/product-guide.org\/wp-content\/uploads\/2025\/03\/2_2dde77b2-ec41-4820-8892-ddd626352ce9.jpg","datePublished":"2025-03-17T11:56:01+00:00","description":"TRIMMSTRICK-SOCKEN | GOBI Cashmere gefunden von Product-Guide.org","breadcrumb":{"@id":"https:\/\/product-guide.org\/produkt\/trimmstrick-socken-gobi-cashmere\/#breadcrumb"},"inLanguage":"en-GB","potentialAction":[{"@type":"ReadAction","target":["https:\/\/product-guide.org\/produkt\/trimmstrick-socken-gobi-cashmere\/"]}]},{"@type":"ImageObject","inLanguage":"en-GB","@id":"https:\/\/product-guide.org\/produkt\/trimmstrick-socken-gobi-cashmere\/#primaryimage","url":"https:\/\/product-guide.org\/wp-content\/uploads\/2025\/03\/2_2dde77b2-ec41-4820-8892-ddd626352ce9.jpg","contentUrl":"https:\/\/product-guide.org\/wp-content\/uploads\/2025\/03\/2_2dde77b2-ec41-4820-8892-ddd626352ce9.jpg","width":1440,"height":1920},{"@type":"BreadcrumbList","@id":"https:\/\/product-guide.org\/produkt\/trimmstrick-socken-gobi-cashmere\/#breadcrumb","itemListElement":[{"@type":"ListItem","position":1,"name":"Home","item":"https:\/\/product-guide.org\/"},{"@type":"ListItem","position":2,"name":"Ergebnisse","item":"https:\/\/product-guide.org\/de\/ergebnisse\/"},{"@type":"ListItem","position":3,"name":"TRIMMSTRICK-SOCKEN | GOBI Cashmere"}]},{"@type":"WebSite","@id":"https:\/\/product-guide.org\/#website","url":"https:\/\/product-guide.org\/","name":"Product-Guide.org","description":"What Product are you looking for?","publisher":{"@id":"https:\/\/product-guide.org\/#organization"},"potentialAction":[{"@type":"SearchAction","target":{"@type":"EntryPoint","urlTemplate":"https:\/\/product-guide.org\/?s={search_term_string}"},"query-input":{"@type":"PropertyValueSpecification","valueRequired":true,"valueName":"search_term_string"}}],"inLanguage":"en-GB"},{"@type":"Organization","@id":"https:\/\/product-guide.org\/#organization","name":"Product-Guide.org","url":"https:\/\/product-guide.org\/","logo":{"@type":"ImageObject","inLanguage":"en-GB","@id":"https:\/\/product-guide.org\/#\/schema\/logo\/image\/","url":"https:\/\/product-guide.org\/wp-content\/uploads\/2022\/07\/logo_transparent_background.png","contentUrl":"https:\/\/product-guide.org\/wp-content\/uploads\/2022\/07\/logo_transparent_background.png","width":3400,"height":1132,"caption":"Product-Guide.org"},"image":{"@id":"https:\/\/product-guide.org\/#\/schema\/logo\/image\/"}}]}},"_links":{"self":[{"href":"https:\/\/product-guide.org\/en\/wp-json\/wp\/v2\/product\/56808","targetHints":{"allow":["GET"]}}],"collection":[{"href":"https:\/\/product-guide.org\/en\/wp-json\/wp\/v2\/product"}],"about":[{"href":"https:\/\/product-guide.org\/en\/wp-json\/wp\/v2\/types\/product"}],"wp:featuredmedia":[{"embeddable":true,"href":"https:\/\/product-guide.org\/en\/wp-json\/wp\/v2\/media\/56807"}],"wp:attachment":[{"href":"https:\/\/product-guide.org\/en\/wp-json\/wp\/v2\/media?parent=56808"}],"wp:term":[{"taxonomy":"store","embeddable":true,"href":"https:\/\/product-guide.org\/en\/wp-json\/wp\/v2\/store?post=56808"},{"taxonomy":"product_brand","embeddable":true,"href":"https:\/\/product-guide.org\/en\/wp-json\/wp\/v2\/product_brand?post=56808"},{"taxonomy":"product_cat","embeddable":true,"href":"https:\/\/product-guide.org\/en\/wp-json\/wp\/v2\/product_cat?post=56808"},{"taxonomy":"product_tag","embeddable":true,"href":"https:\/\/product-guide.org\/en\/wp-json\/wp\/v2\/product_tag?post=56808"}],"curies":[{"name":"wp","href":"https:\/\/api.w.org\/{rel}","templated":true}]}}