{"id":56877,"date":"2025-03-17T12:56:48","date_gmt":"2025-03-17T11:56:48","guid":{"rendered":"https:\/\/product-guide.org\/produkt\/bestway-funspeakers-kinder-schlauchboot-polizeiboot-rutscherlebnis-shop\/"},"modified":"2025-03-17T12:56:48","modified_gmt":"2025-03-17T11:56:48","slug":"bestway-funspeakers-kinder-schlauchboot-polizeiboot-rutscherlebnis-shop","status":"publish","type":"product","link":"https:\/\/product-guide.org\/en\/produkt\/bestway-funspeakers-kinder-schlauchboot-polizeiboot-rutscherlebnis-shop\/","title":{"rendered":"Bestway Funspeakers Kinder-Schlauchboot Polizeiboot | Rutscherlebnis-Shop"},"content":{"rendered":"<p>Mit dem Bestway Funspeakers Kinder-Schlauchboot in Polizeiauto-Optik mit integrierten Lautsprechern k\u00f6nnen Action &#038; Spa\u00df auf dem Wasser losgehen. Das Kinderboot f\u00fcr Pool und Co. hat einen Druck-Knopf \u00fcber welchen ein Sirenen-Sound ausgel\u00f6st werden kann. Das Babyboot besteht aus hochwertigem Vinyl und liegt flach auf dem Wasser wodurch es f\u00fcr ausreichend Stabilit\u00e4t sorgt. Im Lieferumfang enthalten ist ein selbstklebender Reparaturflicken. Kinderschlauchboot mit Sound-Effekt Integrierte Lautsprecher mit Sirenen-Effekt Ma\u00dfe: ca. 97 x 74 cm 2 Luftkammern &#038; Sicherheitsventile Material: strapazierf\u00e4higes Vinyl Inklusive Reparaturflicken Bestway-Markenqualit\u00e4t Achtung: Nur im flachen Wasser unter Aufsicht von Erwachsenen verwenden. Achtung: Nicht f\u00fcr Kinder unter 36 Monaten geeignet. Achtung: Nur f\u00fcr den Hausgebrauch&#8230;.<\/p>\n","protected":false},"excerpt":{"rendered":"<p>Mit dem Bestway Funspeakers Kinder-Schlauchboot in Polizeiauto-Optik mit integrierten Lautsprechern k\u00f6nnen Action &#038; Spa\u00df auf dem Wasser losgehen. Das Kinderboot f\u00fcr Pool und Co. hat einen Druck-Knopf \u00fcber welchen ein Sirenen-Sound ausgel\u00f6st werden kann. Das Babyboot besteht aus hochwertigem Vinyl und liegt flach auf dem Wasser wodurch es f\u00fcr ausreichend Stabilit\u00e4t sorgt. Im Lieferumfang enthalten [&hellip;]<\/p>\n","protected":false},"featured_media":56876,"template":"","meta":{"_gspb_post_css":""},"store":[],"product_brand":[1448],"product_cat":[1290],"product_tag":[],"class_list":{"0":"post-56877","1":"product","2":"type-product","3":"status-publish","4":"has-post-thumbnail","6":"product_brand-rutscherlebnis-shop","7":"product_cat-uncategorized","9":"first","10":"instock","11":"shipping-taxable","12":"purchasable","13":"product-type-simple"},"yoast_head":"<!-- This site is optimized with the Yoast SEO plugin v24.6 - https:\/\/yoast.com\/wordpress\/plugins\/seo\/ -->\n<title>Bestway Funspeakers Kinder-Schlauchboot Polizeiboot | Rutscherlebnis-Shop | Product-Guide.org<\/title>\n<meta name=\"description\" content=\"Bestway Funspeakers Kinder-Schlauchboot Polizeiboot | Rutscherlebnis-Shop gefunden von Product-Guide.org\" \/>\n<meta name=\"robots\" content=\"index, follow, max-snippet:-1, max-image-preview:large, max-video-preview:-1\" \/>\n<link rel=\"canonical\" href=\"https:\/\/product-guide.org\/en\/produkt\/bestway-funspeakers-kinder-schlauchboot-polizeiboot-rutscherlebnis-shop\/\" \/>\n<meta property=\"og:locale\" content=\"en_GB\" \/>\n<meta property=\"og:type\" content=\"article\" \/>\n<meta property=\"og:title\" content=\"Bestway Funspeakers Kinder-Schlauchboot Polizeiboot | Rutscherlebnis-Shop | Product-Guide.org\" \/>\n<meta property=\"og:description\" content=\"Bestway Funspeakers Kinder-Schlauchboot Polizeiboot | Rutscherlebnis-Shop gefunden von Product-Guide.org\" \/>\n<meta property=\"og:url\" content=\"https:\/\/product-guide.org\/en\/produkt\/bestway-funspeakers-kinder-schlauchboot-polizeiboot-rutscherlebnis-shop\/\" \/>\n<meta property=\"og:site_name\" content=\"Product-Guide.org\" \/>\n<meta name=\"twitter:card\" content=\"summary_large_image\" \/>\n<script type=\"application\/ld+json\" class=\"yoast-schema-graph\">{\"@context\":\"https:\/\/schema.org\",\"@graph\":[{\"@type\":\"WebPage\",\"@id\":\"https:\/\/product-guide.org\/produkt\/bestway-funspeakers-kinder-schlauchboot-polizeiboot-rutscherlebnis-shop\/\",\"url\":\"https:\/\/product-guide.org\/produkt\/bestway-funspeakers-kinder-schlauchboot-polizeiboot-rutscherlebnis-shop\/\",\"name\":\"Bestway Funspeakers Kinder-Schlauchboot Polizeiboot | Rutscherlebnis-Shop | Product-Guide.org\",\"isPartOf\":{\"@id\":\"https:\/\/product-guide.org\/#website\"},\"primaryImageOfPage\":{\"@id\":\"https:\/\/product-guide.org\/produkt\/bestway-funspeakers-kinder-schlauchboot-polizeiboot-rutscherlebnis-shop\/#primaryimage\"},\"image\":{\"@id\":\"https:\/\/product-guide.org\/produkt\/bestway-funspeakers-kinder-schlauchboot-polizeiboot-rutscherlebnis-shop\/#primaryimage\"},\"thumbnailUrl\":\"https:\/\/product-guide.org\/wp-content\/uploads\/2025\/03\/7120_1_3_1280x1280.jpg\",\"datePublished\":\"2025-03-17T11:56:48+00:00\",\"description\":\"Bestway Funspeakers Kinder-Schlauchboot Polizeiboot | Rutscherlebnis-Shop gefunden von Product-Guide.org\",\"breadcrumb\":{\"@id\":\"https:\/\/product-guide.org\/produkt\/bestway-funspeakers-kinder-schlauchboot-polizeiboot-rutscherlebnis-shop\/#breadcrumb\"},\"inLanguage\":\"en-GB\",\"potentialAction\":[{\"@type\":\"ReadAction\",\"target\":[\"https:\/\/product-guide.org\/produkt\/bestway-funspeakers-kinder-schlauchboot-polizeiboot-rutscherlebnis-shop\/\"]}]},{\"@type\":\"ImageObject\",\"inLanguage\":\"en-GB\",\"@id\":\"https:\/\/product-guide.org\/produkt\/bestway-funspeakers-kinder-schlauchboot-polizeiboot-rutscherlebnis-shop\/#primaryimage\",\"url\":\"https:\/\/product-guide.org\/wp-content\/uploads\/2025\/03\/7120_1_3_1280x1280.jpg\",\"contentUrl\":\"https:\/\/product-guide.org\/wp-content\/uploads\/2025\/03\/7120_1_3_1280x1280.jpg\",\"width\":1280,\"height\":1280},{\"@type\":\"BreadcrumbList\",\"@id\":\"https:\/\/product-guide.org\/produkt\/bestway-funspeakers-kinder-schlauchboot-polizeiboot-rutscherlebnis-shop\/#breadcrumb\",\"itemListElement\":[{\"@type\":\"ListItem\",\"position\":1,\"name\":\"Home\",\"item\":\"https:\/\/product-guide.org\/\"},{\"@type\":\"ListItem\",\"position\":2,\"name\":\"Ergebnisse\",\"item\":\"https:\/\/product-guide.org\/de\/ergebnisse\/\"},{\"@type\":\"ListItem\",\"position\":3,\"name\":\"Bestway Funspeakers Kinder-Schlauchboot Polizeiboot | Rutscherlebnis-Shop\"}]},{\"@type\":\"WebSite\",\"@id\":\"https:\/\/product-guide.org\/#website\",\"url\":\"https:\/\/product-guide.org\/\",\"name\":\"Product-Guide.org\",\"description\":\"What Product are you looking for?\",\"publisher\":{\"@id\":\"https:\/\/product-guide.org\/#organization\"},\"potentialAction\":[{\"@type\":\"SearchAction\",\"target\":{\"@type\":\"EntryPoint\",\"urlTemplate\":\"https:\/\/product-guide.org\/?s={search_term_string}\"},\"query-input\":{\"@type\":\"PropertyValueSpecification\",\"valueRequired\":true,\"valueName\":\"search_term_string\"}}],\"inLanguage\":\"en-GB\"},{\"@type\":\"Organization\",\"@id\":\"https:\/\/product-guide.org\/#organization\",\"name\":\"Product-Guide.org\",\"url\":\"https:\/\/product-guide.org\/\",\"logo\":{\"@type\":\"ImageObject\",\"inLanguage\":\"en-GB\",\"@id\":\"https:\/\/product-guide.org\/#\/schema\/logo\/image\/\",\"url\":\"https:\/\/product-guide.org\/wp-content\/uploads\/2022\/07\/logo_transparent_background.png\",\"contentUrl\":\"https:\/\/product-guide.org\/wp-content\/uploads\/2022\/07\/logo_transparent_background.png\",\"width\":3400,\"height\":1132,\"caption\":\"Product-Guide.org\"},\"image\":{\"@id\":\"https:\/\/product-guide.org\/#\/schema\/logo\/image\/\"}}]}<\/script>\n<!-- \/ Yoast SEO plugin. -->","yoast_head_json":{"title":"Bestway Funspeakers Kinder-Schlauchboot Polizeiboot | Rutscherlebnis-Shop | Product-Guide.org","description":"Bestway Funspeakers Kinder-Schlauchboot Polizeiboot | Rutscherlebnis-Shop gefunden von Product-Guide.org","robots":{"index":"index","follow":"follow","max-snippet":"max-snippet:-1","max-image-preview":"max-image-preview:large","max-video-preview":"max-video-preview:-1"},"canonical":"https:\/\/product-guide.org\/en\/produkt\/bestway-funspeakers-kinder-schlauchboot-polizeiboot-rutscherlebnis-shop\/","og_locale":"en_GB","og_type":"article","og_title":"Bestway Funspeakers Kinder-Schlauchboot Polizeiboot | Rutscherlebnis-Shop | Product-Guide.org","og_description":"Bestway Funspeakers Kinder-Schlauchboot Polizeiboot | Rutscherlebnis-Shop gefunden von Product-Guide.org","og_url":"https:\/\/product-guide.org\/en\/produkt\/bestway-funspeakers-kinder-schlauchboot-polizeiboot-rutscherlebnis-shop\/","og_site_name":"Product-Guide.org","twitter_card":"summary_large_image","schema":{"@context":"https:\/\/schema.org","@graph":[{"@type":"WebPage","@id":"https:\/\/product-guide.org\/produkt\/bestway-funspeakers-kinder-schlauchboot-polizeiboot-rutscherlebnis-shop\/","url":"https:\/\/product-guide.org\/produkt\/bestway-funspeakers-kinder-schlauchboot-polizeiboot-rutscherlebnis-shop\/","name":"Bestway Funspeakers Kinder-Schlauchboot Polizeiboot | Rutscherlebnis-Shop | Product-Guide.org","isPartOf":{"@id":"https:\/\/product-guide.org\/#website"},"primaryImageOfPage":{"@id":"https:\/\/product-guide.org\/produkt\/bestway-funspeakers-kinder-schlauchboot-polizeiboot-rutscherlebnis-shop\/#primaryimage"},"image":{"@id":"https:\/\/product-guide.org\/produkt\/bestway-funspeakers-kinder-schlauchboot-polizeiboot-rutscherlebnis-shop\/#primaryimage"},"thumbnailUrl":"https:\/\/product-guide.org\/wp-content\/uploads\/2025\/03\/7120_1_3_1280x1280.jpg","datePublished":"2025-03-17T11:56:48+00:00","description":"Bestway Funspeakers Kinder-Schlauchboot Polizeiboot | Rutscherlebnis-Shop gefunden von Product-Guide.org","breadcrumb":{"@id":"https:\/\/product-guide.org\/produkt\/bestway-funspeakers-kinder-schlauchboot-polizeiboot-rutscherlebnis-shop\/#breadcrumb"},"inLanguage":"en-GB","potentialAction":[{"@type":"ReadAction","target":["https:\/\/product-guide.org\/produkt\/bestway-funspeakers-kinder-schlauchboot-polizeiboot-rutscherlebnis-shop\/"]}]},{"@type":"ImageObject","inLanguage":"en-GB","@id":"https:\/\/product-guide.org\/produkt\/bestway-funspeakers-kinder-schlauchboot-polizeiboot-rutscherlebnis-shop\/#primaryimage","url":"https:\/\/product-guide.org\/wp-content\/uploads\/2025\/03\/7120_1_3_1280x1280.jpg","contentUrl":"https:\/\/product-guide.org\/wp-content\/uploads\/2025\/03\/7120_1_3_1280x1280.jpg","width":1280,"height":1280},{"@type":"BreadcrumbList","@id":"https:\/\/product-guide.org\/produkt\/bestway-funspeakers-kinder-schlauchboot-polizeiboot-rutscherlebnis-shop\/#breadcrumb","itemListElement":[{"@type":"ListItem","position":1,"name":"Home","item":"https:\/\/product-guide.org\/"},{"@type":"ListItem","position":2,"name":"Ergebnisse","item":"https:\/\/product-guide.org\/de\/ergebnisse\/"},{"@type":"ListItem","position":3,"name":"Bestway Funspeakers Kinder-Schlauchboot Polizeiboot | Rutscherlebnis-Shop"}]},{"@type":"WebSite","@id":"https:\/\/product-guide.org\/#website","url":"https:\/\/product-guide.org\/","name":"Product-Guide.org","description":"What Product are you looking for?","publisher":{"@id":"https:\/\/product-guide.org\/#organization"},"potentialAction":[{"@type":"SearchAction","target":{"@type":"EntryPoint","urlTemplate":"https:\/\/product-guide.org\/?s={search_term_string}"},"query-input":{"@type":"PropertyValueSpecification","valueRequired":true,"valueName":"search_term_string"}}],"inLanguage":"en-GB"},{"@type":"Organization","@id":"https:\/\/product-guide.org\/#organization","name":"Product-Guide.org","url":"https:\/\/product-guide.org\/","logo":{"@type":"ImageObject","inLanguage":"en-GB","@id":"https:\/\/product-guide.org\/#\/schema\/logo\/image\/","url":"https:\/\/product-guide.org\/wp-content\/uploads\/2022\/07\/logo_transparent_background.png","contentUrl":"https:\/\/product-guide.org\/wp-content\/uploads\/2022\/07\/logo_transparent_background.png","width":3400,"height":1132,"caption":"Product-Guide.org"},"image":{"@id":"https:\/\/product-guide.org\/#\/schema\/logo\/image\/"}}]}},"_links":{"self":[{"href":"https:\/\/product-guide.org\/en\/wp-json\/wp\/v2\/product\/56877","targetHints":{"allow":["GET"]}}],"collection":[{"href":"https:\/\/product-guide.org\/en\/wp-json\/wp\/v2\/product"}],"about":[{"href":"https:\/\/product-guide.org\/en\/wp-json\/wp\/v2\/types\/product"}],"wp:featuredmedia":[{"embeddable":true,"href":"https:\/\/product-guide.org\/en\/wp-json\/wp\/v2\/media\/56876"}],"wp:attachment":[{"href":"https:\/\/product-guide.org\/en\/wp-json\/wp\/v2\/media?parent=56877"}],"wp:term":[{"taxonomy":"store","embeddable":true,"href":"https:\/\/product-guide.org\/en\/wp-json\/wp\/v2\/store?post=56877"},{"taxonomy":"product_brand","embeddable":true,"href":"https:\/\/product-guide.org\/en\/wp-json\/wp\/v2\/product_brand?post=56877"},{"taxonomy":"product_cat","embeddable":true,"href":"https:\/\/product-guide.org\/en\/wp-json\/wp\/v2\/product_cat?post=56877"},{"taxonomy":"product_tag","embeddable":true,"href":"https:\/\/product-guide.org\/en\/wp-json\/wp\/v2\/product_tag?post=56877"}],"curies":[{"name":"wp","href":"https:\/\/api.w.org\/{rel}","templated":true}]}}