{"id":57882,"date":"2025-03-17T13:11:54","date_gmt":"2025-03-17T12:11:54","guid":{"rendered":"https:\/\/product-guide.org\/produkt\/ironmaxx-immufuel-30-ampullen-bodyshop3000-de\/"},"modified":"2025-03-17T13:11:54","modified_gmt":"2025-03-17T12:11:54","slug":"ironmaxx-immufuel-30-ampullen-bodyshop3000-de","status":"publish","type":"product","link":"https:\/\/product-guide.org\/en\/produkt\/ironmaxx-immufuel-30-ampullen-bodyshop3000-de\/","title":{"rendered":"Ironmaxx Immufuel (30 Ampullen) | bodyshop3000.de"},"content":{"rendered":"<p>ZUTATEN Zutaten: Wasser, Orangensaftkonzentrat, Glycerin, Maisst\u00e4rke, Natriumascorbat, Maracujasaftkonzentrat,Maltodextrin, Aroma, DL-alpha Tocopherylacetat, S\u00e4uerungsmittel (Milchs\u00e4ure), Nicotinam&#8230;<\/p>\n","protected":false},"excerpt":{"rendered":"<p>ZUTATEN Zutaten: Wasser, Orangensaftkonzentrat, Glycerin, Maisst\u00e4rke, Natriumascorbat, Maracujasaftkonzentrat,Maltodextrin, Aroma, DL-alpha Tocopherylacetat, S\u00e4uerungsmittel (Milchs\u00e4ure), Nicotinam&#8230;<\/p>\n","protected":false},"featured_media":57881,"template":"","meta":{"_gspb_post_css":""},"store":[],"product_brand":[1457],"product_cat":[1290],"product_tag":[],"class_list":{"0":"post-57882","1":"product","2":"type-product","3":"status-publish","4":"has-post-thumbnail","6":"product_brand-bodyshop3000-de","7":"product_cat-uncategorized","9":"first","10":"instock","11":"shipping-taxable","12":"purchasable","13":"product-type-simple"},"yoast_head":"<!-- This site is optimized with the Yoast SEO plugin v24.6 - https:\/\/yoast.com\/wordpress\/plugins\/seo\/ -->\n<title>Ironmaxx Immufuel (30 Ampullen) | bodyshop3000.de | Product-Guide.org<\/title>\n<meta name=\"description\" content=\"Ironmaxx Immufuel (30 Ampullen) | bodyshop3000.de gefunden von Product-Guide.org\" \/>\n<meta name=\"robots\" content=\"index, follow, max-snippet:-1, max-image-preview:large, max-video-preview:-1\" \/>\n<link rel=\"canonical\" href=\"https:\/\/product-guide.org\/en\/produkt\/ironmaxx-immufuel-30-ampullen-bodyshop3000-de\/\" \/>\n<meta property=\"og:locale\" content=\"en_GB\" \/>\n<meta property=\"og:type\" content=\"article\" \/>\n<meta property=\"og:title\" content=\"Ironmaxx Immufuel (30 Ampullen) | bodyshop3000.de | Product-Guide.org\" \/>\n<meta property=\"og:description\" content=\"Ironmaxx Immufuel (30 Ampullen) | bodyshop3000.de gefunden von Product-Guide.org\" \/>\n<meta property=\"og:url\" content=\"https:\/\/product-guide.org\/en\/produkt\/ironmaxx-immufuel-30-ampullen-bodyshop3000-de\/\" \/>\n<meta property=\"og:site_name\" content=\"Product-Guide.org\" \/>\n<meta name=\"twitter:card\" content=\"summary_large_image\" \/>\n<script type=\"application\/ld+json\" class=\"yoast-schema-graph\">{\"@context\":\"https:\/\/schema.org\",\"@graph\":[{\"@type\":\"WebPage\",\"@id\":\"https:\/\/product-guide.org\/produkt\/ironmaxx-immufuel-30-ampullen-bodyshop3000-de\/\",\"url\":\"https:\/\/product-guide.org\/produkt\/ironmaxx-immufuel-30-ampullen-bodyshop3000-de\/\",\"name\":\"Ironmaxx Immufuel (30 Ampullen) | bodyshop3000.de | Product-Guide.org\",\"isPartOf\":{\"@id\":\"https:\/\/product-guide.org\/#website\"},\"primaryImageOfPage\":{\"@id\":\"https:\/\/product-guide.org\/produkt\/ironmaxx-immufuel-30-ampullen-bodyshop3000-de\/#primaryimage\"},\"image\":{\"@id\":\"https:\/\/product-guide.org\/produkt\/ironmaxx-immufuel-30-ampullen-bodyshop3000-de\/#primaryimage\"},\"thumbnailUrl\":\"https:\/\/product-guide.org\/wp-content\/uploads\/2025\/03\/ironmaxx_immufuel_30x25ml_orange_copy_1280x1280.jpg\",\"datePublished\":\"2025-03-17T12:11:54+00:00\",\"description\":\"Ironmaxx Immufuel (30 Ampullen) | bodyshop3000.de gefunden von Product-Guide.org\",\"breadcrumb\":{\"@id\":\"https:\/\/product-guide.org\/produkt\/ironmaxx-immufuel-30-ampullen-bodyshop3000-de\/#breadcrumb\"},\"inLanguage\":\"en-GB\",\"potentialAction\":[{\"@type\":\"ReadAction\",\"target\":[\"https:\/\/product-guide.org\/produkt\/ironmaxx-immufuel-30-ampullen-bodyshop3000-de\/\"]}]},{\"@type\":\"ImageObject\",\"inLanguage\":\"en-GB\",\"@id\":\"https:\/\/product-guide.org\/produkt\/ironmaxx-immufuel-30-ampullen-bodyshop3000-de\/#primaryimage\",\"url\":\"https:\/\/product-guide.org\/wp-content\/uploads\/2025\/03\/ironmaxx_immufuel_30x25ml_orange_copy_1280x1280.jpg\",\"contentUrl\":\"https:\/\/product-guide.org\/wp-content\/uploads\/2025\/03\/ironmaxx_immufuel_30x25ml_orange_copy_1280x1280.jpg\",\"width\":500,\"height\":662},{\"@type\":\"BreadcrumbList\",\"@id\":\"https:\/\/product-guide.org\/produkt\/ironmaxx-immufuel-30-ampullen-bodyshop3000-de\/#breadcrumb\",\"itemListElement\":[{\"@type\":\"ListItem\",\"position\":1,\"name\":\"Home\",\"item\":\"https:\/\/product-guide.org\/\"},{\"@type\":\"ListItem\",\"position\":2,\"name\":\"Ergebnisse\",\"item\":\"https:\/\/product-guide.org\/de\/ergebnisse\/\"},{\"@type\":\"ListItem\",\"position\":3,\"name\":\"Ironmaxx Immufuel (30 Ampullen) | bodyshop3000.de\"}]},{\"@type\":\"WebSite\",\"@id\":\"https:\/\/product-guide.org\/#website\",\"url\":\"https:\/\/product-guide.org\/\",\"name\":\"Product-Guide.org\",\"description\":\"What Product are you looking for?\",\"publisher\":{\"@id\":\"https:\/\/product-guide.org\/#organization\"},\"potentialAction\":[{\"@type\":\"SearchAction\",\"target\":{\"@type\":\"EntryPoint\",\"urlTemplate\":\"https:\/\/product-guide.org\/?s={search_term_string}\"},\"query-input\":{\"@type\":\"PropertyValueSpecification\",\"valueRequired\":true,\"valueName\":\"search_term_string\"}}],\"inLanguage\":\"en-GB\"},{\"@type\":\"Organization\",\"@id\":\"https:\/\/product-guide.org\/#organization\",\"name\":\"Product-Guide.org\",\"url\":\"https:\/\/product-guide.org\/\",\"logo\":{\"@type\":\"ImageObject\",\"inLanguage\":\"en-GB\",\"@id\":\"https:\/\/product-guide.org\/#\/schema\/logo\/image\/\",\"url\":\"https:\/\/product-guide.org\/wp-content\/uploads\/2022\/07\/logo_transparent_background.png\",\"contentUrl\":\"https:\/\/product-guide.org\/wp-content\/uploads\/2022\/07\/logo_transparent_background.png\",\"width\":3400,\"height\":1132,\"caption\":\"Product-Guide.org\"},\"image\":{\"@id\":\"https:\/\/product-guide.org\/#\/schema\/logo\/image\/\"}}]}<\/script>\n<!-- \/ Yoast SEO plugin. -->","yoast_head_json":{"title":"Ironmaxx Immufuel (30 Ampullen) | bodyshop3000.de | Product-Guide.org","description":"Ironmaxx Immufuel (30 Ampullen) | bodyshop3000.de gefunden von Product-Guide.org","robots":{"index":"index","follow":"follow","max-snippet":"max-snippet:-1","max-image-preview":"max-image-preview:large","max-video-preview":"max-video-preview:-1"},"canonical":"https:\/\/product-guide.org\/en\/produkt\/ironmaxx-immufuel-30-ampullen-bodyshop3000-de\/","og_locale":"en_GB","og_type":"article","og_title":"Ironmaxx Immufuel (30 Ampullen) | bodyshop3000.de | Product-Guide.org","og_description":"Ironmaxx Immufuel (30 Ampullen) | bodyshop3000.de gefunden von Product-Guide.org","og_url":"https:\/\/product-guide.org\/en\/produkt\/ironmaxx-immufuel-30-ampullen-bodyshop3000-de\/","og_site_name":"Product-Guide.org","twitter_card":"summary_large_image","schema":{"@context":"https:\/\/schema.org","@graph":[{"@type":"WebPage","@id":"https:\/\/product-guide.org\/produkt\/ironmaxx-immufuel-30-ampullen-bodyshop3000-de\/","url":"https:\/\/product-guide.org\/produkt\/ironmaxx-immufuel-30-ampullen-bodyshop3000-de\/","name":"Ironmaxx Immufuel (30 Ampullen) | bodyshop3000.de | Product-Guide.org","isPartOf":{"@id":"https:\/\/product-guide.org\/#website"},"primaryImageOfPage":{"@id":"https:\/\/product-guide.org\/produkt\/ironmaxx-immufuel-30-ampullen-bodyshop3000-de\/#primaryimage"},"image":{"@id":"https:\/\/product-guide.org\/produkt\/ironmaxx-immufuel-30-ampullen-bodyshop3000-de\/#primaryimage"},"thumbnailUrl":"https:\/\/product-guide.org\/wp-content\/uploads\/2025\/03\/ironmaxx_immufuel_30x25ml_orange_copy_1280x1280.jpg","datePublished":"2025-03-17T12:11:54+00:00","description":"Ironmaxx Immufuel (30 Ampullen) | bodyshop3000.de gefunden von Product-Guide.org","breadcrumb":{"@id":"https:\/\/product-guide.org\/produkt\/ironmaxx-immufuel-30-ampullen-bodyshop3000-de\/#breadcrumb"},"inLanguage":"en-GB","potentialAction":[{"@type":"ReadAction","target":["https:\/\/product-guide.org\/produkt\/ironmaxx-immufuel-30-ampullen-bodyshop3000-de\/"]}]},{"@type":"ImageObject","inLanguage":"en-GB","@id":"https:\/\/product-guide.org\/produkt\/ironmaxx-immufuel-30-ampullen-bodyshop3000-de\/#primaryimage","url":"https:\/\/product-guide.org\/wp-content\/uploads\/2025\/03\/ironmaxx_immufuel_30x25ml_orange_copy_1280x1280.jpg","contentUrl":"https:\/\/product-guide.org\/wp-content\/uploads\/2025\/03\/ironmaxx_immufuel_30x25ml_orange_copy_1280x1280.jpg","width":500,"height":662},{"@type":"BreadcrumbList","@id":"https:\/\/product-guide.org\/produkt\/ironmaxx-immufuel-30-ampullen-bodyshop3000-de\/#breadcrumb","itemListElement":[{"@type":"ListItem","position":1,"name":"Home","item":"https:\/\/product-guide.org\/"},{"@type":"ListItem","position":2,"name":"Ergebnisse","item":"https:\/\/product-guide.org\/de\/ergebnisse\/"},{"@type":"ListItem","position":3,"name":"Ironmaxx Immufuel (30 Ampullen) | bodyshop3000.de"}]},{"@type":"WebSite","@id":"https:\/\/product-guide.org\/#website","url":"https:\/\/product-guide.org\/","name":"Product-Guide.org","description":"What Product are you looking for?","publisher":{"@id":"https:\/\/product-guide.org\/#organization"},"potentialAction":[{"@type":"SearchAction","target":{"@type":"EntryPoint","urlTemplate":"https:\/\/product-guide.org\/?s={search_term_string}"},"query-input":{"@type":"PropertyValueSpecification","valueRequired":true,"valueName":"search_term_string"}}],"inLanguage":"en-GB"},{"@type":"Organization","@id":"https:\/\/product-guide.org\/#organization","name":"Product-Guide.org","url":"https:\/\/product-guide.org\/","logo":{"@type":"ImageObject","inLanguage":"en-GB","@id":"https:\/\/product-guide.org\/#\/schema\/logo\/image\/","url":"https:\/\/product-guide.org\/wp-content\/uploads\/2022\/07\/logo_transparent_background.png","contentUrl":"https:\/\/product-guide.org\/wp-content\/uploads\/2022\/07\/logo_transparent_background.png","width":3400,"height":1132,"caption":"Product-Guide.org"},"image":{"@id":"https:\/\/product-guide.org\/#\/schema\/logo\/image\/"}}]}},"_links":{"self":[{"href":"https:\/\/product-guide.org\/en\/wp-json\/wp\/v2\/product\/57882","targetHints":{"allow":["GET"]}}],"collection":[{"href":"https:\/\/product-guide.org\/en\/wp-json\/wp\/v2\/product"}],"about":[{"href":"https:\/\/product-guide.org\/en\/wp-json\/wp\/v2\/types\/product"}],"wp:featuredmedia":[{"embeddable":true,"href":"https:\/\/product-guide.org\/en\/wp-json\/wp\/v2\/media\/57881"}],"wp:attachment":[{"href":"https:\/\/product-guide.org\/en\/wp-json\/wp\/v2\/media?parent=57882"}],"wp:term":[{"taxonomy":"store","embeddable":true,"href":"https:\/\/product-guide.org\/en\/wp-json\/wp\/v2\/store?post=57882"},{"taxonomy":"product_brand","embeddable":true,"href":"https:\/\/product-guide.org\/en\/wp-json\/wp\/v2\/product_brand?post=57882"},{"taxonomy":"product_cat","embeddable":true,"href":"https:\/\/product-guide.org\/en\/wp-json\/wp\/v2\/product_cat?post=57882"},{"taxonomy":"product_tag","embeddable":true,"href":"https:\/\/product-guide.org\/en\/wp-json\/wp\/v2\/product_tag?post=57882"}],"curies":[{"name":"wp","href":"https:\/\/api.w.org\/{rel}","templated":true}]}}