{"id":58089,"date":"2025-03-17T13:15:05","date_gmt":"2025-03-17T12:15:05","guid":{"rendered":"https:\/\/product-guide.org\/produkt\/astaxanthin-bioprophyl-2\/"},"modified":"2025-03-17T13:15:06","modified_gmt":"2025-03-17T12:15:06","slug":"astaxanthin-bioprophyl-2","status":"publish","type":"product","link":"https:\/\/product-guide.org\/en\/produkt\/astaxanthin-bioprophyl-2\/","title":{"rendered":"Astaxanthin | BioProphyl"},"content":{"rendered":"<p>Astaxanthin: 8 mg Astaxanthin aus Haematococcus pluvialis Astaxanthin enth\u00e4lt 8 mg nat\u00fcrliches Astaxanthin als Extrakt aus der Gr\u00fcnalge Haematococcus pluvialis gel\u00f6st in nativem Oliven\u00f6l und erg\u00e4nzt mit nat\u00fcrlichem Vitamin E zum Schutz der Zellen vor oxidativem Stress. Die Kapseln sind zu 100 % pflanzlich und damit auch ideal f\u00fcr Vegetarier und Veganer. Astaxanthin &#8211; Eine Alge im Stresstest Astaxanthin geh\u00f6rt zu den sekund\u00e4ren Pflanzenstoffen und z\u00e4hlt als Farbstoff zur Gruppe der Carotinoide. Nat\u00fcrlicherweise wird es von der Mikroalge Haematococcus pluvialis gebildet. Diese setzt Astaxanthin in Stresssituationen frei, wie zum Beispiel bei l\u00e4ngeren D\u00fcrreperioden, starker K\u00e4lte oder Nahrungsknappheit. Um ihr \u00dcberleben sicherzustellen, drosselt sie ihre Stoffwechselaktivit\u00e4t auf ein Minimum. Sobald sich die Umweltbedingungen wieder gebessert haben, erwacht die kleine Gr\u00fcnalge aus ihrem Schlaf und ihr Stoffwechsel nimmt seine gewohnten T\u00e4tigkeiten wieder auf. Astaxanthin verleiht ihr also eine enorme Widerstandskraft gegen extreme Einfl\u00fcsse aus der Umwelt.<\/p>\n","protected":false},"excerpt":{"rendered":"<p>Astaxanthin: 8 mg Astaxanthin aus Haematococcus pluvialis Astaxanthin enth\u00e4lt 8 mg nat\u00fcrliches Astaxanthin als Extrakt aus der Gr\u00fcnalge Haematococcus pluvialis gel\u00f6st in nativem Oliven\u00f6l und erg\u00e4nzt mit nat\u00fcrlichem Vitamin E zum Schutz der Zellen vor oxidativem Stress. Die Kapseln sind zu 100 % pflanzlich und damit auch ideal f\u00fcr Vegetarier und Veganer. Astaxanthin &#8211; Eine [&hellip;]<\/p>\n","protected":false},"featured_media":58088,"template":"","meta":{"_gspb_post_css":""},"store":[],"product_brand":[1463],"product_cat":[1290],"product_tag":[],"class_list":{"0":"post-58089","1":"product","2":"type-product","3":"status-publish","4":"has-post-thumbnail","6":"product_brand-yougarden-com","7":"product_cat-uncategorized","9":"first","10":"instock","11":"shipping-taxable","12":"purchasable","13":"product-type-simple"},"yoast_head":"<!-- This site is optimized with the Yoast SEO plugin v24.6 - https:\/\/yoast.com\/wordpress\/plugins\/seo\/ -->\n<title>Astaxanthin | BioProphyl | Product-Guide.org<\/title>\n<meta name=\"description\" content=\"Astaxanthin | BioProphyl gefunden von Product-Guide.org\" \/>\n<meta name=\"robots\" content=\"index, follow, max-snippet:-1, max-image-preview:large, max-video-preview:-1\" \/>\n<link rel=\"canonical\" href=\"https:\/\/product-guide.org\/en\/produkt\/astaxanthin-bioprophyl-2\/\" \/>\n<meta property=\"og:locale\" content=\"en_GB\" \/>\n<meta property=\"og:type\" content=\"article\" \/>\n<meta property=\"og:title\" content=\"Astaxanthin | BioProphyl | Product-Guide.org\" \/>\n<meta property=\"og:description\" content=\"Astaxanthin | BioProphyl gefunden von Product-Guide.org\" \/>\n<meta property=\"og:url\" content=\"https:\/\/product-guide.org\/en\/produkt\/astaxanthin-bioprophyl-2\/\" \/>\n<meta property=\"og:site_name\" content=\"Product-Guide.org\" \/>\n<meta property=\"article:modified_time\" content=\"2025-03-17T12:15:06+00:00\" \/>\n<meta name=\"twitter:card\" content=\"summary_large_image\" \/>\n<script type=\"application\/ld+json\" class=\"yoast-schema-graph\">{\"@context\":\"https:\/\/schema.org\",\"@graph\":[{\"@type\":\"WebPage\",\"@id\":\"https:\/\/product-guide.org\/produkt\/astaxanthin-bioprophyl-2\/\",\"url\":\"https:\/\/product-guide.org\/produkt\/astaxanthin-bioprophyl-2\/\",\"name\":\"Astaxanthin | BioProphyl | Product-Guide.org\",\"isPartOf\":{\"@id\":\"https:\/\/product-guide.org\/#website\"},\"primaryImageOfPage\":{\"@id\":\"https:\/\/product-guide.org\/produkt\/astaxanthin-bioprophyl-2\/#primaryimage\"},\"image\":{\"@id\":\"https:\/\/product-guide.org\/produkt\/astaxanthin-bioprophyl-2\/#primaryimage\"},\"thumbnailUrl\":\"https:\/\/product-guide.org\/wp-content\/uploads\/2025\/03\/Freisteller_Astaxanthin.png\",\"datePublished\":\"2025-03-17T12:15:05+00:00\",\"dateModified\":\"2025-03-17T12:15:06+00:00\",\"description\":\"Astaxanthin | BioProphyl gefunden von Product-Guide.org\",\"breadcrumb\":{\"@id\":\"https:\/\/product-guide.org\/produkt\/astaxanthin-bioprophyl-2\/#breadcrumb\"},\"inLanguage\":\"en-GB\",\"potentialAction\":[{\"@type\":\"ReadAction\",\"target\":[\"https:\/\/product-guide.org\/produkt\/astaxanthin-bioprophyl-2\/\"]}]},{\"@type\":\"ImageObject\",\"inLanguage\":\"en-GB\",\"@id\":\"https:\/\/product-guide.org\/produkt\/astaxanthin-bioprophyl-2\/#primaryimage\",\"url\":\"https:\/\/product-guide.org\/wp-content\/uploads\/2025\/03\/Freisteller_Astaxanthin.png\",\"contentUrl\":\"https:\/\/product-guide.org\/wp-content\/uploads\/2025\/03\/Freisteller_Astaxanthin.png\",\"width\":1800,\"height\":1800},{\"@type\":\"BreadcrumbList\",\"@id\":\"https:\/\/product-guide.org\/produkt\/astaxanthin-bioprophyl-2\/#breadcrumb\",\"itemListElement\":[{\"@type\":\"ListItem\",\"position\":1,\"name\":\"Home\",\"item\":\"https:\/\/product-guide.org\/\"},{\"@type\":\"ListItem\",\"position\":2,\"name\":\"Ergebnisse\",\"item\":\"https:\/\/product-guide.org\/de\/ergebnisse\/\"},{\"@type\":\"ListItem\",\"position\":3,\"name\":\"Astaxanthin | BioProphyl\"}]},{\"@type\":\"WebSite\",\"@id\":\"https:\/\/product-guide.org\/#website\",\"url\":\"https:\/\/product-guide.org\/\",\"name\":\"Product-Guide.org\",\"description\":\"What Product are you looking for?\",\"publisher\":{\"@id\":\"https:\/\/product-guide.org\/#organization\"},\"potentialAction\":[{\"@type\":\"SearchAction\",\"target\":{\"@type\":\"EntryPoint\",\"urlTemplate\":\"https:\/\/product-guide.org\/?s={search_term_string}\"},\"query-input\":{\"@type\":\"PropertyValueSpecification\",\"valueRequired\":true,\"valueName\":\"search_term_string\"}}],\"inLanguage\":\"en-GB\"},{\"@type\":\"Organization\",\"@id\":\"https:\/\/product-guide.org\/#organization\",\"name\":\"Product-Guide.org\",\"url\":\"https:\/\/product-guide.org\/\",\"logo\":{\"@type\":\"ImageObject\",\"inLanguage\":\"en-GB\",\"@id\":\"https:\/\/product-guide.org\/#\/schema\/logo\/image\/\",\"url\":\"https:\/\/product-guide.org\/wp-content\/uploads\/2022\/07\/logo_transparent_background.png\",\"contentUrl\":\"https:\/\/product-guide.org\/wp-content\/uploads\/2022\/07\/logo_transparent_background.png\",\"width\":3400,\"height\":1132,\"caption\":\"Product-Guide.org\"},\"image\":{\"@id\":\"https:\/\/product-guide.org\/#\/schema\/logo\/image\/\"}}]}<\/script>\n<!-- \/ Yoast SEO plugin. -->","yoast_head_json":{"title":"Astaxanthin | BioProphyl | Product-Guide.org","description":"Astaxanthin | BioProphyl gefunden von Product-Guide.org","robots":{"index":"index","follow":"follow","max-snippet":"max-snippet:-1","max-image-preview":"max-image-preview:large","max-video-preview":"max-video-preview:-1"},"canonical":"https:\/\/product-guide.org\/en\/produkt\/astaxanthin-bioprophyl-2\/","og_locale":"en_GB","og_type":"article","og_title":"Astaxanthin | BioProphyl | Product-Guide.org","og_description":"Astaxanthin | BioProphyl gefunden von Product-Guide.org","og_url":"https:\/\/product-guide.org\/en\/produkt\/astaxanthin-bioprophyl-2\/","og_site_name":"Product-Guide.org","article_modified_time":"2025-03-17T12:15:06+00:00","twitter_card":"summary_large_image","schema":{"@context":"https:\/\/schema.org","@graph":[{"@type":"WebPage","@id":"https:\/\/product-guide.org\/produkt\/astaxanthin-bioprophyl-2\/","url":"https:\/\/product-guide.org\/produkt\/astaxanthin-bioprophyl-2\/","name":"Astaxanthin | BioProphyl | Product-Guide.org","isPartOf":{"@id":"https:\/\/product-guide.org\/#website"},"primaryImageOfPage":{"@id":"https:\/\/product-guide.org\/produkt\/astaxanthin-bioprophyl-2\/#primaryimage"},"image":{"@id":"https:\/\/product-guide.org\/produkt\/astaxanthin-bioprophyl-2\/#primaryimage"},"thumbnailUrl":"https:\/\/product-guide.org\/wp-content\/uploads\/2025\/03\/Freisteller_Astaxanthin.png","datePublished":"2025-03-17T12:15:05+00:00","dateModified":"2025-03-17T12:15:06+00:00","description":"Astaxanthin | BioProphyl gefunden von Product-Guide.org","breadcrumb":{"@id":"https:\/\/product-guide.org\/produkt\/astaxanthin-bioprophyl-2\/#breadcrumb"},"inLanguage":"en-GB","potentialAction":[{"@type":"ReadAction","target":["https:\/\/product-guide.org\/produkt\/astaxanthin-bioprophyl-2\/"]}]},{"@type":"ImageObject","inLanguage":"en-GB","@id":"https:\/\/product-guide.org\/produkt\/astaxanthin-bioprophyl-2\/#primaryimage","url":"https:\/\/product-guide.org\/wp-content\/uploads\/2025\/03\/Freisteller_Astaxanthin.png","contentUrl":"https:\/\/product-guide.org\/wp-content\/uploads\/2025\/03\/Freisteller_Astaxanthin.png","width":1800,"height":1800},{"@type":"BreadcrumbList","@id":"https:\/\/product-guide.org\/produkt\/astaxanthin-bioprophyl-2\/#breadcrumb","itemListElement":[{"@type":"ListItem","position":1,"name":"Home","item":"https:\/\/product-guide.org\/"},{"@type":"ListItem","position":2,"name":"Ergebnisse","item":"https:\/\/product-guide.org\/de\/ergebnisse\/"},{"@type":"ListItem","position":3,"name":"Astaxanthin | BioProphyl"}]},{"@type":"WebSite","@id":"https:\/\/product-guide.org\/#website","url":"https:\/\/product-guide.org\/","name":"Product-Guide.org","description":"What Product are you looking for?","publisher":{"@id":"https:\/\/product-guide.org\/#organization"},"potentialAction":[{"@type":"SearchAction","target":{"@type":"EntryPoint","urlTemplate":"https:\/\/product-guide.org\/?s={search_term_string}"},"query-input":{"@type":"PropertyValueSpecification","valueRequired":true,"valueName":"search_term_string"}}],"inLanguage":"en-GB"},{"@type":"Organization","@id":"https:\/\/product-guide.org\/#organization","name":"Product-Guide.org","url":"https:\/\/product-guide.org\/","logo":{"@type":"ImageObject","inLanguage":"en-GB","@id":"https:\/\/product-guide.org\/#\/schema\/logo\/image\/","url":"https:\/\/product-guide.org\/wp-content\/uploads\/2022\/07\/logo_transparent_background.png","contentUrl":"https:\/\/product-guide.org\/wp-content\/uploads\/2022\/07\/logo_transparent_background.png","width":3400,"height":1132,"caption":"Product-Guide.org"},"image":{"@id":"https:\/\/product-guide.org\/#\/schema\/logo\/image\/"}}]}},"_links":{"self":[{"href":"https:\/\/product-guide.org\/en\/wp-json\/wp\/v2\/product\/58089","targetHints":{"allow":["GET"]}}],"collection":[{"href":"https:\/\/product-guide.org\/en\/wp-json\/wp\/v2\/product"}],"about":[{"href":"https:\/\/product-guide.org\/en\/wp-json\/wp\/v2\/types\/product"}],"wp:featuredmedia":[{"embeddable":true,"href":"https:\/\/product-guide.org\/en\/wp-json\/wp\/v2\/media\/58088"}],"wp:attachment":[{"href":"https:\/\/product-guide.org\/en\/wp-json\/wp\/v2\/media?parent=58089"}],"wp:term":[{"taxonomy":"store","embeddable":true,"href":"https:\/\/product-guide.org\/en\/wp-json\/wp\/v2\/store?post=58089"},{"taxonomy":"product_brand","embeddable":true,"href":"https:\/\/product-guide.org\/en\/wp-json\/wp\/v2\/product_brand?post=58089"},{"taxonomy":"product_cat","embeddable":true,"href":"https:\/\/product-guide.org\/en\/wp-json\/wp\/v2\/product_cat?post=58089"},{"taxonomy":"product_tag","embeddable":true,"href":"https:\/\/product-guide.org\/en\/wp-json\/wp\/v2\/product_tag?post=58089"}],"curies":[{"name":"wp","href":"https:\/\/api.w.org\/{rel}","templated":true}]}}