{"id":58095,"date":"2025-03-17T13:15:15","date_gmt":"2025-03-17T12:15:15","guid":{"rendered":"https:\/\/product-guide.org\/produkt\/ausleitung-fortsetzungspaket-bioprophyl\/"},"modified":"2025-03-17T13:15:16","modified_gmt":"2025-03-17T12:15:16","slug":"ausleitung-fortsetzungspaket-bioprophyl","status":"publish","type":"product","link":"https:\/\/product-guide.org\/en\/produkt\/ausleitung-fortsetzungspaket-bioprophyl\/","title":{"rendered":"Ausleitung Fortsetzungspaket | BioProphyl"},"content":{"rendered":"<p>Die Ausleitung ist ein wertvolles Mittel zur Erhaltung und F\u00f6rderung deines Wohlbefindens, das sich ganz einfach in den Alltag integrieren l\u00e4sst. Unser sanfter und nat\u00fcrlicher L\u00f6sungsansatz orientiert sich an den Forschungen von Dr. Klinghardt und beruht auf dem Zusammenspiel von Chlorella, B\u00e4rlauch und Cilantro. Ausleitung Fortsetzungspaket f\u00fcr den zweiten Monat BIO Chlorella 500 400 mg schwere Chlorellapresslinge ohne jegliche Zusatzstoffe, nat\u00fcrlich verpresst. Liefereinheit: 1 Dose BIO Chlorella mit 500 Presslingen \u00e0 400 mg = 200 g Weitere Informationen zu BIO Chlorella 500. B\u00e4rlauch Essenz Mit B\u00e4rlauch aus Wildwuchs, hergestellt nach einem standardisierten Verfahren. Liefereinheit: 1 Fl\u00e4schchen \u00e0 150 ml. Mehr Informationen zu B\u00e4rlauch Essenz. Die Ausleitung kann parallel mit weiteren Extrakten und Vitalstoffen sinnvoll unterst\u00fctzt werden. Hierzu geh\u00f6ren die Alpha Lipons\u00e4ure oder auch unsere Leberwohl-Kapseln mit Cholin, das nachweislich die Funktion der Leber unterst\u00fctzt.<\/p>\n","protected":false},"excerpt":{"rendered":"<p>Die Ausleitung ist ein wertvolles Mittel zur Erhaltung und F\u00f6rderung deines Wohlbefindens, das sich ganz einfach in den Alltag integrieren l\u00e4sst. Unser sanfter und nat\u00fcrlicher L\u00f6sungsansatz orientiert sich an den Forschungen von Dr. Klinghardt und beruht auf dem Zusammenspiel von Chlorella, B\u00e4rlauch und Cilantro. Ausleitung Fortsetzungspaket f\u00fcr den zweiten Monat BIO Chlorella 500 400 mg [&hellip;]<\/p>\n","protected":false},"featured_media":58092,"template":"","meta":{"_gspb_post_css":""},"store":[],"product_brand":[1463],"product_cat":[1290],"product_tag":[],"class_list":{"0":"post-58095","1":"product","2":"type-product","3":"status-publish","4":"has-post-thumbnail","6":"product_brand-yougarden-com","7":"product_cat-uncategorized","9":"first","10":"instock","11":"shipping-taxable","12":"purchasable","13":"product-type-simple"},"yoast_head":"<!-- This site is optimized with the Yoast SEO plugin v24.6 - https:\/\/yoast.com\/wordpress\/plugins\/seo\/ -->\n<title>Ausleitung Fortsetzungspaket | BioProphyl | Product-Guide.org<\/title>\n<meta name=\"description\" content=\"Ausleitung Fortsetzungspaket | BioProphyl gefunden von Product-Guide.org\" \/>\n<meta name=\"robots\" content=\"index, follow, max-snippet:-1, max-image-preview:large, max-video-preview:-1\" \/>\n<link rel=\"canonical\" href=\"https:\/\/product-guide.org\/en\/produkt\/ausleitung-fortsetzungspaket-bioprophyl\/\" \/>\n<meta property=\"og:locale\" content=\"en_GB\" \/>\n<meta property=\"og:type\" content=\"article\" \/>\n<meta property=\"og:title\" content=\"Ausleitung Fortsetzungspaket | BioProphyl | Product-Guide.org\" \/>\n<meta property=\"og:description\" content=\"Ausleitung Fortsetzungspaket | BioProphyl gefunden von Product-Guide.org\" \/>\n<meta property=\"og:url\" content=\"https:\/\/product-guide.org\/en\/produkt\/ausleitung-fortsetzungspaket-bioprophyl\/\" \/>\n<meta property=\"og:site_name\" content=\"Product-Guide.org\" \/>\n<meta property=\"article:modified_time\" content=\"2025-03-17T12:15:16+00:00\" \/>\n<meta name=\"twitter:card\" content=\"summary_large_image\" \/>\n<script type=\"application\/ld+json\" class=\"yoast-schema-graph\">{\"@context\":\"https:\/\/schema.org\",\"@graph\":[{\"@type\":\"WebPage\",\"@id\":\"https:\/\/product-guide.org\/produkt\/ausleitung-fortsetzungspaket-bioprophyl\/\",\"url\":\"https:\/\/product-guide.org\/produkt\/ausleitung-fortsetzungspaket-bioprophyl\/\",\"name\":\"Ausleitung Fortsetzungspaket | BioProphyl | Product-Guide.org\",\"isPartOf\":{\"@id\":\"https:\/\/product-guide.org\/#website\"},\"primaryImageOfPage\":{\"@id\":\"https:\/\/product-guide.org\/produkt\/ausleitung-fortsetzungspaket-bioprophyl\/#primaryimage\"},\"image\":{\"@id\":\"https:\/\/product-guide.org\/produkt\/ausleitung-fortsetzungspaket-bioprophyl\/#primaryimage\"},\"thumbnailUrl\":\"https:\/\/product-guide.org\/wp-content\/uploads\/2025\/03\/Freisteller_Ausleitung_1_Monat.png\",\"datePublished\":\"2025-03-17T12:15:15+00:00\",\"dateModified\":\"2025-03-17T12:15:16+00:00\",\"description\":\"Ausleitung Fortsetzungspaket | BioProphyl gefunden von Product-Guide.org\",\"breadcrumb\":{\"@id\":\"https:\/\/product-guide.org\/produkt\/ausleitung-fortsetzungspaket-bioprophyl\/#breadcrumb\"},\"inLanguage\":\"en-GB\",\"potentialAction\":[{\"@type\":\"ReadAction\",\"target\":[\"https:\/\/product-guide.org\/produkt\/ausleitung-fortsetzungspaket-bioprophyl\/\"]}]},{\"@type\":\"ImageObject\",\"inLanguage\":\"en-GB\",\"@id\":\"https:\/\/product-guide.org\/produkt\/ausleitung-fortsetzungspaket-bioprophyl\/#primaryimage\",\"url\":\"https:\/\/product-guide.org\/wp-content\/uploads\/2025\/03\/Freisteller_Ausleitung_1_Monat.png\",\"contentUrl\":\"https:\/\/product-guide.org\/wp-content\/uploads\/2025\/03\/Freisteller_Ausleitung_1_Monat.png\",\"width\":1800,\"height\":1800},{\"@type\":\"BreadcrumbList\",\"@id\":\"https:\/\/product-guide.org\/produkt\/ausleitung-fortsetzungspaket-bioprophyl\/#breadcrumb\",\"itemListElement\":[{\"@type\":\"ListItem\",\"position\":1,\"name\":\"Home\",\"item\":\"https:\/\/product-guide.org\/\"},{\"@type\":\"ListItem\",\"position\":2,\"name\":\"Ergebnisse\",\"item\":\"https:\/\/product-guide.org\/de\/ergebnisse\/\"},{\"@type\":\"ListItem\",\"position\":3,\"name\":\"Ausleitung Fortsetzungspaket | BioProphyl\"}]},{\"@type\":\"WebSite\",\"@id\":\"https:\/\/product-guide.org\/#website\",\"url\":\"https:\/\/product-guide.org\/\",\"name\":\"Product-Guide.org\",\"description\":\"What Product are you looking for?\",\"publisher\":{\"@id\":\"https:\/\/product-guide.org\/#organization\"},\"potentialAction\":[{\"@type\":\"SearchAction\",\"target\":{\"@type\":\"EntryPoint\",\"urlTemplate\":\"https:\/\/product-guide.org\/?s={search_term_string}\"},\"query-input\":{\"@type\":\"PropertyValueSpecification\",\"valueRequired\":true,\"valueName\":\"search_term_string\"}}],\"inLanguage\":\"en-GB\"},{\"@type\":\"Organization\",\"@id\":\"https:\/\/product-guide.org\/#organization\",\"name\":\"Product-Guide.org\",\"url\":\"https:\/\/product-guide.org\/\",\"logo\":{\"@type\":\"ImageObject\",\"inLanguage\":\"en-GB\",\"@id\":\"https:\/\/product-guide.org\/#\/schema\/logo\/image\/\",\"url\":\"https:\/\/product-guide.org\/wp-content\/uploads\/2022\/07\/logo_transparent_background.png\",\"contentUrl\":\"https:\/\/product-guide.org\/wp-content\/uploads\/2022\/07\/logo_transparent_background.png\",\"width\":3400,\"height\":1132,\"caption\":\"Product-Guide.org\"},\"image\":{\"@id\":\"https:\/\/product-guide.org\/#\/schema\/logo\/image\/\"}}]}<\/script>\n<!-- \/ Yoast SEO plugin. -->","yoast_head_json":{"title":"Ausleitung Fortsetzungspaket | BioProphyl | Product-Guide.org","description":"Ausleitung Fortsetzungspaket | BioProphyl gefunden von Product-Guide.org","robots":{"index":"index","follow":"follow","max-snippet":"max-snippet:-1","max-image-preview":"max-image-preview:large","max-video-preview":"max-video-preview:-1"},"canonical":"https:\/\/product-guide.org\/en\/produkt\/ausleitung-fortsetzungspaket-bioprophyl\/","og_locale":"en_GB","og_type":"article","og_title":"Ausleitung Fortsetzungspaket | BioProphyl | Product-Guide.org","og_description":"Ausleitung Fortsetzungspaket | BioProphyl gefunden von Product-Guide.org","og_url":"https:\/\/product-guide.org\/en\/produkt\/ausleitung-fortsetzungspaket-bioprophyl\/","og_site_name":"Product-Guide.org","article_modified_time":"2025-03-17T12:15:16+00:00","twitter_card":"summary_large_image","schema":{"@context":"https:\/\/schema.org","@graph":[{"@type":"WebPage","@id":"https:\/\/product-guide.org\/produkt\/ausleitung-fortsetzungspaket-bioprophyl\/","url":"https:\/\/product-guide.org\/produkt\/ausleitung-fortsetzungspaket-bioprophyl\/","name":"Ausleitung Fortsetzungspaket | BioProphyl | Product-Guide.org","isPartOf":{"@id":"https:\/\/product-guide.org\/#website"},"primaryImageOfPage":{"@id":"https:\/\/product-guide.org\/produkt\/ausleitung-fortsetzungspaket-bioprophyl\/#primaryimage"},"image":{"@id":"https:\/\/product-guide.org\/produkt\/ausleitung-fortsetzungspaket-bioprophyl\/#primaryimage"},"thumbnailUrl":"https:\/\/product-guide.org\/wp-content\/uploads\/2025\/03\/Freisteller_Ausleitung_1_Monat.png","datePublished":"2025-03-17T12:15:15+00:00","dateModified":"2025-03-17T12:15:16+00:00","description":"Ausleitung Fortsetzungspaket | BioProphyl gefunden von Product-Guide.org","breadcrumb":{"@id":"https:\/\/product-guide.org\/produkt\/ausleitung-fortsetzungspaket-bioprophyl\/#breadcrumb"},"inLanguage":"en-GB","potentialAction":[{"@type":"ReadAction","target":["https:\/\/product-guide.org\/produkt\/ausleitung-fortsetzungspaket-bioprophyl\/"]}]},{"@type":"ImageObject","inLanguage":"en-GB","@id":"https:\/\/product-guide.org\/produkt\/ausleitung-fortsetzungspaket-bioprophyl\/#primaryimage","url":"https:\/\/product-guide.org\/wp-content\/uploads\/2025\/03\/Freisteller_Ausleitung_1_Monat.png","contentUrl":"https:\/\/product-guide.org\/wp-content\/uploads\/2025\/03\/Freisteller_Ausleitung_1_Monat.png","width":1800,"height":1800},{"@type":"BreadcrumbList","@id":"https:\/\/product-guide.org\/produkt\/ausleitung-fortsetzungspaket-bioprophyl\/#breadcrumb","itemListElement":[{"@type":"ListItem","position":1,"name":"Home","item":"https:\/\/product-guide.org\/"},{"@type":"ListItem","position":2,"name":"Ergebnisse","item":"https:\/\/product-guide.org\/de\/ergebnisse\/"},{"@type":"ListItem","position":3,"name":"Ausleitung Fortsetzungspaket | BioProphyl"}]},{"@type":"WebSite","@id":"https:\/\/product-guide.org\/#website","url":"https:\/\/product-guide.org\/","name":"Product-Guide.org","description":"What Product are you looking for?","publisher":{"@id":"https:\/\/product-guide.org\/#organization"},"potentialAction":[{"@type":"SearchAction","target":{"@type":"EntryPoint","urlTemplate":"https:\/\/product-guide.org\/?s={search_term_string}"},"query-input":{"@type":"PropertyValueSpecification","valueRequired":true,"valueName":"search_term_string"}}],"inLanguage":"en-GB"},{"@type":"Organization","@id":"https:\/\/product-guide.org\/#organization","name":"Product-Guide.org","url":"https:\/\/product-guide.org\/","logo":{"@type":"ImageObject","inLanguage":"en-GB","@id":"https:\/\/product-guide.org\/#\/schema\/logo\/image\/","url":"https:\/\/product-guide.org\/wp-content\/uploads\/2022\/07\/logo_transparent_background.png","contentUrl":"https:\/\/product-guide.org\/wp-content\/uploads\/2022\/07\/logo_transparent_background.png","width":3400,"height":1132,"caption":"Product-Guide.org"},"image":{"@id":"https:\/\/product-guide.org\/#\/schema\/logo\/image\/"}}]}},"_links":{"self":[{"href":"https:\/\/product-guide.org\/en\/wp-json\/wp\/v2\/product\/58095","targetHints":{"allow":["GET"]}}],"collection":[{"href":"https:\/\/product-guide.org\/en\/wp-json\/wp\/v2\/product"}],"about":[{"href":"https:\/\/product-guide.org\/en\/wp-json\/wp\/v2\/types\/product"}],"wp:featuredmedia":[{"embeddable":true,"href":"https:\/\/product-guide.org\/en\/wp-json\/wp\/v2\/media\/58092"}],"wp:attachment":[{"href":"https:\/\/product-guide.org\/en\/wp-json\/wp\/v2\/media?parent=58095"}],"wp:term":[{"taxonomy":"store","embeddable":true,"href":"https:\/\/product-guide.org\/en\/wp-json\/wp\/v2\/store?post=58095"},{"taxonomy":"product_brand","embeddable":true,"href":"https:\/\/product-guide.org\/en\/wp-json\/wp\/v2\/product_brand?post=58095"},{"taxonomy":"product_cat","embeddable":true,"href":"https:\/\/product-guide.org\/en\/wp-json\/wp\/v2\/product_cat?post=58095"},{"taxonomy":"product_tag","embeddable":true,"href":"https:\/\/product-guide.org\/en\/wp-json\/wp\/v2\/product_tag?post=58095"}],"curies":[{"name":"wp","href":"https:\/\/api.w.org\/{rel}","templated":true}]}}