{"id":58097,"date":"2025-03-17T13:15:21","date_gmt":"2025-03-17T12:15:21","guid":{"rendered":"https:\/\/product-guide.org\/produkt\/barlauch-essenz-bioprophyl\/"},"modified":"2025-03-17T13:15:21","modified_gmt":"2025-03-17T12:15:21","slug":"barlauch-essenz-bioprophyl","status":"publish","type":"product","link":"https:\/\/product-guide.org\/en\/produkt\/barlauch-essenz-bioprophyl\/","title":{"rendered":"B\u00e4rlauch Essenz | BioProphyl"},"content":{"rendered":"<p>B\u00e4rlauch 150 ml Essenz: h\u00f6chste Qualit\u00e4t als Erg\u00e4nzung zu deiner Ern\u00e4hrung B\u00e4rlauch von BioProphyl enth\u00e4lt 150 mg B\u00e4rlauchessenz mit B\u00e4rlauchbl\u00e4ttern aus Wildwuchs. Als hochwertiges Naturprodukt eignet es sich hervorragend zur Nahrungserg\u00e4nzung und kann auch im Rahmen einer vegetarischen und veganen Ern\u00e4hrung verwendet werden. Hinweis: Unsere B\u00e4rlauch-Essenz enth\u00e4lt Alkohol, sodass Kinder, Schwangere und Stillende auf den Verzehr verzichten sollten. B\u00e4rlauch von BioProphyl: 150 ml konzentrierte Essenz B\u00e4rlauch (botanisch Allium ursinum) geh\u00f6rt zu den bekanntesten heimischen Wildkr\u00e4utern. Pflanzen der Gattung Allium werden in der Naturheilkunde vor allem aufgrund ihres hohen Gehaltes an schwefelhaltigen Komponenten gesch\u00e4tzt. Diese sind auch f\u00fcr den ausgepr\u00e4gten knoblauch\u00e4hnlichen Geruch des B\u00e4rlauchs verantwortlich. Unsere B\u00e4rlauch-Essenz liefert dir die wertvollen Inhaltsstoffe der B\u00e4rlauchbl\u00e4tter in konzentrierter Form, kann deine t\u00e4gliche Ern\u00e4hrung damit aufwerten.<\/p>\n","protected":false},"excerpt":{"rendered":"<p>B\u00e4rlauch 150 ml Essenz: h\u00f6chste Qualit\u00e4t als Erg\u00e4nzung zu deiner Ern\u00e4hrung B\u00e4rlauch von BioProphyl enth\u00e4lt 150 mg B\u00e4rlauchessenz mit B\u00e4rlauchbl\u00e4ttern aus Wildwuchs. Als hochwertiges Naturprodukt eignet es sich hervorragend zur Nahrungserg\u00e4nzung und kann auch im Rahmen einer vegetarischen und veganen Ern\u00e4hrung verwendet werden. Hinweis: Unsere B\u00e4rlauch-Essenz enth\u00e4lt Alkohol, sodass Kinder, Schwangere und Stillende auf den [&hellip;]<\/p>\n","protected":false},"featured_media":58096,"template":"","meta":{"_gspb_post_css":""},"store":[],"product_brand":[1463],"product_cat":[1290],"product_tag":[],"class_list":{"0":"post-58097","1":"product","2":"type-product","3":"status-publish","4":"has-post-thumbnail","6":"product_brand-yougarden-com","7":"product_cat-uncategorized","9":"first","10":"instock","11":"shipping-taxable","12":"purchasable","13":"product-type-simple"},"yoast_head":"<!-- This site is optimized with the Yoast SEO plugin v24.6 - https:\/\/yoast.com\/wordpress\/plugins\/seo\/ -->\n<title>B\u00e4rlauch Essenz | BioProphyl | Product-Guide.org<\/title>\n<meta name=\"description\" content=\"B\u00e4rlauch Essenz | BioProphyl gefunden von Product-Guide.org\" \/>\n<meta name=\"robots\" content=\"index, follow, max-snippet:-1, max-image-preview:large, max-video-preview:-1\" \/>\n<link rel=\"canonical\" href=\"https:\/\/product-guide.org\/en\/produkt\/barlauch-essenz-bioprophyl\/\" \/>\n<meta property=\"og:locale\" content=\"en_GB\" \/>\n<meta property=\"og:type\" content=\"article\" \/>\n<meta property=\"og:title\" content=\"B\u00e4rlauch Essenz | BioProphyl | Product-Guide.org\" \/>\n<meta property=\"og:description\" content=\"B\u00e4rlauch Essenz | BioProphyl gefunden von Product-Guide.org\" \/>\n<meta property=\"og:url\" content=\"https:\/\/product-guide.org\/en\/produkt\/barlauch-essenz-bioprophyl\/\" \/>\n<meta property=\"og:site_name\" content=\"Product-Guide.org\" \/>\n<meta name=\"twitter:card\" content=\"summary_large_image\" \/>\n<script type=\"application\/ld+json\" class=\"yoast-schema-graph\">{\"@context\":\"https:\/\/schema.org\",\"@graph\":[{\"@type\":\"WebPage\",\"@id\":\"https:\/\/product-guide.org\/produkt\/barlauch-essenz-bioprophyl\/\",\"url\":\"https:\/\/product-guide.org\/produkt\/barlauch-essenz-bioprophyl\/\",\"name\":\"B\u00e4rlauch Essenz | BioProphyl | Product-Guide.org\",\"isPartOf\":{\"@id\":\"https:\/\/product-guide.org\/#website\"},\"primaryImageOfPage\":{\"@id\":\"https:\/\/product-guide.org\/produkt\/barlauch-essenz-bioprophyl\/#primaryimage\"},\"image\":{\"@id\":\"https:\/\/product-guide.org\/produkt\/barlauch-essenz-bioprophyl\/#primaryimage\"},\"thumbnailUrl\":\"https:\/\/product-guide.org\/wp-content\/uploads\/2025\/03\/Freisteller_BaCC88rlauch_Kartonage.png\",\"datePublished\":\"2025-03-17T12:15:21+00:00\",\"description\":\"B\u00e4rlauch Essenz | BioProphyl gefunden von Product-Guide.org\",\"breadcrumb\":{\"@id\":\"https:\/\/product-guide.org\/produkt\/barlauch-essenz-bioprophyl\/#breadcrumb\"},\"inLanguage\":\"en-GB\",\"potentialAction\":[{\"@type\":\"ReadAction\",\"target\":[\"https:\/\/product-guide.org\/produkt\/barlauch-essenz-bioprophyl\/\"]}]},{\"@type\":\"ImageObject\",\"inLanguage\":\"en-GB\",\"@id\":\"https:\/\/product-guide.org\/produkt\/barlauch-essenz-bioprophyl\/#primaryimage\",\"url\":\"https:\/\/product-guide.org\/wp-content\/uploads\/2025\/03\/Freisteller_BaCC88rlauch_Kartonage.png\",\"contentUrl\":\"https:\/\/product-guide.org\/wp-content\/uploads\/2025\/03\/Freisteller_BaCC88rlauch_Kartonage.png\",\"width\":1800,\"height\":1800},{\"@type\":\"BreadcrumbList\",\"@id\":\"https:\/\/product-guide.org\/produkt\/barlauch-essenz-bioprophyl\/#breadcrumb\",\"itemListElement\":[{\"@type\":\"ListItem\",\"position\":1,\"name\":\"Home\",\"item\":\"https:\/\/product-guide.org\/\"},{\"@type\":\"ListItem\",\"position\":2,\"name\":\"Ergebnisse\",\"item\":\"https:\/\/product-guide.org\/de\/ergebnisse\/\"},{\"@type\":\"ListItem\",\"position\":3,\"name\":\"B\u00e4rlauch Essenz | BioProphyl\"}]},{\"@type\":\"WebSite\",\"@id\":\"https:\/\/product-guide.org\/#website\",\"url\":\"https:\/\/product-guide.org\/\",\"name\":\"Product-Guide.org\",\"description\":\"What Product are you looking for?\",\"publisher\":{\"@id\":\"https:\/\/product-guide.org\/#organization\"},\"potentialAction\":[{\"@type\":\"SearchAction\",\"target\":{\"@type\":\"EntryPoint\",\"urlTemplate\":\"https:\/\/product-guide.org\/?s={search_term_string}\"},\"query-input\":{\"@type\":\"PropertyValueSpecification\",\"valueRequired\":true,\"valueName\":\"search_term_string\"}}],\"inLanguage\":\"en-GB\"},{\"@type\":\"Organization\",\"@id\":\"https:\/\/product-guide.org\/#organization\",\"name\":\"Product-Guide.org\",\"url\":\"https:\/\/product-guide.org\/\",\"logo\":{\"@type\":\"ImageObject\",\"inLanguage\":\"en-GB\",\"@id\":\"https:\/\/product-guide.org\/#\/schema\/logo\/image\/\",\"url\":\"https:\/\/product-guide.org\/wp-content\/uploads\/2022\/07\/logo_transparent_background.png\",\"contentUrl\":\"https:\/\/product-guide.org\/wp-content\/uploads\/2022\/07\/logo_transparent_background.png\",\"width\":3400,\"height\":1132,\"caption\":\"Product-Guide.org\"},\"image\":{\"@id\":\"https:\/\/product-guide.org\/#\/schema\/logo\/image\/\"}}]}<\/script>\n<!-- \/ Yoast SEO plugin. -->","yoast_head_json":{"title":"B\u00e4rlauch Essenz | BioProphyl | Product-Guide.org","description":"B\u00e4rlauch Essenz | BioProphyl gefunden von Product-Guide.org","robots":{"index":"index","follow":"follow","max-snippet":"max-snippet:-1","max-image-preview":"max-image-preview:large","max-video-preview":"max-video-preview:-1"},"canonical":"https:\/\/product-guide.org\/en\/produkt\/barlauch-essenz-bioprophyl\/","og_locale":"en_GB","og_type":"article","og_title":"B\u00e4rlauch Essenz | BioProphyl | Product-Guide.org","og_description":"B\u00e4rlauch Essenz | BioProphyl gefunden von Product-Guide.org","og_url":"https:\/\/product-guide.org\/en\/produkt\/barlauch-essenz-bioprophyl\/","og_site_name":"Product-Guide.org","twitter_card":"summary_large_image","schema":{"@context":"https:\/\/schema.org","@graph":[{"@type":"WebPage","@id":"https:\/\/product-guide.org\/produkt\/barlauch-essenz-bioprophyl\/","url":"https:\/\/product-guide.org\/produkt\/barlauch-essenz-bioprophyl\/","name":"B\u00e4rlauch Essenz | BioProphyl | Product-Guide.org","isPartOf":{"@id":"https:\/\/product-guide.org\/#website"},"primaryImageOfPage":{"@id":"https:\/\/product-guide.org\/produkt\/barlauch-essenz-bioprophyl\/#primaryimage"},"image":{"@id":"https:\/\/product-guide.org\/produkt\/barlauch-essenz-bioprophyl\/#primaryimage"},"thumbnailUrl":"https:\/\/product-guide.org\/wp-content\/uploads\/2025\/03\/Freisteller_BaCC88rlauch_Kartonage.png","datePublished":"2025-03-17T12:15:21+00:00","description":"B\u00e4rlauch Essenz | BioProphyl gefunden von Product-Guide.org","breadcrumb":{"@id":"https:\/\/product-guide.org\/produkt\/barlauch-essenz-bioprophyl\/#breadcrumb"},"inLanguage":"en-GB","potentialAction":[{"@type":"ReadAction","target":["https:\/\/product-guide.org\/produkt\/barlauch-essenz-bioprophyl\/"]}]},{"@type":"ImageObject","inLanguage":"en-GB","@id":"https:\/\/product-guide.org\/produkt\/barlauch-essenz-bioprophyl\/#primaryimage","url":"https:\/\/product-guide.org\/wp-content\/uploads\/2025\/03\/Freisteller_BaCC88rlauch_Kartonage.png","contentUrl":"https:\/\/product-guide.org\/wp-content\/uploads\/2025\/03\/Freisteller_BaCC88rlauch_Kartonage.png","width":1800,"height":1800},{"@type":"BreadcrumbList","@id":"https:\/\/product-guide.org\/produkt\/barlauch-essenz-bioprophyl\/#breadcrumb","itemListElement":[{"@type":"ListItem","position":1,"name":"Home","item":"https:\/\/product-guide.org\/"},{"@type":"ListItem","position":2,"name":"Ergebnisse","item":"https:\/\/product-guide.org\/de\/ergebnisse\/"},{"@type":"ListItem","position":3,"name":"B\u00e4rlauch Essenz | BioProphyl"}]},{"@type":"WebSite","@id":"https:\/\/product-guide.org\/#website","url":"https:\/\/product-guide.org\/","name":"Product-Guide.org","description":"What Product are you looking for?","publisher":{"@id":"https:\/\/product-guide.org\/#organization"},"potentialAction":[{"@type":"SearchAction","target":{"@type":"EntryPoint","urlTemplate":"https:\/\/product-guide.org\/?s={search_term_string}"},"query-input":{"@type":"PropertyValueSpecification","valueRequired":true,"valueName":"search_term_string"}}],"inLanguage":"en-GB"},{"@type":"Organization","@id":"https:\/\/product-guide.org\/#organization","name":"Product-Guide.org","url":"https:\/\/product-guide.org\/","logo":{"@type":"ImageObject","inLanguage":"en-GB","@id":"https:\/\/product-guide.org\/#\/schema\/logo\/image\/","url":"https:\/\/product-guide.org\/wp-content\/uploads\/2022\/07\/logo_transparent_background.png","contentUrl":"https:\/\/product-guide.org\/wp-content\/uploads\/2022\/07\/logo_transparent_background.png","width":3400,"height":1132,"caption":"Product-Guide.org"},"image":{"@id":"https:\/\/product-guide.org\/#\/schema\/logo\/image\/"}}]}},"_links":{"self":[{"href":"https:\/\/product-guide.org\/en\/wp-json\/wp\/v2\/product\/58097","targetHints":{"allow":["GET"]}}],"collection":[{"href":"https:\/\/product-guide.org\/en\/wp-json\/wp\/v2\/product"}],"about":[{"href":"https:\/\/product-guide.org\/en\/wp-json\/wp\/v2\/types\/product"}],"wp:featuredmedia":[{"embeddable":true,"href":"https:\/\/product-guide.org\/en\/wp-json\/wp\/v2\/media\/58096"}],"wp:attachment":[{"href":"https:\/\/product-guide.org\/en\/wp-json\/wp\/v2\/media?parent=58097"}],"wp:term":[{"taxonomy":"store","embeddable":true,"href":"https:\/\/product-guide.org\/en\/wp-json\/wp\/v2\/store?post=58097"},{"taxonomy":"product_brand","embeddable":true,"href":"https:\/\/product-guide.org\/en\/wp-json\/wp\/v2\/product_brand?post=58097"},{"taxonomy":"product_cat","embeddable":true,"href":"https:\/\/product-guide.org\/en\/wp-json\/wp\/v2\/product_cat?post=58097"},{"taxonomy":"product_tag","embeddable":true,"href":"https:\/\/product-guide.org\/en\/wp-json\/wp\/v2\/product_tag?post=58097"}],"curies":[{"name":"wp","href":"https:\/\/api.w.org\/{rel}","templated":true}]}}