{"id":58099,"date":"2025-03-17T13:15:25","date_gmt":"2025-03-17T12:15:25","guid":{"rendered":"https:\/\/product-guide.org\/produkt\/basenpuffer-bioprophyl\/"},"modified":"2025-03-17T13:15:26","modified_gmt":"2025-03-17T12:15:26","slug":"basenpuffer-bioprophyl","status":"publish","type":"product","link":"https:\/\/product-guide.org\/en\/produkt\/basenpuffer-bioprophyl\/","title":{"rendered":"Basenpuffer | BioProphyl"},"content":{"rendered":"<p>Basenpuffer mit Zink zur Unterst\u00fctzung des S\u00e4ure-Basen-Haushalts Basenpuffer liefert wertvolle basische Mineralstoffe und Spurenelemente zur Unterst\u00fctzung des Gleichgewichts deines S\u00e4ure-Basen-Haushaltes. Ein Messl\u00f6ffel (5 g) pro Tag in 200 ml Fl\u00fcssigkeit einger\u00fchrt versorgt dich mit 400 mg Calcium, 200 mg Magnesium, 400 mg Kalium und 5 mg Zink. Calcium und Magnesium stehen dabei in einem idealen Verh\u00e4ltnis von 2 : 1 zueinander, wodurch sie besonders gut von deinem K\u00f6rper aufgenommen werden k\u00f6nnen. In einem Messl\u00f6ffel \u201eBasenpuffer\u201c stecken dar\u00fcber hinaus 250 mg Brennnesselblattpulver, 50 mg Pfefferminzpulver und 100 mg L\u00f6wenzahnwurzelpulver. Basenpuffer von Bioprophyl mit Mineralstoffen in der Citratform Unser Basenpuffer enth\u00e4lt Calcium, Kalium, Magnesium und Zink als gut verf\u00fcgbare Citrate. Diese werden nicht nur besonders gut absorbiert, sondern sie sind au\u00dferdem auch magen- und darmschonend. Gegen\u00fcber Carbonaten besitzen sie n\u00e4mlich den Vorteil, dass sie den Magen unbeschadet \u00fcberwinden und erst im oberen, leicht alkalischen (basischen) D\u00fcnndarmabschnitt umgewandelt und verstoffwechselt werden. So entsteht im Magen kein CO2, das die bakterizide (bakterienabt\u00f6tende) Wirkung der Magens\u00e4ure herabsetzt.<\/p>\n","protected":false},"excerpt":{"rendered":"<p>Basenpuffer mit Zink zur Unterst\u00fctzung des S\u00e4ure-Basen-Haushalts Basenpuffer liefert wertvolle basische Mineralstoffe und Spurenelemente zur Unterst\u00fctzung des Gleichgewichts deines S\u00e4ure-Basen-Haushaltes. Ein Messl\u00f6ffel (5 g) pro Tag in 200 ml Fl\u00fcssigkeit einger\u00fchrt versorgt dich mit 400 mg Calcium, 200 mg Magnesium, 400 mg Kalium und 5 mg Zink. Calcium und Magnesium stehen dabei in einem idealen [&hellip;]<\/p>\n","protected":false},"featured_media":58098,"template":"","meta":{"_gspb_post_css":""},"store":[],"product_brand":[1464],"product_cat":[1290],"product_tag":[],"class_list":{"0":"post-58099","1":"product","2":"type-product","3":"status-publish","4":"has-post-thumbnail","6":"product_brand-bioprophyl","7":"product_cat-uncategorized","9":"first","10":"instock","11":"shipping-taxable","12":"purchasable","13":"product-type-simple"},"yoast_head":"<!-- This site is optimized with the Yoast SEO plugin v24.6 - https:\/\/yoast.com\/wordpress\/plugins\/seo\/ -->\n<title>Basenpuffer | BioProphyl | Product-Guide.org<\/title>\n<meta name=\"description\" content=\"Basenpuffer | BioProphyl gefunden von Product-Guide.org\" \/>\n<meta name=\"robots\" content=\"index, follow, max-snippet:-1, max-image-preview:large, max-video-preview:-1\" \/>\n<link rel=\"canonical\" href=\"https:\/\/product-guide.org\/en\/produkt\/basenpuffer-bioprophyl\/\" \/>\n<meta property=\"og:locale\" content=\"en_GB\" \/>\n<meta property=\"og:type\" content=\"article\" \/>\n<meta property=\"og:title\" content=\"Basenpuffer | BioProphyl | Product-Guide.org\" \/>\n<meta property=\"og:description\" content=\"Basenpuffer | BioProphyl gefunden von Product-Guide.org\" \/>\n<meta property=\"og:url\" content=\"https:\/\/product-guide.org\/en\/produkt\/basenpuffer-bioprophyl\/\" \/>\n<meta property=\"og:site_name\" content=\"Product-Guide.org\" \/>\n<meta property=\"article:modified_time\" content=\"2025-03-17T12:15:26+00:00\" \/>\n<meta name=\"twitter:card\" content=\"summary_large_image\" \/>\n<script type=\"application\/ld+json\" class=\"yoast-schema-graph\">{\"@context\":\"https:\/\/schema.org\",\"@graph\":[{\"@type\":\"WebPage\",\"@id\":\"https:\/\/product-guide.org\/produkt\/basenpuffer-bioprophyl\/\",\"url\":\"https:\/\/product-guide.org\/produkt\/basenpuffer-bioprophyl\/\",\"name\":\"Basenpuffer | BioProphyl | Product-Guide.org\",\"isPartOf\":{\"@id\":\"https:\/\/product-guide.org\/#website\"},\"primaryImageOfPage\":{\"@id\":\"https:\/\/product-guide.org\/produkt\/basenpuffer-bioprophyl\/#primaryimage\"},\"image\":{\"@id\":\"https:\/\/product-guide.org\/produkt\/basenpuffer-bioprophyl\/#primaryimage\"},\"thumbnailUrl\":\"https:\/\/product-guide.org\/wp-content\/uploads\/2025\/03\/Freisteller_Basenpuffer.png\",\"datePublished\":\"2025-03-17T12:15:25+00:00\",\"dateModified\":\"2025-03-17T12:15:26+00:00\",\"description\":\"Basenpuffer | BioProphyl gefunden von Product-Guide.org\",\"breadcrumb\":{\"@id\":\"https:\/\/product-guide.org\/produkt\/basenpuffer-bioprophyl\/#breadcrumb\"},\"inLanguage\":\"en-GB\",\"potentialAction\":[{\"@type\":\"ReadAction\",\"target\":[\"https:\/\/product-guide.org\/produkt\/basenpuffer-bioprophyl\/\"]}]},{\"@type\":\"ImageObject\",\"inLanguage\":\"en-GB\",\"@id\":\"https:\/\/product-guide.org\/produkt\/basenpuffer-bioprophyl\/#primaryimage\",\"url\":\"https:\/\/product-guide.org\/wp-content\/uploads\/2025\/03\/Freisteller_Basenpuffer.png\",\"contentUrl\":\"https:\/\/product-guide.org\/wp-content\/uploads\/2025\/03\/Freisteller_Basenpuffer.png\",\"width\":1800,\"height\":1800},{\"@type\":\"BreadcrumbList\",\"@id\":\"https:\/\/product-guide.org\/produkt\/basenpuffer-bioprophyl\/#breadcrumb\",\"itemListElement\":[{\"@type\":\"ListItem\",\"position\":1,\"name\":\"Home\",\"item\":\"https:\/\/product-guide.org\/\"},{\"@type\":\"ListItem\",\"position\":2,\"name\":\"Ergebnisse\",\"item\":\"https:\/\/product-guide.org\/de\/ergebnisse\/\"},{\"@type\":\"ListItem\",\"position\":3,\"name\":\"Basenpuffer | BioProphyl\"}]},{\"@type\":\"WebSite\",\"@id\":\"https:\/\/product-guide.org\/#website\",\"url\":\"https:\/\/product-guide.org\/\",\"name\":\"Product-Guide.org\",\"description\":\"What Product are you looking for?\",\"publisher\":{\"@id\":\"https:\/\/product-guide.org\/#organization\"},\"potentialAction\":[{\"@type\":\"SearchAction\",\"target\":{\"@type\":\"EntryPoint\",\"urlTemplate\":\"https:\/\/product-guide.org\/?s={search_term_string}\"},\"query-input\":{\"@type\":\"PropertyValueSpecification\",\"valueRequired\":true,\"valueName\":\"search_term_string\"}}],\"inLanguage\":\"en-GB\"},{\"@type\":\"Organization\",\"@id\":\"https:\/\/product-guide.org\/#organization\",\"name\":\"Product-Guide.org\",\"url\":\"https:\/\/product-guide.org\/\",\"logo\":{\"@type\":\"ImageObject\",\"inLanguage\":\"en-GB\",\"@id\":\"https:\/\/product-guide.org\/#\/schema\/logo\/image\/\",\"url\":\"https:\/\/product-guide.org\/wp-content\/uploads\/2022\/07\/logo_transparent_background.png\",\"contentUrl\":\"https:\/\/product-guide.org\/wp-content\/uploads\/2022\/07\/logo_transparent_background.png\",\"width\":3400,\"height\":1132,\"caption\":\"Product-Guide.org\"},\"image\":{\"@id\":\"https:\/\/product-guide.org\/#\/schema\/logo\/image\/\"}}]}<\/script>\n<!-- \/ Yoast SEO plugin. -->","yoast_head_json":{"title":"Basenpuffer | BioProphyl | Product-Guide.org","description":"Basenpuffer | BioProphyl gefunden von Product-Guide.org","robots":{"index":"index","follow":"follow","max-snippet":"max-snippet:-1","max-image-preview":"max-image-preview:large","max-video-preview":"max-video-preview:-1"},"canonical":"https:\/\/product-guide.org\/en\/produkt\/basenpuffer-bioprophyl\/","og_locale":"en_GB","og_type":"article","og_title":"Basenpuffer | BioProphyl | Product-Guide.org","og_description":"Basenpuffer | BioProphyl gefunden von Product-Guide.org","og_url":"https:\/\/product-guide.org\/en\/produkt\/basenpuffer-bioprophyl\/","og_site_name":"Product-Guide.org","article_modified_time":"2025-03-17T12:15:26+00:00","twitter_card":"summary_large_image","schema":{"@context":"https:\/\/schema.org","@graph":[{"@type":"WebPage","@id":"https:\/\/product-guide.org\/produkt\/basenpuffer-bioprophyl\/","url":"https:\/\/product-guide.org\/produkt\/basenpuffer-bioprophyl\/","name":"Basenpuffer | BioProphyl | Product-Guide.org","isPartOf":{"@id":"https:\/\/product-guide.org\/#website"},"primaryImageOfPage":{"@id":"https:\/\/product-guide.org\/produkt\/basenpuffer-bioprophyl\/#primaryimage"},"image":{"@id":"https:\/\/product-guide.org\/produkt\/basenpuffer-bioprophyl\/#primaryimage"},"thumbnailUrl":"https:\/\/product-guide.org\/wp-content\/uploads\/2025\/03\/Freisteller_Basenpuffer.png","datePublished":"2025-03-17T12:15:25+00:00","dateModified":"2025-03-17T12:15:26+00:00","description":"Basenpuffer | BioProphyl gefunden von Product-Guide.org","breadcrumb":{"@id":"https:\/\/product-guide.org\/produkt\/basenpuffer-bioprophyl\/#breadcrumb"},"inLanguage":"en-GB","potentialAction":[{"@type":"ReadAction","target":["https:\/\/product-guide.org\/produkt\/basenpuffer-bioprophyl\/"]}]},{"@type":"ImageObject","inLanguage":"en-GB","@id":"https:\/\/product-guide.org\/produkt\/basenpuffer-bioprophyl\/#primaryimage","url":"https:\/\/product-guide.org\/wp-content\/uploads\/2025\/03\/Freisteller_Basenpuffer.png","contentUrl":"https:\/\/product-guide.org\/wp-content\/uploads\/2025\/03\/Freisteller_Basenpuffer.png","width":1800,"height":1800},{"@type":"BreadcrumbList","@id":"https:\/\/product-guide.org\/produkt\/basenpuffer-bioprophyl\/#breadcrumb","itemListElement":[{"@type":"ListItem","position":1,"name":"Home","item":"https:\/\/product-guide.org\/"},{"@type":"ListItem","position":2,"name":"Ergebnisse","item":"https:\/\/product-guide.org\/de\/ergebnisse\/"},{"@type":"ListItem","position":3,"name":"Basenpuffer | BioProphyl"}]},{"@type":"WebSite","@id":"https:\/\/product-guide.org\/#website","url":"https:\/\/product-guide.org\/","name":"Product-Guide.org","description":"What Product are you looking for?","publisher":{"@id":"https:\/\/product-guide.org\/#organization"},"potentialAction":[{"@type":"SearchAction","target":{"@type":"EntryPoint","urlTemplate":"https:\/\/product-guide.org\/?s={search_term_string}"},"query-input":{"@type":"PropertyValueSpecification","valueRequired":true,"valueName":"search_term_string"}}],"inLanguage":"en-GB"},{"@type":"Organization","@id":"https:\/\/product-guide.org\/#organization","name":"Product-Guide.org","url":"https:\/\/product-guide.org\/","logo":{"@type":"ImageObject","inLanguage":"en-GB","@id":"https:\/\/product-guide.org\/#\/schema\/logo\/image\/","url":"https:\/\/product-guide.org\/wp-content\/uploads\/2022\/07\/logo_transparent_background.png","contentUrl":"https:\/\/product-guide.org\/wp-content\/uploads\/2022\/07\/logo_transparent_background.png","width":3400,"height":1132,"caption":"Product-Guide.org"},"image":{"@id":"https:\/\/product-guide.org\/#\/schema\/logo\/image\/"}}]}},"_links":{"self":[{"href":"https:\/\/product-guide.org\/en\/wp-json\/wp\/v2\/product\/58099","targetHints":{"allow":["GET"]}}],"collection":[{"href":"https:\/\/product-guide.org\/en\/wp-json\/wp\/v2\/product"}],"about":[{"href":"https:\/\/product-guide.org\/en\/wp-json\/wp\/v2\/types\/product"}],"wp:featuredmedia":[{"embeddable":true,"href":"https:\/\/product-guide.org\/en\/wp-json\/wp\/v2\/media\/58098"}],"wp:attachment":[{"href":"https:\/\/product-guide.org\/en\/wp-json\/wp\/v2\/media?parent=58099"}],"wp:term":[{"taxonomy":"store","embeddable":true,"href":"https:\/\/product-guide.org\/en\/wp-json\/wp\/v2\/store?post=58099"},{"taxonomy":"product_brand","embeddable":true,"href":"https:\/\/product-guide.org\/en\/wp-json\/wp\/v2\/product_brand?post=58099"},{"taxonomy":"product_cat","embeddable":true,"href":"https:\/\/product-guide.org\/en\/wp-json\/wp\/v2\/product_cat?post=58099"},{"taxonomy":"product_tag","embeddable":true,"href":"https:\/\/product-guide.org\/en\/wp-json\/wp\/v2\/product_tag?post=58099"}],"curies":[{"name":"wp","href":"https:\/\/api.w.org\/{rel}","templated":true}]}}