{"id":58101,"date":"2025-03-17T13:15:30","date_gmt":"2025-03-17T12:15:30","guid":{"rendered":"https:\/\/product-guide.org\/produkt\/bio-chlorella-bioprophyl\/"},"modified":"2025-03-17T13:15:30","modified_gmt":"2025-03-17T12:15:30","slug":"bio-chlorella-bioprophyl","status":"publish","type":"product","link":"https:\/\/product-guide.org\/en\/produkt\/bio-chlorella-bioprophyl\/","title":{"rendered":"BIO Chlorella | BioProphyl"},"content":{"rendered":"<p>BIO Chlorella: 400 mg Chlorella Algenpulver aus kontrolliert \u00f6kologischer Landwirtschaft Bio Chlorella Presslinge enthalten 400 mg Chlorella Algenpulver aus kontrolliert biologischem Anbau mit intakten, nicht aufgebrochenen Zellw\u00e4nden. Durch den Verzicht auf jegliche Hilfs- und Zusatzstoffe entsteht ein rein pflanzliches Naturprodukt, das mit seiner nat\u00fcrlichen Zusammensetzung punktet. BIO Chlorella &#8211; 100 % pure Presslinge Die Chlorella ist eine der \u00e4ltesten Lebensformen unserer Erde und geh\u00f6rt zu den einzelligen S\u00fc\u00dfwasser-Mikroalgen. Im Unterschied zu den &#8220;blaugr\u00fcnen&#8221; Algen besitzt Chlorella keine d\u00fcnne Zellmembran, sondern mehrfasrige Zellw\u00e4nde aus Zellulose. Ihre mikroskopische Gr\u00f6\u00dfe erlaubt ein mikrofeines Filterverfahren, das andere Algen mit potentiell giftigen Eigenschaften oder anorganischen Substanzen ausschlie\u00dft.<\/p>\n","protected":false},"excerpt":{"rendered":"<p>BIO Chlorella: 400 mg Chlorella Algenpulver aus kontrolliert \u00f6kologischer Landwirtschaft Bio Chlorella Presslinge enthalten 400 mg Chlorella Algenpulver aus kontrolliert biologischem Anbau mit intakten, nicht aufgebrochenen Zellw\u00e4nden. Durch den Verzicht auf jegliche Hilfs- und Zusatzstoffe entsteht ein rein pflanzliches Naturprodukt, das mit seiner nat\u00fcrlichen Zusammensetzung punktet. BIO Chlorella &#8211; 100 % pure Presslinge Die Chlorella [&hellip;]<\/p>\n","protected":false},"featured_media":58100,"template":"","meta":{"_gspb_post_css":""},"store":[],"product_brand":[1463],"product_cat":[1290],"product_tag":[],"class_list":{"0":"post-58101","1":"product","2":"type-product","3":"status-publish","4":"has-post-thumbnail","6":"product_brand-yougarden-com","7":"product_cat-uncategorized","9":"first","10":"instock","11":"sale","12":"shipping-taxable","13":"purchasable","14":"product-type-simple"},"yoast_head":"<!-- This site is optimized with the Yoast SEO plugin v24.6 - https:\/\/yoast.com\/wordpress\/plugins\/seo\/ -->\n<title>BIO Chlorella | BioProphyl | Product-Guide.org<\/title>\n<meta name=\"description\" content=\"BIO Chlorella | BioProphyl gefunden von Product-Guide.org\" \/>\n<meta name=\"robots\" content=\"index, follow, max-snippet:-1, max-image-preview:large, max-video-preview:-1\" \/>\n<link rel=\"canonical\" href=\"https:\/\/product-guide.org\/en\/produkt\/bio-chlorella-bioprophyl\/\" \/>\n<meta property=\"og:locale\" content=\"en_GB\" \/>\n<meta property=\"og:type\" content=\"article\" \/>\n<meta property=\"og:title\" content=\"BIO Chlorella | BioProphyl | Product-Guide.org\" \/>\n<meta property=\"og:description\" content=\"BIO Chlorella | BioProphyl gefunden von Product-Guide.org\" \/>\n<meta property=\"og:url\" content=\"https:\/\/product-guide.org\/en\/produkt\/bio-chlorella-bioprophyl\/\" \/>\n<meta property=\"og:site_name\" content=\"Product-Guide.org\" \/>\n<meta name=\"twitter:card\" content=\"summary_large_image\" \/>\n<script type=\"application\/ld+json\" class=\"yoast-schema-graph\">{\"@context\":\"https:\/\/schema.org\",\"@graph\":[{\"@type\":\"WebPage\",\"@id\":\"https:\/\/product-guide.org\/produkt\/bio-chlorella-bioprophyl\/\",\"url\":\"https:\/\/product-guide.org\/produkt\/bio-chlorella-bioprophyl\/\",\"name\":\"BIO Chlorella | BioProphyl | Product-Guide.org\",\"isPartOf\":{\"@id\":\"https:\/\/product-guide.org\/#website\"},\"primaryImageOfPage\":{\"@id\":\"https:\/\/product-guide.org\/produkt\/bio-chlorella-bioprophyl\/#primaryimage\"},\"image\":{\"@id\":\"https:\/\/product-guide.org\/produkt\/bio-chlorella-bioprophyl\/#primaryimage\"},\"thumbnailUrl\":\"https:\/\/product-guide.org\/wp-content\/uploads\/2025\/03\/250107-Freisteller_Chlorella_250.png\",\"datePublished\":\"2025-03-17T12:15:30+00:00\",\"description\":\"BIO Chlorella | BioProphyl gefunden von Product-Guide.org\",\"breadcrumb\":{\"@id\":\"https:\/\/product-guide.org\/produkt\/bio-chlorella-bioprophyl\/#breadcrumb\"},\"inLanguage\":\"en-GB\",\"potentialAction\":[{\"@type\":\"ReadAction\",\"target\":[\"https:\/\/product-guide.org\/produkt\/bio-chlorella-bioprophyl\/\"]}]},{\"@type\":\"ImageObject\",\"inLanguage\":\"en-GB\",\"@id\":\"https:\/\/product-guide.org\/produkt\/bio-chlorella-bioprophyl\/#primaryimage\",\"url\":\"https:\/\/product-guide.org\/wp-content\/uploads\/2025\/03\/250107-Freisteller_Chlorella_250.png\",\"contentUrl\":\"https:\/\/product-guide.org\/wp-content\/uploads\/2025\/03\/250107-Freisteller_Chlorella_250.png\",\"width\":1800,\"height\":1800},{\"@type\":\"BreadcrumbList\",\"@id\":\"https:\/\/product-guide.org\/produkt\/bio-chlorella-bioprophyl\/#breadcrumb\",\"itemListElement\":[{\"@type\":\"ListItem\",\"position\":1,\"name\":\"Home\",\"item\":\"https:\/\/product-guide.org\/\"},{\"@type\":\"ListItem\",\"position\":2,\"name\":\"Ergebnisse\",\"item\":\"https:\/\/product-guide.org\/de\/ergebnisse\/\"},{\"@type\":\"ListItem\",\"position\":3,\"name\":\"BIO Chlorella | BioProphyl\"}]},{\"@type\":\"WebSite\",\"@id\":\"https:\/\/product-guide.org\/#website\",\"url\":\"https:\/\/product-guide.org\/\",\"name\":\"Product-Guide.org\",\"description\":\"What Product are you looking for?\",\"publisher\":{\"@id\":\"https:\/\/product-guide.org\/#organization\"},\"potentialAction\":[{\"@type\":\"SearchAction\",\"target\":{\"@type\":\"EntryPoint\",\"urlTemplate\":\"https:\/\/product-guide.org\/?s={search_term_string}\"},\"query-input\":{\"@type\":\"PropertyValueSpecification\",\"valueRequired\":true,\"valueName\":\"search_term_string\"}}],\"inLanguage\":\"en-GB\"},{\"@type\":\"Organization\",\"@id\":\"https:\/\/product-guide.org\/#organization\",\"name\":\"Product-Guide.org\",\"url\":\"https:\/\/product-guide.org\/\",\"logo\":{\"@type\":\"ImageObject\",\"inLanguage\":\"en-GB\",\"@id\":\"https:\/\/product-guide.org\/#\/schema\/logo\/image\/\",\"url\":\"https:\/\/product-guide.org\/wp-content\/uploads\/2022\/07\/logo_transparent_background.png\",\"contentUrl\":\"https:\/\/product-guide.org\/wp-content\/uploads\/2022\/07\/logo_transparent_background.png\",\"width\":3400,\"height\":1132,\"caption\":\"Product-Guide.org\"},\"image\":{\"@id\":\"https:\/\/product-guide.org\/#\/schema\/logo\/image\/\"}}]}<\/script>\n<!-- \/ Yoast SEO plugin. -->","yoast_head_json":{"title":"BIO Chlorella | BioProphyl | Product-Guide.org","description":"BIO Chlorella | BioProphyl gefunden von Product-Guide.org","robots":{"index":"index","follow":"follow","max-snippet":"max-snippet:-1","max-image-preview":"max-image-preview:large","max-video-preview":"max-video-preview:-1"},"canonical":"https:\/\/product-guide.org\/en\/produkt\/bio-chlorella-bioprophyl\/","og_locale":"en_GB","og_type":"article","og_title":"BIO Chlorella | BioProphyl | Product-Guide.org","og_description":"BIO Chlorella | BioProphyl gefunden von Product-Guide.org","og_url":"https:\/\/product-guide.org\/en\/produkt\/bio-chlorella-bioprophyl\/","og_site_name":"Product-Guide.org","twitter_card":"summary_large_image","schema":{"@context":"https:\/\/schema.org","@graph":[{"@type":"WebPage","@id":"https:\/\/product-guide.org\/produkt\/bio-chlorella-bioprophyl\/","url":"https:\/\/product-guide.org\/produkt\/bio-chlorella-bioprophyl\/","name":"BIO Chlorella | BioProphyl | Product-Guide.org","isPartOf":{"@id":"https:\/\/product-guide.org\/#website"},"primaryImageOfPage":{"@id":"https:\/\/product-guide.org\/produkt\/bio-chlorella-bioprophyl\/#primaryimage"},"image":{"@id":"https:\/\/product-guide.org\/produkt\/bio-chlorella-bioprophyl\/#primaryimage"},"thumbnailUrl":"https:\/\/product-guide.org\/wp-content\/uploads\/2025\/03\/250107-Freisteller_Chlorella_250.png","datePublished":"2025-03-17T12:15:30+00:00","description":"BIO Chlorella | BioProphyl gefunden von Product-Guide.org","breadcrumb":{"@id":"https:\/\/product-guide.org\/produkt\/bio-chlorella-bioprophyl\/#breadcrumb"},"inLanguage":"en-GB","potentialAction":[{"@type":"ReadAction","target":["https:\/\/product-guide.org\/produkt\/bio-chlorella-bioprophyl\/"]}]},{"@type":"ImageObject","inLanguage":"en-GB","@id":"https:\/\/product-guide.org\/produkt\/bio-chlorella-bioprophyl\/#primaryimage","url":"https:\/\/product-guide.org\/wp-content\/uploads\/2025\/03\/250107-Freisteller_Chlorella_250.png","contentUrl":"https:\/\/product-guide.org\/wp-content\/uploads\/2025\/03\/250107-Freisteller_Chlorella_250.png","width":1800,"height":1800},{"@type":"BreadcrumbList","@id":"https:\/\/product-guide.org\/produkt\/bio-chlorella-bioprophyl\/#breadcrumb","itemListElement":[{"@type":"ListItem","position":1,"name":"Home","item":"https:\/\/product-guide.org\/"},{"@type":"ListItem","position":2,"name":"Ergebnisse","item":"https:\/\/product-guide.org\/de\/ergebnisse\/"},{"@type":"ListItem","position":3,"name":"BIO Chlorella | BioProphyl"}]},{"@type":"WebSite","@id":"https:\/\/product-guide.org\/#website","url":"https:\/\/product-guide.org\/","name":"Product-Guide.org","description":"What Product are you looking for?","publisher":{"@id":"https:\/\/product-guide.org\/#organization"},"potentialAction":[{"@type":"SearchAction","target":{"@type":"EntryPoint","urlTemplate":"https:\/\/product-guide.org\/?s={search_term_string}"},"query-input":{"@type":"PropertyValueSpecification","valueRequired":true,"valueName":"search_term_string"}}],"inLanguage":"en-GB"},{"@type":"Organization","@id":"https:\/\/product-guide.org\/#organization","name":"Product-Guide.org","url":"https:\/\/product-guide.org\/","logo":{"@type":"ImageObject","inLanguage":"en-GB","@id":"https:\/\/product-guide.org\/#\/schema\/logo\/image\/","url":"https:\/\/product-guide.org\/wp-content\/uploads\/2022\/07\/logo_transparent_background.png","contentUrl":"https:\/\/product-guide.org\/wp-content\/uploads\/2022\/07\/logo_transparent_background.png","width":3400,"height":1132,"caption":"Product-Guide.org"},"image":{"@id":"https:\/\/product-guide.org\/#\/schema\/logo\/image\/"}}]}},"_links":{"self":[{"href":"https:\/\/product-guide.org\/en\/wp-json\/wp\/v2\/product\/58101","targetHints":{"allow":["GET"]}}],"collection":[{"href":"https:\/\/product-guide.org\/en\/wp-json\/wp\/v2\/product"}],"about":[{"href":"https:\/\/product-guide.org\/en\/wp-json\/wp\/v2\/types\/product"}],"wp:featuredmedia":[{"embeddable":true,"href":"https:\/\/product-guide.org\/en\/wp-json\/wp\/v2\/media\/58100"}],"wp:attachment":[{"href":"https:\/\/product-guide.org\/en\/wp-json\/wp\/v2\/media?parent=58101"}],"wp:term":[{"taxonomy":"store","embeddable":true,"href":"https:\/\/product-guide.org\/en\/wp-json\/wp\/v2\/store?post=58101"},{"taxonomy":"product_brand","embeddable":true,"href":"https:\/\/product-guide.org\/en\/wp-json\/wp\/v2\/product_brand?post=58101"},{"taxonomy":"product_cat","embeddable":true,"href":"https:\/\/product-guide.org\/en\/wp-json\/wp\/v2\/product_cat?post=58101"},{"taxonomy":"product_tag","embeddable":true,"href":"https:\/\/product-guide.org\/en\/wp-json\/wp\/v2\/product_tag?post=58101"}],"curies":[{"name":"wp","href":"https:\/\/api.w.org\/{rel}","templated":true}]}}