{"id":58103,"date":"2025-03-17T13:15:34","date_gmt":"2025-03-17T12:15:34","guid":{"rendered":"https:\/\/product-guide.org\/produkt\/bio-moringa-bioprophyl\/"},"modified":"2025-03-17T13:15:35","modified_gmt":"2025-03-17T12:15:35","slug":"bio-moringa-bioprophyl","status":"publish","type":"product","link":"https:\/\/product-guide.org\/en\/produkt\/bio-moringa-bioprophyl\/","title":{"rendered":"BIO Moringa | BioProphyl"},"content":{"rendered":"<p>Entdecken Sie die Kraft von Moringa, dem \u201eBaum des Lebens\u201c aus Indien. Moringa Oleifera, auch bekannt als Wunderbaum oder Meerrettichbaum, ist ein wesentlicher Bestandteil der ayurvedischen Heilkunst und besitzt zahlreiche Vorteile: Vielseitige Verwendung: Fast alle Teile des Moringa-Baumes sind essbar. Reich an N\u00e4hrstoffen: Die Bl\u00e4tter sind besonders nahrhaft und vitalstoffreich. Wertvoll als Nahrungserg\u00e4nzung: Moringa ist ideal f\u00fcr Vegetarier, Veganer und Rohkost-Fans. BIO Moringa Kapseln von BioProphyl enthalten 500 mg Moringapulver aus kontrolliert biologisch angebauten Moringabl\u00e4ttern in Rohkostqualit\u00e4t. Nutzen Sie jetzt die au\u00dfergew\u00f6hnlichen Eigenschaften von Moringa f\u00fcr Ihr Wohlbefinden. Reines Moringa: Entdecke Qualit\u00e4t von BioProphyl Moringa Oleifera ist in Indien als \u201eBaum des Lebens\u201c bekannt und wird auch Wunderbaum oder Meerrettichbaum genannt. Das Besondere an Moringa: nahezu alle Bestandteile des Baumes k\u00f6nnen verzehrt werden. Besonders wertvoll sind jedoch die au\u00dfergew\u00f6hnlich n\u00e4hrstoff- und vitalstoffreichen Moringabl\u00e4tter. Zu Pulver verarbeitet sind sie eine ideale Erg\u00e4nzung zur Aufwertung der t\u00e4glichen Ern\u00e4hrung. BIO Moringa Kapseln von BioProphyl eignen sich f\u00fcr Vegetarier und Veganer genauso wie f\u00fcr alle, die Moringa unkompliziert in ihren Alltag integrieren m\u00f6chten. Die Kapseln lassen sich leicht schlucken, individuell dosieren und sind praktisch f\u00fcr unterwegs.<\/p>\n","protected":false},"excerpt":{"rendered":"<p>Entdecken Sie die Kraft von Moringa, dem \u201eBaum des Lebens\u201c aus Indien. Moringa Oleifera, auch bekannt als Wunderbaum oder Meerrettichbaum, ist ein wesentlicher Bestandteil der ayurvedischen Heilkunst und besitzt zahlreiche Vorteile: Vielseitige Verwendung: Fast alle Teile des Moringa-Baumes sind essbar. Reich an N\u00e4hrstoffen: Die Bl\u00e4tter sind besonders nahrhaft und vitalstoffreich. Wertvoll als Nahrungserg\u00e4nzung: Moringa ist [&hellip;]<\/p>\n","protected":false},"featured_media":58102,"template":"","meta":{"_gspb_post_css":""},"store":[],"product_brand":[1464],"product_cat":[1290],"product_tag":[],"class_list":{"0":"post-58103","1":"product","2":"type-product","3":"status-publish","4":"has-post-thumbnail","6":"product_brand-bioprophyl","7":"product_cat-uncategorized","9":"first","10":"instock","11":"shipping-taxable","12":"purchasable","13":"product-type-simple"},"yoast_head":"<!-- This site is optimized with the Yoast SEO plugin v24.6 - https:\/\/yoast.com\/wordpress\/plugins\/seo\/ -->\n<title>BIO Moringa | BioProphyl | Product-Guide.org<\/title>\n<meta name=\"description\" content=\"BIO Moringa | BioProphyl gefunden von Product-Guide.org\" \/>\n<meta name=\"robots\" content=\"index, follow, max-snippet:-1, max-image-preview:large, max-video-preview:-1\" \/>\n<link rel=\"canonical\" href=\"https:\/\/product-guide.org\/en\/produkt\/bio-moringa-bioprophyl\/\" \/>\n<meta property=\"og:locale\" content=\"en_GB\" \/>\n<meta property=\"og:type\" content=\"article\" \/>\n<meta property=\"og:title\" content=\"BIO Moringa | BioProphyl | Product-Guide.org\" \/>\n<meta property=\"og:description\" content=\"BIO Moringa | BioProphyl gefunden von Product-Guide.org\" \/>\n<meta property=\"og:url\" content=\"https:\/\/product-guide.org\/en\/produkt\/bio-moringa-bioprophyl\/\" \/>\n<meta property=\"og:site_name\" content=\"Product-Guide.org\" \/>\n<meta property=\"article:modified_time\" content=\"2025-03-17T12:15:35+00:00\" \/>\n<meta name=\"twitter:card\" content=\"summary_large_image\" \/>\n<script type=\"application\/ld+json\" class=\"yoast-schema-graph\">{\"@context\":\"https:\/\/schema.org\",\"@graph\":[{\"@type\":\"WebPage\",\"@id\":\"https:\/\/product-guide.org\/produkt\/bio-moringa-bioprophyl\/\",\"url\":\"https:\/\/product-guide.org\/produkt\/bio-moringa-bioprophyl\/\",\"name\":\"BIO Moringa | BioProphyl | Product-Guide.org\",\"isPartOf\":{\"@id\":\"https:\/\/product-guide.org\/#website\"},\"primaryImageOfPage\":{\"@id\":\"https:\/\/product-guide.org\/produkt\/bio-moringa-bioprophyl\/#primaryimage\"},\"image\":{\"@id\":\"https:\/\/product-guide.org\/produkt\/bio-moringa-bioprophyl\/#primaryimage\"},\"thumbnailUrl\":\"https:\/\/product-guide.org\/wp-content\/uploads\/2025\/03\/Freisteller_Bio_Morginga.png\",\"datePublished\":\"2025-03-17T12:15:34+00:00\",\"dateModified\":\"2025-03-17T12:15:35+00:00\",\"description\":\"BIO Moringa | BioProphyl gefunden von Product-Guide.org\",\"breadcrumb\":{\"@id\":\"https:\/\/product-guide.org\/produkt\/bio-moringa-bioprophyl\/#breadcrumb\"},\"inLanguage\":\"en-GB\",\"potentialAction\":[{\"@type\":\"ReadAction\",\"target\":[\"https:\/\/product-guide.org\/produkt\/bio-moringa-bioprophyl\/\"]}]},{\"@type\":\"ImageObject\",\"inLanguage\":\"en-GB\",\"@id\":\"https:\/\/product-guide.org\/produkt\/bio-moringa-bioprophyl\/#primaryimage\",\"url\":\"https:\/\/product-guide.org\/wp-content\/uploads\/2025\/03\/Freisteller_Bio_Morginga.png\",\"contentUrl\":\"https:\/\/product-guide.org\/wp-content\/uploads\/2025\/03\/Freisteller_Bio_Morginga.png\",\"width\":1800,\"height\":1800},{\"@type\":\"BreadcrumbList\",\"@id\":\"https:\/\/product-guide.org\/produkt\/bio-moringa-bioprophyl\/#breadcrumb\",\"itemListElement\":[{\"@type\":\"ListItem\",\"position\":1,\"name\":\"Home\",\"item\":\"https:\/\/product-guide.org\/\"},{\"@type\":\"ListItem\",\"position\":2,\"name\":\"Ergebnisse\",\"item\":\"https:\/\/product-guide.org\/de\/ergebnisse\/\"},{\"@type\":\"ListItem\",\"position\":3,\"name\":\"BIO Moringa | BioProphyl\"}]},{\"@type\":\"WebSite\",\"@id\":\"https:\/\/product-guide.org\/#website\",\"url\":\"https:\/\/product-guide.org\/\",\"name\":\"Product-Guide.org\",\"description\":\"What Product are you looking for?\",\"publisher\":{\"@id\":\"https:\/\/product-guide.org\/#organization\"},\"potentialAction\":[{\"@type\":\"SearchAction\",\"target\":{\"@type\":\"EntryPoint\",\"urlTemplate\":\"https:\/\/product-guide.org\/?s={search_term_string}\"},\"query-input\":{\"@type\":\"PropertyValueSpecification\",\"valueRequired\":true,\"valueName\":\"search_term_string\"}}],\"inLanguage\":\"en-GB\"},{\"@type\":\"Organization\",\"@id\":\"https:\/\/product-guide.org\/#organization\",\"name\":\"Product-Guide.org\",\"url\":\"https:\/\/product-guide.org\/\",\"logo\":{\"@type\":\"ImageObject\",\"inLanguage\":\"en-GB\",\"@id\":\"https:\/\/product-guide.org\/#\/schema\/logo\/image\/\",\"url\":\"https:\/\/product-guide.org\/wp-content\/uploads\/2022\/07\/logo_transparent_background.png\",\"contentUrl\":\"https:\/\/product-guide.org\/wp-content\/uploads\/2022\/07\/logo_transparent_background.png\",\"width\":3400,\"height\":1132,\"caption\":\"Product-Guide.org\"},\"image\":{\"@id\":\"https:\/\/product-guide.org\/#\/schema\/logo\/image\/\"}}]}<\/script>\n<!-- \/ Yoast SEO plugin. -->","yoast_head_json":{"title":"BIO Moringa | BioProphyl | Product-Guide.org","description":"BIO Moringa | BioProphyl gefunden von Product-Guide.org","robots":{"index":"index","follow":"follow","max-snippet":"max-snippet:-1","max-image-preview":"max-image-preview:large","max-video-preview":"max-video-preview:-1"},"canonical":"https:\/\/product-guide.org\/en\/produkt\/bio-moringa-bioprophyl\/","og_locale":"en_GB","og_type":"article","og_title":"BIO Moringa | BioProphyl | Product-Guide.org","og_description":"BIO Moringa | BioProphyl gefunden von Product-Guide.org","og_url":"https:\/\/product-guide.org\/en\/produkt\/bio-moringa-bioprophyl\/","og_site_name":"Product-Guide.org","article_modified_time":"2025-03-17T12:15:35+00:00","twitter_card":"summary_large_image","schema":{"@context":"https:\/\/schema.org","@graph":[{"@type":"WebPage","@id":"https:\/\/product-guide.org\/produkt\/bio-moringa-bioprophyl\/","url":"https:\/\/product-guide.org\/produkt\/bio-moringa-bioprophyl\/","name":"BIO Moringa | BioProphyl | Product-Guide.org","isPartOf":{"@id":"https:\/\/product-guide.org\/#website"},"primaryImageOfPage":{"@id":"https:\/\/product-guide.org\/produkt\/bio-moringa-bioprophyl\/#primaryimage"},"image":{"@id":"https:\/\/product-guide.org\/produkt\/bio-moringa-bioprophyl\/#primaryimage"},"thumbnailUrl":"https:\/\/product-guide.org\/wp-content\/uploads\/2025\/03\/Freisteller_Bio_Morginga.png","datePublished":"2025-03-17T12:15:34+00:00","dateModified":"2025-03-17T12:15:35+00:00","description":"BIO Moringa | BioProphyl gefunden von Product-Guide.org","breadcrumb":{"@id":"https:\/\/product-guide.org\/produkt\/bio-moringa-bioprophyl\/#breadcrumb"},"inLanguage":"en-GB","potentialAction":[{"@type":"ReadAction","target":["https:\/\/product-guide.org\/produkt\/bio-moringa-bioprophyl\/"]}]},{"@type":"ImageObject","inLanguage":"en-GB","@id":"https:\/\/product-guide.org\/produkt\/bio-moringa-bioprophyl\/#primaryimage","url":"https:\/\/product-guide.org\/wp-content\/uploads\/2025\/03\/Freisteller_Bio_Morginga.png","contentUrl":"https:\/\/product-guide.org\/wp-content\/uploads\/2025\/03\/Freisteller_Bio_Morginga.png","width":1800,"height":1800},{"@type":"BreadcrumbList","@id":"https:\/\/product-guide.org\/produkt\/bio-moringa-bioprophyl\/#breadcrumb","itemListElement":[{"@type":"ListItem","position":1,"name":"Home","item":"https:\/\/product-guide.org\/"},{"@type":"ListItem","position":2,"name":"Ergebnisse","item":"https:\/\/product-guide.org\/de\/ergebnisse\/"},{"@type":"ListItem","position":3,"name":"BIO Moringa | BioProphyl"}]},{"@type":"WebSite","@id":"https:\/\/product-guide.org\/#website","url":"https:\/\/product-guide.org\/","name":"Product-Guide.org","description":"What Product are you looking for?","publisher":{"@id":"https:\/\/product-guide.org\/#organization"},"potentialAction":[{"@type":"SearchAction","target":{"@type":"EntryPoint","urlTemplate":"https:\/\/product-guide.org\/?s={search_term_string}"},"query-input":{"@type":"PropertyValueSpecification","valueRequired":true,"valueName":"search_term_string"}}],"inLanguage":"en-GB"},{"@type":"Organization","@id":"https:\/\/product-guide.org\/#organization","name":"Product-Guide.org","url":"https:\/\/product-guide.org\/","logo":{"@type":"ImageObject","inLanguage":"en-GB","@id":"https:\/\/product-guide.org\/#\/schema\/logo\/image\/","url":"https:\/\/product-guide.org\/wp-content\/uploads\/2022\/07\/logo_transparent_background.png","contentUrl":"https:\/\/product-guide.org\/wp-content\/uploads\/2022\/07\/logo_transparent_background.png","width":3400,"height":1132,"caption":"Product-Guide.org"},"image":{"@id":"https:\/\/product-guide.org\/#\/schema\/logo\/image\/"}}]}},"_links":{"self":[{"href":"https:\/\/product-guide.org\/en\/wp-json\/wp\/v2\/product\/58103","targetHints":{"allow":["GET"]}}],"collection":[{"href":"https:\/\/product-guide.org\/en\/wp-json\/wp\/v2\/product"}],"about":[{"href":"https:\/\/product-guide.org\/en\/wp-json\/wp\/v2\/types\/product"}],"wp:featuredmedia":[{"embeddable":true,"href":"https:\/\/product-guide.org\/en\/wp-json\/wp\/v2\/media\/58102"}],"wp:attachment":[{"href":"https:\/\/product-guide.org\/en\/wp-json\/wp\/v2\/media?parent=58103"}],"wp:term":[{"taxonomy":"store","embeddable":true,"href":"https:\/\/product-guide.org\/en\/wp-json\/wp\/v2\/store?post=58103"},{"taxonomy":"product_brand","embeddable":true,"href":"https:\/\/product-guide.org\/en\/wp-json\/wp\/v2\/product_brand?post=58103"},{"taxonomy":"product_cat","embeddable":true,"href":"https:\/\/product-guide.org\/en\/wp-json\/wp\/v2\/product_cat?post=58103"},{"taxonomy":"product_tag","embeddable":true,"href":"https:\/\/product-guide.org\/en\/wp-json\/wp\/v2\/product_tag?post=58103"}],"curies":[{"name":"wp","href":"https:\/\/api.w.org\/{rel}","templated":true}]}}