{"id":58107,"date":"2025-03-17T13:15:42","date_gmt":"2025-03-17T12:15:42","guid":{"rendered":"https:\/\/product-guide.org\/produkt\/cilantro-essenz-bioprophyl\/"},"modified":"2025-03-17T13:15:42","modified_gmt":"2025-03-17T12:15:42","slug":"cilantro-essenz-bioprophyl","status":"publish","type":"product","link":"https:\/\/product-guide.org\/en\/produkt\/cilantro-essenz-bioprophyl\/","title":{"rendered":"Cilantro Essenz | BioProphyl"},"content":{"rendered":"<p>Cilantro 50 ml Essenz: Das Beste des Korianders als Erg\u00e4nzung f\u00fcr deine Ern\u00e4hrung Cilantro von BioProphyl enth\u00e4lt 50 ml Korianderessenz aus jungen Korianderpflanzen. Als hochwertiges Naturprodukt eignet es sich hervorragend als t\u00e4gliche Nahrungserg\u00e4nzung und kann auch im Rahmen einer vegetarischen und veganen Ern\u00e4hrung verwendet werden. Hinweis: Unsere Cilantro-Essenz enth\u00e4lt Alkohol. Aufgrund dessen sollten Kinder, Schwangere und Stillende auf den Verzehr verzichten. Cilantro von BioProphyl: 50 ml konzentrierte Essenz Wenn von Koriander die Rede ist, ist in der Regel der Echte Koriander (Coriandrum sativum) gemeint. Als Mitglied der Familie der Doldenbl\u00fctler (Apiaceae) weist er eine langj\u00e4hrige und vielseitige Verwendung als Gew\u00fcrz- und Heilpflanze auf, die bereits vor mehr als 3.000 Jahren dokumentiert wurde. Sein botanischer Name leitet sich von den griechischen Begriffen \u201ekoris\u201c f\u00fcr \u201eWanze\u201c und \u201eamon\u201c f\u00fcr \u201eAnis\u201c oder \u201eDill\u201c ab. Weitl\u00e4ufig bekannt ist er auch unter dem spanischen Namen \u201eCilantro\u201c. Schon im alten \u00c4gypten wurde Koriander als Heilpflanze verwendet. Ihm werden unter anderem verdauungsf\u00f6rdernde und appetitanregende Eigenschaften zugeschrieben, weshalb er auch in China traditionell zur Darmpflege verzehrt wird. Er ist nicht nur als Gew\u00fcrz und Lebensmittel beliebt, sondern kommt dar\u00fcber hinaus als Rohstoff in der Pharma- und Parf\u00fcmindustrie zum Einsatz.<\/p>\n","protected":false},"excerpt":{"rendered":"<p>Cilantro 50 ml Essenz: Das Beste des Korianders als Erg\u00e4nzung f\u00fcr deine Ern\u00e4hrung Cilantro von BioProphyl enth\u00e4lt 50 ml Korianderessenz aus jungen Korianderpflanzen. Als hochwertiges Naturprodukt eignet es sich hervorragend als t\u00e4gliche Nahrungserg\u00e4nzung und kann auch im Rahmen einer vegetarischen und veganen Ern\u00e4hrung verwendet werden. Hinweis: Unsere Cilantro-Essenz enth\u00e4lt Alkohol. Aufgrund dessen sollten Kinder, Schwangere [&hellip;]<\/p>\n","protected":false},"featured_media":58106,"template":"","meta":{"_gspb_post_css":""},"store":[],"product_brand":[1464],"product_cat":[1290],"product_tag":[],"class_list":{"0":"post-58107","1":"product","2":"type-product","3":"status-publish","4":"has-post-thumbnail","6":"product_brand-bioprophyl","7":"product_cat-uncategorized","9":"first","10":"instock","11":"shipping-taxable","12":"purchasable","13":"product-type-simple"},"yoast_head":"<!-- This site is optimized with the Yoast SEO plugin v24.6 - https:\/\/yoast.com\/wordpress\/plugins\/seo\/ -->\n<title>Cilantro Essenz | BioProphyl | Product-Guide.org<\/title>\n<meta name=\"description\" content=\"Cilantro Essenz | BioProphyl gefunden von Product-Guide.org\" \/>\n<meta name=\"robots\" content=\"index, follow, max-snippet:-1, max-image-preview:large, max-video-preview:-1\" \/>\n<link rel=\"canonical\" href=\"https:\/\/product-guide.org\/en\/produkt\/cilantro-essenz-bioprophyl\/\" \/>\n<meta property=\"og:locale\" content=\"en_GB\" \/>\n<meta property=\"og:type\" content=\"article\" \/>\n<meta property=\"og:title\" content=\"Cilantro Essenz | BioProphyl | Product-Guide.org\" \/>\n<meta property=\"og:description\" content=\"Cilantro Essenz | BioProphyl gefunden von Product-Guide.org\" \/>\n<meta property=\"og:url\" content=\"https:\/\/product-guide.org\/en\/produkt\/cilantro-essenz-bioprophyl\/\" \/>\n<meta property=\"og:site_name\" content=\"Product-Guide.org\" \/>\n<meta name=\"twitter:card\" content=\"summary_large_image\" \/>\n<script type=\"application\/ld+json\" class=\"yoast-schema-graph\">{\"@context\":\"https:\/\/schema.org\",\"@graph\":[{\"@type\":\"WebPage\",\"@id\":\"https:\/\/product-guide.org\/produkt\/cilantro-essenz-bioprophyl\/\",\"url\":\"https:\/\/product-guide.org\/produkt\/cilantro-essenz-bioprophyl\/\",\"name\":\"Cilantro Essenz | BioProphyl | Product-Guide.org\",\"isPartOf\":{\"@id\":\"https:\/\/product-guide.org\/#website\"},\"primaryImageOfPage\":{\"@id\":\"https:\/\/product-guide.org\/produkt\/cilantro-essenz-bioprophyl\/#primaryimage\"},\"image\":{\"@id\":\"https:\/\/product-guide.org\/produkt\/cilantro-essenz-bioprophyl\/#primaryimage\"},\"thumbnailUrl\":\"https:\/\/product-guide.org\/wp-content\/uploads\/2025\/03\/Freisteller_Cilantro.png\",\"datePublished\":\"2025-03-17T12:15:42+00:00\",\"description\":\"Cilantro Essenz | BioProphyl gefunden von Product-Guide.org\",\"breadcrumb\":{\"@id\":\"https:\/\/product-guide.org\/produkt\/cilantro-essenz-bioprophyl\/#breadcrumb\"},\"inLanguage\":\"en-GB\",\"potentialAction\":[{\"@type\":\"ReadAction\",\"target\":[\"https:\/\/product-guide.org\/produkt\/cilantro-essenz-bioprophyl\/\"]}]},{\"@type\":\"ImageObject\",\"inLanguage\":\"en-GB\",\"@id\":\"https:\/\/product-guide.org\/produkt\/cilantro-essenz-bioprophyl\/#primaryimage\",\"url\":\"https:\/\/product-guide.org\/wp-content\/uploads\/2025\/03\/Freisteller_Cilantro.png\",\"contentUrl\":\"https:\/\/product-guide.org\/wp-content\/uploads\/2025\/03\/Freisteller_Cilantro.png\",\"width\":1800,\"height\":1800},{\"@type\":\"BreadcrumbList\",\"@id\":\"https:\/\/product-guide.org\/produkt\/cilantro-essenz-bioprophyl\/#breadcrumb\",\"itemListElement\":[{\"@type\":\"ListItem\",\"position\":1,\"name\":\"Home\",\"item\":\"https:\/\/product-guide.org\/\"},{\"@type\":\"ListItem\",\"position\":2,\"name\":\"Ergebnisse\",\"item\":\"https:\/\/product-guide.org\/de\/ergebnisse\/\"},{\"@type\":\"ListItem\",\"position\":3,\"name\":\"Cilantro Essenz | BioProphyl\"}]},{\"@type\":\"WebSite\",\"@id\":\"https:\/\/product-guide.org\/#website\",\"url\":\"https:\/\/product-guide.org\/\",\"name\":\"Product-Guide.org\",\"description\":\"What Product are you looking for?\",\"publisher\":{\"@id\":\"https:\/\/product-guide.org\/#organization\"},\"potentialAction\":[{\"@type\":\"SearchAction\",\"target\":{\"@type\":\"EntryPoint\",\"urlTemplate\":\"https:\/\/product-guide.org\/?s={search_term_string}\"},\"query-input\":{\"@type\":\"PropertyValueSpecification\",\"valueRequired\":true,\"valueName\":\"search_term_string\"}}],\"inLanguage\":\"en-GB\"},{\"@type\":\"Organization\",\"@id\":\"https:\/\/product-guide.org\/#organization\",\"name\":\"Product-Guide.org\",\"url\":\"https:\/\/product-guide.org\/\",\"logo\":{\"@type\":\"ImageObject\",\"inLanguage\":\"en-GB\",\"@id\":\"https:\/\/product-guide.org\/#\/schema\/logo\/image\/\",\"url\":\"https:\/\/product-guide.org\/wp-content\/uploads\/2022\/07\/logo_transparent_background.png\",\"contentUrl\":\"https:\/\/product-guide.org\/wp-content\/uploads\/2022\/07\/logo_transparent_background.png\",\"width\":3400,\"height\":1132,\"caption\":\"Product-Guide.org\"},\"image\":{\"@id\":\"https:\/\/product-guide.org\/#\/schema\/logo\/image\/\"}}]}<\/script>\n<!-- \/ Yoast SEO plugin. -->","yoast_head_json":{"title":"Cilantro Essenz | BioProphyl | Product-Guide.org","description":"Cilantro Essenz | BioProphyl gefunden von Product-Guide.org","robots":{"index":"index","follow":"follow","max-snippet":"max-snippet:-1","max-image-preview":"max-image-preview:large","max-video-preview":"max-video-preview:-1"},"canonical":"https:\/\/product-guide.org\/en\/produkt\/cilantro-essenz-bioprophyl\/","og_locale":"en_GB","og_type":"article","og_title":"Cilantro Essenz | BioProphyl | Product-Guide.org","og_description":"Cilantro Essenz | BioProphyl gefunden von Product-Guide.org","og_url":"https:\/\/product-guide.org\/en\/produkt\/cilantro-essenz-bioprophyl\/","og_site_name":"Product-Guide.org","twitter_card":"summary_large_image","schema":{"@context":"https:\/\/schema.org","@graph":[{"@type":"WebPage","@id":"https:\/\/product-guide.org\/produkt\/cilantro-essenz-bioprophyl\/","url":"https:\/\/product-guide.org\/produkt\/cilantro-essenz-bioprophyl\/","name":"Cilantro Essenz | BioProphyl | Product-Guide.org","isPartOf":{"@id":"https:\/\/product-guide.org\/#website"},"primaryImageOfPage":{"@id":"https:\/\/product-guide.org\/produkt\/cilantro-essenz-bioprophyl\/#primaryimage"},"image":{"@id":"https:\/\/product-guide.org\/produkt\/cilantro-essenz-bioprophyl\/#primaryimage"},"thumbnailUrl":"https:\/\/product-guide.org\/wp-content\/uploads\/2025\/03\/Freisteller_Cilantro.png","datePublished":"2025-03-17T12:15:42+00:00","description":"Cilantro Essenz | BioProphyl gefunden von Product-Guide.org","breadcrumb":{"@id":"https:\/\/product-guide.org\/produkt\/cilantro-essenz-bioprophyl\/#breadcrumb"},"inLanguage":"en-GB","potentialAction":[{"@type":"ReadAction","target":["https:\/\/product-guide.org\/produkt\/cilantro-essenz-bioprophyl\/"]}]},{"@type":"ImageObject","inLanguage":"en-GB","@id":"https:\/\/product-guide.org\/produkt\/cilantro-essenz-bioprophyl\/#primaryimage","url":"https:\/\/product-guide.org\/wp-content\/uploads\/2025\/03\/Freisteller_Cilantro.png","contentUrl":"https:\/\/product-guide.org\/wp-content\/uploads\/2025\/03\/Freisteller_Cilantro.png","width":1800,"height":1800},{"@type":"BreadcrumbList","@id":"https:\/\/product-guide.org\/produkt\/cilantro-essenz-bioprophyl\/#breadcrumb","itemListElement":[{"@type":"ListItem","position":1,"name":"Home","item":"https:\/\/product-guide.org\/"},{"@type":"ListItem","position":2,"name":"Ergebnisse","item":"https:\/\/product-guide.org\/de\/ergebnisse\/"},{"@type":"ListItem","position":3,"name":"Cilantro Essenz | BioProphyl"}]},{"@type":"WebSite","@id":"https:\/\/product-guide.org\/#website","url":"https:\/\/product-guide.org\/","name":"Product-Guide.org","description":"What Product are you looking for?","publisher":{"@id":"https:\/\/product-guide.org\/#organization"},"potentialAction":[{"@type":"SearchAction","target":{"@type":"EntryPoint","urlTemplate":"https:\/\/product-guide.org\/?s={search_term_string}"},"query-input":{"@type":"PropertyValueSpecification","valueRequired":true,"valueName":"search_term_string"}}],"inLanguage":"en-GB"},{"@type":"Organization","@id":"https:\/\/product-guide.org\/#organization","name":"Product-Guide.org","url":"https:\/\/product-guide.org\/","logo":{"@type":"ImageObject","inLanguage":"en-GB","@id":"https:\/\/product-guide.org\/#\/schema\/logo\/image\/","url":"https:\/\/product-guide.org\/wp-content\/uploads\/2022\/07\/logo_transparent_background.png","contentUrl":"https:\/\/product-guide.org\/wp-content\/uploads\/2022\/07\/logo_transparent_background.png","width":3400,"height":1132,"caption":"Product-Guide.org"},"image":{"@id":"https:\/\/product-guide.org\/#\/schema\/logo\/image\/"}}]}},"_links":{"self":[{"href":"https:\/\/product-guide.org\/en\/wp-json\/wp\/v2\/product\/58107","targetHints":{"allow":["GET"]}}],"collection":[{"href":"https:\/\/product-guide.org\/en\/wp-json\/wp\/v2\/product"}],"about":[{"href":"https:\/\/product-guide.org\/en\/wp-json\/wp\/v2\/types\/product"}],"wp:featuredmedia":[{"embeddable":true,"href":"https:\/\/product-guide.org\/en\/wp-json\/wp\/v2\/media\/58106"}],"wp:attachment":[{"href":"https:\/\/product-guide.org\/en\/wp-json\/wp\/v2\/media?parent=58107"}],"wp:term":[{"taxonomy":"store","embeddable":true,"href":"https:\/\/product-guide.org\/en\/wp-json\/wp\/v2\/store?post=58107"},{"taxonomy":"product_brand","embeddable":true,"href":"https:\/\/product-guide.org\/en\/wp-json\/wp\/v2\/product_brand?post=58107"},{"taxonomy":"product_cat","embeddable":true,"href":"https:\/\/product-guide.org\/en\/wp-json\/wp\/v2\/product_cat?post=58107"},{"taxonomy":"product_tag","embeddable":true,"href":"https:\/\/product-guide.org\/en\/wp-json\/wp\/v2\/product_tag?post=58107"}],"curies":[{"name":"wp","href":"https:\/\/api.w.org\/{rel}","templated":true}]}}