{"id":58111,"date":"2025-03-17T13:15:49","date_gmt":"2025-03-17T12:15:49","guid":{"rendered":"https:\/\/product-guide.org\/produkt\/cordyceps-bioprophyl\/"},"modified":"2025-03-17T13:15:50","modified_gmt":"2025-03-17T12:15:50","slug":"cordyceps-bioprophyl","status":"publish","type":"product","link":"https:\/\/product-guide.org\/en\/produkt\/cordyceps-bioprophyl\/","title":{"rendered":"Cordyceps | BioProphyl"},"content":{"rendered":"<p>500 mg Cordycepsextrakt mit Zink und Selen f\u00fcr ein starkes Immunsystem Cordyceps von BioProphyl enth\u00e4lt einen standardisierten Extrakt aus Cordyceps sinensis mit Zink und Selen zur Unterst\u00fctzung des Immunsystems. Die Herstellung der Kapseln erfolgt ohne k\u00fcnstliche Hilfs- und Zusatzstoffe, sodass ein 100 % nat\u00fcrliches Produkt ansteht, das sowohl f\u00fcr Vegetarier als auch Veganer geeignet ist. Der Cordyceps und seine Polysaccharide Der von uns verwendete Cordycepsextrakt ist standardisiert auf 30 % Polysaccharide. Die Polysaccharide des Cordyceps, darunter unter anderem Beta-Glucane, sind als physiologisch wirksame Bestandteile hervorzuheben und zeichnen sich durch ihre einzigartigen Eigenschaften aus. Beta-Glucane bestehen aus einer Kette einzelner Glucose-Bausteine, die wie die Perlen einer Halskette aneinandergereiht sind. Entscheidend f\u00fcr die Einzigartigkeit der Pilz-Glucane ist ihre spezifische Struktur und die Art der Verkn\u00fcpfung der einzelnen Glucose-Bausteine. Dadurch erhalten sie ihre wertvollen Eigenschaften und unterscheiden sich deutlich von den Glucanen aus Hafer und Gerste.<\/p>\n","protected":false},"excerpt":{"rendered":"<p>500 mg Cordycepsextrakt mit Zink und Selen f\u00fcr ein starkes Immunsystem Cordyceps von BioProphyl enth\u00e4lt einen standardisierten Extrakt aus Cordyceps sinensis mit Zink und Selen zur Unterst\u00fctzung des Immunsystems. Die Herstellung der Kapseln erfolgt ohne k\u00fcnstliche Hilfs- und Zusatzstoffe, sodass ein 100 % nat\u00fcrliches Produkt ansteht, das sowohl f\u00fcr Vegetarier als auch Veganer geeignet ist. [&hellip;]<\/p>\n","protected":false},"featured_media":58110,"template":"","meta":{"_gspb_post_css":""},"store":[],"product_brand":[1463],"product_cat":[1290],"product_tag":[],"class_list":{"0":"post-58111","1":"product","2":"type-product","3":"status-publish","4":"has-post-thumbnail","6":"product_brand-yougarden-com","7":"product_cat-uncategorized","9":"first","10":"instock","11":"shipping-taxable","12":"purchasable","13":"product-type-simple"},"yoast_head":"<!-- This site is optimized with the Yoast SEO plugin v24.6 - https:\/\/yoast.com\/wordpress\/plugins\/seo\/ -->\n<title>Cordyceps | BioProphyl | Product-Guide.org<\/title>\n<meta name=\"description\" content=\"Cordyceps | BioProphyl gefunden von Product-Guide.org\" \/>\n<meta name=\"robots\" content=\"index, follow, max-snippet:-1, max-image-preview:large, max-video-preview:-1\" \/>\n<link rel=\"canonical\" href=\"https:\/\/product-guide.org\/en\/produkt\/cordyceps-bioprophyl\/\" \/>\n<meta property=\"og:locale\" content=\"en_GB\" \/>\n<meta property=\"og:type\" content=\"article\" \/>\n<meta property=\"og:title\" content=\"Cordyceps | BioProphyl | Product-Guide.org\" \/>\n<meta property=\"og:description\" content=\"Cordyceps | BioProphyl gefunden von Product-Guide.org\" \/>\n<meta property=\"og:url\" content=\"https:\/\/product-guide.org\/en\/produkt\/cordyceps-bioprophyl\/\" \/>\n<meta property=\"og:site_name\" content=\"Product-Guide.org\" \/>\n<meta property=\"article:modified_time\" content=\"2025-03-17T12:15:50+00:00\" \/>\n<meta name=\"twitter:card\" content=\"summary_large_image\" \/>\n<script type=\"application\/ld+json\" class=\"yoast-schema-graph\">{\"@context\":\"https:\/\/schema.org\",\"@graph\":[{\"@type\":\"WebPage\",\"@id\":\"https:\/\/product-guide.org\/produkt\/cordyceps-bioprophyl\/\",\"url\":\"https:\/\/product-guide.org\/produkt\/cordyceps-bioprophyl\/\",\"name\":\"Cordyceps | BioProphyl | Product-Guide.org\",\"isPartOf\":{\"@id\":\"https:\/\/product-guide.org\/#website\"},\"primaryImageOfPage\":{\"@id\":\"https:\/\/product-guide.org\/produkt\/cordyceps-bioprophyl\/#primaryimage\"},\"image\":{\"@id\":\"https:\/\/product-guide.org\/produkt\/cordyceps-bioprophyl\/#primaryimage\"},\"thumbnailUrl\":\"https:\/\/product-guide.org\/wp-content\/uploads\/2025\/03\/Freisteller_Cordyceps.png\",\"datePublished\":\"2025-03-17T12:15:49+00:00\",\"dateModified\":\"2025-03-17T12:15:50+00:00\",\"description\":\"Cordyceps | BioProphyl gefunden von Product-Guide.org\",\"breadcrumb\":{\"@id\":\"https:\/\/product-guide.org\/produkt\/cordyceps-bioprophyl\/#breadcrumb\"},\"inLanguage\":\"en-GB\",\"potentialAction\":[{\"@type\":\"ReadAction\",\"target\":[\"https:\/\/product-guide.org\/produkt\/cordyceps-bioprophyl\/\"]}]},{\"@type\":\"ImageObject\",\"inLanguage\":\"en-GB\",\"@id\":\"https:\/\/product-guide.org\/produkt\/cordyceps-bioprophyl\/#primaryimage\",\"url\":\"https:\/\/product-guide.org\/wp-content\/uploads\/2025\/03\/Freisteller_Cordyceps.png\",\"contentUrl\":\"https:\/\/product-guide.org\/wp-content\/uploads\/2025\/03\/Freisteller_Cordyceps.png\",\"width\":1800,\"height\":1800},{\"@type\":\"BreadcrumbList\",\"@id\":\"https:\/\/product-guide.org\/produkt\/cordyceps-bioprophyl\/#breadcrumb\",\"itemListElement\":[{\"@type\":\"ListItem\",\"position\":1,\"name\":\"Home\",\"item\":\"https:\/\/product-guide.org\/\"},{\"@type\":\"ListItem\",\"position\":2,\"name\":\"Ergebnisse\",\"item\":\"https:\/\/product-guide.org\/de\/ergebnisse\/\"},{\"@type\":\"ListItem\",\"position\":3,\"name\":\"Cordyceps | BioProphyl\"}]},{\"@type\":\"WebSite\",\"@id\":\"https:\/\/product-guide.org\/#website\",\"url\":\"https:\/\/product-guide.org\/\",\"name\":\"Product-Guide.org\",\"description\":\"What Product are you looking for?\",\"publisher\":{\"@id\":\"https:\/\/product-guide.org\/#organization\"},\"potentialAction\":[{\"@type\":\"SearchAction\",\"target\":{\"@type\":\"EntryPoint\",\"urlTemplate\":\"https:\/\/product-guide.org\/?s={search_term_string}\"},\"query-input\":{\"@type\":\"PropertyValueSpecification\",\"valueRequired\":true,\"valueName\":\"search_term_string\"}}],\"inLanguage\":\"en-GB\"},{\"@type\":\"Organization\",\"@id\":\"https:\/\/product-guide.org\/#organization\",\"name\":\"Product-Guide.org\",\"url\":\"https:\/\/product-guide.org\/\",\"logo\":{\"@type\":\"ImageObject\",\"inLanguage\":\"en-GB\",\"@id\":\"https:\/\/product-guide.org\/#\/schema\/logo\/image\/\",\"url\":\"https:\/\/product-guide.org\/wp-content\/uploads\/2022\/07\/logo_transparent_background.png\",\"contentUrl\":\"https:\/\/product-guide.org\/wp-content\/uploads\/2022\/07\/logo_transparent_background.png\",\"width\":3400,\"height\":1132,\"caption\":\"Product-Guide.org\"},\"image\":{\"@id\":\"https:\/\/product-guide.org\/#\/schema\/logo\/image\/\"}}]}<\/script>\n<!-- \/ Yoast SEO plugin. -->","yoast_head_json":{"title":"Cordyceps | BioProphyl | Product-Guide.org","description":"Cordyceps | BioProphyl gefunden von Product-Guide.org","robots":{"index":"index","follow":"follow","max-snippet":"max-snippet:-1","max-image-preview":"max-image-preview:large","max-video-preview":"max-video-preview:-1"},"canonical":"https:\/\/product-guide.org\/en\/produkt\/cordyceps-bioprophyl\/","og_locale":"en_GB","og_type":"article","og_title":"Cordyceps | BioProphyl | Product-Guide.org","og_description":"Cordyceps | BioProphyl gefunden von Product-Guide.org","og_url":"https:\/\/product-guide.org\/en\/produkt\/cordyceps-bioprophyl\/","og_site_name":"Product-Guide.org","article_modified_time":"2025-03-17T12:15:50+00:00","twitter_card":"summary_large_image","schema":{"@context":"https:\/\/schema.org","@graph":[{"@type":"WebPage","@id":"https:\/\/product-guide.org\/produkt\/cordyceps-bioprophyl\/","url":"https:\/\/product-guide.org\/produkt\/cordyceps-bioprophyl\/","name":"Cordyceps | BioProphyl | Product-Guide.org","isPartOf":{"@id":"https:\/\/product-guide.org\/#website"},"primaryImageOfPage":{"@id":"https:\/\/product-guide.org\/produkt\/cordyceps-bioprophyl\/#primaryimage"},"image":{"@id":"https:\/\/product-guide.org\/produkt\/cordyceps-bioprophyl\/#primaryimage"},"thumbnailUrl":"https:\/\/product-guide.org\/wp-content\/uploads\/2025\/03\/Freisteller_Cordyceps.png","datePublished":"2025-03-17T12:15:49+00:00","dateModified":"2025-03-17T12:15:50+00:00","description":"Cordyceps | BioProphyl gefunden von Product-Guide.org","breadcrumb":{"@id":"https:\/\/product-guide.org\/produkt\/cordyceps-bioprophyl\/#breadcrumb"},"inLanguage":"en-GB","potentialAction":[{"@type":"ReadAction","target":["https:\/\/product-guide.org\/produkt\/cordyceps-bioprophyl\/"]}]},{"@type":"ImageObject","inLanguage":"en-GB","@id":"https:\/\/product-guide.org\/produkt\/cordyceps-bioprophyl\/#primaryimage","url":"https:\/\/product-guide.org\/wp-content\/uploads\/2025\/03\/Freisteller_Cordyceps.png","contentUrl":"https:\/\/product-guide.org\/wp-content\/uploads\/2025\/03\/Freisteller_Cordyceps.png","width":1800,"height":1800},{"@type":"BreadcrumbList","@id":"https:\/\/product-guide.org\/produkt\/cordyceps-bioprophyl\/#breadcrumb","itemListElement":[{"@type":"ListItem","position":1,"name":"Home","item":"https:\/\/product-guide.org\/"},{"@type":"ListItem","position":2,"name":"Ergebnisse","item":"https:\/\/product-guide.org\/de\/ergebnisse\/"},{"@type":"ListItem","position":3,"name":"Cordyceps | BioProphyl"}]},{"@type":"WebSite","@id":"https:\/\/product-guide.org\/#website","url":"https:\/\/product-guide.org\/","name":"Product-Guide.org","description":"What Product are you looking for?","publisher":{"@id":"https:\/\/product-guide.org\/#organization"},"potentialAction":[{"@type":"SearchAction","target":{"@type":"EntryPoint","urlTemplate":"https:\/\/product-guide.org\/?s={search_term_string}"},"query-input":{"@type":"PropertyValueSpecification","valueRequired":true,"valueName":"search_term_string"}}],"inLanguage":"en-GB"},{"@type":"Organization","@id":"https:\/\/product-guide.org\/#organization","name":"Product-Guide.org","url":"https:\/\/product-guide.org\/","logo":{"@type":"ImageObject","inLanguage":"en-GB","@id":"https:\/\/product-guide.org\/#\/schema\/logo\/image\/","url":"https:\/\/product-guide.org\/wp-content\/uploads\/2022\/07\/logo_transparent_background.png","contentUrl":"https:\/\/product-guide.org\/wp-content\/uploads\/2022\/07\/logo_transparent_background.png","width":3400,"height":1132,"caption":"Product-Guide.org"},"image":{"@id":"https:\/\/product-guide.org\/#\/schema\/logo\/image\/"}}]}},"_links":{"self":[{"href":"https:\/\/product-guide.org\/en\/wp-json\/wp\/v2\/product\/58111","targetHints":{"allow":["GET"]}}],"collection":[{"href":"https:\/\/product-guide.org\/en\/wp-json\/wp\/v2\/product"}],"about":[{"href":"https:\/\/product-guide.org\/en\/wp-json\/wp\/v2\/types\/product"}],"wp:featuredmedia":[{"embeddable":true,"href":"https:\/\/product-guide.org\/en\/wp-json\/wp\/v2\/media\/58110"}],"wp:attachment":[{"href":"https:\/\/product-guide.org\/en\/wp-json\/wp\/v2\/media?parent=58111"}],"wp:term":[{"taxonomy":"store","embeddable":true,"href":"https:\/\/product-guide.org\/en\/wp-json\/wp\/v2\/store?post=58111"},{"taxonomy":"product_brand","embeddable":true,"href":"https:\/\/product-guide.org\/en\/wp-json\/wp\/v2\/product_brand?post=58111"},{"taxonomy":"product_cat","embeddable":true,"href":"https:\/\/product-guide.org\/en\/wp-json\/wp\/v2\/product_cat?post=58111"},{"taxonomy":"product_tag","embeddable":true,"href":"https:\/\/product-guide.org\/en\/wp-json\/wp\/v2\/product_tag?post=58111"}],"curies":[{"name":"wp","href":"https:\/\/api.w.org\/{rel}","templated":true}]}}