{"id":58113,"date":"2025-03-17T13:15:54","date_gmt":"2025-03-17T12:15:54","guid":{"rendered":"https:\/\/product-guide.org\/produkt\/bioaktive-folsaure-5-mthf-bioprophyl\/"},"modified":"2025-03-17T13:15:55","modified_gmt":"2025-03-17T12:15:55","slug":"bioaktive-folsaure-5-mthf-bioprophyl","status":"publish","type":"product","link":"https:\/\/product-guide.org\/en\/produkt\/bioaktive-folsaure-5-mthf-bioprophyl\/","title":{"rendered":"Bioaktive Fols\u00e4ure (5-MTHF) | BioProphyl"},"content":{"rendered":"<p>Bioaktive Fols\u00e4ure 5-MTHF zur Vorbereitung auf die Schwangerschaft Bioaktive Fols\u00e4ure 5-MTHF vereint wichtige N\u00e4hrstoffe f\u00fcr eine optimale Vorbereitung auf die Schwangerschaft. Neben insgesamt 800 \u03bcg Fols\u00e4ure enthalten zwei Kapseln 100 mg DHA, 500 mg Macawurzelpulver, 100 mg Ackerschachtelhalm, 10 mg Zink, 2,5 \u03bcg Vitamin D3 sowie 100 % der t\u00e4glich empfohlenen Menge der B-Vitamine B1, B2, B3. B6, B12, Biotin und Pantothens\u00e4ure. Die Kapseln kommen ohne k\u00fcnstliche Hilfs- und Zusatzstoffe aus und sind 100 % vegan. Von Anfang an gut versorgt mit bioaktiver Fols\u00e4ure Fols\u00e4ure ist besonders in den ganz fr\u00fchen Phasen der Schwangerschaft essenziell. Sie tr\u00e4gt zum Wachstum des m\u00fctterlichen Gewebes bei und ist wichtig f\u00fcr die Blutbildung und Zellteilung. Beim Ungeborgenen sorgt sie f\u00fcr die Schlie\u00dfung des Neuralrohrs, aus dem das zentrale Nervensystem entsteht. Ein Mangel an Fols\u00e4ure kann den Verschluss ganz oder teilweise st\u00f6ren und Fehlbildungen beg\u00fcnstigen. Wenn sich das embryonale Neuralrohr w\u00e4hrend der entscheidenden Phase, zwischen dem 22. und dem 28. Tag nach der Empf\u00e4ngnis nicht schlie\u00dft, kommt es zu Fehlbildungen bzw. Neuralrohrdefekten wie Spina bifida (offener R\u00fccken) und Anenzephalie (Fehlbildung des Gehirns). Oft wissen werdende M\u00fctter zu diesem Zeitpunkt noch gar nicht, dass sie schwanger sind. \u00c4rzte empfehlen daher, bei bestehendem Kinderwunsch vorsorglich Fols\u00e4ure zu substituieren. Die Einnahme soll mindestens 4 Wochen vor der Konzeption beginnen und bis zum Ende des 1. Schwangerschaftsdrittels weitergef\u00fchrt werden.<\/p>\n","protected":false},"excerpt":{"rendered":"<p>Bioaktive Fols\u00e4ure 5-MTHF zur Vorbereitung auf die Schwangerschaft Bioaktive Fols\u00e4ure 5-MTHF vereint wichtige N\u00e4hrstoffe f\u00fcr eine optimale Vorbereitung auf die Schwangerschaft. Neben insgesamt 800 \u03bcg Fols\u00e4ure enthalten zwei Kapseln 100 mg DHA, 500 mg Macawurzelpulver, 100 mg Ackerschachtelhalm, 10 mg Zink, 2,5 \u03bcg Vitamin D3 sowie 100 % der t\u00e4glich empfohlenen Menge der B-Vitamine B1, [&hellip;]<\/p>\n","protected":false},"featured_media":58112,"template":"","meta":{"_gspb_post_css":""},"store":[],"product_brand":[1463],"product_cat":[1290],"product_tag":[],"class_list":{"0":"post-58113","1":"product","2":"type-product","3":"status-publish","4":"has-post-thumbnail","6":"product_brand-yougarden-com","7":"product_cat-uncategorized","9":"first","10":"instock","11":"sale","12":"shipping-taxable","13":"purchasable","14":"product-type-simple"},"yoast_head":"<!-- This site is optimized with the Yoast SEO plugin v24.6 - https:\/\/yoast.com\/wordpress\/plugins\/seo\/ -->\n<title>Bioaktive Fols\u00e4ure (5-MTHF) | BioProphyl | Product-Guide.org<\/title>\n<meta name=\"description\" content=\"Bioaktive Fols\u00e4ure (5-MTHF) | BioProphyl gefunden von Product-Guide.org\" \/>\n<meta name=\"robots\" content=\"index, follow, max-snippet:-1, max-image-preview:large, max-video-preview:-1\" \/>\n<link rel=\"canonical\" href=\"https:\/\/product-guide.org\/en\/produkt\/bioaktive-folsaure-5-mthf-bioprophyl\/\" \/>\n<meta property=\"og:locale\" content=\"en_GB\" \/>\n<meta property=\"og:type\" content=\"article\" \/>\n<meta property=\"og:title\" content=\"Bioaktive Fols\u00e4ure (5-MTHF) | BioProphyl | Product-Guide.org\" \/>\n<meta property=\"og:description\" content=\"Bioaktive Fols\u00e4ure (5-MTHF) | BioProphyl gefunden von Product-Guide.org\" \/>\n<meta property=\"og:url\" content=\"https:\/\/product-guide.org\/en\/produkt\/bioaktive-folsaure-5-mthf-bioprophyl\/\" \/>\n<meta property=\"og:site_name\" content=\"Product-Guide.org\" \/>\n<meta property=\"article:modified_time\" content=\"2025-03-17T12:15:55+00:00\" \/>\n<meta name=\"twitter:card\" content=\"summary_large_image\" \/>\n<script type=\"application\/ld+json\" class=\"yoast-schema-graph\">{\"@context\":\"https:\/\/schema.org\",\"@graph\":[{\"@type\":\"WebPage\",\"@id\":\"https:\/\/product-guide.org\/produkt\/bioaktive-folsaure-5-mthf-bioprophyl\/\",\"url\":\"https:\/\/product-guide.org\/produkt\/bioaktive-folsaure-5-mthf-bioprophyl\/\",\"name\":\"Bioaktive Fols\u00e4ure (5-MTHF) | BioProphyl | Product-Guide.org\",\"isPartOf\":{\"@id\":\"https:\/\/product-guide.org\/#website\"},\"primaryImageOfPage\":{\"@id\":\"https:\/\/product-guide.org\/produkt\/bioaktive-folsaure-5-mthf-bioprophyl\/#primaryimage\"},\"image\":{\"@id\":\"https:\/\/product-guide.org\/produkt\/bioaktive-folsaure-5-mthf-bioprophyl\/#primaryimage\"},\"thumbnailUrl\":\"https:\/\/product-guide.org\/wp-content\/uploads\/2025\/03\/Freisetller_Bioaktive_Folsaeure_5-MTHF.png\",\"datePublished\":\"2025-03-17T12:15:54+00:00\",\"dateModified\":\"2025-03-17T12:15:55+00:00\",\"description\":\"Bioaktive Fols\u00e4ure (5-MTHF) | BioProphyl gefunden von Product-Guide.org\",\"breadcrumb\":{\"@id\":\"https:\/\/product-guide.org\/produkt\/bioaktive-folsaure-5-mthf-bioprophyl\/#breadcrumb\"},\"inLanguage\":\"en-GB\",\"potentialAction\":[{\"@type\":\"ReadAction\",\"target\":[\"https:\/\/product-guide.org\/produkt\/bioaktive-folsaure-5-mthf-bioprophyl\/\"]}]},{\"@type\":\"ImageObject\",\"inLanguage\":\"en-GB\",\"@id\":\"https:\/\/product-guide.org\/produkt\/bioaktive-folsaure-5-mthf-bioprophyl\/#primaryimage\",\"url\":\"https:\/\/product-guide.org\/wp-content\/uploads\/2025\/03\/Freisetller_Bioaktive_Folsaeure_5-MTHF.png\",\"contentUrl\":\"https:\/\/product-guide.org\/wp-content\/uploads\/2025\/03\/Freisetller_Bioaktive_Folsaeure_5-MTHF.png\",\"width\":1800,\"height\":1800},{\"@type\":\"BreadcrumbList\",\"@id\":\"https:\/\/product-guide.org\/produkt\/bioaktive-folsaure-5-mthf-bioprophyl\/#breadcrumb\",\"itemListElement\":[{\"@type\":\"ListItem\",\"position\":1,\"name\":\"Home\",\"item\":\"https:\/\/product-guide.org\/\"},{\"@type\":\"ListItem\",\"position\":2,\"name\":\"Ergebnisse\",\"item\":\"https:\/\/product-guide.org\/de\/ergebnisse\/\"},{\"@type\":\"ListItem\",\"position\":3,\"name\":\"Bioaktive Fols\u00e4ure (5-MTHF) | BioProphyl\"}]},{\"@type\":\"WebSite\",\"@id\":\"https:\/\/product-guide.org\/#website\",\"url\":\"https:\/\/product-guide.org\/\",\"name\":\"Product-Guide.org\",\"description\":\"What Product are you looking for?\",\"publisher\":{\"@id\":\"https:\/\/product-guide.org\/#organization\"},\"potentialAction\":[{\"@type\":\"SearchAction\",\"target\":{\"@type\":\"EntryPoint\",\"urlTemplate\":\"https:\/\/product-guide.org\/?s={search_term_string}\"},\"query-input\":{\"@type\":\"PropertyValueSpecification\",\"valueRequired\":true,\"valueName\":\"search_term_string\"}}],\"inLanguage\":\"en-GB\"},{\"@type\":\"Organization\",\"@id\":\"https:\/\/product-guide.org\/#organization\",\"name\":\"Product-Guide.org\",\"url\":\"https:\/\/product-guide.org\/\",\"logo\":{\"@type\":\"ImageObject\",\"inLanguage\":\"en-GB\",\"@id\":\"https:\/\/product-guide.org\/#\/schema\/logo\/image\/\",\"url\":\"https:\/\/product-guide.org\/wp-content\/uploads\/2022\/07\/logo_transparent_background.png\",\"contentUrl\":\"https:\/\/product-guide.org\/wp-content\/uploads\/2022\/07\/logo_transparent_background.png\",\"width\":3400,\"height\":1132,\"caption\":\"Product-Guide.org\"},\"image\":{\"@id\":\"https:\/\/product-guide.org\/#\/schema\/logo\/image\/\"}}]}<\/script>\n<!-- \/ Yoast SEO plugin. -->","yoast_head_json":{"title":"Bioaktive Fols\u00e4ure (5-MTHF) | BioProphyl | Product-Guide.org","description":"Bioaktive Fols\u00e4ure (5-MTHF) | BioProphyl gefunden von Product-Guide.org","robots":{"index":"index","follow":"follow","max-snippet":"max-snippet:-1","max-image-preview":"max-image-preview:large","max-video-preview":"max-video-preview:-1"},"canonical":"https:\/\/product-guide.org\/en\/produkt\/bioaktive-folsaure-5-mthf-bioprophyl\/","og_locale":"en_GB","og_type":"article","og_title":"Bioaktive Fols\u00e4ure (5-MTHF) | BioProphyl | Product-Guide.org","og_description":"Bioaktive Fols\u00e4ure (5-MTHF) | BioProphyl gefunden von Product-Guide.org","og_url":"https:\/\/product-guide.org\/en\/produkt\/bioaktive-folsaure-5-mthf-bioprophyl\/","og_site_name":"Product-Guide.org","article_modified_time":"2025-03-17T12:15:55+00:00","twitter_card":"summary_large_image","schema":{"@context":"https:\/\/schema.org","@graph":[{"@type":"WebPage","@id":"https:\/\/product-guide.org\/produkt\/bioaktive-folsaure-5-mthf-bioprophyl\/","url":"https:\/\/product-guide.org\/produkt\/bioaktive-folsaure-5-mthf-bioprophyl\/","name":"Bioaktive Fols\u00e4ure (5-MTHF) | BioProphyl | Product-Guide.org","isPartOf":{"@id":"https:\/\/product-guide.org\/#website"},"primaryImageOfPage":{"@id":"https:\/\/product-guide.org\/produkt\/bioaktive-folsaure-5-mthf-bioprophyl\/#primaryimage"},"image":{"@id":"https:\/\/product-guide.org\/produkt\/bioaktive-folsaure-5-mthf-bioprophyl\/#primaryimage"},"thumbnailUrl":"https:\/\/product-guide.org\/wp-content\/uploads\/2025\/03\/Freisetller_Bioaktive_Folsaeure_5-MTHF.png","datePublished":"2025-03-17T12:15:54+00:00","dateModified":"2025-03-17T12:15:55+00:00","description":"Bioaktive Fols\u00e4ure (5-MTHF) | BioProphyl gefunden von Product-Guide.org","breadcrumb":{"@id":"https:\/\/product-guide.org\/produkt\/bioaktive-folsaure-5-mthf-bioprophyl\/#breadcrumb"},"inLanguage":"en-GB","potentialAction":[{"@type":"ReadAction","target":["https:\/\/product-guide.org\/produkt\/bioaktive-folsaure-5-mthf-bioprophyl\/"]}]},{"@type":"ImageObject","inLanguage":"en-GB","@id":"https:\/\/product-guide.org\/produkt\/bioaktive-folsaure-5-mthf-bioprophyl\/#primaryimage","url":"https:\/\/product-guide.org\/wp-content\/uploads\/2025\/03\/Freisetller_Bioaktive_Folsaeure_5-MTHF.png","contentUrl":"https:\/\/product-guide.org\/wp-content\/uploads\/2025\/03\/Freisetller_Bioaktive_Folsaeure_5-MTHF.png","width":1800,"height":1800},{"@type":"BreadcrumbList","@id":"https:\/\/product-guide.org\/produkt\/bioaktive-folsaure-5-mthf-bioprophyl\/#breadcrumb","itemListElement":[{"@type":"ListItem","position":1,"name":"Home","item":"https:\/\/product-guide.org\/"},{"@type":"ListItem","position":2,"name":"Ergebnisse","item":"https:\/\/product-guide.org\/de\/ergebnisse\/"},{"@type":"ListItem","position":3,"name":"Bioaktive Fols\u00e4ure (5-MTHF) | BioProphyl"}]},{"@type":"WebSite","@id":"https:\/\/product-guide.org\/#website","url":"https:\/\/product-guide.org\/","name":"Product-Guide.org","description":"What Product are you looking for?","publisher":{"@id":"https:\/\/product-guide.org\/#organization"},"potentialAction":[{"@type":"SearchAction","target":{"@type":"EntryPoint","urlTemplate":"https:\/\/product-guide.org\/?s={search_term_string}"},"query-input":{"@type":"PropertyValueSpecification","valueRequired":true,"valueName":"search_term_string"}}],"inLanguage":"en-GB"},{"@type":"Organization","@id":"https:\/\/product-guide.org\/#organization","name":"Product-Guide.org","url":"https:\/\/product-guide.org\/","logo":{"@type":"ImageObject","inLanguage":"en-GB","@id":"https:\/\/product-guide.org\/#\/schema\/logo\/image\/","url":"https:\/\/product-guide.org\/wp-content\/uploads\/2022\/07\/logo_transparent_background.png","contentUrl":"https:\/\/product-guide.org\/wp-content\/uploads\/2022\/07\/logo_transparent_background.png","width":3400,"height":1132,"caption":"Product-Guide.org"},"image":{"@id":"https:\/\/product-guide.org\/#\/schema\/logo\/image\/"}}]}},"_links":{"self":[{"href":"https:\/\/product-guide.org\/en\/wp-json\/wp\/v2\/product\/58113","targetHints":{"allow":["GET"]}}],"collection":[{"href":"https:\/\/product-guide.org\/en\/wp-json\/wp\/v2\/product"}],"about":[{"href":"https:\/\/product-guide.org\/en\/wp-json\/wp\/v2\/types\/product"}],"wp:featuredmedia":[{"embeddable":true,"href":"https:\/\/product-guide.org\/en\/wp-json\/wp\/v2\/media\/58112"}],"wp:attachment":[{"href":"https:\/\/product-guide.org\/en\/wp-json\/wp\/v2\/media?parent=58113"}],"wp:term":[{"taxonomy":"store","embeddable":true,"href":"https:\/\/product-guide.org\/en\/wp-json\/wp\/v2\/store?post=58113"},{"taxonomy":"product_brand","embeddable":true,"href":"https:\/\/product-guide.org\/en\/wp-json\/wp\/v2\/product_brand?post=58113"},{"taxonomy":"product_cat","embeddable":true,"href":"https:\/\/product-guide.org\/en\/wp-json\/wp\/v2\/product_cat?post=58113"},{"taxonomy":"product_tag","embeddable":true,"href":"https:\/\/product-guide.org\/en\/wp-json\/wp\/v2\/product_tag?post=58113"}],"curies":[{"name":"wp","href":"https:\/\/api.w.org\/{rel}","templated":true}]}}