{"id":58131,"date":"2025-03-17T13:16:31","date_gmt":"2025-03-17T12:16:31","guid":{"rendered":"https:\/\/product-guide.org\/produkt\/algenkraft-junior-bioprophyl\/"},"modified":"2025-03-17T13:16:31","modified_gmt":"2025-03-17T12:16:31","slug":"algenkraft-junior-bioprophyl","status":"publish","type":"product","link":"https:\/\/product-guide.org\/en\/produkt\/algenkraft-junior-bioprophyl\/","title":{"rendered":"Algenkraft Junior | BioProphyl"},"content":{"rendered":"<p>Vegane Omega-3-Quelle: Algenkraft-Kapseln f\u00fcr die Unterst\u00fctzung der gesunden Entwicklung von Kindern Die Mikroalge Schizochytrium, die wir f\u00fcr unsere Algenkraft-Kapseln verwenden, bietet eine nat\u00fcrliche, hochwertige Quelle f\u00fcr Omega-3-Fetts\u00e4uren \u2013 wertvoll f\u00fcr die allgemeine Gesundheit und Entwicklung von Kindern. Die Alge ist reich an Docosahexaens\u00e4ure (DHA) und Eicosapentaens\u00e4ure (EPA), zwei wichtigen Omega-3-Fetts\u00e4uren, die einen Beitrag zur normalen Herzfunktion leisten (bei einer t\u00e4glichen Aufnahme von 250 mg EPA und DHA). DHA tr\u00e4gt bei Kindern zu einer normalen Entwicklung des Gehirns und der Augen bei (bei einer t\u00e4glichen Aufnahme von 250 mg DHA und EPA). Da das Gehirn und die Netzhaut einen hohen Anteil an DHA enthalten, ist eine ausreichende Zufuhr insbesondere w\u00e4hrend der Wachstumsphasen von Vorteil. Die Deutsche Gesellschaft f\u00fcr Ern\u00e4hrung (DGE) empfiehlt deshalb die t\u00e4gliche Aufnahme von 250 mg EPA und DHA. Unsere Algenkraft-Kapseln enthalten 417 mg Algen\u00f6l pro Kapsel, davon 62,6 mg EPA und 125,1 mg DHA, und bieten eine wertvolle, vegane Alternative f\u00fcr Familien, die auf Fisch verzichten m\u00f6chten. Nachhaltig produziert f\u00fcr die ganze Familie: Algenkraft-Kapseln von BioProphyl Unsere Mikroalgen werden nicht aus dem Meer gewonnen, sondern in gesch\u00fctzten, rostfreien Edelstahlbeh\u00e4ltern nachhaltig kultiviert. Diese Produktionsweise schont wertvolle Ressourcen und die Umwelt, sodass Familien auf eine sichere und saubere Quelle f\u00fcr Omega-3-Fetts\u00e4uren setzen k\u00f6nnen. Die Kultivierung erfolgt unter geschlossenen Bedingungen ohne \u00e4u\u00dfere Umweltbelastungen. Anstelle von Licht und CO2 erhalten die Algen eine Energiequelle aus Zucker und Essigs\u00e4ure. So bleibt das Algen\u00f6l rein und unkontaminiert, ideal f\u00fcr Erwachsene und Kinder. Algen\u00f6l ohne Jod \u2013 sicher auch f\u00fcr jodarme Ern\u00e4hrung Dank der kontrollierten Umgebung und speziellen N\u00e4hrl\u00f6sungen reichern unsere Algen kein Jod an. Sollte dennoch eine geringe Menge enthalten sein, wird sie w\u00e4hrend des Verarbeitungsprozesses entfernt. Die Algenkraft-Kapseln sind somit auch bei einer jodarmen Ern\u00e4hrung unbedenklich und bieten Eltern eine vertrauensw\u00fcrdige Omega-3-Quelle f\u00fcr ihre Kinder.<\/p>\n","protected":false},"excerpt":{"rendered":"<p>Vegane Omega-3-Quelle: Algenkraft-Kapseln f\u00fcr die Unterst\u00fctzung der gesunden Entwicklung von Kindern Die Mikroalge Schizochytrium, die wir f\u00fcr unsere Algenkraft-Kapseln verwenden, bietet eine nat\u00fcrliche, hochwertige Quelle f\u00fcr Omega-3-Fetts\u00e4uren \u2013 wertvoll f\u00fcr die allgemeine Gesundheit und Entwicklung von Kindern. Die Alge ist reich an Docosahexaens\u00e4ure (DHA) und Eicosapentaens\u00e4ure (EPA), zwei wichtigen Omega-3-Fetts\u00e4uren, die einen Beitrag zur normalen [&hellip;]<\/p>\n","protected":false},"featured_media":58130,"template":"","meta":{"_gspb_post_css":""},"store":[],"product_brand":[1463],"product_cat":[1290],"product_tag":[],"class_list":{"0":"post-58131","1":"product","2":"type-product","3":"status-publish","4":"has-post-thumbnail","6":"product_brand-yougarden-com","7":"product_cat-uncategorized","9":"first","10":"instock","11":"shipping-taxable","12":"purchasable","13":"product-type-simple"},"yoast_head":"<!-- This site is optimized with the Yoast SEO plugin v24.6 - https:\/\/yoast.com\/wordpress\/plugins\/seo\/ -->\n<title>Algenkraft Junior | BioProphyl | Product-Guide.org<\/title>\n<meta name=\"description\" content=\"Algenkraft Junior | BioProphyl gefunden von Product-Guide.org\" \/>\n<meta name=\"robots\" content=\"index, follow, max-snippet:-1, max-image-preview:large, max-video-preview:-1\" \/>\n<link rel=\"canonical\" href=\"https:\/\/product-guide.org\/en\/produkt\/algenkraft-junior-bioprophyl\/\" \/>\n<meta property=\"og:locale\" content=\"en_GB\" \/>\n<meta property=\"og:type\" content=\"article\" \/>\n<meta property=\"og:title\" content=\"Algenkraft Junior | BioProphyl | Product-Guide.org\" \/>\n<meta property=\"og:description\" content=\"Algenkraft Junior | BioProphyl gefunden von Product-Guide.org\" \/>\n<meta property=\"og:url\" content=\"https:\/\/product-guide.org\/en\/produkt\/algenkraft-junior-bioprophyl\/\" \/>\n<meta property=\"og:site_name\" content=\"Product-Guide.org\" \/>\n<meta name=\"twitter:card\" content=\"summary_large_image\" \/>\n<script type=\"application\/ld+json\" class=\"yoast-schema-graph\">{\"@context\":\"https:\/\/schema.org\",\"@graph\":[{\"@type\":\"WebPage\",\"@id\":\"https:\/\/product-guide.org\/produkt\/algenkraft-junior-bioprophyl\/\",\"url\":\"https:\/\/product-guide.org\/produkt\/algenkraft-junior-bioprophyl\/\",\"name\":\"Algenkraft Junior | BioProphyl | Product-Guide.org\",\"isPartOf\":{\"@id\":\"https:\/\/product-guide.org\/#website\"},\"primaryImageOfPage\":{\"@id\":\"https:\/\/product-guide.org\/produkt\/algenkraft-junior-bioprophyl\/#primaryimage\"},\"image\":{\"@id\":\"https:\/\/product-guide.org\/produkt\/algenkraft-junior-bioprophyl\/#primaryimage\"},\"thumbnailUrl\":\"https:\/\/product-guide.org\/wp-content\/uploads\/2025\/03\/Freisteller_Algenkraft_Junior.png\",\"datePublished\":\"2025-03-17T12:16:31+00:00\",\"description\":\"Algenkraft Junior | BioProphyl gefunden von Product-Guide.org\",\"breadcrumb\":{\"@id\":\"https:\/\/product-guide.org\/produkt\/algenkraft-junior-bioprophyl\/#breadcrumb\"},\"inLanguage\":\"en-GB\",\"potentialAction\":[{\"@type\":\"ReadAction\",\"target\":[\"https:\/\/product-guide.org\/produkt\/algenkraft-junior-bioprophyl\/\"]}]},{\"@type\":\"ImageObject\",\"inLanguage\":\"en-GB\",\"@id\":\"https:\/\/product-guide.org\/produkt\/algenkraft-junior-bioprophyl\/#primaryimage\",\"url\":\"https:\/\/product-guide.org\/wp-content\/uploads\/2025\/03\/Freisteller_Algenkraft_Junior.png\",\"contentUrl\":\"https:\/\/product-guide.org\/wp-content\/uploads\/2025\/03\/Freisteller_Algenkraft_Junior.png\",\"width\":1800,\"height\":1800},{\"@type\":\"BreadcrumbList\",\"@id\":\"https:\/\/product-guide.org\/produkt\/algenkraft-junior-bioprophyl\/#breadcrumb\",\"itemListElement\":[{\"@type\":\"ListItem\",\"position\":1,\"name\":\"Home\",\"item\":\"https:\/\/product-guide.org\/\"},{\"@type\":\"ListItem\",\"position\":2,\"name\":\"Ergebnisse\",\"item\":\"https:\/\/product-guide.org\/de\/ergebnisse\/\"},{\"@type\":\"ListItem\",\"position\":3,\"name\":\"Algenkraft Junior | BioProphyl\"}]},{\"@type\":\"WebSite\",\"@id\":\"https:\/\/product-guide.org\/#website\",\"url\":\"https:\/\/product-guide.org\/\",\"name\":\"Product-Guide.org\",\"description\":\"What Product are you looking for?\",\"publisher\":{\"@id\":\"https:\/\/product-guide.org\/#organization\"},\"potentialAction\":[{\"@type\":\"SearchAction\",\"target\":{\"@type\":\"EntryPoint\",\"urlTemplate\":\"https:\/\/product-guide.org\/?s={search_term_string}\"},\"query-input\":{\"@type\":\"PropertyValueSpecification\",\"valueRequired\":true,\"valueName\":\"search_term_string\"}}],\"inLanguage\":\"en-GB\"},{\"@type\":\"Organization\",\"@id\":\"https:\/\/product-guide.org\/#organization\",\"name\":\"Product-Guide.org\",\"url\":\"https:\/\/product-guide.org\/\",\"logo\":{\"@type\":\"ImageObject\",\"inLanguage\":\"en-GB\",\"@id\":\"https:\/\/product-guide.org\/#\/schema\/logo\/image\/\",\"url\":\"https:\/\/product-guide.org\/wp-content\/uploads\/2022\/07\/logo_transparent_background.png\",\"contentUrl\":\"https:\/\/product-guide.org\/wp-content\/uploads\/2022\/07\/logo_transparent_background.png\",\"width\":3400,\"height\":1132,\"caption\":\"Product-Guide.org\"},\"image\":{\"@id\":\"https:\/\/product-guide.org\/#\/schema\/logo\/image\/\"}}]}<\/script>\n<!-- \/ Yoast SEO plugin. -->","yoast_head_json":{"title":"Algenkraft Junior | BioProphyl | Product-Guide.org","description":"Algenkraft Junior | BioProphyl gefunden von Product-Guide.org","robots":{"index":"index","follow":"follow","max-snippet":"max-snippet:-1","max-image-preview":"max-image-preview:large","max-video-preview":"max-video-preview:-1"},"canonical":"https:\/\/product-guide.org\/en\/produkt\/algenkraft-junior-bioprophyl\/","og_locale":"en_GB","og_type":"article","og_title":"Algenkraft Junior | BioProphyl | Product-Guide.org","og_description":"Algenkraft Junior | BioProphyl gefunden von Product-Guide.org","og_url":"https:\/\/product-guide.org\/en\/produkt\/algenkraft-junior-bioprophyl\/","og_site_name":"Product-Guide.org","twitter_card":"summary_large_image","schema":{"@context":"https:\/\/schema.org","@graph":[{"@type":"WebPage","@id":"https:\/\/product-guide.org\/produkt\/algenkraft-junior-bioprophyl\/","url":"https:\/\/product-guide.org\/produkt\/algenkraft-junior-bioprophyl\/","name":"Algenkraft Junior | BioProphyl | Product-Guide.org","isPartOf":{"@id":"https:\/\/product-guide.org\/#website"},"primaryImageOfPage":{"@id":"https:\/\/product-guide.org\/produkt\/algenkraft-junior-bioprophyl\/#primaryimage"},"image":{"@id":"https:\/\/product-guide.org\/produkt\/algenkraft-junior-bioprophyl\/#primaryimage"},"thumbnailUrl":"https:\/\/product-guide.org\/wp-content\/uploads\/2025\/03\/Freisteller_Algenkraft_Junior.png","datePublished":"2025-03-17T12:16:31+00:00","description":"Algenkraft Junior | BioProphyl gefunden von Product-Guide.org","breadcrumb":{"@id":"https:\/\/product-guide.org\/produkt\/algenkraft-junior-bioprophyl\/#breadcrumb"},"inLanguage":"en-GB","potentialAction":[{"@type":"ReadAction","target":["https:\/\/product-guide.org\/produkt\/algenkraft-junior-bioprophyl\/"]}]},{"@type":"ImageObject","inLanguage":"en-GB","@id":"https:\/\/product-guide.org\/produkt\/algenkraft-junior-bioprophyl\/#primaryimage","url":"https:\/\/product-guide.org\/wp-content\/uploads\/2025\/03\/Freisteller_Algenkraft_Junior.png","contentUrl":"https:\/\/product-guide.org\/wp-content\/uploads\/2025\/03\/Freisteller_Algenkraft_Junior.png","width":1800,"height":1800},{"@type":"BreadcrumbList","@id":"https:\/\/product-guide.org\/produkt\/algenkraft-junior-bioprophyl\/#breadcrumb","itemListElement":[{"@type":"ListItem","position":1,"name":"Home","item":"https:\/\/product-guide.org\/"},{"@type":"ListItem","position":2,"name":"Ergebnisse","item":"https:\/\/product-guide.org\/de\/ergebnisse\/"},{"@type":"ListItem","position":3,"name":"Algenkraft Junior | BioProphyl"}]},{"@type":"WebSite","@id":"https:\/\/product-guide.org\/#website","url":"https:\/\/product-guide.org\/","name":"Product-Guide.org","description":"What Product are you looking for?","publisher":{"@id":"https:\/\/product-guide.org\/#organization"},"potentialAction":[{"@type":"SearchAction","target":{"@type":"EntryPoint","urlTemplate":"https:\/\/product-guide.org\/?s={search_term_string}"},"query-input":{"@type":"PropertyValueSpecification","valueRequired":true,"valueName":"search_term_string"}}],"inLanguage":"en-GB"},{"@type":"Organization","@id":"https:\/\/product-guide.org\/#organization","name":"Product-Guide.org","url":"https:\/\/product-guide.org\/","logo":{"@type":"ImageObject","inLanguage":"en-GB","@id":"https:\/\/product-guide.org\/#\/schema\/logo\/image\/","url":"https:\/\/product-guide.org\/wp-content\/uploads\/2022\/07\/logo_transparent_background.png","contentUrl":"https:\/\/product-guide.org\/wp-content\/uploads\/2022\/07\/logo_transparent_background.png","width":3400,"height":1132,"caption":"Product-Guide.org"},"image":{"@id":"https:\/\/product-guide.org\/#\/schema\/logo\/image\/"}}]}},"_links":{"self":[{"href":"https:\/\/product-guide.org\/en\/wp-json\/wp\/v2\/product\/58131","targetHints":{"allow":["GET"]}}],"collection":[{"href":"https:\/\/product-guide.org\/en\/wp-json\/wp\/v2\/product"}],"about":[{"href":"https:\/\/product-guide.org\/en\/wp-json\/wp\/v2\/types\/product"}],"wp:featuredmedia":[{"embeddable":true,"href":"https:\/\/product-guide.org\/en\/wp-json\/wp\/v2\/media\/58130"}],"wp:attachment":[{"href":"https:\/\/product-guide.org\/en\/wp-json\/wp\/v2\/media?parent=58131"}],"wp:term":[{"taxonomy":"store","embeddable":true,"href":"https:\/\/product-guide.org\/en\/wp-json\/wp\/v2\/store?post=58131"},{"taxonomy":"product_brand","embeddable":true,"href":"https:\/\/product-guide.org\/en\/wp-json\/wp\/v2\/product_brand?post=58131"},{"taxonomy":"product_cat","embeddable":true,"href":"https:\/\/product-guide.org\/en\/wp-json\/wp\/v2\/product_cat?post=58131"},{"taxonomy":"product_tag","embeddable":true,"href":"https:\/\/product-guide.org\/en\/wp-json\/wp\/v2\/product_tag?post=58131"}],"curies":[{"name":"wp","href":"https:\/\/api.w.org\/{rel}","templated":true}]}}