{"id":58138,"date":"2025-03-17T13:16:44","date_gmt":"2025-03-17T12:16:44","guid":{"rendered":"https:\/\/product-guide.org\/produkt\/krillol-bioprophyl\/"},"modified":"2025-03-17T13:16:44","modified_gmt":"2025-03-17T12:16:44","slug":"krillol-bioprophyl","status":"publish","type":"product","link":"https:\/\/product-guide.org\/en\/produkt\/krillol-bioprophyl\/","title":{"rendered":"Krill\u00f6l | BioProphyl"},"content":{"rendered":"<p>Effektive Omega-3 Versorgung: Krill\u00f6l Kapseln mit hohem Gehalt an EPA &#038; DHA Krill\u00f6l enth\u00e4lt seine charakteristische rote Farbe durch das Carotinoid Astaxanthin, einem nat\u00fcrlichen Bestandteil der mikroskopisch kleinen Algen, von denen der Krill sich ern\u00e4hrt. Besonders gesch\u00e4tzt wird es aufgrund der enthaltenen und f\u00fcr uns essentiellen Omega-3-Fetts\u00e4uren Eicosapentaens\u00e4ure (EPA) und Docosahexaens\u00e4ure (DHA). Im Unterschied zu Fisch\u00f6l sind diese im Krill-\u00d6l nicht an Triglyzeride, sondern an Phospholipide gebunden, die einen wesentlichen Baustein unserer Zellmembranen bilden. Durch diese Bindung weisen die Omega-3-Fetts\u00e4uren des Krill\u00f6ls eine deutlich h\u00f6here Bioverf\u00fcgbarkeit auf und k\u00f6nnen vom menschlichen Organismus besonders leicht verwertet werden. Sie werden effizienter absorbiert und gelangen somit schneller in den Blutkreislauf und zu den Zielgeweben. Jede Kapseln enth\u00e4lt 89 mg EPA und 41 mg DHA. Cholin, ein weiterer Bestandteil des Krill-\u00d6ls, ist am Fett- und Cholesterinstoffwechsel in der Leber beteiligt und tr\u00e4gt nachweislich zur Aufrechterhaltung einer normalen Leberfunktion bei. Zwei Kapseln liefern 82,6 mg Cholin, das zusammen mit den Omega-3-Fetts\u00e4uren den ern\u00e4hrungsphysiologischen Vorteil des Krill\u00f6ls ausmacht. Krill\u00f6l Kapseln von Bioprophyl: Schonende Extraktion f\u00fcr maximale Qualit\u00e4t und Reinheit Krill\u00f6l ist reich an den f\u00fcr uns essentiellen Omega-3-Fetts\u00e4uren EPA und DHA. Sie stellen einen wichtigen Bestandteil einer ausgewogenen Ern\u00e4hrung dar und sind unentbehrlich f\u00fcr eine gesunde Herzfunktion. Das enthaltene Cholin tr\u00e4gt zu einem normalen Homocysteinspiegel bei, dessen Erh\u00f6hung als ein Risikofaktor f\u00fcr die Entstehung der koronaren Herzkrankheit gilt. Cholin wirkt sich daher zusammen mit EPA und DHA positiv auf die Herzgesundheit aus. Um diese N\u00e4hrstoffe als Nahrungserg\u00e4nzungsmittel nutzen zu k\u00f6nnen, wird der Krill schonend gefangen und unmittelbar weiterverarbeitet. So entsteht ein qualitativ hochwertiges Produkt, in dem alle wertgebenden nat\u00fcrlichen Inhaltsstoffe des Krills erhalten bleiben. Um die Nachhaltigkeit der Krill-F\u00e4nge sicherzustellen, befindet sich an Bord jedes Schiffes ein unabh\u00e4ngiger Beobachter, der die Fangmenge ordnungsgem\u00e4\u00df dokumentiert und meldet. Zus\u00e4tzlich wird die Menge des Beifangs auf ein Minimum reduziert und regelm\u00e4\u00dfig vom Marine Stewardship Council (MSC) kontrolliert.<\/p>\n","protected":false},"excerpt":{"rendered":"<p>Effektive Omega-3 Versorgung: Krill\u00f6l Kapseln mit hohem Gehalt an EPA &#038; DHA Krill\u00f6l enth\u00e4lt seine charakteristische rote Farbe durch das Carotinoid Astaxanthin, einem nat\u00fcrlichen Bestandteil der mikroskopisch kleinen Algen, von denen der Krill sich ern\u00e4hrt. Besonders gesch\u00e4tzt wird es aufgrund der enthaltenen und f\u00fcr uns essentiellen Omega-3-Fetts\u00e4uren Eicosapentaens\u00e4ure (EPA) und Docosahexaens\u00e4ure (DHA). Im Unterschied zu [&hellip;]<\/p>\n","protected":false},"featured_media":58137,"template":"","meta":{"_gspb_post_css":""},"store":[],"product_brand":[1463],"product_cat":[1290],"product_tag":[],"class_list":{"0":"post-58138","1":"product","2":"type-product","3":"status-publish","4":"has-post-thumbnail","6":"product_brand-yougarden-com","7":"product_cat-uncategorized","9":"first","10":"instock","11":"shipping-taxable","12":"purchasable","13":"product-type-simple"},"yoast_head":"<!-- This site is optimized with the Yoast SEO plugin v24.6 - https:\/\/yoast.com\/wordpress\/plugins\/seo\/ -->\n<title>Krill\u00f6l | BioProphyl | Product-Guide.org<\/title>\n<meta name=\"description\" content=\"Krill\u00f6l | BioProphyl gefunden von Product-Guide.org\" \/>\n<meta name=\"robots\" content=\"index, follow, max-snippet:-1, max-image-preview:large, max-video-preview:-1\" \/>\n<link rel=\"canonical\" href=\"https:\/\/product-guide.org\/en\/produkt\/krillol-bioprophyl\/\" \/>\n<meta property=\"og:locale\" content=\"en_GB\" \/>\n<meta property=\"og:type\" content=\"article\" \/>\n<meta property=\"og:title\" content=\"Krill\u00f6l | BioProphyl | Product-Guide.org\" \/>\n<meta property=\"og:description\" content=\"Krill\u00f6l | BioProphyl gefunden von Product-Guide.org\" \/>\n<meta property=\"og:url\" content=\"https:\/\/product-guide.org\/en\/produkt\/krillol-bioprophyl\/\" \/>\n<meta property=\"og:site_name\" content=\"Product-Guide.org\" \/>\n<meta name=\"twitter:card\" content=\"summary_large_image\" \/>\n<script type=\"application\/ld+json\" class=\"yoast-schema-graph\">{\"@context\":\"https:\/\/schema.org\",\"@graph\":[{\"@type\":\"WebPage\",\"@id\":\"https:\/\/product-guide.org\/produkt\/krillol-bioprophyl\/\",\"url\":\"https:\/\/product-guide.org\/produkt\/krillol-bioprophyl\/\",\"name\":\"Krill\u00f6l | BioProphyl | Product-Guide.org\",\"isPartOf\":{\"@id\":\"https:\/\/product-guide.org\/#website\"},\"primaryImageOfPage\":{\"@id\":\"https:\/\/product-guide.org\/produkt\/krillol-bioprophyl\/#primaryimage\"},\"image\":{\"@id\":\"https:\/\/product-guide.org\/produkt\/krillol-bioprophyl\/#primaryimage\"},\"thumbnailUrl\":\"https:\/\/product-guide.org\/wp-content\/uploads\/2025\/03\/Freisteller_Krillol_180.png\",\"datePublished\":\"2025-03-17T12:16:44+00:00\",\"description\":\"Krill\u00f6l | BioProphyl gefunden von Product-Guide.org\",\"breadcrumb\":{\"@id\":\"https:\/\/product-guide.org\/produkt\/krillol-bioprophyl\/#breadcrumb\"},\"inLanguage\":\"en-GB\",\"potentialAction\":[{\"@type\":\"ReadAction\",\"target\":[\"https:\/\/product-guide.org\/produkt\/krillol-bioprophyl\/\"]}]},{\"@type\":\"ImageObject\",\"inLanguage\":\"en-GB\",\"@id\":\"https:\/\/product-guide.org\/produkt\/krillol-bioprophyl\/#primaryimage\",\"url\":\"https:\/\/product-guide.org\/wp-content\/uploads\/2025\/03\/Freisteller_Krillol_180.png\",\"contentUrl\":\"https:\/\/product-guide.org\/wp-content\/uploads\/2025\/03\/Freisteller_Krillol_180.png\",\"width\":1800,\"height\":1800},{\"@type\":\"BreadcrumbList\",\"@id\":\"https:\/\/product-guide.org\/produkt\/krillol-bioprophyl\/#breadcrumb\",\"itemListElement\":[{\"@type\":\"ListItem\",\"position\":1,\"name\":\"Home\",\"item\":\"https:\/\/product-guide.org\/\"},{\"@type\":\"ListItem\",\"position\":2,\"name\":\"Ergebnisse\",\"item\":\"https:\/\/product-guide.org\/de\/ergebnisse\/\"},{\"@type\":\"ListItem\",\"position\":3,\"name\":\"Krill\u00f6l | BioProphyl\"}]},{\"@type\":\"WebSite\",\"@id\":\"https:\/\/product-guide.org\/#website\",\"url\":\"https:\/\/product-guide.org\/\",\"name\":\"Product-Guide.org\",\"description\":\"What Product are you looking for?\",\"publisher\":{\"@id\":\"https:\/\/product-guide.org\/#organization\"},\"potentialAction\":[{\"@type\":\"SearchAction\",\"target\":{\"@type\":\"EntryPoint\",\"urlTemplate\":\"https:\/\/product-guide.org\/?s={search_term_string}\"},\"query-input\":{\"@type\":\"PropertyValueSpecification\",\"valueRequired\":true,\"valueName\":\"search_term_string\"}}],\"inLanguage\":\"en-GB\"},{\"@type\":\"Organization\",\"@id\":\"https:\/\/product-guide.org\/#organization\",\"name\":\"Product-Guide.org\",\"url\":\"https:\/\/product-guide.org\/\",\"logo\":{\"@type\":\"ImageObject\",\"inLanguage\":\"en-GB\",\"@id\":\"https:\/\/product-guide.org\/#\/schema\/logo\/image\/\",\"url\":\"https:\/\/product-guide.org\/wp-content\/uploads\/2022\/07\/logo_transparent_background.png\",\"contentUrl\":\"https:\/\/product-guide.org\/wp-content\/uploads\/2022\/07\/logo_transparent_background.png\",\"width\":3400,\"height\":1132,\"caption\":\"Product-Guide.org\"},\"image\":{\"@id\":\"https:\/\/product-guide.org\/#\/schema\/logo\/image\/\"}}]}<\/script>\n<!-- \/ Yoast SEO plugin. -->","yoast_head_json":{"title":"Krill\u00f6l | BioProphyl | Product-Guide.org","description":"Krill\u00f6l | BioProphyl gefunden von Product-Guide.org","robots":{"index":"index","follow":"follow","max-snippet":"max-snippet:-1","max-image-preview":"max-image-preview:large","max-video-preview":"max-video-preview:-1"},"canonical":"https:\/\/product-guide.org\/en\/produkt\/krillol-bioprophyl\/","og_locale":"en_GB","og_type":"article","og_title":"Krill\u00f6l | BioProphyl | Product-Guide.org","og_description":"Krill\u00f6l | BioProphyl gefunden von Product-Guide.org","og_url":"https:\/\/product-guide.org\/en\/produkt\/krillol-bioprophyl\/","og_site_name":"Product-Guide.org","twitter_card":"summary_large_image","schema":{"@context":"https:\/\/schema.org","@graph":[{"@type":"WebPage","@id":"https:\/\/product-guide.org\/produkt\/krillol-bioprophyl\/","url":"https:\/\/product-guide.org\/produkt\/krillol-bioprophyl\/","name":"Krill\u00f6l | BioProphyl | Product-Guide.org","isPartOf":{"@id":"https:\/\/product-guide.org\/#website"},"primaryImageOfPage":{"@id":"https:\/\/product-guide.org\/produkt\/krillol-bioprophyl\/#primaryimage"},"image":{"@id":"https:\/\/product-guide.org\/produkt\/krillol-bioprophyl\/#primaryimage"},"thumbnailUrl":"https:\/\/product-guide.org\/wp-content\/uploads\/2025\/03\/Freisteller_Krillol_180.png","datePublished":"2025-03-17T12:16:44+00:00","description":"Krill\u00f6l | BioProphyl gefunden von Product-Guide.org","breadcrumb":{"@id":"https:\/\/product-guide.org\/produkt\/krillol-bioprophyl\/#breadcrumb"},"inLanguage":"en-GB","potentialAction":[{"@type":"ReadAction","target":["https:\/\/product-guide.org\/produkt\/krillol-bioprophyl\/"]}]},{"@type":"ImageObject","inLanguage":"en-GB","@id":"https:\/\/product-guide.org\/produkt\/krillol-bioprophyl\/#primaryimage","url":"https:\/\/product-guide.org\/wp-content\/uploads\/2025\/03\/Freisteller_Krillol_180.png","contentUrl":"https:\/\/product-guide.org\/wp-content\/uploads\/2025\/03\/Freisteller_Krillol_180.png","width":1800,"height":1800},{"@type":"BreadcrumbList","@id":"https:\/\/product-guide.org\/produkt\/krillol-bioprophyl\/#breadcrumb","itemListElement":[{"@type":"ListItem","position":1,"name":"Home","item":"https:\/\/product-guide.org\/"},{"@type":"ListItem","position":2,"name":"Ergebnisse","item":"https:\/\/product-guide.org\/de\/ergebnisse\/"},{"@type":"ListItem","position":3,"name":"Krill\u00f6l | BioProphyl"}]},{"@type":"WebSite","@id":"https:\/\/product-guide.org\/#website","url":"https:\/\/product-guide.org\/","name":"Product-Guide.org","description":"What Product are you looking for?","publisher":{"@id":"https:\/\/product-guide.org\/#organization"},"potentialAction":[{"@type":"SearchAction","target":{"@type":"EntryPoint","urlTemplate":"https:\/\/product-guide.org\/?s={search_term_string}"},"query-input":{"@type":"PropertyValueSpecification","valueRequired":true,"valueName":"search_term_string"}}],"inLanguage":"en-GB"},{"@type":"Organization","@id":"https:\/\/product-guide.org\/#organization","name":"Product-Guide.org","url":"https:\/\/product-guide.org\/","logo":{"@type":"ImageObject","inLanguage":"en-GB","@id":"https:\/\/product-guide.org\/#\/schema\/logo\/image\/","url":"https:\/\/product-guide.org\/wp-content\/uploads\/2022\/07\/logo_transparent_background.png","contentUrl":"https:\/\/product-guide.org\/wp-content\/uploads\/2022\/07\/logo_transparent_background.png","width":3400,"height":1132,"caption":"Product-Guide.org"},"image":{"@id":"https:\/\/product-guide.org\/#\/schema\/logo\/image\/"}}]}},"_links":{"self":[{"href":"https:\/\/product-guide.org\/en\/wp-json\/wp\/v2\/product\/58138","targetHints":{"allow":["GET"]}}],"collection":[{"href":"https:\/\/product-guide.org\/en\/wp-json\/wp\/v2\/product"}],"about":[{"href":"https:\/\/product-guide.org\/en\/wp-json\/wp\/v2\/types\/product"}],"wp:featuredmedia":[{"embeddable":true,"href":"https:\/\/product-guide.org\/en\/wp-json\/wp\/v2\/media\/58137"}],"wp:attachment":[{"href":"https:\/\/product-guide.org\/en\/wp-json\/wp\/v2\/media?parent=58138"}],"wp:term":[{"taxonomy":"store","embeddable":true,"href":"https:\/\/product-guide.org\/en\/wp-json\/wp\/v2\/store?post=58138"},{"taxonomy":"product_brand","embeddable":true,"href":"https:\/\/product-guide.org\/en\/wp-json\/wp\/v2\/product_brand?post=58138"},{"taxonomy":"product_cat","embeddable":true,"href":"https:\/\/product-guide.org\/en\/wp-json\/wp\/v2\/product_cat?post=58138"},{"taxonomy":"product_tag","embeddable":true,"href":"https:\/\/product-guide.org\/en\/wp-json\/wp\/v2\/product_tag?post=58138"}],"curies":[{"name":"wp","href":"https:\/\/api.w.org\/{rel}","templated":true}]}}